{"id":100,"date":"2020-10-06T20:28:16","date_gmt":"2020-10-06T17:28:16","guid":{"rendered":"http:\/\/www.hoimuloimed.ee\/?page_id=100"},"modified":"2024-02-15T18:38:32","modified_gmt":"2024-02-15T15:38:32","slug":"kes-me-oleme","status":"publish","type":"page","link":"https:\/\/hoimuloimed.ee\/","title":{"rendered":"Kes me oleme"},"content":{"rendered":"\n<blockquote class=\"wp-block-quote is-layout-flow wp-block-quote-is-layout-flow\"><p><em>Nii nagu l\u00f5imel\u00f5ngad jooksevad tihedalt l\u00e4bi kanga, sidudes selle tugevaks ja soojaks, on ka H\u00f5imul\u00f5imede sooviks aidata kaasa meie h\u00f5imuliikumisele, s\u00f5lmimaks asjalikke ja s\u00fcdamlikke sidemeid eri maade soome-ugri inimestega &#8211; et me k\u00f5ik tunneksime sooja \u00fchtekuuluvust. Nii l\u00e4hedalt kui kaugelt<\/em>.<\/p><\/blockquote>\n\n\n\n<p><strong>MT\u00dc H\u00f5imul\u00f5imed<\/strong> kasvas v\u00e4lja seltsingust Fenno-Ugria Noored (FUN), mille asutasid soome-ugri temaatikast huvitatud noored aktivistid 2013. aasta suvel. 2019. aasta l\u00f5pul l\u00f5ime oma mittetulundus\u00fchingu ning tegutseme sellest ajast alates nime all <em>H\u00f5imul\u00f5imed<\/em>.<\/p>\n\n\n\n<p>Meie eesm\u00e4rk on soome-ugri rahvaste tutvustamine, soome-ugri liikumise edendamine ja noorte kaasatuse s\u00fcvendamine nendes protsessides. Korraldame soome-ugri noorteprojekte ja kultuuri\u00fcritusi ning teeme koost\u00f6\u00f6d soome-ugri organisatsioonidega teistes riikides ja <a rel=\"noopener noreferrer\" href=\"https:\/\/fennougria.ee\/\" target=\"_blank\">Fenno-Ugria asutusega<\/a>.<\/p>\n\n\n\n<p>Meie liikmeskond tegutseb <strong>Tartus<\/strong> ning kohtub regulaarselt v\u00e4hemalt kord kuus. Koosolekule on v\u00f5imalik kuulama tulla ka siis, kui ei ole oma liitumissoovis veel kindel \u2013 huvi korral <a href=\"http:\/\/www.hoimuloimed.ee\/index.php\/kontakt\/\" target=\"_blank\" rel=\"noreferrer noopener\">v\u00f5ta julgelt \u00fchendust<\/a>!&nbsp;<\/p>\n\n\n\n<figure class=\"wp-block-image size-large\"><img loading=\"lazy\" decoding=\"async\" width=\"1024\" height=\"503\" src=\"http:\/\/www.hoimuloimed.ee\/wp-content\/uploads\/2024\/02\/yldkoosolek-1-1024x503.jpeg\" alt=\"\" class=\"wp-image-1099\" srcset=\"https:\/\/hoimuloimed.ee\/wp-content\/uploads\/2024\/02\/yldkoosolek-1-1024x503.jpeg 1024w, https:\/\/hoimuloimed.ee\/wp-content\/uploads\/2024\/02\/yldkoosolek-1-300x147.jpeg 300w, https:\/\/hoimuloimed.ee\/wp-content\/uploads\/2024\/02\/yldkoosolek-1-768x378.jpeg 768w, https:\/\/hoimuloimed.ee\/wp-content\/uploads\/2024\/02\/yldkoosolek-1-1536x755.jpeg 1536w, https:\/\/hoimuloimed.ee\/wp-content\/uploads\/2024\/02\/yldkoosolek-1-2048x1007.jpeg 2048w, https:\/\/hoimuloimed.ee\/wp-content\/uploads\/2024\/02\/yldkoosolek-1-183x90.jpeg 183w\" sizes=\"auto, (max-width: 1024px) 100vw, 1024px\" \/><figcaption>H\u00f5imul\u00f5imede liikmed novembris 2023<\/figcaption><\/figure>\n","protected":false},"excerpt":{"rendered":"<p>Nii nagu l\u00f5imel\u00f5ngad jooksevad tihedalt l\u00e4bi kanga, sidudes selle tugevaks ja soojaks, on ka H\u00f5imul\u00f5imede sooviks aidata kaasa meie h\u00f5imuliikumisele, s\u00f5lmimaks asjalikke ja s\u00fcdamlikke sidemeid eri maade soome-ugri inimestega &#8211; et me k\u00f5ik tunneksime sooja \u00fchtekuuluvust. Nii l\u00e4hedalt kui kaugelt. MT\u00dc H\u00f5imul\u00f5imed kasvas v\u00e4lja seltsingust Fenno-Ugria Noored (FUN), mille asutasid soome-ugri temaatikast huvitatud noored aktivistid 2013. aasta suvel. 2019. aasta l\u00f5pul l\u00f5ime oma mittetulundus\u00fchingu ning &hellip; <a href=\"https:\/\/hoimuloimed.ee\/\" class=\"more-link\">Continue reading <span class=\"screen-reader-text\">Kes me oleme<\/span><\/a><\/p>\n","protected":false},"author":1,"featured_media":0,"parent":0,"menu_order":0,"comment_status":"closed","ping_status":"closed","template":"","meta":{"footnotes":""},"class_list":["post-100","page","type-page","status-publish","hentry"],"_links":{"self":[{"href":"https:\/\/hoimuloimed.ee\/index.php\/wp-json\/wp\/v2\/pages\/100","targetHints":{"allow":["GET"]}}],"collection":[{"href":"https:\/\/hoimuloimed.ee\/index.php\/wp-json\/wp\/v2\/pages"}],"about":[{"href":"https:\/\/hoimuloimed.ee\/index.php\/wp-json\/wp\/v2\/types\/page"}],"author":[{"embeddable":true,"href":"https:\/\/hoimuloimed.ee\/index.php\/wp-json\/wp\/v2\/users\/1"}],"replies":[{"embeddable":true,"href":"https:\/\/hoimuloimed.ee\/index.php\/wp-json\/wp\/v2\/comments?post=100"}],"version-history":[{"count":22,"href":"https:\/\/hoimuloimed.ee\/index.php\/wp-json\/wp\/v2\/pages\/100\/revisions"}],"predecessor-version":[{"id":1100,"href":"https:\/\/hoimuloimed.ee\/index.php\/wp-json\/wp\/v2\/pages\/100\/revisions\/1100"}],"wp:attachment":[{"href":"https:\/\/hoimuloimed.ee\/index.php\/wp-json\/wp\/v2\/media?parent=100"}],"curies":[{"name":"wp","href":"https:\/\/api.w.org\/{rel}","templated":true}]}}