{"id":1019,"date":"2023-11-19T13:54:32","date_gmt":"2023-11-19T10:54:32","guid":{"rendered":"http:\/\/www.hoimuloimed.ee\/?page_id=1019"},"modified":"2023-11-19T13:54:32","modified_gmt":"2023-11-19T10:54:32","slug":"eenetsid","status":"publish","type":"page","link":"https:\/\/hoimuloimed.ee\/index.php\/hoimurahvad-ja-keeled\/eenetsid\/","title":{"rendered":"Eenetsid"},"content":{"rendered":"\n<p>Eenetsid on samojeedi rahvas P\u00f5hja-Siberis Jenissei j\u00f5e alamjooksu idakaldal. Traditsiooniliselt on tegemist k\u00fcttide ning kaluritega, naabritest neenetsite m\u00f5jul on hakatud ka p\u00f5hjap\u00f5tru karjatama. Eenetsi keel kuulub koos neenetsi ja nganassaani keeltega Uurali keelkonna samojeedi p\u00f5hjar\u00fchma. Keeles on kaks peamist murret. Tundra- ehk bai murret k\u00f5neldakse p\u00f5hja pool peamiselt Vorontsovas, metsa- ehk madu ehk somatu murret l\u00f5una pool Tuhhardi, Potapovas ja Dudinkas. Suur vahekaugus (umbes 400 km) on soodustanud murdeliste erijoonte arengut, mist\u00f5ttu on eenetsi murdeid vahel loetud ka eraldi keelteks.<\/p>\n\n\n\n<p>Eenetsid on k\u00f5ige v\u00e4ikesearvulisem samojeedi rahvas. Venemaa F\u00f6deratsiooni 2021. aasta rahvaloendusel pandi kirja vaid 201 eenetsi, neist emakeele oskajaid 97 (48,3%). Eelmisel, 2010. aasta rahvaloendusel oli eenetse kokku 227 ning keeleoskajaid vaid 43 (18,9%). Ehkki statistika n\u00e4itab justkui emakeeleoskuse kasvu, tasub arvudesse suhtuda kriitiliselt, kuna emakeelt valdavad vaid vanemaealised inimesed ning sel pole eenetsite seas kuigi k\u00f5rge maine. Asulad, kus eenetsid elavad, on enamasti segaasustusega ning tihti pruugivad eenetsid suhtluseks hoopis neenetsi, nganassaani v\u00f5i vene keelt. K\u00f5nelejate v\u00e4hesusest hoolimata on eenetsi keelele loodud kirillitsal p\u00f5hinev kirjakeel ning n\u00e4iteks 2020. aastal anti v\u00e4lja eenetsikeelne aabits.<\/p>\n\n\n\n<figure class=\"wp-block-image size-large is-style-default\"><img loading=\"lazy\" decoding=\"async\" width=\"926\" height=\"1024\" src=\"http:\/\/www.hoimuloimed.ee\/wp-content\/uploads\/2023\/11\/Eenetsid-20-sajandi-algul-926x1024.png\" alt=\"\" class=\"wp-image-1021\" srcset=\"https:\/\/hoimuloimed.ee\/wp-content\/uploads\/2023\/11\/Eenetsid-20-sajandi-algul-926x1024.png 926w, https:\/\/hoimuloimed.ee\/wp-content\/uploads\/2023\/11\/Eenetsid-20-sajandi-algul-271x300.png 271w, https:\/\/hoimuloimed.ee\/wp-content\/uploads\/2023\/11\/Eenetsid-20-sajandi-algul-768x849.png 768w, https:\/\/hoimuloimed.ee\/wp-content\/uploads\/2023\/11\/Eenetsid-20-sajandi-algul-1390x1536.png 1390w, https:\/\/hoimuloimed.ee\/wp-content\/uploads\/2023\/11\/Eenetsid-20-sajandi-algul-1853x2048.png 1853w, https:\/\/hoimuloimed.ee\/wp-content\/uploads\/2023\/11\/Eenetsid-20-sajandi-algul-81x90.png 81w\" sizes=\"auto, (max-width: 926px) 100vw, 926px\" \/><figcaption>Eenetsite asualad 20. sajandi alguses. <br><em>Lilla \u2013 tundraeenetsid, roheline \u2013 metsaeenetsid.<\/em><\/figcaption><\/figure>\n\n\n\n<figure class=\"wp-block-image size-large is-style-default\"><img loading=\"lazy\" decoding=\"async\" width=\"928\" height=\"1024\" src=\"http:\/\/www.hoimuloimed.ee\/wp-content\/uploads\/2023\/11\/Eenetsid-21-sajandi-algul-928x1024.png\" alt=\"\" class=\"wp-image-1020\" srcset=\"https:\/\/hoimuloimed.ee\/wp-content\/uploads\/2023\/11\/Eenetsid-21-sajandi-algul-928x1024.png 928w, https:\/\/hoimuloimed.ee\/wp-content\/uploads\/2023\/11\/Eenetsid-21-sajandi-algul-272x300.png 272w, https:\/\/hoimuloimed.ee\/wp-content\/uploads\/2023\/11\/Eenetsid-21-sajandi-algul-768x847.png 768w, https:\/\/hoimuloimed.ee\/wp-content\/uploads\/2023\/11\/Eenetsid-21-sajandi-algul-1392x1536.png 1392w, https:\/\/hoimuloimed.ee\/wp-content\/uploads\/2023\/11\/Eenetsid-21-sajandi-algul-1857x2048.png 1857w, https:\/\/hoimuloimed.ee\/wp-content\/uploads\/2023\/11\/Eenetsid-21-sajandi-algul-82x90.png 82w\" sizes=\"auto, (max-width: 928px) 100vw, 928px\" \/><figcaption>Eenetsite asualad 21. sajandi alguses. <br><em>Lilla \u2013 tundraeenetsid, roheline \u2013 metsaeenetsid.<\/em><br>(Kaardid:\u00a0<a href=\"https:\/\/bedlan.net\/data\/\"><strong>https:\/\/bedlan.net\/data\/<\/strong><\/a>)<\/figcaption><\/figure>\n\n\n\n<p>Eesti keeles pakuvad p\u00f5hjalikumat lisalugemist eenetsite kohta <a rel=\"noreferrer noopener\" href=\"https:\/\/fennougria.ee\/rahvad\/samojeedi-rahvad\/eenetsid\/\" target=\"_blank\">Fenno-Ugria Asutuse koduleht<\/a>, <a rel=\"noreferrer noopener\" href=\"https:\/\/www.erm.ee\/eenetsid\" target=\"_blank\">Eesti Rahva Muuseumi koduleht<\/a> ja <a rel=\"noreferrer noopener\" href=\"https:\/\/et.wikipedia.org\/wiki\/Eenetsid\" target=\"_blank\">Vikipeedia<\/a>.<\/p>\n\n\n\n<p>H\u00f5imul\u00f5imedel pole eenetsite ja nende kultuuriga seni veel l\u00e4hemaid kokkupuuteid olnud.<\/p>\n\n\n\n<div class=\"wp-block-otfm-box-spoiler-start otfm-sp__wrapper otfm-sp__box js-otfm-sp-box__closed otfm-sp__f5f5f5\" role=\"button\" tabindex=\"0\" aria-expanded=\"false\" data-otfm-spc=\"#f5f5f5\" style=\"text-align:left\"><div class=\"otfm-sp__title\"><strong><span class=\"has-inline-color has-vivid-red-color\">Keele\u00f5ppe ressursid veebis<\/span><\/strong><\/div><\/div>\n\n\n\n<p><a rel=\"noreferrer noopener\" href=\"https:\/\/xn--m1aspf.xn--p1ai\/kurs\/#lessons\" target=\"_blank\">Eenetsi keele videokursus<\/a> (vene keeles)<\/p>\n\n\n\n<p><a rel=\"noreferrer noopener\" href=\"https:\/\/www.youtube.com\/watch?v=mn9AV0LZThs\" target=\"_blank\">Eenetsi rahva tutvustus ja metsaeenetsi keelen\u00e4ited<\/a> (inglise keeles)<\/p>\n\n\n\n<p><a rel=\"noreferrer noopener\" href=\"https:\/\/youtu.be\/wLox_2CEz-M?si=tYF8BfvmSHU_AZe_\" target=\"_blank\">Zoja Bolina pajatab muinasjutu Pu\u0161ist ja Kasalist<\/a> (venekeelsete subtiitritega)<\/p>\n\n\n\n<p><a rel=\"noreferrer noopener\" href=\"https:\/\/youtu.be\/qVuXigtup1U?si=BSeciWfKleFOutHh\" target=\"_blank\">Svetlana Rosljakova pajatab lastejutu Kuust ja P\u00e4ikesest<\/a> (venekeelsete subtiitritega)<\/p>\n\n\n\n<p><a href=\"https:\/\/youtu.be\/e3JhtlZBnCQ?si=Wtv6RcgjZ9daODPt\" target=\"_blank\" rel=\"noreferrer noopener\">Eenetsi keelen\u00e4ide<\/a> (t\u00f5lketa)<\/p>\n\n\n\n<div class=\"wp-block-otfm-box-spoiler-end otfm-sp_end\"><\/div>\n\n\n\n<div class=\"wp-block-otfm-box-spoiler-start otfm-sp__wrapper otfm-sp__box js-otfm-sp-box__closed otfm-sp__f5f5f5\" role=\"button\" tabindex=\"0\" aria-expanded=\"false\" data-otfm-spc=\"#f5f5f5\" style=\"text-align:left\"><div class=\"otfm-sp__title\"><strong><span class=\"has-inline-color has-vivid-red-color\">Muusika<\/span><\/strong><\/div><\/div>\n\n\n\n<div class=\"wp-block-media-text alignwide is-stacked-on-mobile\" style=\"grid-template-columns:24% auto\"><figure class=\"wp-block-media-text__media\"><img loading=\"lazy\" decoding=\"async\" width=\"742\" height=\"616\" src=\"http:\/\/www.hoimuloimed.ee\/wp-content\/uploads\/2023\/11\/svetlana-eenets.png\" alt=\"\" class=\"wp-image-1022\" srcset=\"https:\/\/hoimuloimed.ee\/wp-content\/uploads\/2023\/11\/svetlana-eenets.png 742w, https:\/\/hoimuloimed.ee\/wp-content\/uploads\/2023\/11\/svetlana-eenets-300x249.png 300w, https:\/\/hoimuloimed.ee\/wp-content\/uploads\/2023\/11\/svetlana-eenets-108x90.png 108w\" sizes=\"auto, (max-width: 742px) 100vw, 742px\" \/><\/figure><div class=\"wp-block-media-text__content\">\n<p><strong>Svetlana Rosljakova<\/strong><br><em>rahvalaulik<\/em><\/p>\n\n\n\n<p class=\"has-small-font-size\"><a href=\"https:\/\/youtu.be\/BC9YXVCbaTc?si=Jz7i3hdhG7cb8h4h\" target=\"_blank\" rel=\"noreferrer noopener\">Youtube<\/a><\/p>\n<\/div><\/div>\n\n\n\n<div class=\"wp-block-otfm-box-spoiler-end otfm-sp_end\"><\/div>\n\n\n\n<div class=\"wp-block-otfm-box-spoiler-start otfm-sp__wrapper otfm-sp__box js-otfm-sp-box__closed otfm-sp__f5f5f5\" role=\"button\" tabindex=\"0\" aria-expanded=\"false\" data-otfm-spc=\"#f5f5f5\" style=\"text-align:left\"><div class=\"otfm-sp__title\"><strong><span class=\"has-inline-color has-vivid-red-color\">Filmid<\/span><\/strong><\/div><\/div>\n\n\n\n<div class=\"wp-block-media-text alignwide is-stacked-on-mobile\" style=\"grid-template-columns:26% auto\"><figure class=\"wp-block-media-text__media\"><img loading=\"lazy\" decoding=\"async\" width=\"1024\" height=\"576\" src=\"http:\/\/www.hoimuloimed.ee\/wp-content\/uploads\/2023\/11\/eenets-film-1024x576.png\" alt=\"\" class=\"wp-image-1023\" srcset=\"https:\/\/hoimuloimed.ee\/wp-content\/uploads\/2023\/11\/eenets-film-1024x576.png 1024w, https:\/\/hoimuloimed.ee\/wp-content\/uploads\/2023\/11\/eenets-film-300x169.png 300w, https:\/\/hoimuloimed.ee\/wp-content\/uploads\/2023\/11\/eenets-film-768x432.png 768w, https:\/\/hoimuloimed.ee\/wp-content\/uploads\/2023\/11\/eenets-film-160x90.png 160w, https:\/\/hoimuloimed.ee\/wp-content\/uploads\/2023\/11\/eenets-film.png 1136w\" sizes=\"auto, (max-width: 1024px) 100vw, 1024px\" \/><\/figure><div class=\"wp-block-media-text__content\">\n<p><strong>Jumal Nga kaja (\u042d\u0445\u043e \u0431\u043e\u0433\u0430 \u041d\u0433\u0430)<\/strong><br>Dokumentaalsaade vene ja eenetsi keeles, Venemaa, 2016<\/p>\n\n\n\n<p class=\"has-small-font-size\"><a href=\"https:\/\/youtu.be\/JuVs-5JxF-0?si=lzScAJQwKH3BXesV\" target=\"_blank\" rel=\"noreferrer noopener\">Youtube<\/a><\/p>\n<\/div><\/div>\n\n\n\n<div class=\"wp-block-otfm-box-spoiler-end otfm-sp_end\"><\/div>\n","protected":false},"excerpt":{"rendered":"<p>Eenetsid on samojeedi rahvas P\u00f5hja-Siberis Jenissei j\u00f5e alamjooksu idakaldal. Traditsiooniliselt on tegemist k\u00fcttide ning kaluritega, naabritest neenetsite m\u00f5jul on hakatud ka p\u00f5hjap\u00f5tru karjatama. Eenetsi keel kuulub koos neenetsi ja nganassaani keeltega Uurali keelkonna samojeedi p\u00f5hjar\u00fchma. Keeles on kaks peamist murret. Tundra- ehk bai murret k\u00f5neldakse p\u00f5hja pool peamiselt Vorontsovas, metsa- ehk madu ehk somatu murret l\u00f5una pool Tuhhardi, Potapovas ja Dudinkas. Suur vahekaugus (umbes 400 &hellip; <a href=\"https:\/\/hoimuloimed.ee\/index.php\/hoimurahvad-ja-keeled\/eenetsid\/\" class=\"more-link\">Continue reading <span class=\"screen-reader-text\">Eenetsid<\/span><\/a><\/p>\n","protected":false},"author":1,"featured_media":0,"parent":221,"menu_order":0,"comment_status":"closed","ping_status":"closed","template":"","meta":{"footnotes":""},"class_list":["post-1019","page","type-page","status-publish","hentry"],"_links":{"self":[{"href":"https:\/\/hoimuloimed.ee\/index.php\/wp-json\/wp\/v2\/pages\/1019","targetHints":{"allow":["GET"]}}],"collection":[{"href":"https:\/\/hoimuloimed.ee\/index.php\/wp-json\/wp\/v2\/pages"}],"about":[{"href":"https:\/\/hoimuloimed.ee\/index.php\/wp-json\/wp\/v2\/types\/page"}],"author":[{"embeddable":true,"href":"https:\/\/hoimuloimed.ee\/index.php\/wp-json\/wp\/v2\/users\/1"}],"replies":[{"embeddable":true,"href":"https:\/\/hoimuloimed.ee\/index.php\/wp-json\/wp\/v2\/comments?post=1019"}],"version-history":[{"count":1,"href":"https:\/\/hoimuloimed.ee\/index.php\/wp-json\/wp\/v2\/pages\/1019\/revisions"}],"predecessor-version":[{"id":1024,"href":"https:\/\/hoimuloimed.ee\/index.php\/wp-json\/wp\/v2\/pages\/1019\/revisions\/1024"}],"up":[{"embeddable":true,"href":"https:\/\/hoimuloimed.ee\/index.php\/wp-json\/wp\/v2\/pages\/221"}],"wp:attachment":[{"href":"https:\/\/hoimuloimed.ee\/index.php\/wp-json\/wp\/v2\/media?parent=1019"}],"curies":[{"name":"wp","href":"https:\/\/api.w.org\/{rel}","templated":true}]}}