{"id":1084,"date":"2024-01-05T15:41:53","date_gmt":"2024-01-05T12:41:53","guid":{"rendered":"http:\/\/www.hoimuloimed.ee\/?page_id=1084"},"modified":"2024-01-05T15:54:40","modified_gmt":"2024-01-05T12:54:40","slug":"isurid","status":"publish","type":"page","link":"https:\/\/hoimuloimed.ee\/index.php\/hoimurahvad-ja-keeled\/isurid\/","title":{"rendered":"Isurid"},"content":{"rendered":"\n<p>Isurid on l\u00e4\u00e4nemeresoomlaste hulka kuuluv soome-ugri rahvas, kes elab Soome lahe l\u00f5unaranniku idaosas. Nende p\u00f5lised k\u00fclad asuvad ajalooliselt Ingerimaaks kutsutud piirkonnas, mis praegusel ajal on Venemaa F\u00f6deratsiooni Leningradi oblasti koosseisus. Mere\u00e4\u00e4rsete k\u00fclade rahvas on traditsiooniliselt olnud kalurid, sisemaal on olulisimaks elatusalaks olnud p\u00f5llumajandus. Uuemal ajal on isurite elu oluliselt m\u00f5jutanud suurte linnade, eesk\u00e4tt Peterburi l\u00e4hedus. Isurid on sajandeid elanud \u00f5lg-\u00f5la k\u00f5rval vadjalaste, ingerisoomlaste ja venelastega, seet\u00f5ttu leidub nende rahvakultuurides hulgaliselt \u00fchiseid jooni. Isuri folklooris esineb rikkalikult vanemat regilaulup\u00e4randit, sealhulgas pikki eepilisi Kalevala-ainelisi laule. Kesk- ja varauusaja jooksul v\u00f5tsid isurid omaks \u00f5igeusu. Vanemas kirjas\u00f5nas on isureid nimetatud ka ingerlasteks (sarnaselt on inglisekeelses kirjanduses endiselt sageli k\u00e4ibel etnon\u00fc\u00fcm <em>Ingrians<\/em>), kuid tegemaks vahet neil ja luterlikel ingerisoomlastel on Eestis juurdunud isurite rahvanimetus.<\/p>\n\n\n\n<p>2021. aasta Venemaa F\u00f6deratsiooni rahvaloendusel pandi kirja kokku 210 isurit. 2010. aastal oli vastav arv 266. Arvestades, et veel 1926. aastal oli isureid \u00fcle 26&nbsp;000 inimese, on nende hulk viimase saja aasta jooksul drastiliselt v\u00e4henenud. Rahvaarvu langust p\u00f5hjustasid II maailmas\u00f5ja lahingud ning suure osa Ingerimaa l\u00e4\u00e4nemeresoome elanikkonna (isurite, ingerisoomlaste ja vadjalaste) evakueerimine Soome. Kuna N\u00f5ukogude Liit keelas neil s\u00f5ja j\u00e4rel naasta oma kodudesse, venestusid laialipillutatud isurid kiiresti.<\/p>\n\n\n\n<p>Isuri keel kuulub l\u00e4\u00e4nemeresoome keelte p\u00f5hjar\u00fchma. T\u00e4nap\u00e4eval on keeleoskajaid j\u00e4\u00e4nud v\u00e4ga v\u00e4heks (Venemaa rahvaloenduse andmeil vaid 70 inimest, kellele lisanduvad m\u00f5ned inimesed teistes riikides, sh Eestis) ning keel on t\u00f5sises h\u00e4vimisohus. Isuri keeles on kokku eristatud neli murret \u2013 soikkola, alamluuga, hevaha ja orede\u017ei. Neist kaks viimast on t\u00e4nap\u00e4evaks h\u00e4\u00e4bunud. 1930. aastatel arendati isuri kirjakeelt, kuid stalinlike repressioonide t\u00f5ttu ei j\u00f5udnud see isurite kultuuriellu p\u00fcsivat j\u00e4lge j\u00e4tta.<\/p>\n\n\n\n<figure class=\"wp-block-image size-large is-style-default\"><img loading=\"lazy\" decoding=\"async\" width=\"1024\" height=\"722\" src=\"http:\/\/www.hoimuloimed.ee\/wp-content\/uploads\/2024\/01\/2.4a-Ingrian-and-Votic_traditional-1024x722.png\" alt=\"\" class=\"wp-image-1085\" srcset=\"https:\/\/hoimuloimed.ee\/wp-content\/uploads\/2024\/01\/2.4a-Ingrian-and-Votic_traditional-1024x722.png 1024w, https:\/\/hoimuloimed.ee\/wp-content\/uploads\/2024\/01\/2.4a-Ingrian-and-Votic_traditional-300x212.png 300w, https:\/\/hoimuloimed.ee\/wp-content\/uploads\/2024\/01\/2.4a-Ingrian-and-Votic_traditional-768x542.png 768w, https:\/\/hoimuloimed.ee\/wp-content\/uploads\/2024\/01\/2.4a-Ingrian-and-Votic_traditional-1536x1083.png 1536w, https:\/\/hoimuloimed.ee\/wp-content\/uploads\/2024\/01\/2.4a-Ingrian-and-Votic_traditional-2048x1444.png 2048w, https:\/\/hoimuloimed.ee\/wp-content\/uploads\/2024\/01\/2.4a-Ingrian-and-Votic_traditional-128x90.png 128w\" sizes=\"auto, (max-width: 1024px) 100vw, 1024px\" \/><figcaption>Isuri keele murdealad. <br><em>Heleroosa (1a) \u2013 hevaha murre, punane (1b) \u2013 soikkola murre, tumepunane (1c) \u2013 alamluuga murre, tumekollane (1d) \u2013 orede\u017ei murre. Rohelised \u2013 vadja murded.<\/em><\/figcaption><\/figure>\n\n\n\n<p>Eestis oli 2022. aasta rahvaloenduse andmeil kokku 51 isurit. Enne II maailmas\u00f5da elas Eesti Vabariigi Narva j\u00f5e taguses Narva vallas (nn Eesti Ingeris) \u00fcle 900 isuri, peamiselt V\u00e4ik\u00fclas ja Vanak\u00fclas, kuid ka mujal. 1945. aastal annekteerisid n\u00f5ukogude v\u00f5imud Narva paremkalda alad Vene NFSV-ga.<\/p>\n\n\n\n<p>Eesti keeles v\u00f5ib isurite kohta p\u00f5hjalikumalt lugeda <a rel=\"noreferrer noopener\" href=\"https:\/\/fennougria.ee\/rahvad\/laanemeresoome-rahvad\/isurid\/\" target=\"_blank\">Fenno-Ugria Asutuse kodulehel<\/a>, <a rel=\"noreferrer noopener\" href=\"https:\/\/www.erm.ee\/isurid\" target=\"_blank\">Eesti Rahva Muuseumi kodulehel<\/a> ja <a rel=\"noreferrer noopener\" href=\"https:\/\/et.wikipedia.org\/wiki\/Isurid\" target=\"_blank\">Vikipeedias<\/a>. Eesti teadlastest on isuri keelt uurinud p\u00f5hjalikumalt n\u00e4iteks Arvo Laanest ja Eva Saar, isuri rahvausu aspekte folklorist Ergo-Hart V\u00e4strik.<\/p>\n\n\n\n<p>Ansambel K\u00e4nnu Peal K\u00e4bi lauluvaramus on Elizaveta Sabolotni \u00f5petatud isuri rahvalaulud <a rel=\"noreferrer noopener\" href=\"https:\/\/www.youtube.com\/watch?v=z7pvgsWOCC4\" target=\"_blank\">\u201cM\u00e4ni mies kynt\u00e4m\u00e4h\u00e4\u201d<\/a> ja <a rel=\"noreferrer noopener\" href=\"https:\/\/www.youtube.com\/watch?v=r0Wd43U6Z2U\" target=\"_blank\">\u201cAi mi\u00e4 poika\u201d<\/a>.<\/p>\n\n\n\n<div class=\"wp-block-otfm-box-spoiler-start otfm-sp__wrapper otfm-sp__box js-otfm-sp-box__closed otfm-sp__f5f5f5\" role=\"button\" tabindex=\"0\" aria-expanded=\"false\" data-otfm-spc=\"#f5f5f5\" style=\"text-align:left\"><div class=\"otfm-sp__title\"><strong><span class=\"has-inline-color has-vivid-red-color\">Keele\u00f5ppe ressursid veebis<\/span><\/strong><\/div><\/div>\n\n\n\n<p><strong><a rel=\"noreferrer noopener\" href=\"http:\/\/forumnarodov47.ru\/docs\/posobie_po_izhorskomu_yaziku_konkova_o_i_dyachkova_n_a_spb_2014-jSB.pdf\" target=\"_blank\">O. I. Konkova, N. A. Djat\u0161kov. Inkeroin keel. \u0423\u0447\u0435\u0431\u043d\u043e\u0435 \u043f\u043e\u0441\u043e\u0431\u0438\u0435 \u043f\u043e \u0438\u0436\u043e\u0440\u0441\u043a\u043e\u043c\u0443 \u044f\u0437\u044b\u043a\u0443 (Sankt-Peterburg, 2014)<\/a><\/strong><br>Isuri keele \u00f5pik (vene keeles)<\/p>\n\n\n\n<p><strong><a href=\"https:\/\/izhora-museum.ru\/phrasebook\" target=\"_blank\" rel=\"noreferrer noopener\">Vene-isuri vestluss\u00f5nastik<\/a><\/strong><\/p>\n\n\n\n<p><strong><a rel=\"noreferrer noopener\" href=\"https:\/\/www.youtube.com\/@user-lc8jt3bb7p\" target=\"_blank\">Isuri keele alamluuga murrakut tutvustavad videod<\/a><\/strong><\/p>\n\n\n\n<p><strong><a href=\"https:\/\/youtu.be\/aIS2kZEE0_Y?si=M0FpCyRWpEvAxXyt\" target=\"_blank\" rel=\"noreferrer noopener\">Isurikeelsete uudiste video (2014)<\/a><\/strong><\/p>\n\n\n\n<p><strong><a rel=\"noreferrer noopener\" href=\"https:\/\/www.instagram.com\/izhorian_language\" target=\"_blank\">Izhorian_language<\/a><\/strong><br>Isuri keelele p\u00fchendatud Instagrami konto<\/p>\n\n\n\n<div class=\"wp-block-otfm-box-spoiler-end otfm-sp_end\"><\/div>\n\n\n\n<div class=\"wp-block-otfm-box-spoiler-start otfm-sp__wrapper otfm-sp__box js-otfm-sp-box__closed otfm-sp__f5f5f5\" role=\"button\" tabindex=\"0\" aria-expanded=\"false\" data-otfm-spc=\"#f5f5f5\" style=\"text-align:left\"><div class=\"otfm-sp__title\"><strong><span class=\"has-inline-color has-vivid-red-color\">Muusika<\/span><\/strong><\/div><\/div>\n\n\n\n<div class=\"wp-block-media-text alignwide is-stacked-on-mobile\" style=\"grid-template-columns:24% auto\"><figure class=\"wp-block-media-text__media\"><img loading=\"lazy\" decoding=\"async\" width=\"1024\" height=\"727\" src=\"http:\/\/www.hoimuloimed.ee\/wp-content\/uploads\/2024\/01\/laulut-1024x727.png\" alt=\"\" class=\"wp-image-1090\" srcset=\"https:\/\/hoimuloimed.ee\/wp-content\/uploads\/2024\/01\/laulut-1024x727.png 1024w, https:\/\/hoimuloimed.ee\/wp-content\/uploads\/2024\/01\/laulut-300x213.png 300w, https:\/\/hoimuloimed.ee\/wp-content\/uploads\/2024\/01\/laulut-768x545.png 768w, https:\/\/hoimuloimed.ee\/wp-content\/uploads\/2024\/01\/laulut-127x90.png 127w, https:\/\/hoimuloimed.ee\/wp-content\/uploads\/2024\/01\/laulut.png 1057w\" sizes=\"auto, (max-width: 1024px) 100vw, 1024px\" \/><\/figure><div class=\"wp-block-media-text__content\">\n<p><strong><strong><strong>\u0160oikkulan laulut<\/strong><\/strong><\/strong><br><em><em>Folk<\/em><\/em><\/p>\n\n\n\n<p class=\"has-small-font-size\"><a href=\"https:\/\/www.youtube.com\/watch?v=33xph-o7Oy0\" target=\"_blank\" rel=\"noreferrer noopener\">Youtube<\/a><\/p>\n<\/div><\/div>\n\n\n\n<p><\/p>\n\n\n\n<div class=\"wp-block-media-text alignwide is-stacked-on-mobile\" style=\"grid-template-columns:24% auto\"><figure class=\"wp-block-media-text__media\"><img loading=\"lazy\" decoding=\"async\" width=\"512\" height=\"341\" src=\"http:\/\/www.hoimuloimed.ee\/wp-content\/uploads\/2024\/01\/talomerkit.jpeg\" alt=\"\" class=\"wp-image-1089\" srcset=\"https:\/\/hoimuloimed.ee\/wp-content\/uploads\/2024\/01\/talomerkit.jpeg 512w, https:\/\/hoimuloimed.ee\/wp-content\/uploads\/2024\/01\/talomerkit-300x200.jpeg 300w, https:\/\/hoimuloimed.ee\/wp-content\/uploads\/2024\/01\/talomerkit-135x90.jpeg 135w\" sizes=\"auto, (max-width: 512px) 100vw, 512px\" \/><\/figure><div class=\"wp-block-media-text__content\">\n<p><strong><strong>Talomerkit<\/strong><\/strong><br><em><em>Folk<\/em><\/em><\/p>\n\n\n\n<p class=\"has-small-font-size\"><a href=\"https:\/\/youtu.be\/LPjdL6oEJFQ?si=s92HngSbWLOthnDL\" target=\"_blank\" rel=\"noreferrer noopener\">Youtube<\/a><\/p>\n<\/div><\/div>\n\n\n\n<p><\/p>\n\n\n\n<div class=\"wp-block-media-text alignwide is-stacked-on-mobile\" style=\"grid-template-columns:24% auto\"><figure class=\"wp-block-media-text__media\"><img loading=\"lazy\" decoding=\"async\" width=\"568\" height=\"509\" src=\"http:\/\/www.hoimuloimed.ee\/wp-content\/uploads\/2024\/01\/isurirahvalaulud.png\" alt=\"\" class=\"wp-image-1088\" srcset=\"https:\/\/hoimuloimed.ee\/wp-content\/uploads\/2024\/01\/isurirahvalaulud.png 568w, https:\/\/hoimuloimed.ee\/wp-content\/uploads\/2024\/01\/isurirahvalaulud-300x269.png 300w, https:\/\/hoimuloimed.ee\/wp-content\/uploads\/2024\/01\/isurirahvalaulud-100x90.png 100w\" sizes=\"auto, (max-width: 568px) 100vw, 568px\" \/><\/figure><div class=\"wp-block-media-text__content\">\n<p><strong><strong>Vadja ja isuri rahvalaulud<\/strong><\/strong><br><em><em><a href=\"https:\/\/www.folklore.ee\/pubte\/eraamat\/vadjaisuri\/ee\/\">Rahvalaulude andmebaas<\/a><\/em><\/em><\/p>\n\n\n\n<p class=\"has-small-font-size\"><\/p>\n<\/div><\/div>\n\n\n\n<div class=\"wp-block-otfm-box-spoiler-end otfm-sp_end\"><\/div>\n\n\n\n<div class=\"wp-block-otfm-box-spoiler-start otfm-sp__wrapper otfm-sp__box js-otfm-sp-box__closed otfm-sp__f5f5f5\" role=\"button\" tabindex=\"0\" aria-expanded=\"false\" data-otfm-spc=\"#f5f5f5\" style=\"text-align:left\"><div class=\"otfm-sp__title\"><strong><span class=\"has-inline-color has-vivid-red-color\">Filmid<\/span><\/strong><\/div><\/div>\n\n\n\n<div class=\"wp-block-media-text alignwide is-stacked-on-mobile\" style=\"grid-template-columns:26% auto\"><figure class=\"wp-block-media-text__media\"><img loading=\"lazy\" decoding=\"async\" width=\"1024\" height=\"610\" src=\"http:\/\/www.hoimuloimed.ee\/wp-content\/uploads\/2024\/01\/isurifilm1-1024x610.png\" alt=\"\" class=\"wp-image-1091\" srcset=\"https:\/\/hoimuloimed.ee\/wp-content\/uploads\/2024\/01\/isurifilm1-1024x610.png 1024w, https:\/\/hoimuloimed.ee\/wp-content\/uploads\/2024\/01\/isurifilm1-300x179.png 300w, https:\/\/hoimuloimed.ee\/wp-content\/uploads\/2024\/01\/isurifilm1-768x458.png 768w, https:\/\/hoimuloimed.ee\/wp-content\/uploads\/2024\/01\/isurifilm1-151x90.png 151w, https:\/\/hoimuloimed.ee\/wp-content\/uploads\/2024\/01\/isurifilm1.png 1121w\" sizes=\"auto, (max-width: 1024px) 100vw, 1024px\" \/><\/figure><div class=\"wp-block-media-text__content\">\n<p><strong><strong>P\u00e4ikese ja Kuu saamine (P\u00e4ivyen ja Kuun saamin)<\/strong><\/strong><br>Rahvajutul p\u00f5hinev animatsioon, Venemaa, 2014<\/p>\n\n\n\n<p class=\"has-small-font-size\"><a href=\"https:\/\/youtu.be\/d0YVfudysnY?si=1eEqADmYT_qKuhdE\" target=\"_blank\" rel=\"noreferrer noopener\">Youtube<\/a><\/p>\n<\/div><\/div>\n\n\n\n<p><\/p>\n\n\n\n<div class=\"wp-block-media-text alignwide is-stacked-on-mobile\" style=\"grid-template-columns:26% auto\"><figure class=\"wp-block-media-text__media\"><img loading=\"lazy\" decoding=\"async\" width=\"1024\" height=\"708\" src=\"http:\/\/www.hoimuloimed.ee\/wp-content\/uploads\/2024\/01\/isurifilm2-1024x708.png\" alt=\"\" class=\"wp-image-1092\" srcset=\"https:\/\/hoimuloimed.ee\/wp-content\/uploads\/2024\/01\/isurifilm2-1024x708.png 1024w, https:\/\/hoimuloimed.ee\/wp-content\/uploads\/2024\/01\/isurifilm2-300x208.png 300w, https:\/\/hoimuloimed.ee\/wp-content\/uploads\/2024\/01\/isurifilm2-768x531.png 768w, https:\/\/hoimuloimed.ee\/wp-content\/uploads\/2024\/01\/isurifilm2-130x90.png 130w, https:\/\/hoimuloimed.ee\/wp-content\/uploads\/2024\/01\/isurifilm2.png 1038w\" sizes=\"auto, (max-width: 1024px) 100vw, 1024px\" \/><\/figure><div class=\"wp-block-media-text__content\">\n<p><strong><strong><strong>Karjala TV saatesarja \u201cOmin Silmin\u201d saade isuritest (isuri, vene ja soome keeles)<\/strong><\/strong><\/strong><br>Dokumentaal, Venemaa, 2016<\/p>\n\n\n\n<p class=\"has-small-font-size\"><a href=\"https:\/\/youtu.be\/0pZ1WhhvgkA?si=Vxsf9nPs6SYhaG5y\" target=\"_blank\" rel=\"noreferrer noopener\">Youtube<\/a><\/p>\n<\/div><\/div>\n\n\n\n<div class=\"wp-block-otfm-box-spoiler-end otfm-sp_end\"><\/div>\n","protected":false},"excerpt":{"rendered":"<p>Isurid on l\u00e4\u00e4nemeresoomlaste hulka kuuluv soome-ugri rahvas, kes elab Soome lahe l\u00f5unaranniku idaosas. Nende p\u00f5lised k\u00fclad asuvad ajalooliselt Ingerimaaks kutsutud piirkonnas, mis praegusel ajal on Venemaa F\u00f6deratsiooni Leningradi oblasti koosseisus. Mere\u00e4\u00e4rsete k\u00fclade rahvas on traditsiooniliselt olnud kalurid, sisemaal on olulisimaks elatusalaks olnud p\u00f5llumajandus. Uuemal ajal on isurite elu oluliselt m\u00f5jutanud suurte linnade, eesk\u00e4tt Peterburi l\u00e4hedus. Isurid on sajandeid elanud \u00f5lg-\u00f5la k\u00f5rval vadjalaste, ingerisoomlaste ja venelastega, &hellip; <a href=\"https:\/\/hoimuloimed.ee\/index.php\/hoimurahvad-ja-keeled\/isurid\/\" class=\"more-link\">Continue reading <span class=\"screen-reader-text\">Isurid<\/span><\/a><\/p>\n","protected":false},"author":1,"featured_media":0,"parent":221,"menu_order":0,"comment_status":"closed","ping_status":"closed","template":"","meta":{"footnotes":""},"class_list":["post-1084","page","type-page","status-publish","hentry"],"_links":{"self":[{"href":"https:\/\/hoimuloimed.ee\/index.php\/wp-json\/wp\/v2\/pages\/1084","targetHints":{"allow":["GET"]}}],"collection":[{"href":"https:\/\/hoimuloimed.ee\/index.php\/wp-json\/wp\/v2\/pages"}],"about":[{"href":"https:\/\/hoimuloimed.ee\/index.php\/wp-json\/wp\/v2\/types\/page"}],"author":[{"embeddable":true,"href":"https:\/\/hoimuloimed.ee\/index.php\/wp-json\/wp\/v2\/users\/1"}],"replies":[{"embeddable":true,"href":"https:\/\/hoimuloimed.ee\/index.php\/wp-json\/wp\/v2\/comments?post=1084"}],"version-history":[{"count":2,"href":"https:\/\/hoimuloimed.ee\/index.php\/wp-json\/wp\/v2\/pages\/1084\/revisions"}],"predecessor-version":[{"id":1093,"href":"https:\/\/hoimuloimed.ee\/index.php\/wp-json\/wp\/v2\/pages\/1084\/revisions\/1093"}],"up":[{"embeddable":true,"href":"https:\/\/hoimuloimed.ee\/index.php\/wp-json\/wp\/v2\/pages\/221"}],"wp:attachment":[{"href":"https:\/\/hoimuloimed.ee\/index.php\/wp-json\/wp\/v2\/media?parent=1084"}],"curies":[{"name":"wp","href":"https:\/\/api.w.org\/{rel}","templated":true}]}}