{"id":1103,"date":"2024-02-15T18:50:22","date_gmt":"2024-02-15T15:50:22","guid":{"rendered":"http:\/\/www.hoimuloimed.ee\/?page_id=1103"},"modified":"2024-02-15T19:20:35","modified_gmt":"2024-02-15T16:20:35","slug":"vepslased","status":"publish","type":"page","link":"https:\/\/hoimuloimed.ee\/index.php\/hoimurahvad-ja-keeled\/vepslased\/","title":{"rendered":"Vepslased"},"content":{"rendered":"\n<p>Vepslased on soome-ugri rahvas, kes elab peamiselt Venemaa F\u00f6deratsioonis Karjala Vabariigi l\u00f5unaosas, Leningradi oblasti kirdeosas ja Vologda oblasti loodenurgas. Vepsa k\u00fclad ja k\u00fclade r\u00fchmad ehk k\u00fclastud j\u00e4\u00e4vad t\u00e4nap\u00e4eval enamasti suurematest keskustest kaugemale, ehkki m\u00e4rkimisv\u00e4\u00e4rne osa vepslasi v\u00f5i vepsa juurtega inimesi elab t\u00e4nap\u00e4eval ka linnades (Petroskois ja mujal). Asualade ja keelemurrete p\u00f5hjal eristatakse p\u00f5hja-, kesk- ja l\u00f5unavepslasi, nende omavaheline suhtlus on suurte metsamassiivide t\u00f5ttu piiratud. Vepsa keel liigitatakse koos soome, karjala, l\u00fc\u00fcdi ja isuri keelega uurali keelkonna l\u00e4\u00e4nemeresoome keelte p\u00f5hjar\u00fchma. Ise\u00e4ranis l\u00e4hedane on vepsa keelele l\u00fc\u00fcdi keel, mida on m\u00f5nikord peetud (l\u00f5una-)karjala ja vepsa keele \u00fcleminekukeeleks.<\/p>\n\n\n\n<p>Tegemist on pika ajalooga rahvaga, keda esmakordselt on mainitud Ida-Rooma kirjamehe Jordanese kroonikas 551. aastal (<em>vas<\/em>, <em>vasina<\/em>) ning regulaarsemalt varakeskajal 9.\u201313. sajandil (Kiievi-Russi allikais kujul <em>ves\u00b4<\/em>), mil nad m\u00fc\u00fcsid karusnahku l\u00f5unapoolsetesse maadesse ning osalesid Kiievi-Russi riigi loomises. Ehkki hilisemad kirjalikud allikad vepsa etnon\u00fc\u00fcmi mitme sajandi v\u00e4ltel ei maini, s\u00e4ilisid nad oma keele ja kultuuriga rahvana ning 1940. aastatel v\u00f5is vepslaste arv k\u00fc\u00fcndida kuni 40\u00a0000-ni. J\u00e4rgneva venestamise\/venestumise ja \u00e4\u00e4remaade k\u00fclade t\u00fchjenemise t\u00f5ttu on vepslaste ja vepsa keele oskajate arv on viimase saja aasta jooksul oluliselt v\u00e4henenud. 2021. aasta Venemaa F\u00f6deratsiooni rahvaloendus luges kokku vaid 4534 vepslast ning 2173 vepsa keele k\u00f5nelejat. Eestis elab 2021. aasta rahvaloenduse andmeil 55 ennast vepslaseks pidavat inimest.<\/p>\n\n\n\n<figure class=\"wp-block-image size-large is-style-default\"><img loading=\"lazy\" decoding=\"async\" width=\"982\" height=\"1024\" src=\"http:\/\/www.hoimuloimed.ee\/wp-content\/uploads\/2024\/02\/2.3-Veps-982x1024.png\" alt=\"\" class=\"wp-image-1104\" srcset=\"https:\/\/hoimuloimed.ee\/wp-content\/uploads\/2024\/02\/2.3-Veps-982x1024.png 982w, https:\/\/hoimuloimed.ee\/wp-content\/uploads\/2024\/02\/2.3-Veps-288x300.png 288w, https:\/\/hoimuloimed.ee\/wp-content\/uploads\/2024\/02\/2.3-Veps-768x801.png 768w, https:\/\/hoimuloimed.ee\/wp-content\/uploads\/2024\/02\/2.3-Veps-1473x1536.png 1473w, https:\/\/hoimuloimed.ee\/wp-content\/uploads\/2024\/02\/2.3-Veps-1964x2048.png 1964w, https:\/\/hoimuloimed.ee\/wp-content\/uploads\/2024\/02\/2.3-Veps-86x90.png 86w\" sizes=\"auto, (max-width: 982px) 100vw, 982px\" \/><figcaption>Vepsa murdealad 20. sajandi alguses: tumeroheline (1) \u2013 p\u00f5hjamurre, roheline (2) \u2013 keskmurre, heleroheline (3) \u2013 l\u00f5unamurre. Viirutus \u2013 vepsa murdealad 21. sajandi algul.<br>(Kaart: https:\/\/bedlan.net\/data\/)<\/figcaption><\/figure>\n\n\n\n<p>Kiiresti kahanevast rahvastikust hoolimata v\u00f5ime k\u00f5nelda kaasaegsest vepsa kultuurist. Eesti keelde on t\u00f5lgitud luuletaja R\u00fcrik Lonini luuletusi ning kirjanik-literaadi Nina Zaitseva sulest ilmunud eepos \u201cVirantanaz\u201d.<\/p>\n\n\n\n<p>Eesti teadlasist on vepslaste kultuuri uurinud etnograaf Aleksei Peterson, folklorist Madis Arukask ning etnoloog Indrek J\u00e4\u00e4ts. Vepsa rahvakultuur on s\u00e4ilitanud kaua mitmeid arhailisi jooni, mille tundma\u00f5ppimine aitab uurijatel muuhulgas paremini m\u00f5ista ka vana-eesti eluolu ja mentaliteeti.<\/p>\n\n\n\n<p>Eesti keeles pakuvad p\u00f5hjalikumat tutvustust vepslaste kohta <a rel=\"noreferrer noopener\" href=\"https:\/\/fennougria.ee\/rahvad\/laanemeresoome-rahvad\/vepslased\/\" target=\"_blank\">Fenno-Ugria Asutuse koduleht<\/a>, <a rel=\"noreferrer noopener\" href=\"https:\/\/www.erm.ee\/vepslased\" target=\"_blank\">Eesti Rahva Muuseumi koduleht<\/a>, <a rel=\"noreferrer noopener\" href=\"https:\/\/www.folklore.ee\/rl\/folkte\/sugri\/vepsa\/\" target=\"_blank\">Eesti Rahvaluule Arhiiv koduleht<\/a> ning <a rel=\"noreferrer noopener\" href=\"https:\/\/et.wikipedia.org\/wiki\/Vepslased\" target=\"_blank\">Vikipeedia<\/a>.<\/p>\n\n\n\n<p>H\u00f5imul\u00f5imed on koos ERMi h\u00f5imuklubiga korraldanud ettekande\u00f5htu l\u00e4\u00e4nemeresoome rahvaste j\u00f5ulukommetest, milles Madis Arukask tutvustab vepslaste j\u00f5ulutavasid (alates 3:11): <\/p>\n\n\n\n<figure class=\"wp-block-embed-youtube wp-block-embed is-type-video is-provider-youtube wp-embed-aspect-16-9 wp-has-aspect-ratio\"><div class=\"wp-block-embed__wrapper\">\n<iframe loading=\"lazy\" title=\"ERMi h\u00f5imuklubi: L\u00e4\u00e4nemeresoome j\u00f5ulud\" width=\"720\" height=\"405\" src=\"https:\/\/www.youtube.com\/embed\/-2ImTCgZ3yg?feature=oembed\" frameborder=\"0\" allow=\"accelerometer; autoplay; clipboard-write; encrypted-media; gyroscope; picture-in-picture; web-share\" allowfullscreen><\/iframe>\n<\/div><\/figure>\n\n\n\n<div class=\"wp-block-otfm-box-spoiler-start otfm-sp__wrapper otfm-sp__box js-otfm-sp-box__closed otfm-sp__f5f5f5\" role=\"button\" tabindex=\"0\" aria-expanded=\"false\" data-otfm-spc=\"#f5f5f5\" style=\"text-align:left\"><div class=\"otfm-sp__title\"><strong><span class=\"has-inline-color has-vivid-red-color\">Keele\u00f5ppe ressursid veebis<\/span><\/strong><\/div><\/div>\n\n\n\n<p><a rel=\"noreferrer noopener\" href=\"https:\/\/www.youtube.com\/@larisavepssmolina1533\/videos\" target=\"_blank\">Vepsa keele \u00f5ppevideod (vene subtiitritega) ja valik teisi vepsakeelseid videosid<\/a><\/p>\n\n\n\n<p><a rel=\"noreferrer noopener\" href=\"https:\/\/www.booksite.ru\/fulltext\/vepsa\/text.pdf\" target=\"_blank\">Nina Zaiceva, Maria Mullonen. Vepsa-vene, vene-vepsa s\u00f5naraamat (Petroskoi, 1995)<\/a><\/p>\n\n\n\n<p><a rel=\"noreferrer noopener\" href=\"http:\/\/elibrary.krc.karelia.ru\/469\/1\/%D0%9D%D0%BE%D0%B2%D1%8B%D0%B9%20%D1%80%D1%83%D1%81%D1%81%D0%BA%D0%BE-%D0%B2%D0%B5%D0%BF%D1%81%D1%81%D0%BA%D0%B8%D0%B9%20%D1%81%D0%BB%D0%BE%D0%B2%D0%B0%D1%80%D1%8C.pdf\" target=\"_blank\">Nina Zaiceva, Maria Mullonen. Uus vene-vepsa s\u00f5naraamat (Petroskoi, 2007)<\/a><\/p>\n\n\n\n<p><a rel=\"noreferrer noopener\" href=\"https:\/\/vep.wikipedia.org\/wiki\/P%C3%A4lehtpol%E2%80%99\" target=\"_blank\">Vikipeedia vepsa keeles<\/a><\/p>\n\n\n\n<p><a rel=\"noreferrer noopener\" href=\"https:\/\/www.instagram.com\/wepski_z_andriejem\/\" target=\"_blank\">Vepsa keelt tutvustav Instagrami leht<\/a> <\/p>\n\n\n\n<div class=\"wp-block-otfm-box-spoiler-end otfm-sp_end\"><\/div>\n\n\n\n<div class=\"wp-block-otfm-box-spoiler-start otfm-sp__wrapper otfm-sp__box js-otfm-sp-box__closed otfm-sp__f5f5f5\" role=\"button\" tabindex=\"0\" aria-expanded=\"false\" data-otfm-spc=\"#f5f5f5\" style=\"text-align:left\"><div class=\"otfm-sp__title\"><strong><span class=\"has-inline-color has-vivid-red-color\">Muusika<\/span><\/strong><\/div><\/div>\n\n\n\n<div class=\"wp-block-media-text alignwide is-stacked-on-mobile\" style=\"grid-template-columns:24% auto\"><figure class=\"wp-block-media-text__media\"><img loading=\"lazy\" decoding=\"async\" width=\"359\" height=\"365\" src=\"http:\/\/www.hoimuloimed.ee\/wp-content\/uploads\/2024\/02\/vepsamuusika.png\" alt=\"\" class=\"wp-image-1112\" srcset=\"https:\/\/hoimuloimed.ee\/wp-content\/uploads\/2024\/02\/vepsamuusika.png 359w, https:\/\/hoimuloimed.ee\/wp-content\/uploads\/2024\/02\/vepsamuusika-295x300.png 295w, https:\/\/hoimuloimed.ee\/wp-content\/uploads\/2024\/02\/vepsamuusika-89x90.png 89w\" sizes=\"auto, (max-width: 359px) 100vw, 359px\" \/><\/figure><div class=\"wp-block-media-text__content\">\n<p><strong><strong>Armaz Duo<\/strong><\/strong><br><em>folk<\/em><\/p>\n\n\n\n<p class=\"has-small-font-size\"><a rel=\"noreferrer noopener\" href=\"https:\/\/open.spotify.com\/artist\/0Iip25te7Czi0XFwblaKmq?si=YAwqsuIYQ3y27EbtNDHg3w\" target=\"_blank\">Spotify<\/a> \/ <a href=\"https:\/\/www.amazon.com\/music\/player\/artists\/B0BPK97HPT\/armaz-duo\" target=\"_blank\" rel=\"noreferrer noopener\">Amazon Music<\/a><\/p>\n<\/div><\/div>\n\n\n\n<p><\/p>\n\n\n\n<div class=\"wp-block-media-text alignwide is-stacked-on-mobile\" style=\"grid-template-columns:24% auto\"><figure class=\"wp-block-media-text__media\"><img loading=\"lazy\" decoding=\"async\" width=\"954\" height=\"960\" src=\"http:\/\/www.hoimuloimed.ee\/wp-content\/uploads\/2024\/02\/jousnen.jpeg\" alt=\"\" class=\"wp-image-1111\" srcset=\"https:\/\/hoimuloimed.ee\/wp-content\/uploads\/2024\/02\/jousnen.jpeg 954w, https:\/\/hoimuloimed.ee\/wp-content\/uploads\/2024\/02\/jousnen-298x300.jpeg 298w, https:\/\/hoimuloimed.ee\/wp-content\/uploads\/2024\/02\/jousnen-150x150.jpeg 150w, https:\/\/hoimuloimed.ee\/wp-content\/uploads\/2024\/02\/jousnen-768x773.jpeg 768w, https:\/\/hoimuloimed.ee\/wp-content\/uploads\/2024\/02\/jousnen-89x90.jpeg 89w\" sizes=\"auto, (max-width: 954px) 100vw, 954px\" \/><\/figure><div class=\"wp-block-media-text__content\">\n<p><strong><strong>Jousnen J\u00e4rved<\/strong><\/strong><br><em>folk-rokk, folk-pop<\/em><\/p>\n\n\n\n<p class=\"has-small-font-size\"><a rel=\"noreferrer noopener\" href=\"https:\/\/open.spotify.com\/artist\/4tqT8t81LGEVMgu59lIi9H?si=6lJH4grfQC6YjC5BA-Emvw\" target=\"_blank\">Spotify<\/a> \/ <a href=\"https:\/\/www.facebook.com\/jousnen.jarved.folk\" target=\"_blank\" rel=\"noreferrer noopener\">Facebook<\/a><\/p>\n<\/div><\/div>\n\n\n\n<p><\/p>\n\n\n\n<div class=\"wp-block-media-text alignwide is-stacked-on-mobile\" style=\"grid-template-columns:24% auto\"><figure class=\"wp-block-media-text__media\"><img loading=\"lazy\" decoding=\"async\" width=\"225\" height=\"224\" src=\"http:\/\/www.hoimuloimed.ee\/wp-content\/uploads\/2024\/02\/kevazvezi.jpeg\" alt=\"\" class=\"wp-image-1110\" srcset=\"https:\/\/hoimuloimed.ee\/wp-content\/uploads\/2024\/02\/kevazvezi.jpeg 225w, https:\/\/hoimuloimed.ee\/wp-content\/uploads\/2024\/02\/kevazvezi-150x150.jpeg 150w, https:\/\/hoimuloimed.ee\/wp-content\/uploads\/2024\/02\/kevazvezi-90x90.jpeg 90w\" sizes=\"auto, (max-width: 225px) 100vw, 225px\" \/><\/figure><div class=\"wp-block-media-text__content\">\n<p><strong><strong><strong>Kev\u00e4z&#8217;vezi<\/strong><\/strong><\/strong><br><em>folk<\/em><\/p>\n\n\n\n<p class=\"has-small-font-size\"><a rel=\"noreferrer noopener\" href=\"https:\/\/www.youtube.com\/watch?v=RjN64hvjM_4\" target=\"_blank\">Youtube<\/a> \/ <a rel=\"noreferrer noopener\" href=\"https:\/\/www.last.fm\/music\/Kev%C3%A4z%27vezi\" target=\"_blank\">last.fm<\/a> \/ <a rel=\"noreferrer noopener\" href=\"https:\/\/vep.wikipedia.org\/wiki\/Kev%C3%A4z%27vezi_(muzikgrupp)\" target=\"_blank\">vepsakeelne Vikipeedia<\/a><\/p>\n<\/div><\/div>\n\n\n\n<p><\/p>\n\n\n\n<div class=\"wp-block-media-text alignwide is-stacked-on-mobile\" style=\"grid-template-columns:24% auto\"><figure class=\"wp-block-media-text__media\"><img loading=\"lazy\" decoding=\"async\" width=\"400\" height=\"400\" src=\"http:\/\/www.hoimuloimed.ee\/wp-content\/uploads\/2024\/02\/noid.jpeg\" alt=\"\" class=\"wp-image-1109\" srcset=\"https:\/\/hoimuloimed.ee\/wp-content\/uploads\/2024\/02\/noid.jpeg 400w, https:\/\/hoimuloimed.ee\/wp-content\/uploads\/2024\/02\/noid-300x300.jpeg 300w, https:\/\/hoimuloimed.ee\/wp-content\/uploads\/2024\/02\/noid-150x150.jpeg 150w, https:\/\/hoimuloimed.ee\/wp-content\/uploads\/2024\/02\/noid-90x90.jpeg 90w\" sizes=\"auto, (max-width: 400px) 100vw, 400px\" \/><\/figure><div class=\"wp-block-media-text__content\">\n<p><strong><strong><strong>Noid<\/strong><\/strong><\/strong><br><em>folk<\/em>, <em>elektrooniline muusika<\/em><\/p>\n\n\n\n<p class=\"has-small-font-size\"><a rel=\"noreferrer noopener\" href=\"https:\/\/open.spotify.com\/artist\/0RB7SpNZsNjiDhEXDDQpfZ?si=UATO_K6xSwCAHCD4sEeirg\" target=\"_blank\">Spotify<\/a> \/ <a rel=\"noreferrer noopener\" href=\"https:\/\/www.facebook.com\/vepsnoid\/\" target=\"_blank\">Facebook<\/a><\/p>\n<\/div><\/div>\n\n\n\n<p><\/p>\n\n\n\n<p>H\u00f5imul\u00f5imede koostatud vepsakeelsete laulude esitusloendid <a rel=\"noreferrer noopener\" href=\"https:\/\/open.spotify.com\/playlist\/7jXW8ve5StM0OjNCZe9E18?si=7c9ea9396ce04fc7\" target=\"_blank\">Spotify\u2019s<\/a> ja <a rel=\"noreferrer noopener\" href=\"https:\/\/youtube.com\/playlist?list=PLFdLvdDPVKn8WkeBel2rHYWHxMFUbr4ua&amp;si=4wT28WGDnsK-Rbdd\" target=\"_blank\">Youtube\u2019is<\/a>.<\/p>\n\n\n\n<div class=\"wp-block-otfm-box-spoiler-end otfm-sp_end\"><\/div>\n\n\n\n<div class=\"wp-block-otfm-box-spoiler-start otfm-sp__wrapper otfm-sp__box js-otfm-sp-box__closed otfm-sp__f5f5f5\" role=\"button\" tabindex=\"0\" aria-expanded=\"false\" data-otfm-spc=\"#f5f5f5\" style=\"text-align:left\"><div class=\"otfm-sp__title\"><strong><span class=\"has-inline-color has-vivid-red-color\">Filmid<\/span><\/strong><\/div><\/div>\n\n\n\n<div class=\"wp-block-media-text alignwide is-stacked-on-mobile\" style=\"grid-template-columns:26% auto\"><figure class=\"wp-block-media-text__media\"><img loading=\"lazy\" decoding=\"async\" width=\"1024\" height=\"733\" src=\"http:\/\/www.hoimuloimed.ee\/wp-content\/uploads\/2024\/02\/kodinsydain-1024x733.png\" alt=\"\" class=\"wp-image-1113\" srcset=\"https:\/\/hoimuloimed.ee\/wp-content\/uploads\/2024\/02\/kodinsydain-1024x733.png 1024w, https:\/\/hoimuloimed.ee\/wp-content\/uploads\/2024\/02\/kodinsydain-300x215.png 300w, https:\/\/hoimuloimed.ee\/wp-content\/uploads\/2024\/02\/kodinsydain-768x550.png 768w, https:\/\/hoimuloimed.ee\/wp-content\/uploads\/2024\/02\/kodinsydain-1536x1100.png 1536w, https:\/\/hoimuloimed.ee\/wp-content\/uploads\/2024\/02\/kodinsydain-126x90.png 126w, https:\/\/hoimuloimed.ee\/wp-content\/uploads\/2024\/02\/kodinsydain.png 1849w\" sizes=\"auto, (max-width: 1024px) 100vw, 1024px\" \/><\/figure><div class=\"wp-block-media-text__content\">\n<p><strong><strong>Vepsa kodu s\u00fcda (Vepsl\u00e4i\u017een kodin s\u00fcd\u00e4in)<\/strong><\/strong><br>Dokumentaal, Venemaa, 2012<\/p>\n\n\n\n<p class=\"has-small-font-size\"><a rel=\"noreferrer noopener\" href=\"https:\/\/vep.wikipedia.org\/wiki\/Vepsl%C3%A4i%C5%BEen_kodin_s%C3%BCd%C3%A4in\" target=\"_blank\">Artikkel vepsakeelses Vikipeedias<\/a> \/ <a rel=\"noreferrer noopener\" href=\"https:\/\/youtu.be\/Nt45OVOXKwo?si=CfgcbGCP6-OQ9vYD\" target=\"_blank\">Treiler <\/a><a href=\"https:\/\/youtu.be\/Nt45OVOXKwo?si=CfgcbGCP6-OQ9vYD\" target=\"_blank\" rel=\"noreferrer noopener\">Y<\/a><a rel=\"noreferrer noopener\" href=\"https:\/\/youtu.be\/Nt45OVOXKwo?si=CfgcbGCP6-OQ9vYD\" target=\"_blank\">outube&#8217;is<\/a><\/p>\n<\/div><\/div>\n\n\n\n<p><\/p>\n\n\n\n<div class=\"wp-block-media-text alignwide is-stacked-on-mobile\" style=\"grid-template-columns:26% auto\"><figure class=\"wp-block-media-text__media\"><img loading=\"lazy\" decoding=\"async\" width=\"614\" height=\"392\" src=\"http:\/\/www.hoimuloimed.ee\/wp-content\/uploads\/2024\/02\/selgesveeskala.png\" alt=\"\" class=\"wp-image-1114\" srcset=\"https:\/\/hoimuloimed.ee\/wp-content\/uploads\/2024\/02\/selgesveeskala.png 614w, https:\/\/hoimuloimed.ee\/wp-content\/uploads\/2024\/02\/selgesveeskala-300x192.png 300w, https:\/\/hoimuloimed.ee\/wp-content\/uploads\/2024\/02\/selgesveeskala-141x90.png 141w\" sizes=\"auto, (max-width: 614px) 100vw, 614px\" \/><\/figure><div class=\"wp-block-media-text__content\">\n<p><strong>Selges vees kala n\u00e4kkab (Sel\u2019ktas vedes kala kokib) <\/strong><em>(vepsa ja vene keeles)<\/em><br>Dokumentaal, Venemaa, 2014<\/p>\n\n\n\n<p class=\"has-small-font-size\"><a rel=\"noreferrer noopener\" href=\"https:\/\/vep.wikipedia.org\/wiki\/Sel%27ktas_vedes_kala_kokib\" target=\"_blank\">Artikkel vepsakeelses Vikipeedias<\/a> \/ <a href=\"https:\/\/www.youtube.com\/watch?v=OSeOjOKX0Vo\" target=\"_blank\" rel=\"noreferrer noopener\">Youtube<\/a><\/p>\n<\/div><\/div>\n\n\n\n<p><\/p>\n\n\n\n<div class=\"wp-block-media-text alignwide is-stacked-on-mobile\" style=\"grid-template-columns:26% auto\"><figure class=\"wp-block-media-text__media\"><img loading=\"lazy\" decoding=\"async\" width=\"526\" height=\"328\" src=\"http:\/\/www.hoimuloimed.ee\/wp-content\/uploads\/2024\/02\/meesjakured.png\" alt=\"\" class=\"wp-image-1115\" srcset=\"https:\/\/hoimuloimed.ee\/wp-content\/uploads\/2024\/02\/meesjakured.png 526w, https:\/\/hoimuloimed.ee\/wp-content\/uploads\/2024\/02\/meesjakured-300x187.png 300w, https:\/\/hoimuloimed.ee\/wp-content\/uploads\/2024\/02\/meesjakured-144x90.png 144w\" sizes=\"auto, (max-width: 526px) 100vw, 526px\" \/><\/figure><div class=\"wp-block-media-text__content\">\n<p><strong><strong>Mees ja kured (Mu\u017eik da kurged)<\/strong><\/strong><br>Animatsioon, Venemaa, 2014<\/p>\n\n\n\n<p class=\"has-small-font-size\"><a rel=\"noreferrer noopener\" href=\"https:\/\/youtu.be\/fYIr6E4s6TA?si=7vqhIujjOd_Wbbwn\" target=\"_blank\">Youtube<\/a><\/p>\n<\/div><\/div>\n\n\n\n<p><\/p>\n\n\n\n<div class=\"wp-block-media-text alignwide is-stacked-on-mobile\" style=\"grid-template-columns:26% auto\"><figure class=\"wp-block-media-text__media\"><img loading=\"lazy\" decoding=\"async\" width=\"515\" height=\"348\" src=\"http:\/\/www.hoimuloimed.ee\/wp-content\/uploads\/2024\/02\/vepsafilm.png\" alt=\"\" class=\"wp-image-1116\" srcset=\"https:\/\/hoimuloimed.ee\/wp-content\/uploads\/2024\/02\/vepsafilm.png 515w, https:\/\/hoimuloimed.ee\/wp-content\/uploads\/2024\/02\/vepsafilm-300x203.png 300w, https:\/\/hoimuloimed.ee\/wp-content\/uploads\/2024\/02\/vepsafilm-133x90.png 133w\" sizes=\"auto, (max-width: 515px) 100vw, 515px\" \/><\/figure><div class=\"wp-block-media-text__content\">\n<p><strong><strong><strong>V\u00f5lusarv (Paimnen torvut) <\/strong><\/strong><\/strong>(<em>vepsa, vene ja soome keeles)<\/em><br>Dokumentaal, Venemaa, 2015<\/p>\n\n\n\n<p class=\"has-small-font-size\"><a href=\"https:\/\/vep.wikipedia.org\/wiki\/Paimnen_torvut\" target=\"_blank\" rel=\"noreferrer noopener\">Artikkel vepsakeelses Vikipeedias<\/a> \/ <a rel=\"noreferrer noopener\" href=\"https:\/\/youtu.be\/qtIDRMUU04Y?si=KH1SaLTyHAnFgUE_\" target=\"_blank\">Youtube<\/a><\/p>\n<\/div><\/div>\n\n\n\n<p><\/p>\n\n\n\n<div class=\"wp-block-media-text alignwide is-stacked-on-mobile\" style=\"grid-template-columns:26% auto\"><figure class=\"wp-block-media-text__media\"><img loading=\"lazy\" decoding=\"async\" width=\"800\" height=\"600\" src=\"http:\/\/www.hoimuloimed.ee\/wp-content\/uploads\/2024\/02\/vepsaanimatsioon.jpeg\" alt=\"\" class=\"wp-image-1117\" srcset=\"https:\/\/hoimuloimed.ee\/wp-content\/uploads\/2024\/02\/vepsaanimatsioon.jpeg 800w, https:\/\/hoimuloimed.ee\/wp-content\/uploads\/2024\/02\/vepsaanimatsioon-300x225.jpeg 300w, https:\/\/hoimuloimed.ee\/wp-content\/uploads\/2024\/02\/vepsaanimatsioon-768x576.jpeg 768w, https:\/\/hoimuloimed.ee\/wp-content\/uploads\/2024\/02\/vepsaanimatsioon-120x90.jpeg 120w\" sizes=\"auto, (max-width: 800px) 100vw, 800px\" \/><\/figure><div class=\"wp-block-media-text__content\">\n<p><strong><strong><strong><strong>Kuidas jumal palus teed juhatada (Kut jumal paki\u010di ozutada ted)<\/strong><\/strong><\/strong><\/strong><br>Animatsioon, Eesti, 2016<\/p>\n\n\n\n<p class=\"has-small-font-size\"><a href=\"https:\/\/www.efis.ee\/et\/filmiliigid\/film\/id\/18637\" target=\"_blank\" rel=\"noreferrer noopener\">Eesti Filmi Andmebaas<\/a> \/ <a href=\"https:\/\/www.joonisfilm.ee\/filmid\/kuidas-jumal-palus-teed-juhatada-vepsa-lugu\" target=\"_blank\" rel=\"noreferrer noopener\">Eesti Joonisfilm<\/a><\/p>\n<\/div><\/div>\n\n\n\n<div class=\"wp-block-otfm-box-spoiler-end otfm-sp_end\"><\/div>\n","protected":false},"excerpt":{"rendered":"<p>Vepslased on soome-ugri rahvas, kes elab peamiselt Venemaa F\u00f6deratsioonis Karjala Vabariigi l\u00f5unaosas, Leningradi oblasti kirdeosas ja Vologda oblasti loodenurgas. Vepsa k\u00fclad ja k\u00fclade r\u00fchmad ehk k\u00fclastud j\u00e4\u00e4vad t\u00e4nap\u00e4eval enamasti suurematest keskustest kaugemale, ehkki m\u00e4rkimisv\u00e4\u00e4rne osa vepslasi v\u00f5i vepsa juurtega inimesi elab t\u00e4nap\u00e4eval ka linnades (Petroskois ja mujal). Asualade ja keelemurrete p\u00f5hjal eristatakse p\u00f5hja-, kesk- ja l\u00f5unavepslasi, nende omavaheline suhtlus on suurte metsamassiivide t\u00f5ttu piiratud. Vepsa &hellip; <a href=\"https:\/\/hoimuloimed.ee\/index.php\/hoimurahvad-ja-keeled\/vepslased\/\" class=\"more-link\">Continue reading <span class=\"screen-reader-text\">Vepslased<\/span><\/a><\/p>\n","protected":false},"author":1,"featured_media":0,"parent":221,"menu_order":0,"comment_status":"closed","ping_status":"closed","template":"","meta":{"footnotes":""},"class_list":["post-1103","page","type-page","status-publish","hentry"],"_links":{"self":[{"href":"https:\/\/hoimuloimed.ee\/index.php\/wp-json\/wp\/v2\/pages\/1103","targetHints":{"allow":["GET"]}}],"collection":[{"href":"https:\/\/hoimuloimed.ee\/index.php\/wp-json\/wp\/v2\/pages"}],"about":[{"href":"https:\/\/hoimuloimed.ee\/index.php\/wp-json\/wp\/v2\/types\/page"}],"author":[{"embeddable":true,"href":"https:\/\/hoimuloimed.ee\/index.php\/wp-json\/wp\/v2\/users\/1"}],"replies":[{"embeddable":true,"href":"https:\/\/hoimuloimed.ee\/index.php\/wp-json\/wp\/v2\/comments?post=1103"}],"version-history":[{"count":3,"href":"https:\/\/hoimuloimed.ee\/index.php\/wp-json\/wp\/v2\/pages\/1103\/revisions"}],"predecessor-version":[{"id":1118,"href":"https:\/\/hoimuloimed.ee\/index.php\/wp-json\/wp\/v2\/pages\/1103\/revisions\/1118"}],"up":[{"embeddable":true,"href":"https:\/\/hoimuloimed.ee\/index.php\/wp-json\/wp\/v2\/pages\/221"}],"wp:attachment":[{"href":"https:\/\/hoimuloimed.ee\/index.php\/wp-json\/wp\/v2\/media?parent=1103"}],"curies":[{"name":"wp","href":"https:\/\/api.w.org\/{rel}","templated":true}]}}