{"id":1121,"date":"2024-02-15T20:31:44","date_gmt":"2024-02-15T17:31:44","guid":{"rendered":"http:\/\/www.hoimuloimed.ee\/?page_id=1121"},"modified":"2024-02-26T14:34:44","modified_gmt":"2024-02-26T11:34:44","slug":"ersad","status":"publish","type":"page","link":"https:\/\/hoimuloimed.ee\/index.php\/hoimurahvad-ja-keeled\/ersad\/","title":{"rendered":"Ersad"},"content":{"rendered":"\n<p>Ersad on soome-ugri rahvas, kelle traditsioonilised elupaigad asuvad Venemaa F\u00f6deratsioonis Volgamaa l\u00f5unaosas ja Okaa j\u00f5gikonna l\u00e4\u00e4neosas. T\u00e4nap\u00e4eval elab ersade enamus kas Mordva Vabariigis (kus elab umbes pool ersadest) v\u00f5i laial ida poole ulatuvas diasporaas Penza, Orenburgi ja Samara oblastides ning mujalgi kuni Siberini v\u00e4lja. Ersa keel kuulub koos mok\u0161a keelega uurali keelte mordva harusse. Vanemates k\u00e4sitlustes ongi ersasid ja mok\u0161asid peetud mordva rahva etnilisteks r\u00fchmadeks ning seet\u00f5ttu pole alati peetud oluliseks neid teineteisest eristada. Ka t\u00e4nap\u00e4eval loetakse neid tihtipeale lihtsalt mordvalasteks, ehkki ersad ja mok\u0161ad ise teevad enamasti selget vahet, kumma rahva hulka nad kuuluvad. Ersade l\u00e4\u00e4nepoolse etnilise r\u00fchma \u0161ok\u0161ade keel on saanud suuri m\u00f5jutusi mok\u0161a keelelt. T\u00f5en\u00e4oliselt p\u00e4rinevad ersade seast Ni\u017eni Novgorodi oblasti rahvar\u00fchm terjuhhaanid, kes v\u00f5tsid aja jooksul omaks vene keele, kuid s\u00e4ilitasid ersap\u00e4rasusi rahvar\u00f5ivastes.<\/p>\n\n\n\n<p>Ersade ja ersa keele k\u00f5nelejate arvu on raske m\u00e4\u00e4rata, kuna Venemaa rahvaloendustel on neid v\u00e4ga sageli pandud kirja mordvalastena ja ersa keelt \u201emordva\u201c keelena. Nii n\u00e4iteks arvestati 2021. aasta rahvaloendusel kokku 50&nbsp;986 ersat (2010. aastal oli see arv 57&nbsp;008), kellest 40&nbsp;045 oskas ersa keelt (2010. aastal 36 726). Hinnanguliselt v\u00f5ib ersasid siiski kokku olla umbes pool miljonit ning keeleoskajaid umbes 100&nbsp;000 ja 440&nbsp;000 vahel. Mok\u0161asid on ersadest umbkaudu poole v\u00e4hem.<\/p>\n\n\n\n<figure class=\"wp-block-image size-large is-style-default\"><img loading=\"lazy\" decoding=\"async\" width=\"1024\" height=\"894\" src=\"http:\/\/www.hoimuloimed.ee\/wp-content\/uploads\/2024\/02\/3-Mordvin-1024x894.png\" alt=\"\" class=\"wp-image-1122\" srcset=\"https:\/\/hoimuloimed.ee\/wp-content\/uploads\/2024\/02\/3-Mordvin-1024x894.png 1024w, https:\/\/hoimuloimed.ee\/wp-content\/uploads\/2024\/02\/3-Mordvin-300x262.png 300w, https:\/\/hoimuloimed.ee\/wp-content\/uploads\/2024\/02\/3-Mordvin-768x670.png 768w, https:\/\/hoimuloimed.ee\/wp-content\/uploads\/2024\/02\/3-Mordvin-1536x1341.png 1536w, https:\/\/hoimuloimed.ee\/wp-content\/uploads\/2024\/02\/3-Mordvin-2048x1788.png 2048w, https:\/\/hoimuloimed.ee\/wp-content\/uploads\/2024\/02\/3-Mordvin-103x90.png 103w\" sizes=\"auto, (max-width: 1024px) 100vw, 1024px\" \/><figcaption>Ersa (eri tooni rohelised) ja mok\u0161a (kollased, punased ja roosad toonid) keelemurdealad. 1a \u2013 keskmurre, 1b \u2013 l\u00e4\u00e4ne- ehk Insari murre, 1c \u2013 loode- ehk Alat\u00f5ri murre, 1d \u2013 kagu- ehk Sura murre, 1e \u2013 \u0161ok\u0161a murre. Tumekollane (1\/2) \u2013 ersa ja mok\u0161a keelesaared kaugemal v\u00e4ljaspool Mordva Vabariiki, roheline viirutus (1) \u2013 ersa keelesaared kaugemal v\u00e4ljaspool Mordva Vabariiki.<br>(Kaart: <a rel=\"noreferrer noopener\" href=\"https:\/\/bedlan.net\/data\/\" target=\"_blank\">https:\/\/bedlan.net\/data\/<\/a>)<\/figcaption><\/figure>\n\n\n\n<p>Ka Eestis elavate ersade kohta puuduvad t\u00e4psemad andmed, kuna viimase, 2021. aasta rahvaloendusel loeti neid siingi koos mok\u0161adega mordvalaste alla (kokku 368 inimest). Eestis elavad ersasid koondavad Tallinnas tegutsevad Eesti-Mordva Selts ja Ersa Kultuuri\u00fching Sjatko.<\/p>\n\n\n\n<p>Modernne ersa kirjakeel loodi kirillitsa baasil 1925. aastal. Keele taas\u00e4rkamine algas koos teiste Venemaa rahvaste keeltega 1990. aastate alguses. Tollal loodi mitmeid olulisi kultuuri\u00fchinguid ja ersakeelseid meediakanaleid, samuti hakati t\u00e4histama esimese ersa keeleteadlase Anatoli Rjabovi (1894\u20131938) s\u00fcnniaastap\u00e4eval 15. aprillil ersa keele p\u00e4eva. Ka ersade p\u00f5lisusku on taastatud ning iga kolme aasta tagant kogunetakse suurele rahvapalvusele Raske\u0144 ozks. Rahvusvaheliselt on tuntud ersa skulptor Stepan Erzja (1876\u20131959) ning ersa mitmeh\u00e4\u00e4lset laulukultuuri tutvustav meestelauluansambel Toorama. Nagu paljude teiste Venemaa rahvaste puhul, on ersade keel ja kultuur t\u00e4nap\u00e4eval tervikuna tugeva venestamissurve all, mida lisaks v\u00f5imendab ka nende hajusus suurel maa-alal.<\/p>\n\n\n\n<p>Eesti keeles pakuvad ersadest lisainfot <a rel=\"noreferrer noopener\" href=\"https:\/\/fennougria.ee\/rahvad\/mordvalased\/ersad\/\" target=\"_blank\">Fenno-Ugria Asutuse koduleht<\/a>, <a rel=\"noreferrer noopener\" href=\"https:\/\/www.erm.ee\/mordvalased\" target=\"_blank\">Eesti Rahva Muuseumi koduleht<\/a> (koos mok\u0161adega) ning <a rel=\"noreferrer noopener\" href=\"https:\/\/www.folklore.ee\/rl\/folkte\/sugri\/mordva\/\" target=\"_blank\">Eesti Rahvaluule Arhiivi koduleht<\/a> (koos mok\u0161adega).<\/p>\n\n\n\n<p>H\u00f5imul\u00f5imlane Anti Lillak on kirjutanud <a rel=\"noreferrer noopener\" href=\"https:\/\/ypsilon.postimees.ee\/7736113\/hoimurahvuslus-volga-kaldalt-piusa-pervele-ersa-ja-moksa-mojudest-vanas-kagu-eesti-rahvakultuuris\" target=\"_blank\">vanadest ersa ja mok\u0161a m\u00f5judest seto ja v\u00f5ro rahvakultuuris<\/a>.<\/p>\n\n\n\n<div class=\"wp-block-otfm-box-spoiler-start otfm-sp__wrapper otfm-sp__box js-otfm-sp-box__closed otfm-sp__f5f5f5\" role=\"button\" tabindex=\"0\" aria-expanded=\"false\" data-otfm-spc=\"#f5f5f5\" style=\"text-align:left\"><div class=\"otfm-sp__title\"><strong><span class=\"has-inline-color has-vivid-red-color\">Keele\u00f5ppe ressursid veebis<\/span><\/strong><\/div><\/div>\n\n\n\n<p><a href=\"https:\/\/www.eki.ee\/dict\/ersa\/\">Eesti Keele Instituudi koostatud eesti-ersa s\u00f5naraamat<\/a><\/p>\n\n\n\n<p><a rel=\"noreferrer noopener\" href=\"https:\/\/dspace.ut.ee\/server\/api\/core\/bitstreams\/90962502-72f7-4328-9e88-b84e0764ee38\/content\" target=\"_blank\">Niina Aasm\u00e4e. Kortatano er\u017aaks. R\u00e4\u00e4gime ersa keelt. Tartu, 2012.<\/a><br>Ersa keele \u00f5pik (eesti keeles)<\/p>\n\n\n\n<p><a rel=\"noreferrer noopener\" href=\"https:\/\/dspace.ut.ee\/server\/api\/core\/bitstreams\/0314c9fc-5ab9-44c4-8806-a563dc207c5b\/content\" target=\"_blank\">Niina Aasm\u00e4e Tartu \u00dclikooli ersa keele \u00f5ppematerjalid (2012)<\/a><\/p>\n\n\n\n<p><a rel=\"noreferrer noopener\" href=\"https:\/\/myv.wikipedia.org\/wiki\/%D0%9F%D1%80%D1%8F%D0%B2%D1%82%D0%BB%D0%BE%D0%BF%D0%B0\" target=\"_blank\">Ersakeelne Vikipeedia<\/a><\/p>\n\n\n\n<p><a href=\"https:\/\/erzja.info\/myv\/\">Er\u017aa\u0144 val<\/a><br>Ukraina ersa rahvusseltsi koduleht (kirjaviis ladina t\u00e4hestikus)<\/p>\n\n\n\n<div class=\"wp-block-otfm-box-spoiler-end otfm-sp_end\"><\/div>\n\n\n\n<div class=\"wp-block-otfm-box-spoiler-start otfm-sp__wrapper otfm-sp__box js-otfm-sp-box__closed otfm-sp__f5f5f5\" role=\"button\" tabindex=\"0\" aria-expanded=\"false\" data-otfm-spc=\"#f5f5f5\" style=\"text-align:left\"><div class=\"otfm-sp__title\"><strong><span class=\"has-inline-color has-vivid-red-color\">Muusika<\/span><\/strong><\/div><\/div>\n\n\n\n<p><em>Mitmed ersa ansamblid esitavad ka mok\u0161akeelseid lugusid<\/em><\/p>\n\n\n\n<div class=\"wp-block-media-text alignwide is-stacked-on-mobile\" style=\"grid-template-columns:24% auto\"><figure class=\"wp-block-media-text__media\"><img loading=\"lazy\" decoding=\"async\" width=\"247\" height=\"249\" src=\"http:\/\/www.hoimuloimed.ee\/wp-content\/uploads\/2024\/02\/andrei.png\" alt=\"\" class=\"wp-image-1143\" srcset=\"https:\/\/hoimuloimed.ee\/wp-content\/uploads\/2024\/02\/andrei.png 247w, https:\/\/hoimuloimed.ee\/wp-content\/uploads\/2024\/02\/andrei-150x150.png 150w, https:\/\/hoimuloimed.ee\/wp-content\/uploads\/2024\/02\/andrei-89x90.png 89w\" sizes=\"auto, (max-width: 247px) 100vw, 247px\" \/><\/figure><div class=\"wp-block-media-text__content\">\n<p><strong><strong>Andrei Bot\u0161kanov<\/strong><\/strong><br><em>pop<\/em><\/p>\n\n\n\n<p class=\"has-small-font-size\"><a href=\"https:\/\/open.spotify.com\/artist\/1UoZStkvlnBWGYgQJDVOSR?si=LAQSaYAlRFKy_SRjvb8KEg\" target=\"_blank\" rel=\"noreferrer noopener\">Spotify<\/a> \/ <a href=\"https:\/\/www.youtube.com\/channel\/UCxLEGYqS8D3OHyLgA6poLjQ\" target=\"_blank\" rel=\"noreferrer noopener\">Youtube<\/a> \/ <a href=\"https:\/\/vk.com\/vay_kodamo\" target=\"_blank\" rel=\"noreferrer noopener\">VKontakte<\/a><\/p>\n<\/div><\/div>\n\n\n\n<p><\/p>\n\n\n\n<div class=\"wp-block-media-text alignwide is-stacked-on-mobile\" style=\"grid-template-columns:24% auto\"><figure class=\"wp-block-media-text__media\"><img loading=\"lazy\" decoding=\"async\" width=\"1024\" height=\"1024\" src=\"http:\/\/www.hoimuloimed.ee\/wp-content\/uploads\/2024\/02\/merema-1024x1024.jpeg\" alt=\"\" class=\"wp-image-1141\" srcset=\"https:\/\/hoimuloimed.ee\/wp-content\/uploads\/2024\/02\/merema-1024x1024.jpeg 1024w, https:\/\/hoimuloimed.ee\/wp-content\/uploads\/2024\/02\/merema-300x300.jpeg 300w, https:\/\/hoimuloimed.ee\/wp-content\/uploads\/2024\/02\/merema-150x150.jpeg 150w, https:\/\/hoimuloimed.ee\/wp-content\/uploads\/2024\/02\/merema-768x768.jpeg 768w, https:\/\/hoimuloimed.ee\/wp-content\/uploads\/2024\/02\/merema-1536x1536.jpeg 1536w, https:\/\/hoimuloimed.ee\/wp-content\/uploads\/2024\/02\/merema-90x90.jpeg 90w, https:\/\/hoimuloimed.ee\/wp-content\/uploads\/2024\/02\/merema.jpeg 1600w\" sizes=\"auto, (max-width: 1024px) 100vw, 1024px\" \/><\/figure><div class=\"wp-block-media-text__content\">\n<p><strong><strong>Merema<\/strong><\/strong><br><em>folk<\/em><\/p>\n\n\n\n<p class=\"has-small-font-size\"><a href=\"https:\/\/open.spotify.com\/artist\/6hJEHvyHDBE6TwCac3Jjfe?si=Z5n2eNV9QKSO0c9MAD3t3A\" target=\"_blank\" rel=\"noreferrer noopener\">Spotify<\/a> \/ <a href=\"https:\/\/www.youtube.com\/@merema2435\" target=\"_blank\" rel=\"noreferrer noopener\">Youtube<\/a> \/ <a href=\"https:\/\/vk.com\/merema\" target=\"_blank\" rel=\"noreferrer noopener\">VKontakte<\/a><\/p>\n<\/div><\/div>\n\n\n\n<p><\/p>\n\n\n\n<div class=\"wp-block-media-text alignwide is-stacked-on-mobile\" style=\"grid-template-columns:24% auto\"><figure class=\"wp-block-media-text__media\"><img loading=\"lazy\" decoding=\"async\" width=\"1024\" height=\"1024\" src=\"http:\/\/www.hoimuloimed.ee\/wp-content\/uploads\/2024\/02\/mordens-1024x1024.jpeg\" alt=\"\" class=\"wp-image-1142\" srcset=\"https:\/\/hoimuloimed.ee\/wp-content\/uploads\/2024\/02\/mordens-1024x1024.jpeg 1024w, https:\/\/hoimuloimed.ee\/wp-content\/uploads\/2024\/02\/mordens-300x300.jpeg 300w, https:\/\/hoimuloimed.ee\/wp-content\/uploads\/2024\/02\/mordens-150x150.jpeg 150w, https:\/\/hoimuloimed.ee\/wp-content\/uploads\/2024\/02\/mordens-768x768.jpeg 768w, https:\/\/hoimuloimed.ee\/wp-content\/uploads\/2024\/02\/mordens-90x90.jpeg 90w, https:\/\/hoimuloimed.ee\/wp-content\/uploads\/2024\/02\/mordens.jpeg 1170w\" sizes=\"auto, (max-width: 1024px) 100vw, 1024px\" \/><\/figure><div class=\"wp-block-media-text__content\">\n<p><strong><strong><strong>Mordens<\/strong><\/strong><\/strong><br><em><em>folk-rokk, progressiivne rokk<\/em><\/em><\/p>\n\n\n\n<p class=\"has-small-font-size\"><a href=\"https:\/\/soundcloud.com\/mordens\" target=\"_blank\" rel=\"noreferrer noopener\">Soundcloud<\/a> \/ <a href=\"https:\/\/vk.com\/mordens\" target=\"_blank\" rel=\"noreferrer noopener\">VKontakte<\/a><\/p>\n<\/div><\/div>\n\n\n\n<p><\/p>\n\n\n\n<div class=\"wp-block-media-text alignwide is-stacked-on-mobile\" style=\"grid-template-columns:24% auto\"><figure class=\"wp-block-media-text__media\"><img loading=\"lazy\" decoding=\"async\" width=\"1024\" height=\"682\" src=\"http:\/\/www.hoimuloimed.ee\/wp-content\/uploads\/2024\/02\/oyme-1024x682.jpeg\" alt=\"\" class=\"wp-image-1139\" srcset=\"https:\/\/hoimuloimed.ee\/wp-content\/uploads\/2024\/02\/oyme-1024x682.jpeg 1024w, https:\/\/hoimuloimed.ee\/wp-content\/uploads\/2024\/02\/oyme-300x200.jpeg 300w, https:\/\/hoimuloimed.ee\/wp-content\/uploads\/2024\/02\/oyme-768x512.jpeg 768w, https:\/\/hoimuloimed.ee\/wp-content\/uploads\/2024\/02\/oyme-1536x1024.jpeg 1536w, https:\/\/hoimuloimed.ee\/wp-content\/uploads\/2024\/02\/oyme-2048x1365.jpeg 2048w, https:\/\/hoimuloimed.ee\/wp-content\/uploads\/2024\/02\/oyme-135x90.jpeg 135w\" sizes=\"auto, (max-width: 1024px) 100vw, 1024px\" \/><\/figure><div class=\"wp-block-media-text__content\">\n<p><strong><strong><strong>Oyme<\/strong><\/strong><\/strong><br><em>folk, elektrooniline muusika<\/em><\/p>\n\n\n\n<p class=\"has-small-font-size\"><a href=\"https:\/\/open.spotify.com\/artist\/585WQBsyNq9tSI1dc19Mfp?si=OkFRQgmsQsiVXYru3XpjGw\" target=\"_blank\" rel=\"noreferrer noopener\">Spotify<\/a> \/ <a href=\"https:\/\/soundcloud.com\/oyme-1\" target=\"_blank\" rel=\"noreferrer noopener\">Soundcloud<\/a> \/ <a href=\"https:\/\/www.youtube.com\/@oymemusic\" target=\"_blank\" rel=\"noreferrer noopener\">Youtube<\/a> \/ <a href=\"https:\/\/music.apple.com\/us\/artist\/oyme\/961643593\" target=\"_blank\" rel=\"noreferrer noopener\">Apple Music<\/a> \/ <a href=\"https:\/\/vk.com\/oymemusic\">VKontakte<\/a><\/p>\n<\/div><\/div>\n\n\n\n<p><\/p>\n\n\n\n<div class=\"wp-block-media-text alignwide is-stacked-on-mobile\" style=\"grid-template-columns:24% auto\"><figure class=\"wp-block-media-text__media\"><img loading=\"lazy\" decoding=\"async\" width=\"274\" height=\"183\" src=\"http:\/\/www.hoimuloimed.ee\/wp-content\/uploads\/2024\/02\/toorama.jpeg\" alt=\"\" class=\"wp-image-1137\" srcset=\"https:\/\/hoimuloimed.ee\/wp-content\/uploads\/2024\/02\/toorama.jpeg 274w, https:\/\/hoimuloimed.ee\/wp-content\/uploads\/2024\/02\/toorama-135x90.jpeg 135w\" sizes=\"auto, (max-width: 274px) 100vw, 274px\" \/><\/figure><div class=\"wp-block-media-text__content\">\n<p><strong><strong><strong><strong>Toorama (V. I. Roma\u0161kini nimeline folklooriansambel Toorama, \u0419\u043e\u0301\u0432\u043b\u0430\u0442)<\/strong><\/strong><\/strong><\/strong><br><em>folk<\/em><br><em>(algup\u00e4rane Toorama nime kandev ansambel)<\/em><\/p>\n\n\n\n<p class=\"has-small-font-size\"><a rel=\"noreferrer noopener\" href=\"https:\/\/open.spotify.com\/artist\/2ujeIZtjMhkO6bOm7XKS2S\" target=\"_blank\">Spotify<\/a> \/ <a rel=\"noreferrer noopener\" href=\"https:\/\/myv.wikipedia.org\/wiki\/%C2%AB%D0%A2%D0%BE%D1%80%D0%B0%D0%BC%D0%B0%C2%BB_%D0%BC%D0%BE%D1%80%D0%B0%D0%BC%D0%BE-%D1%81%D0%B5%D0%B4%D1%8F%D0%BC%D0%BE_%D0%BA%D1%83%D0%B6%D0%BE\" target=\"_blank\">ersakeelne Vikipeedia<\/a> \/ <a href=\"https:\/\/www.instagram.com\/android255_torama\" target=\"_blank\" rel=\"noreferrer noopener\">ansambli kunstilise juhi Andrei Roma\u0161kini Instagram<\/a><\/p>\n<\/div><\/div>\n\n\n\n<p><\/p>\n\n\n\n<div class=\"wp-block-media-text alignwide is-stacked-on-mobile\" style=\"grid-template-columns:24% auto\"><figure class=\"wp-block-media-text__media\"><img loading=\"lazy\" decoding=\"async\" width=\"1024\" height=\"680\" src=\"http:\/\/www.hoimuloimed.ee\/wp-content\/uploads\/2024\/02\/torama2-1024x680.jpeg\" alt=\"\" class=\"wp-image-1138\" srcset=\"https:\/\/hoimuloimed.ee\/wp-content\/uploads\/2024\/02\/torama2-1024x680.jpeg 1024w, https:\/\/hoimuloimed.ee\/wp-content\/uploads\/2024\/02\/torama2-300x199.jpeg 300w, https:\/\/hoimuloimed.ee\/wp-content\/uploads\/2024\/02\/torama2-768x510.jpeg 768w, https:\/\/hoimuloimed.ee\/wp-content\/uploads\/2024\/02\/torama2-136x90.jpeg 136w, https:\/\/hoimuloimed.ee\/wp-content\/uploads\/2024\/02\/torama2.jpeg 1280w\" sizes=\"auto, (max-width: 1024px) 100vw, 1024px\" \/><\/figure><div class=\"wp-block-media-text__content\">\n<p><strong><strong><strong><strong><strong>Torama<\/strong><\/strong><\/strong><\/strong><\/strong><br><em>folk, folk-rokk<\/em><br><em><em>(Venemaa F\u00f6deratsiooni Mordva Vabariigi toel tegutsev samanimeline ansambel)<\/em><\/em><\/p>\n\n\n\n<p class=\"has-small-font-size\"><a rel=\"noreferrer noopener\" href=\"https:\/\/open.spotify.com\/artist\/69WvYGCoF6oPQ7qv34kySS?si=GeHD6U7RS7CxXWpyJb9p_w\" target=\"_blank\">Spotify<\/a> \/ <a rel=\"noreferrer noopener\" href=\"https:\/\/www.youtube.com\/@Torama_official\" target=\"_blank\">Youtube<\/a> \/ <a rel=\"noreferrer noopener\" href=\"https:\/\/vk.com\/torama\" target=\"_blank\">VKontakte<\/a><\/p>\n<\/div><\/div>\n\n\n\n<p><\/p>\n\n\n\n<div class=\"wp-block-media-text alignwide is-stacked-on-mobile\" style=\"grid-template-columns:24% auto\"><figure class=\"wp-block-media-text__media\"><img loading=\"lazy\" decoding=\"async\" width=\"1024\" height=\"717\" src=\"http:\/\/www.hoimuloimed.ee\/wp-content\/uploads\/2024\/02\/vastoma-1024x717.jpeg\" alt=\"\" class=\"wp-image-1136\" srcset=\"https:\/\/hoimuloimed.ee\/wp-content\/uploads\/2024\/02\/vastoma-1024x717.jpeg 1024w, https:\/\/hoimuloimed.ee\/wp-content\/uploads\/2024\/02\/vastoma-300x210.jpeg 300w, https:\/\/hoimuloimed.ee\/wp-content\/uploads\/2024\/02\/vastoma-768x538.jpeg 768w, https:\/\/hoimuloimed.ee\/wp-content\/uploads\/2024\/02\/vastoma-129x90.jpeg 129w, https:\/\/hoimuloimed.ee\/wp-content\/uploads\/2024\/02\/vastoma.jpeg 1028w\" sizes=\"auto, (max-width: 1024px) 100vw, 1024px\" \/><\/figure><div class=\"wp-block-media-text__content\">\n<p><strong><strong><strong><strong><strong>Vastoma<\/strong><\/strong><\/strong><\/strong><\/strong><br><em>folk <\/em><br><em><em><em>(Eesti-Mordva Seltsi folklooriansambel)<\/em><\/em><\/em><\/p>\n\n\n\n<p class=\"has-small-font-size\"><a rel=\"noreferrer noopener\" href=\"https:\/\/www.youtube.com\/watch?v=y7bywKPYGXw\" target=\"_blank\">Youtube<\/a><\/p>\n\n\n\n<p><\/p>\n<\/div><\/div>\n\n\n\n<div class=\"wp-block-otfm-box-spoiler-end otfm-sp_end\"><\/div>\n\n\n\n<div class=\"wp-block-otfm-box-spoiler-start otfm-sp__wrapper otfm-sp__box js-otfm-sp-box__closed otfm-sp__f5f5f5\" role=\"button\" tabindex=\"0\" aria-expanded=\"false\" data-otfm-spc=\"#f5f5f5\" style=\"text-align:left\"><div class=\"otfm-sp__title\"><strong><span class=\"has-inline-color has-vivid-red-color\">Filmid<\/span><\/strong><\/div><\/div>\n\n\n\n<div class=\"wp-block-media-text alignwide is-stacked-on-mobile\" style=\"grid-template-columns:26% auto\"><figure class=\"wp-block-media-text__media\"><img loading=\"lazy\" decoding=\"async\" width=\"1024\" height=\"611\" src=\"http:\/\/www.hoimuloimed.ee\/wp-content\/uploads\/2024\/02\/azor-1024x611.png\" alt=\"\" class=\"wp-image-1132\" srcset=\"https:\/\/hoimuloimed.ee\/wp-content\/uploads\/2024\/02\/azor-1024x611.png 1024w, https:\/\/hoimuloimed.ee\/wp-content\/uploads\/2024\/02\/azor-300x179.png 300w, https:\/\/hoimuloimed.ee\/wp-content\/uploads\/2024\/02\/azor-768x458.png 768w, https:\/\/hoimuloimed.ee\/wp-content\/uploads\/2024\/02\/azor-151x90.png 151w, https:\/\/hoimuloimed.ee\/wp-content\/uploads\/2024\/02\/azor.png 1372w\" sizes=\"auto, (max-width: 1024px) 100vw, 1024px\" \/><\/figure><div class=\"wp-block-media-text__content\">\n<p><strong><strong>Isand (\u0410\u0437\u043e\u0440)<\/strong><\/strong><br>Venemaa, 2017<\/p>\n\n\n\n<p class=\"has-small-font-size\"><a href=\"https:\/\/azorfilm.jimdofree.com\/\" target=\"_blank\" rel=\"noreferrer noopener\">koduleht<\/a> \/ <a href=\"https:\/\/www.youtube.com\/watch?v=r3rHNKESziI\" target=\"_blank\" rel=\"noreferrer noopener\">treiler<\/a> <\/p>\n<\/div><\/div>\n\n\n\n<p><\/p>\n\n\n\n<div class=\"wp-block-media-text alignwide is-stacked-on-mobile\" style=\"grid-template-columns:26% auto\"><figure class=\"wp-block-media-text__media\"><img loading=\"lazy\" decoding=\"async\" width=\"306\" height=\"230\" src=\"http:\/\/www.hoimuloimed.ee\/wp-content\/uploads\/2024\/02\/ersaani.jpeg\" alt=\"\" class=\"wp-image-1130\" srcset=\"https:\/\/hoimuloimed.ee\/wp-content\/uploads\/2024\/02\/ersaani.jpeg 306w, https:\/\/hoimuloimed.ee\/wp-content\/uploads\/2024\/02\/ersaani-300x225.jpeg 300w, https:\/\/hoimuloimed.ee\/wp-content\/uploads\/2024\/02\/ersaani-120x90.jpeg 120w\" sizes=\"auto, (max-width: 306px) 100vw, 306px\" \/><\/figure><div class=\"wp-block-media-text__content\">\n<p><strong><strong><strong>Taat ja memm<\/strong><\/strong><\/strong><br>Animatsioon, Eesti, 2016<\/p>\n\n\n\n<p class=\"has-small-font-size\"><a href=\"https:\/\/www.efis.ee\/et\/filmiliigid\/film\/id\/18641\" target=\"_blank\" rel=\"noreferrer noopener\">Eesti Filmi Andmebaas<\/a><\/p>\n<\/div><\/div>\n\n\n\n<p><\/p>\n\n\n\n<div class=\"wp-block-media-text alignwide is-stacked-on-mobile\" style=\"grid-template-columns:26% auto\"><figure class=\"wp-block-media-text__media\"><img loading=\"lazy\" decoding=\"async\" width=\"1024\" height=\"631\" src=\"http:\/\/www.hoimuloimed.ee\/wp-content\/uploads\/2024\/02\/ersaani2-1024x631.png\" alt=\"\" class=\"wp-image-1133\" srcset=\"https:\/\/hoimuloimed.ee\/wp-content\/uploads\/2024\/02\/ersaani2-1024x631.png 1024w, https:\/\/hoimuloimed.ee\/wp-content\/uploads\/2024\/02\/ersaani2-300x185.png 300w, https:\/\/hoimuloimed.ee\/wp-content\/uploads\/2024\/02\/ersaani2-768x473.png 768w, https:\/\/hoimuloimed.ee\/wp-content\/uploads\/2024\/02\/ersaani2-146x90.png 146w, https:\/\/hoimuloimed.ee\/wp-content\/uploads\/2024\/02\/ersaani2.png 1066w\" sizes=\"auto, (max-width: 1024px) 100vw, 1024px\" \/><\/figure><div class=\"wp-block-media-text__content\">\n<p><strong><strong><strong><strong>Saban<\/strong><\/strong><\/strong><\/strong><br>Animatsioon, Venemaa, 2017<\/p>\n\n\n\n<p class=\"has-small-font-size\"><a href=\"https:\/\/youtu.be\/N1-jvsx5ZPY?si=M5r_oQqA4HwKidTB\" target=\"_blank\" rel=\"noreferrer noopener\">Youtube<\/a><\/p>\n<\/div><\/div>\n\n\n\n<p><\/p>\n\n\n\n<div class=\"wp-block-media-text alignwide is-stacked-on-mobile\" style=\"grid-template-columns:26% auto\"><figure class=\"wp-block-media-text__media\"><img loading=\"lazy\" decoding=\"async\" width=\"802\" height=\"649\" src=\"http:\/\/www.hoimuloimed.ee\/wp-content\/uploads\/2024\/02\/sebra.png\" alt=\"\" class=\"wp-image-1134\" srcset=\"https:\/\/hoimuloimed.ee\/wp-content\/uploads\/2024\/02\/sebra.png 802w, https:\/\/hoimuloimed.ee\/wp-content\/uploads\/2024\/02\/sebra-300x243.png 300w, https:\/\/hoimuloimed.ee\/wp-content\/uploads\/2024\/02\/sebra-768x621.png 768w, https:\/\/hoimuloimed.ee\/wp-content\/uploads\/2024\/02\/sebra-111x90.png 111w\" sizes=\"auto, (max-width: 802px) 100vw, 802px\" \/><\/figure><div class=\"wp-block-media-text__content\">\n<p><strong><strong><strong>Sebra (\u041a\u0438\u043a\u0441\u0430\u0439)<\/strong><\/strong><\/strong><br>Animatsioon, Taani, 2020<\/p>\n\n\n\n<p class=\"has-small-font-size\"><a href=\"https:\/\/youtu.be\/g49hvOWagMU?si=VtRcdghm3eeNyIPG\" target=\"_blank\" rel=\"noreferrer noopener\">Youtube<\/a><\/p>\n<\/div><\/div>\n\n\n\n<div class=\"wp-block-otfm-box-spoiler-end otfm-sp_end\"><\/div>\n","protected":false},"excerpt":{"rendered":"<p>Ersad on soome-ugri rahvas, kelle traditsioonilised elupaigad asuvad Venemaa F\u00f6deratsioonis Volgamaa l\u00f5unaosas ja Okaa j\u00f5gikonna l\u00e4\u00e4neosas. T\u00e4nap\u00e4eval elab ersade enamus kas Mordva Vabariigis (kus elab umbes pool ersadest) v\u00f5i laial ida poole ulatuvas diasporaas Penza, Orenburgi ja Samara oblastides ning mujalgi kuni Siberini v\u00e4lja. Ersa keel kuulub koos mok\u0161a keelega uurali keelte mordva harusse. Vanemates k\u00e4sitlustes ongi ersasid ja mok\u0161asid peetud mordva rahva etnilisteks r\u00fchmadeks &hellip; <a href=\"https:\/\/hoimuloimed.ee\/index.php\/hoimurahvad-ja-keeled\/ersad\/\" class=\"more-link\">Continue reading <span class=\"screen-reader-text\">Ersad<\/span><\/a><\/p>\n","protected":false},"author":1,"featured_media":0,"parent":221,"menu_order":0,"comment_status":"closed","ping_status":"closed","template":"","meta":{"footnotes":""},"class_list":["post-1121","page","type-page","status-publish","hentry"],"_links":{"self":[{"href":"https:\/\/hoimuloimed.ee\/index.php\/wp-json\/wp\/v2\/pages\/1121","targetHints":{"allow":["GET"]}}],"collection":[{"href":"https:\/\/hoimuloimed.ee\/index.php\/wp-json\/wp\/v2\/pages"}],"about":[{"href":"https:\/\/hoimuloimed.ee\/index.php\/wp-json\/wp\/v2\/types\/page"}],"author":[{"embeddable":true,"href":"https:\/\/hoimuloimed.ee\/index.php\/wp-json\/wp\/v2\/users\/1"}],"replies":[{"embeddable":true,"href":"https:\/\/hoimuloimed.ee\/index.php\/wp-json\/wp\/v2\/comments?post=1121"}],"version-history":[{"count":8,"href":"https:\/\/hoimuloimed.ee\/index.php\/wp-json\/wp\/v2\/pages\/1121\/revisions"}],"predecessor-version":[{"id":1172,"href":"https:\/\/hoimuloimed.ee\/index.php\/wp-json\/wp\/v2\/pages\/1121\/revisions\/1172"}],"up":[{"embeddable":true,"href":"https:\/\/hoimuloimed.ee\/index.php\/wp-json\/wp\/v2\/pages\/221"}],"wp:attachment":[{"href":"https:\/\/hoimuloimed.ee\/index.php\/wp-json\/wp\/v2\/media?parent=1121"}],"curies":[{"name":"wp","href":"https:\/\/api.w.org\/{rel}","templated":true}]}}