{"id":121,"date":"2020-10-06T20:57:09","date_gmt":"2020-10-06T17:57:09","guid":{"rendered":"http:\/\/www.hoimuloimed.ee\/?page_id=121"},"modified":"2026-02-19T17:01:01","modified_gmt":"2026-02-19T14:01:01","slug":"pohikiri","status":"publish","type":"page","link":"https:\/\/hoimuloimed.ee\/index.php\/kes-me-oleme\/pohikiri\/","title":{"rendered":"MT\u00dc H\u00f5imul\u00f5imed p\u00f5hikiri"},"content":{"rendered":"\n<p><strong>1. \u00dclds\u00e4tted<\/strong><\/p>\n\n\n\n<p>1.1. Mittetulundus\u00fching H\u00f5imul\u00f5imed (edaspidi MT\u00dc H\u00f5imul\u00f5imed) on avalikes huvides tegutsev juriidiliste ja f\u00fc\u00fcsiliste isikute vabatahtlik \u00fchendus.&nbsp;<br><br>1.2. MT\u00dc H\u00f5imul\u00f5imed on loodud 2019. aastal ning juhindub oma tegevuses mittetulundus\u00fchingute seadusest, Eesti Vabariigi seadustest ja \u00f5igusaktidest ning k\u00e4esolevast p\u00f5hikirjast.<br><br>1.3. MT\u00dc H\u00f5imul\u00f5imed asukoht on Tartus, kuid v\u00f5ib tegutseda kogu Eesti Vabariigis, Euroopa Liidus v\u00f5i teistes riikides.<br><br>1.4. MT\u00dc H\u00f5imul\u00f5imed on era\u00f5iguslik juriidiline isik k\u00f5igi sellest tulenevate \u00f5iguste ja kohustustega.&nbsp;<\/p>\n\n\n\n<p><strong>2. Eesm\u00e4rgid ja p\u00f5hitegevused<\/strong><\/p>\n\n\n\n<p>2.1. MT\u00dc H\u00f5imul\u00f5imed eesm\u00e4rkideks on:<br> 2.1.1. soome-ugri rahvaste, keelte ja kultuuride tutvustamine,\u00a0<br> 2.1.2. soome-ugri kultuuriliikumise edendamine,<br> 2.1.3. noorte kaasatuse s\u00fcvendamine eelmainitud tegevustes.<br><br>2.2. Oma eesm\u00e4rkide t\u00e4itmiseks MT\u00dc H\u00f5imul\u00f5imed:<br> 2.2.1. korraldab soome-ugri teemalisi \u00fcritusi;<br> 2.2.2. teeb koost\u00f6\u00f6d teiste Eestis tegutsevate soome-ugri seltsidega;<br> 2.2.3. teeb koost\u00f6\u00f6d teiste soome-ugri rahvastega, sealhulgas nende noorteorganisatsioonidega;<br> 2.2.4. vahendab soome-ugri kultuuriliikumisega seotud infot;<br> 2.2.5. viib l\u00e4bi projekte.<\/p>\n\n\n\n<p><strong>3. Liikmeskond<\/strong><\/p>\n\n\n\n<p>3.1. MT\u00dc H\u00f5imul\u00f5imed liikmeteks v\u00f5ivad olla v\u00e4hemalt 16-aastased f\u00fc\u00fcsilised isikud, kes tunnistavad ja j\u00e4rgivad MT\u00dc H\u00f5imul\u00f5imed p\u00f5hikirja ja v\u00e4\u00e4rtusi.<br>   3.1.1. Alla 18-aastastel liikmetel on samad \u00f5igused ja kohustused kui t\u00e4isealistel liikmetel, v\u00e4lja arvatud punktides 3.3.3. ja 3.4.3. s\u00e4testatu.<br><br>3.2. Liikmeks vastuv\u00f5tmise kord.<br>    3.2.1.&nbsp; MT\u00dc H\u00f5imul\u00f5imed liikmeks vastuv\u00f5tmise otsustab MT\u00dc H\u00f5imul\u00f5imed juhatus isiku kirjaliku avalduse ja <s><br><\/s>motivatsioonikirja alusel.<br>    3.2.2.&nbsp; Otsus loetakse vastuv\u00f5etuks, kui selle poolt h\u00e4\u00e4letab \u00fcle poole MT\u00dc H\u00f5imul\u00f5imed juhatuse liikmetest.<br>    3.2.3.&nbsp; MT\u00dc H\u00f5imul\u00f5imed juhatusel on \u00f5igus m\u00e4\u00e4rata liikmekandidaadile katseaeg kuni \u00fcks aasta, mille l\u00f5ppemisel otsustab juhatus kandidaadi liikmelisuse. MT\u00dc H\u00f5imul\u00f5imed juhatusel on \u00f5igus katseaeg l\u00f5petada ennet\u00e4htaegselt.&nbsp;<br><br>3.3. MT\u00dc H\u00f5imul\u00f5imed liikmetel on \u00f5igus:<br>    3.3.1.&nbsp; v\u00f5tta h\u00e4\u00e4le\u00f5igusega osa MT\u00dc H\u00f5imul\u00f5imed \u00fcldkoosolekutest;<br>    3.3.2.&nbsp; valida MT\u00dc H\u00f5imul\u00f5imed juhatust;<br>    3.3.3.&nbsp; kandideerida MT\u00dc H\u00f5imul\u00f5imed juhatusse.<br><br>3.4. MT\u00dc H\u00f5imul\u00f5imed liikmetel on kohustus:<br>    3.4.1.&nbsp; l\u00e4htuda oma tegevuses MT\u00dc H\u00f5imul\u00f5imed p\u00f5hikirjast ja \u00fcldkoosoleku otsustest;<br>    3.4.2.&nbsp; hoida MT\u00dc H\u00f5imul\u00f5imed head mainet;<br>    3.4.3.&nbsp; tasuda etten\u00e4htud korras liikmemaksu, mille suuruse ja tasumise korra otsustab MT\u00dc H\u00f5imul\u00f5imed \u00fcldkoosolek;<br>    3.4.4.&nbsp; osaleda \u00fcldkoosolekul v\u00f5i kirjalikult taasesitavas vormis volitada oma h\u00e4\u00e4l teisele MT\u00dc H\u00f5imul\u00f5imed liikmele.<br><br>3.5. Katseajal on MT\u00dc H\u00f5imul\u00f5imed liikmekandidaatidel \u00f5igus:<br>    3.5.1. v\u00f5tta ilma h\u00e4\u00e4le\u00f5iguseta osa MT\u00dc H\u00f5imul\u00f5imed \u00fcldkoosolekutest.<br><br>3.6. Katseajal on MT\u00dc H\u00f5imul\u00f5imed liikmekandidaatidel kohustus:<br>    3.6.1. l\u00e4htuda oma tegevuses MT\u00dc H\u00f5imul\u00f5imed p\u00f5hikirjast ja \u00fcldkoosoleku otsustest;<br>    3.6.2.&nbsp; hoida MT\u00dc H\u00f5imul\u00f5imed head mainet.<\/p>\n\n\n\n<p>3.7. MT\u00dc H\u00f5imul\u00f5imed liige arvatakse MT\u00dc H\u00f5imul\u00f5imed-st v\u00e4lja:<br>    3.7.1.&nbsp; kirjaliku sooviavalduse alusel;<br>    3.7.2.&nbsp; juhatuse lihth\u00e4\u00e4lteenamuse otsusel, kui ta ei t\u00e4ida punktis 3.4. kirjeldatud kohustusi.<\/p>\n\n\n\n<p><strong>4. \u00dcldkoosolek<\/strong><\/p>\n\n\n\n<p>4.1. MT\u00dc H\u00f5imul\u00f5imed k\u00f5rgeimaks organiks on \u00fcldkoosolek. \u00dcldkoosolekul v\u00f5ivad osaleda k\u00f5ik MT\u00dc H\u00f5imul\u00f5imed liikmed ning katseajal olevad liikmekandidaadid. Igal liikmemaksu tasunud liikmel on \u00fcks h\u00e4\u00e4l.<\/p>\n\n\n\n<p>4.2. \u00dcldkoosoleku ainup\u00e4devusse kuulub:<br>   4.2.1. MT\u00dc H\u00f5imul\u00f5imed p\u00f5hikirja kinnitamine ja muutmine;<br>   4.2.2. tegevusstrateegia kinnitamine;<br>   4.2.3. eelarve ja selle t\u00e4itmise kinnitamine;<br>   4.2.4. juhatuse ja vajadusel revisjoniorgani valimine, nende valimiskorra m\u00e4\u00e4ramine ning nende esitatud aastaaruannete kinnitamine;<br>   4.2.5. otsuste langetamine MT\u00dc H\u00f5imul\u00f5imed \u00fchinemise ja jagunemise kohta.<\/p>\n\n\n\n<p>4.3. \u00dcldkoosoleku kokkukutsumise kord s\u00e4testab:<br>   4.3.1. Juhatus kutsub kokku \u00fcldkoosoleku v\u00e4hemalt \u00fcks kord aastas ning teatab liikmetele kirjalikult v\u00e4hemalt 30 p\u00e4eva enne korralise \u00fcldkoosoleku algust t\u00e4pse toimumise aja, koha ja p\u00e4evakorra. Juhul, kui p\u00e4evakord sisaldab ettepanekuid MT\u00dc H\u00f5imul\u00f5imed p\u00f5hikirja muutmiseks, tuleb kutsele lisada uute p\u00f5hikirjapunktide projekt.<br>   4.3.2. Erakorraline \u00fcldkoosolek kutsutakse kokku v\u00e4hemalt 14 p\u00e4evase etteteatamisega, kui seda n\u00f5uab v\u00e4hemalt 1\/3 MT\u00dc H\u00f5imul\u00f5imed liikmetest v\u00f5i 1\/3 juhatuse liikmetest. Erakorralise \u00fcldkoosoleku kokkukutsumiseks tuleb esitada juhatusele kirjalik n\u00f5ue, n\u00e4idates \u00e4ra kokkukutsumise p\u00f5hjused.<br>   4.3.3. Kui juhatus ei ole 7 p\u00e4eva jooksul alates avalduse saamise p\u00e4evast erakorralise \u00fcldkoosoleku toimumisest teavitanud, v\u00f5ivad taotlejad erakorralise \u00fcldkoosoleku ise kokku kutsuda samas korras juhatusega.<\/p>\n\n\n\n<p>4.4. \u00dcldkoosoleku otsuste vastuv\u00f5tmise kord s\u00e4testab:<br>   4.4.1. \u00dcldkoosolek saab otsuseid vastu v\u00f5tta, kui sellel on esindatud \u00fcle poole MT\u00dc H\u00f5imul\u00f5imed liikmete h\u00e4\u00e4ltest.<br>   4.4.2. \u00dcldkoosoleku otsus on vastu v\u00f5etud, kui selle poolt on \u00fcle poole koosolekul esindatud h\u00e4\u00e4ltest.<br>   4.4.3. Igal MT\u00dc H\u00f5imul\u00f5imed liikmel on \u00f5igus \u00fcldkoosolekul volituse alusel esindada teisi liikmeid.<\/p>\n\n\n\n<p>4.5. MT\u00dc H\u00f5imul\u00f5imed liige ei saa v\u00f5tta osa h\u00e4\u00e4letamisest \u00fcldkoosolekul, kui<br>    4.5.1. MT\u00dc H\u00f5imul\u00f5imed-l on n\u00f5ue tema vastu ja otsustatakse tema vabastamine varalistest v\u00f5i muudest kohustustest; <br>    4.5.2. otsustamisel on tema ja MT\u00dc H\u00f5imul\u00f5imed vahelist lepingut puudutavad k\u00fcsimused;<br>    4.5.3. ta ei ole tasunud liikmemaksu.<\/p>\n\n\n\n<p>4.6. Juhatuse liige ei saa v\u00f5tta osa h\u00e4\u00e4letamisest \u00fcldkoosolekul, kui otsustamisel on juhatuse tegevusele hinnangu andmine v\u00f5i hinnangu andmine tegevusele, mille eest ta on vastutav.<\/p>\n\n\n\n<p><strong>5. Juhatus<\/strong><\/p>\n\n\n\n<p>5.1. \u00dcldkoosolekute vahelisel ajal korraldab MT\u00dc H\u00f5imul\u00f5imed tegevust \u00fcheks aastaks \u00fcldkoosolekul valitud kolmeliikmeline juhatus.<\/p>\n\n\n\n<p>5.2. \u00dcldkoosolek valib j\u00e4rgnevad juhatuse liikmed:<br>    5.2.1. esimehe, kes koordineerib MT\u00dc H\u00f5imul\u00f5imed juhatuse t\u00f6\u00f6d;&nbsp;<br>    5.2.2. sekret\u00e4ri, kes protokollib koosolekuid ja vastutab MT\u00dc H\u00f5imul\u00f5imed sisekommunikatsiooni eest;<br>    5.2.3. laekuri, kes koordineerib MT\u00dc H\u00f5imul\u00f5imed varade haldamist.<\/p>\n\n\n\n<p>5.3. MT\u00dc H\u00f5imul\u00f5imed juhatus:<br>    5.3.1. m\u00e4\u00e4rab vajadusel t\u00e4htajalised vastutusalad juhatusse mittekuuluvatele MT\u00dc H\u00f5imul\u00f5imed liikmetele vastavalt nende n\u00f5usolekule;<br>    5.3.2.&nbsp; lahendab MT\u00dc H\u00f5imul\u00f5imed \u00fcldisi k\u00fcsimusi, mis ei kuulu aastakoosoleku ainup\u00e4devusse;<br>    5.3.3. haldab MT\u00dc H\u00f5imul\u00f5imed liikmete registrit;<br>    5.3.4.&nbsp; vormistab vajadusel t\u00f6\u00f6le palgalisi t\u00f6\u00f6tajaid;<br>    5.3.5.&nbsp; kasutab, k\u00e4sutab ja haldab MT\u00dc H\u00f5imul\u00f5imed vara;<br>    5.3.6.&nbsp; taotleb MT\u00dc H\u00f5imul\u00f5imed t\u00f6\u00f6ks vajalikke vahendeid riiklikest ja muudest allikatest ning kinnitab MT\u00dc H\u00f5imul\u00f5imed projektid;<br>    5.3.7.&nbsp; kutsub kokku \u00fcldkoosolekuid ja valmistab ette nende p\u00e4evakorra;<br>    5.3.8.&nbsp; esitab \u00fcldkoosolekul kinnitamiseks MT\u00dc H\u00f5imul\u00f5imed majandusaasta aruande ning j\u00e4rgmise aasta eelarve ja tegevuskava;<br>    5.3.9.&nbsp; esindab MT\u00dc H\u00f5imul\u00f5imed suhetes teiste organisatsioonide, asutuste ja liikumistega;<br>    5.3.10.&nbsp; esindab MT\u00dc H\u00f5imul\u00f5imed k\u00f5ikides \u00f5igustoimingutes, mis l\u00e4htuvad juhatuse otsustest.<\/p>\n\n\n\n<p>5.4. Juhatuse koosolekuid viiakse l\u00e4bi vastavalt vajadusele, kuid v\u00e4hemalt \u00fcks kord kvartalis. Juhatus on otsustusv\u00f5imeline, kui kohal on k\u00f5ik selle liikmed. Juhatus v\u00f5tab vastu otsuseid lihth\u00e4\u00e4lteenamusega.<\/p>\n\n\n\n<p><strong>6. \u00d5igused<\/strong><\/p>\n\n\n\n<p>6.1. MT\u00dc H\u00f5imul\u00f5imed-l on \u00f5igus:<br>    6.1.1.&nbsp; avada ja sulgeda pangaarveid;<br>    6.1.2.&nbsp; v\u00f5tta l\u00fchi- ja pikaajalist laenu;<br>    6.1.3.&nbsp; s\u00f5lmida enda nimel lepinguid ja muid tehinguid ja toiminguid juriidiliste ja \u00fcksikisikutega vastavalt MT\u00dc H\u00f5imul\u00f5imed p\u00f5hikirjalistele eesm\u00e4rkidele;<br>    6.1.4.&nbsp; s\u00f5lmida lepinguid;<br>    6.1.5.&nbsp; v\u00f5tta t\u00f6\u00f6le ja vabastada t\u00f6\u00f6lt MT\u00dc H\u00f5imul\u00f5imed palgalisi t\u00f6\u00f6tajaid;<br>    6.1.6.&nbsp; arendada kirjastustegevust;<br>    6.1.7.&nbsp; arendada muud tegevust, mis ei ole vastuolus k\u00e4esoleva p\u00f5hikirja ja kehtivate \u00f5igusaktidega.<\/p>\n\n\n\n<p><strong>7. Vara<\/strong><\/p>\n\n\n\n<p>7.1. MT\u00dc H\u00f5imul\u00f5imed t\u00f6\u00f6ks vajalikud vahendid saadakse:<br>    7.1.1.&nbsp; riiklikest eraldistest;<br>    7.1.2.&nbsp; MT\u00dc H\u00f5imul\u00f5imed liikmemaksudest;<br>    7.1.3.&nbsp; \u00fcksikisikute ja juriidiliste isikute annetustest;<br>    7.1.4.&nbsp; sihtotstarbelistest korjandustest;<br>    7.1.5.&nbsp; MT\u00dc H\u00f5imul\u00f5imed korraldatud v\u00f5i tema kasuks l\u00e4biviidud tulu\u00fcritustest;<br>    7.1.6.&nbsp; muudest laekumistest.<\/p>\n\n\n\n<p>7.2. MT\u00dc H\u00f5imul\u00f5imed omandis v\u00f5ib olla igasugust vara, mis on talle vajalik p\u00f5hikirjaliste eesm\u00e4rkide saavutamiseks ja mille omamine ei ole vastuolus seadusega.<\/p>\n\n\n\n<p><strong>8. \u00dchinemine, jagunemine ja tegevuse l\u00f5petamine<\/strong><\/p>\n\n\n\n<p>8.1. MT\u00dc H\u00f5imul\u00f5imed tegevuse l\u00f5petamise, \u00fchinemise ja jagunemise otsustab \u00fcldkoosolek, kui vastavasisulise otsuse poolt h\u00e4\u00e4letab kirjalikult 2\/3 MT\u00dc H\u00f5imul\u00f5imed liikmetest.<\/p>\n\n\n\n<p>8.2. MT\u00dc H\u00f5imul\u00f5imed tegevuse l\u00f5petamisel valib \u00fcldkoosolek likvideerijad.<\/p>\n\n\n\n<p>8.3. MT\u00dc H\u00f5imul\u00f5imed l\u00f5petamisel antakse p\u00e4rast v\u00f5lausaldajate n\u00f5uete rahuldamist allesj\u00e4\u00e4nud vara \u00fcle sarnase tegevusega mittetulundus\u00fchingule, avalik- \u00f5iguslikule juriidilisele isikule, sh riigile v\u00f5i kohalikule omavalitsus\u00fcksusele.&nbsp;<\/p>\n\n\n\n<p>P\u00f5hikiri on vastu v\u00f5etud 25.11.2019<\/p>\n","protected":false},"excerpt":{"rendered":"<p>1. \u00dclds\u00e4tted 1.1. Mittetulundus\u00fching H\u00f5imul\u00f5imed (edaspidi MT\u00dc H\u00f5imul\u00f5imed) on avalikes huvides tegutsev juriidiliste ja f\u00fc\u00fcsiliste isikute vabatahtlik \u00fchendus.&nbsp; 1.2. MT\u00dc H\u00f5imul\u00f5imed on loodud 2019. aastal ning juhindub oma tegevuses mittetulundus\u00fchingute seadusest, Eesti Vabariigi seadustest ja \u00f5igusaktidest ning k\u00e4esolevast p\u00f5hikirjast. 1.3. MT\u00dc H\u00f5imul\u00f5imed asukoht on Tartus, kuid v\u00f5ib tegutseda kogu Eesti Vabariigis, Euroopa Liidus v\u00f5i teistes riikides. 1.4. MT\u00dc H\u00f5imul\u00f5imed on era\u00f5iguslik juriidiline isik k\u00f5igi sellest &hellip; <a href=\"https:\/\/hoimuloimed.ee\/index.php\/kes-me-oleme\/pohikiri\/\" class=\"more-link\">Continue reading <span class=\"screen-reader-text\">MT\u00dc H\u00f5imul\u00f5imed p\u00f5hikiri<\/span><\/a><\/p>\n","protected":false},"author":1,"featured_media":0,"parent":100,"menu_order":0,"comment_status":"closed","ping_status":"closed","template":"","meta":{"footnotes":""},"class_list":["post-121","page","type-page","status-publish","hentry"],"_links":{"self":[{"href":"https:\/\/hoimuloimed.ee\/index.php\/wp-json\/wp\/v2\/pages\/121","targetHints":{"allow":["GET"]}}],"collection":[{"href":"https:\/\/hoimuloimed.ee\/index.php\/wp-json\/wp\/v2\/pages"}],"about":[{"href":"https:\/\/hoimuloimed.ee\/index.php\/wp-json\/wp\/v2\/types\/page"}],"author":[{"embeddable":true,"href":"https:\/\/hoimuloimed.ee\/index.php\/wp-json\/wp\/v2\/users\/1"}],"replies":[{"embeddable":true,"href":"https:\/\/hoimuloimed.ee\/index.php\/wp-json\/wp\/v2\/comments?post=121"}],"version-history":[{"count":3,"href":"https:\/\/hoimuloimed.ee\/index.php\/wp-json\/wp\/v2\/pages\/121\/revisions"}],"predecessor-version":[{"id":1454,"href":"https:\/\/hoimuloimed.ee\/index.php\/wp-json\/wp\/v2\/pages\/121\/revisions\/1454"}],"up":[{"embeddable":true,"href":"https:\/\/hoimuloimed.ee\/index.php\/wp-json\/wp\/v2\/pages\/100"}],"wp:attachment":[{"href":"https:\/\/hoimuloimed.ee\/index.php\/wp-json\/wp\/v2\/media?parent=121"}],"curies":[{"name":"wp","href":"https:\/\/api.w.org\/{rel}","templated":true}]}}