{"id":123,"date":"2020-10-06T21:00:33","date_gmt":"2020-10-06T18:00:33","guid":{"rendered":"http:\/\/www.hoimuloimed.ee\/?page_id=123"},"modified":"2026-01-30T20:57:15","modified_gmt":"2026-01-30T17:57:15","slug":"juhatus","status":"publish","type":"page","link":"https:\/\/hoimuloimed.ee\/index.php\/kes-me-oleme\/juhatus\/","title":{"rendered":"MT\u00dc H\u00f5imul\u00f5imed juhatus aastal 2025&#8211;2026"},"content":{"rendered":"\n<div class=\"wp-block-media-text alignwide is-stacked-on-mobile\" style=\"grid-template-columns:36% auto\"><figure class=\"wp-block-media-text__media\"><img loading=\"lazy\" decoding=\"async\" width=\"828\" height=\"828\" src=\"https:\/\/www.hoimuloimed.ee\/wp-content\/uploads\/2024\/12\/Britt2.jpeg\" alt=\"\" class=\"wp-image-1285 size-full\" srcset=\"https:\/\/hoimuloimed.ee\/wp-content\/uploads\/2024\/12\/Britt2.jpeg 828w, https:\/\/hoimuloimed.ee\/wp-content\/uploads\/2024\/12\/Britt2-300x300.jpeg 300w, https:\/\/hoimuloimed.ee\/wp-content\/uploads\/2024\/12\/Britt2-150x150.jpeg 150w, https:\/\/hoimuloimed.ee\/wp-content\/uploads\/2024\/12\/Britt2-768x768.jpeg 768w, https:\/\/hoimuloimed.ee\/wp-content\/uploads\/2024\/12\/Britt2-90x90.jpeg 90w\" sizes=\"auto, (max-width: 828px) 100vw, 828px\" \/><\/figure><div class=\"wp-block-media-text__content\">\n<h3 class=\"wp-block-heading has-text-align-left\">Britt-Kathleen Mere<\/h3>\n\n\n\n<p class=\"has-text-align-left\">Esimees<\/p>\n\n\n\n<p class=\"has-text-align-left\" style=\"font-size:16px\"><em>Pesitsen Tartus, soome-ugri mekas, kus tegelen igap\u00e4evat\u00f6\u00f6s soome-ugri keeltele ja murretele loodud digilahendustega. Minu juured p\u00f5imuvad Saarde, Rapla ja isegi ajaloolise Liivimaaga. H\u00f5imul\u00f5imede asutajaliikmena on mul olnud v\u00f5imalus algusest peale \u00fchingu tegemistes kaasa l\u00fc\u00fca, selle k\u00e4ekirja kujundada ning meie tegevust laiemale \u00fcldsusele tutvustada. Minu s\u00fcda kuulub muusikale, mist\u00f5ttu olen tegev ansamblis K\u00e4nnu Peal K\u00e4bi vokalist-jauramistina. Lisaks olen teinud h\u00f5imurahvaste muusikat k\u00e4ttesaadava(ma)ks, korraldades soome-ugri diskosid ning luues uuralikeelseid esitusloendeid muusikaedastusplatvormidel. Tulevik kuulub j\u00e4rgmistele p\u00f5lvkondadele, mist\u00f5ttu olen oma t\u00f6\u00f6s p\u00fchendunud eelk\u00f5ige sellele, et noortel oleks v\u00f5imalus ise midagi \u00e4ra teha ning meie sugulasrahvaste k\u00e4ek\u00e4iku panustada.<\/em><\/p>\n<\/div><\/div>\n\n\n\n<p><\/p>\n\n\n\n<div class=\"wp-block-media-text alignwide is-vertically-aligned-center is-stacked-on-mobile\" style=\"grid-template-columns:36% auto\"><figure class=\"wp-block-media-text__media\"><img loading=\"lazy\" decoding=\"async\" width=\"768\" height=\"1024\" src=\"https:\/\/hoimuloimed.ee\/wp-content\/uploads\/2026\/01\/Mirjami-pilt-kodulehele-768x1024.jpeg\" alt=\"\" class=\"wp-image-1449 size-full\" srcset=\"https:\/\/hoimuloimed.ee\/wp-content\/uploads\/2026\/01\/Mirjami-pilt-kodulehele-768x1023.jpeg 768w, https:\/\/hoimuloimed.ee\/wp-content\/uploads\/2026\/01\/Mirjami-pilt-kodulehele-225x300.jpeg 225w, https:\/\/hoimuloimed.ee\/wp-content\/uploads\/2026\/01\/Mirjami-pilt-kodulehele-68x90.jpeg 68w, https:\/\/hoimuloimed.ee\/wp-content\/uploads\/2026\/01\/Mirjami-pilt-kodulehele.jpeg 800w\" sizes=\"auto, (max-width: 768px) 100vw, 768px\" \/><\/figure><div class=\"wp-block-media-text__content\">\n<h3 class=\"wp-block-heading has-text-align-left\">Mirjami Sipil\u00e4<\/h3>\n\n\n\n<p class=\"has-text-align-left\">Sekret\u00e4r<\/p>\n\n\n\n<p class=\"has-text-align-left\" style=\"font-size:16px\"><em>Olen p\u00e4rit Soomest, t\u00e4psemalt P\u00e4ris-Soomest. \u00d5pin Turu \u00dclikoolis soome-ugri keeleteadust. Praegu elan Tartus, mis on mulle alates 2023. aastast olnud Turu kombel armas linn. Mind huvitavad eriti l\u00e4\u00e4nemeresoome keelekontaktid, laulude keel ja teaduse populariseerimine. Olen puutunud nende teemadega kokku muu hulgas Soome Kirjanduse Seltsis, kus olen t\u00f6\u00f6tanud l\u00e4\u00e4nemeresoome rahvaluulematerjalidega. MT\u00dc H\u00f5imul\u00f5imed t\u00e4hendab minu jaoks v\u00e4\u00e4rtuslikku v\u00f5imalust tuua soome-ugri asju inimestele l\u00e4hemale ning hoida sidemeid teiste sugulasrahvastega elus.<\/em><\/p>\n<\/div><\/div>\n\n\n\n<p><\/p>\n\n\n\n<div class=\"wp-block-media-text alignwide is-stacked-on-mobile\" style=\"grid-template-columns:36% auto\"><figure class=\"wp-block-media-text__media\"><img loading=\"lazy\" decoding=\"async\" width=\"768\" height=\"1024\" src=\"https:\/\/hoimuloimed.ee\/wp-content\/uploads\/2026\/01\/Untitled-design-768x1024.jpg\" alt=\"\" class=\"wp-image-1448 size-full\" srcset=\"https:\/\/hoimuloimed.ee\/wp-content\/uploads\/2026\/01\/Untitled-design-768x1024.jpg 768w, https:\/\/hoimuloimed.ee\/wp-content\/uploads\/2026\/01\/Untitled-design-225x300.jpg 225w, https:\/\/hoimuloimed.ee\/wp-content\/uploads\/2026\/01\/Untitled-design-1152x1536.jpg 1152w, https:\/\/hoimuloimed.ee\/wp-content\/uploads\/2026\/01\/Untitled-design-1536x2048.jpg 1536w, https:\/\/hoimuloimed.ee\/wp-content\/uploads\/2026\/01\/Untitled-design-67x90.jpg 67w, https:\/\/hoimuloimed.ee\/wp-content\/uploads\/2026\/01\/Untitled-design-scaled.jpg 1920w\" sizes=\"auto, (max-width: 768px) 100vw, 768px\" \/><\/figure><div class=\"wp-block-media-text__content\">\n<h3 class=\"wp-block-heading has-text-align-left\">Margaret P\u00e4rli<\/h3>\n\n\n\n<p class=\"has-text-align-left\">Laekur<\/p>\n\n\n\n<p class=\"has-text-align-left\" style=\"font-size:16px\"><em>\u00d5pin praegu Tallinnas g\u00fcmnaasiumi l\u00f5puklassis. Juured on mul nii Mulgi- kui ka Setomaal. Sugulasrahvaste ja -keelte olemasolu pakkus mulle juba v\u00e4ikesena huvi, viimaste aastate jooksul olen aga hakanud aktiivselt oma huvile v\u00e4ljundeid otsima ja ka leidma \u2013 nii liitusingi 2024. aastal H\u00f5imul\u00f5imedega. Omal k\u00e4el \u00f5pin ma soome, liivi ja vadja keelt ning ning levitan omavanuste seas teadlikkust soome-ugri rahvaist. H\u00f5imul\u00f5imede n\u00e4ol olen endale leidnud m\u00f5ttekaaslased, kellega saan soome-ugri teemadel s\u00fcvitsi vestelda ja kellega on mul v\u00f5imalus \u00fchiskonnas laiemalt h\u00f5imurahvaste identiteeti tugevdada.<\/em><\/p>\n<\/div><\/div>\n\n\n\n<p><\/p>\n\n\n\n<p><\/p>\n\n\n\n<div class=\"wp-block-otfm-box-spoiler-start otfm-sp__wrapper otfm-sp__box js-otfm-sp-box__closed otfm-sp__f5f5f5\" role=\"button\" tabindex=\"0\" aria-expanded=\"false\" data-otfm-spc=\"#f5f5f5\" style=\"text-align:left\"><div class=\"otfm-sp__title\">Varasemad juhatused<\/div><\/div>\n\n\n\n<p><\/p>\n\n\n\n<figure class=\"wp-block-table\"><table><tbody><tr><td><strong>2024&#8211;2025<\/strong><\/td><td>Esimees: Britt-Kathleen Mere<br>Sekret\u00e4r: Bog\u00e1ta Tim\u00e1r<br>Laekur: Anti Lillak<\/td><\/tr><tr><td><strong>2023&#8211;2024<\/strong><\/td><td>Esimees: Bog\u00e1ta Tim\u00e1r<br>Sekret\u00e4r: Atte Huhtala<br>Laekur: Anti Lillak<\/td><\/tr><tr><td><strong>2022&#8211;2023<\/strong><\/td><td>Esimees: Bog\u00e1ta Tim\u00e1r<br>Sekret\u00e4r: Agnes Lea<br>Laekur: Britt-Kathleen Mere<\/td><\/tr><tr><td><strong>2021&#8211;2022<\/strong><\/td><td>Esimees: Anna Kuznetsova<br>Sekret\u00e4r: Agnes Lea<br>Laekur: Merit Niinem\u00e4gi<\/td><\/tr><tr><td><strong>2020&#8211;2021<\/strong><\/td><td>Esimees: Anna Kuznetsova<br>Sekret\u00e4r: Britt-Kathleen Mere<br>Laekur: Merit Niinem\u00e4gi<\/td><\/tr><tr><td><strong>2019&#8211;2020<\/strong><\/td><td>Esimees: Anna Kuznetsova<br>Sekret\u00e4r: Carmen N\u00f5lvak<br>Laekur: Merit M\u00fcller<\/td><\/tr><\/tbody><\/table><\/figure>\n\n\n\n<div class=\"wp-block-otfm-box-spoiler-end otfm-sp_end\"><\/div>\n\n\n\n<p><\/p>\n","protected":false},"excerpt":{"rendered":"<p>Britt-Kathleen Mere Esimees Pesitsen Tartus, soome-ugri mekas, kus tegelen igap\u00e4evat\u00f6\u00f6s soome-ugri keeltele ja murretele loodud digilahendustega. Minu juured p\u00f5imuvad Saarde, Rapla ja isegi ajaloolise Liivimaaga. H\u00f5imul\u00f5imede asutajaliikmena on mul olnud v\u00f5imalus algusest peale \u00fchingu tegemistes kaasa l\u00fc\u00fca, selle k\u00e4ekirja kujundada ning meie tegevust laiemale \u00fcldsusele tutvustada. Minu s\u00fcda kuulub muusikale, mist\u00f5ttu olen tegev ansamblis K\u00e4nnu Peal K\u00e4bi vokalist-jauramistina. Lisaks olen teinud h\u00f5imurahvaste muusikat k\u00e4ttesaadava(ma)ks, korraldades &hellip; <a href=\"https:\/\/hoimuloimed.ee\/index.php\/kes-me-oleme\/juhatus\/\" class=\"more-link\">Continue reading <span class=\"screen-reader-text\">MT\u00dc H\u00f5imul\u00f5imed juhatus aastal 2025&#8211;2026<\/span><\/a><\/p>\n","protected":false},"author":1,"featured_media":0,"parent":100,"menu_order":0,"comment_status":"closed","ping_status":"closed","template":"","meta":{"footnotes":""},"class_list":["post-123","page","type-page","status-publish","hentry"],"_links":{"self":[{"href":"https:\/\/hoimuloimed.ee\/index.php\/wp-json\/wp\/v2\/pages\/123","targetHints":{"allow":["GET"]}}],"collection":[{"href":"https:\/\/hoimuloimed.ee\/index.php\/wp-json\/wp\/v2\/pages"}],"about":[{"href":"https:\/\/hoimuloimed.ee\/index.php\/wp-json\/wp\/v2\/types\/page"}],"author":[{"embeddable":true,"href":"https:\/\/hoimuloimed.ee\/index.php\/wp-json\/wp\/v2\/users\/1"}],"replies":[{"embeddable":true,"href":"https:\/\/hoimuloimed.ee\/index.php\/wp-json\/wp\/v2\/comments?post=123"}],"version-history":[{"count":29,"href":"https:\/\/hoimuloimed.ee\/index.php\/wp-json\/wp\/v2\/pages\/123\/revisions"}],"predecessor-version":[{"id":1450,"href":"https:\/\/hoimuloimed.ee\/index.php\/wp-json\/wp\/v2\/pages\/123\/revisions\/1450"}],"up":[{"embeddable":true,"href":"https:\/\/hoimuloimed.ee\/index.php\/wp-json\/wp\/v2\/pages\/100"}],"wp:attachment":[{"href":"https:\/\/hoimuloimed.ee\/index.php\/wp-json\/wp\/v2\/media?parent=123"}],"curies":[{"name":"wp","href":"https:\/\/api.w.org\/{rel}","templated":true}]}}