{"id":1298,"date":"2025-01-08T17:12:42","date_gmt":"2025-01-08T14:12:42","guid":{"rendered":"http:\/\/www.hoimuloimed.ee\/?page_id=1298"},"modified":"2025-01-13T20:28:49","modified_gmt":"2025-01-13T17:28:49","slug":"mulgid","status":"publish","type":"page","link":"https:\/\/hoimuloimed.ee\/index.php\/hoimurahvad-ja-keeled\/mulgid\/","title":{"rendered":"Mulgid"},"content":{"rendered":"\n<p>Mulgid on L\u00f5una-Eesti rahvas, eestlaste paikkondliku ja kultuurilise identiteediga etniline r\u00fchm. Mulkide p\u00f5line asuala \u2013 Mulgimaa \u2013 koosneb ajalooliselt Halliste, Karksi, Paistu, Tarvastu ja Helme kirikukihelkonnast. T\u00e4nap\u00e4evase haldusjaotuse j\u00e4rgi jaguneb see Viljandi maakonna l\u00f5unaosa ja Valga maakonna l\u00e4\u00e4neosa vahel.<\/p>\n\n\n\n<figure class=\"wp-block-image\"><img decoding=\"async\" src=\"https:\/\/lh7-rt.googleusercontent.com\/docsz\/AD_4nXe5zqaD9D2ydjfhOz7ql5bNgqxP1lVhbPUuJsY11qDpfTh8oUBZMA06IakGhsto00dH3iT9H9NSj1h4FL0dauL4g1eu9OrEg0ofXa5IzooYCNGtBR1mySMvLFBbRIN8ii2Fjp42Lg?key=yjx2WnW0lLKh89f7HbGadHdJ\" alt=\"\"\/><figcaption>Mulgimaa viis ajaloolist kihelkonda L\u00f5una-Eestis.<br>Kaart: <a rel=\"noreferrer noopener\" href=\"https:\/\/www.mulgimaa.ee\/\" target=\"_blank\">Mulgimaa Infoportaal<\/a><\/figcaption><\/figure>\n\n\n\n<p>Muinasaja l\u00f5pul kuulus Mulgimaa ala Sakala l\u00f5unaossa, kusjuures l\u00f5unaeestilik asustus ulatus t\u00f5en\u00e4oliselt oluliselt l\u00f5una poole n\u00fc\u00fcdsest Eesti-L\u00e4ti riigipiirist. 15. sajandi vakuraamatud osutavad muinaseestilike nimedega maarahvale Ruhja ehk Rujiena piirkonnas (praeguses L\u00e4tis) veel hiliskeskajalgi. Mulgi rahvakultuur on s\u00e4ilitanud mitmeid vanap\u00e4raseid jooni, mis mujal Eestis kadunud, n\u00e4iteks naiste rahvar\u00f5ivastusse kuuluvad pealinikud, \u00f5lakatted, vaipseelikud jm.<\/p>\n\n\n\n<p>19. sajandi suured majanduslikud muutused j\u00f5udsid Mulgimaale muust Eestist kiiremini. 1849. aasta talurahvaseaduse vastuv\u00f5tmisel hakkas Abja m\u00f5is ja selle j\u00e4rel peagi teisedki m\u00f5isad talusid ja maad talupoegadele p\u00e4riseks m\u00fc\u00fcma. Talu ostmiseks vajalik raha saadi paljus t\u00e4nu linakasvatusele. Mitmed pered ehitasid endale j\u00f5ukuse m\u00e4rgiks senise tavalise elutare asemel uhke h\u00e4\u00e4rberi. M\u00f5ned asulad kasvasid kohalikeks kaubanduselu keskusteks, millest hiljem said alevikud ja\/v\u00f5i v\u00e4ikelinnad (M\u00f5isak\u00fcla, Abja-Paluoja, Karksi-Nuia, T\u00f5rva, Mustla). Mulkide seast v\u00f5rsus arvestatav hulk Eesti poliitika- ja kultuuritegelasi, nende seas nii eesti kirjakeelset kui mulgikeelset loomingut avaldanud kirjanikke.<\/p>\n\n\n\n<p>Raske l\u00f6\u00f6gi Mulgimaale andis n\u00f5ukogude okupatsioon. 1940. aastate suurk\u00fc\u00fcditamised h\u00e4vitasid j\u00f5ukad mulgi talumajapidamised. Alles Eesti Vabariigi taasiseseisvumisega sai mulgi liikumine taas uue hoo. Omakultuuri arendamiseks ja v\u00e4ljapoole tutvustamiseks on loodud Mulgi Kultuuri Instituut ja Mulgi Elamuskeskus. Kaasaegne mulgikeelne kultuurielu on mitmekesine ja h\u00f5lmab kirjandust, ajakirjandust, muusikat, filmikunsti jm.<\/p>\n\n\n\n<p>Mulgi keel on l\u00f5unaeesti keeltest l\u00e4\u00e4nepoolseim. See on olnud vastastikuses tihedas kokkupuutes naabruses k\u00f5neldavate keskmurdelise Viljandi kihelkonna ja l\u00e4\u00e4nemurdelise Saarde kihelkonna keelepruukidega, samuti on \u00fchisjooni liivi keelega (eelk\u00f5ige P\u00f5hja-L\u00e4tis k\u00f5neldud salatsiliivi keelega). Eesti 2011. aasta rahvaloendusel pani end mulgi keele oskajana kirja 9698 inimest. 2021. aasta rahvaloendusel oli vastav arv 13 960, mis osutab eesti paikkondlike keelte suuremale v\u00e4\u00e4rtustamisele. Mulgi keele p\u00fcsimine n\u00f5uab siiski j\u00f5upingutusi, eriti nooremate kaasamiseks. Viimastel aastak\u00fcmnetel on koostatud mitmeid mulgi keele \u00f5ppevahendeid (vt keele\u00f5ppe ressursse veebis).<\/p>\n\n\n\n<p>Juba Eesti esimesel iseseisvusperioodil kujunes Mulgimaa h\u00fcmniks Hendrik Adamsoni s\u00f5nade ja Juhan Simmi viisiga laul \u201cMulgimaale\u201d. Uuemal ajal on s\u00fcmboolikat t\u00e4iendatud. 12. oktoobril 2013 \u00f5nnistati Tarvastu kirikus sisse Mulgimaa lipp. 2024. aasta l\u00f5pus v\u00f5eti mulgi pudru valmistamise ja s\u00f6\u00f6mise traditsioonid UNESCO vaimse kultuurip\u00e4randi esindusnimekirja. \u00dcle-eestiliselt on tuntud ka mulgi kapsad ja mulgi korp.<\/p>\n\n\n\n<p>Soome-ugri h\u00f5imuliikumisega liitusid mulgid aktiivsemalt 2021. aastal, mil Mulgimaa pealinnaks peetav Abja-Paluoja kandis ka soome-ugri kultuuripealinna tiitlit. Soome-ugri koost\u00f6\u00f6sse on mulgid panustanud hiljemgi, n\u00e4iteks iga-aastaste h\u00f5imukohvikute korraldamise n\u00e4ol.<\/p>\n\n\n\n<p>P\u00f5hjalikku \u00fclevaadet mulgi rahvast, keelest, ajaloost ja kultuurist pakuvad <a rel=\"noreferrer noopener\" href=\"https:\/\/mulgimaa.ee\/\" target=\"_blank\">Mulgi Infoportaal<\/a> ja <a rel=\"noreferrer noopener\" href=\"https:\/\/mki.mulgimaa.ee\" target=\"_blank\">Mulgi Kultuuri Instituudi koduleht<\/a>, mulkide tegemisi kajastab regulaarselt ka <a rel=\"noreferrer noopener\" href=\"https:\/\/fennougria.ee\/rahvad\/laanemeresoome-rahvad\/eestlased\/mulgid\/\" target=\"_blank\">Fenno-Ugria Asutuse koduleht<\/a>.&nbsp;<\/p>\n\n\n\n<p>Oleme <a href=\"https:\/\/www.hoimuloimed.ee\/index.php\/2021\/03\/11\/abja-paluojal-soome-ugri-kultuuripealinna-avamisel\/\">H\u00f5imul\u00f5imede blogis<\/a> jaganud muljeid 2021. aastal Abja-Paluojal toimunud soome-ugri kultuuripealinna avamistseremooniast. Ansambel K\u00e4nnu Peal K\u00e4bi lauluvaramusse kuulub Halliste kihelkonnast p\u00e4rit mulgikeelne rahvalaul \u201cMesilindel pallu peret\u201d:<\/p>\n\n\n\n<figure class=\"wp-block-embed-youtube wp-block-embed is-type-video is-provider-youtube wp-embed-aspect-16-9 wp-has-aspect-ratio\"><div class=\"wp-block-embed__wrapper\">\n<iframe loading=\"lazy\" title=\"K\u00e4nnu Peal K\u00e4bi - Mesilindel pallu peret (mulgi rahvalaul)\" width=\"720\" height=\"405\" src=\"https:\/\/www.youtube.com\/embed\/5bGg7cU1AFc?feature=oembed\" frameborder=\"0\" allow=\"accelerometer; autoplay; clipboard-write; encrypted-media; gyroscope; picture-in-picture; web-share\" referrerpolicy=\"strict-origin-when-cross-origin\" allowfullscreen><\/iframe>\n<\/div><\/figure>\n\n\n\n<div class=\"wp-block-otfm-box-spoiler-start otfm-sp__wrapper otfm-sp__box js-otfm-sp-box__closed otfm-sp__f5f5f5\" role=\"button\" tabindex=\"0\" aria-expanded=\"false\" data-otfm-spc=\"#f5f5f5\" style=\"text-align:left\"><div class=\"otfm-sp__title\"><strong><span class=\"has-inline-color has-vivid-red-color\">Keele\u00f5ppe ressursid veebis<\/span><\/strong><\/div><\/div>\n\n\n\n<p><a rel=\"noreferrer noopener\" href=\"https:\/\/arhiiv.eki.ee\/dict\/mulgi\/\" target=\"_blank\">Suur mulgi s\u00f5naraamat<\/a><\/p>\n\n\n\n<p><a href=\"https:\/\/aabits.mulgimaa.ee\" target=\"_blank\" rel=\"noreferrer noopener\">Mulgi aabits<\/a><\/p>\n\n\n\n<p><a rel=\"noreferrer noopener\" href=\"https:\/\/mulgimaa.ee\/fi\/uitsainus-mulgimaa\/\" target=\"_blank\">Ajaleht \u201c\u00dcitsainus Mulgimaa\u201d<\/a><br>Kord kuus ilmuv mulgikeelne ajaleht<\/p>\n\n\n\n<p><a rel=\"noreferrer noopener\" href=\"https:\/\/vikerraadio.err.ee\/arhiiv\/mulgikeelsed_uudised\" target=\"_blank\">Mulgikeelsed uudised<\/a><br>Vikerraadios \u00fcks kord n\u00e4dalas<\/p>\n\n\n\n<p><a rel=\"noreferrer noopener\" href=\"https:\/\/mulgimaa.ee\/fi\/mulgi-luu\/\" target=\"_blank\">Mulgi luu<\/a><br>Valik mulgikeelseid jutte<\/p>\n\n\n\n<div class=\"wp-block-otfm-box-spoiler-end otfm-sp_end\"><\/div>\n\n\n\n<div class=\"wp-block-otfm-box-spoiler-start otfm-sp__wrapper otfm-sp__box js-otfm-sp-box__closed otfm-sp__f5f5f5\" role=\"button\" tabindex=\"0\" aria-expanded=\"false\" data-otfm-spc=\"#f5f5f5\" style=\"text-align:left\"><div class=\"otfm-sp__title\"><strong><span class=\"has-inline-color has-vivid-red-color\">Muusika<\/span><\/strong><\/div><\/div>\n\n\n\n<div class=\"wp-block-media-text alignwide is-stacked-on-mobile\" style=\"grid-template-columns:24% auto\"><figure class=\"wp-block-media-text__media\"><img loading=\"lazy\" decoding=\"async\" width=\"1024\" height=\"607\" src=\"https:\/\/www.hoimuloimed.ee\/wp-content\/uploads\/2025\/01\/anutaul-1024x607.jpeg\" alt=\"\" class=\"wp-image-1301\" srcset=\"https:\/\/hoimuloimed.ee\/wp-content\/uploads\/2025\/01\/anutaul-1024x607.jpeg 1024w, https:\/\/hoimuloimed.ee\/wp-content\/uploads\/2025\/01\/anutaul-300x178.jpeg 300w, https:\/\/hoimuloimed.ee\/wp-content\/uploads\/2025\/01\/anutaul-768x455.jpeg 768w, https:\/\/hoimuloimed.ee\/wp-content\/uploads\/2025\/01\/anutaul-152x90.jpeg 152w, https:\/\/hoimuloimed.ee\/wp-content\/uploads\/2025\/01\/anutaul.jpeg 1200w\" sizes=\"auto, (max-width: 1024px) 100vw, 1024px\" \/><\/figure><div class=\"wp-block-media-text__content\">\n<p><strong>Anu Taul<\/strong><br><em>folk<\/em><\/p>\n\n\n\n<p class=\"has-small-font-size\"><a href=\"https:\/\/soundcloud.com\/anu-taul\" target=\"_blank\" rel=\"noreferrer noopener\">Soundcloud<\/a> \/ <a href=\"https:\/\/anutaul.bandcamp.com\/\" target=\"_blank\" rel=\"noreferrer noopener\">bandcamp<\/a> \/ <a href=\"https:\/\/www.youtube.com\/@anutaul7703\" target=\"_blank\" rel=\"noreferrer noopener\">Youtube<\/a><\/p>\n<\/div><\/div>\n\n\n\n<p><\/p>\n\n\n\n<div class=\"wp-block-media-text alignwide is-stacked-on-mobile\" style=\"grid-template-columns:24% auto\"><figure class=\"wp-block-media-text__media\"><img loading=\"lazy\" decoding=\"async\" width=\"549\" height=\"549\" src=\"https:\/\/www.hoimuloimed.ee\/wp-content\/uploads\/2025\/01\/yitsviis.jpeg\" alt=\"\" class=\"wp-image-1299\" srcset=\"https:\/\/hoimuloimed.ee\/wp-content\/uploads\/2025\/01\/yitsviis.jpeg 549w, https:\/\/hoimuloimed.ee\/wp-content\/uploads\/2025\/01\/yitsviis-300x300.jpeg 300w, https:\/\/hoimuloimed.ee\/wp-content\/uploads\/2025\/01\/yitsviis-150x150.jpeg 150w, https:\/\/hoimuloimed.ee\/wp-content\/uploads\/2025\/01\/yitsviis-90x90.jpeg 90w\" sizes=\"auto, (max-width: 549px) 100vw, 549px\" \/><\/figure><div class=\"wp-block-media-text__content\">\n<p><strong><strong>Segakoor \u00dcits Viis<\/strong><\/strong><br><em>koorilaul<\/em><\/p>\n\n\n\n<p class=\"has-small-font-size\"><a href=\"https:\/\/www.facebook.com\/viljandimaasegakoor\/\" target=\"_blank\" rel=\"noreferrer noopener\">Facebook<\/a> \/ <a href=\"https:\/\/www.youtube.com\/@liisitoomsalu\" target=\"_blank\" rel=\"noreferrer noopener\">Koorijuht Liisi Toomsalu Youtube&#8217;i kanal<\/a><\/p>\n<\/div><\/div>\n\n\n\n<p><\/p>\n\n\n\n<div class=\"wp-block-media-text alignwide is-stacked-on-mobile\" style=\"grid-template-columns:24% auto\"><figure class=\"wp-block-media-text__media\"><img loading=\"lazy\" decoding=\"async\" width=\"960\" height=\"720\" src=\"https:\/\/www.hoimuloimed.ee\/wp-content\/uploads\/2025\/01\/mulgisegakoor.jpeg\" alt=\"\" class=\"wp-image-1300\" srcset=\"https:\/\/hoimuloimed.ee\/wp-content\/uploads\/2025\/01\/mulgisegakoor.jpeg 960w, https:\/\/hoimuloimed.ee\/wp-content\/uploads\/2025\/01\/mulgisegakoor-300x225.jpeg 300w, https:\/\/hoimuloimed.ee\/wp-content\/uploads\/2025\/01\/mulgisegakoor-768x576.jpeg 768w, https:\/\/hoimuloimed.ee\/wp-content\/uploads\/2025\/01\/mulgisegakoor-120x90.jpeg 120w\" sizes=\"auto, (max-width: 960px) 100vw, 960px\" \/><\/figure><div class=\"wp-block-media-text__content\">\n<p><strong><strong>Mulgi segakoor<\/strong><\/strong><br><em>koorilaul<\/em><\/p>\n\n\n\n<p class=\"has-small-font-size\"><a rel=\"noreferrer noopener\" href=\"https:\/\/www.facebook.com\/mulgisegakoor\" target=\"_blank\">Facebook<\/a><\/p>\n<\/div><\/div>\n\n\n\n<p><\/p>\n\n\n\n<div class=\"wp-block-media-text alignwide is-stacked-on-mobile\" style=\"grid-template-columns:24% auto\"><figure class=\"wp-block-media-text__media\"><img loading=\"lazy\" decoding=\"async\" width=\"225\" height=\"225\" src=\"https:\/\/www.hoimuloimed.ee\/wp-content\/uploads\/2025\/01\/tommyboy.jpeg\" alt=\"\" class=\"wp-image-1302\" srcset=\"https:\/\/hoimuloimed.ee\/wp-content\/uploads\/2025\/01\/tommyboy.jpeg 225w, https:\/\/hoimuloimed.ee\/wp-content\/uploads\/2025\/01\/tommyboy-150x150.jpeg 150w, https:\/\/hoimuloimed.ee\/wp-content\/uploads\/2025\/01\/tommyboy-90x90.jpeg 90w\" sizes=\"auto, (max-width: 225px) 100vw, 225px\" \/><\/figure><div class=\"wp-block-media-text__content\">\n<p><strong><strong><strong>Tommyboy &#8211; \u201cUusmulgi lugulaul\u201d<\/strong><\/strong><\/strong><br><em>r\u00e4pp<\/em><\/p>\n\n\n\n<p class=\"has-small-font-size\"><a rel=\"noreferrer noopener\" href=\"https:\/\/open.spotify.com\/track\/0YwRyUs2bOg7SIarjRaSEm?si=fd917923ad284338\" target=\"_blank\">Spotify<\/a><\/p>\n<\/div><\/div>\n\n\n\n<p><\/p>\n\n\n\n<div class=\"wp-block-media-text alignwide is-stacked-on-mobile\" style=\"grid-template-columns:24% auto\"><figure class=\"wp-block-media-text__media\"><img loading=\"lazy\" decoding=\"async\" width=\"236\" height=\"213\" src=\"https:\/\/www.hoimuloimed.ee\/wp-content\/uploads\/2025\/01\/l66tsan88bud.jpeg\" alt=\"\" class=\"wp-image-1303\" srcset=\"https:\/\/hoimuloimed.ee\/wp-content\/uploads\/2025\/01\/l66tsan88bud.jpeg 236w, https:\/\/hoimuloimed.ee\/wp-content\/uploads\/2025\/01\/l66tsan88bud-100x90.jpeg 100w\" sizes=\"auto, (max-width: 236px) 100vw, 236px\" \/><\/figure><div class=\"wp-block-media-text__content\">\n<p><strong><strong><strong><strong>L\u00f5\u00f5tsan\u00f8\u00f8bid &#8211; \u201cMulk om iki uhke miis\u201d<\/strong><\/strong><\/strong><\/strong><br><em>folk<\/em><\/p>\n\n\n\n<p class=\"has-small-font-size\"><a href=\"https:\/\/youtu.be\/Niob76SzWsQ?si=3sBEKnw_cztcgW9V\" target=\"_blank\" rel=\"noreferrer noopener\">Youtube<\/a><\/p>\n<\/div><\/div>\n\n\n\n<p>Mulgikeelseid autorilaule v\u00f5ib kuulata <a rel=\"noreferrer noopener\" href=\"https:\/\/www.youtube.com\/@mulgikultuuriinstituut1036\/videos\" target=\"_blank\">Mulgi Kultuuri Instituudi Youtube\u2019i kanalilt<\/a>.<\/p>\n\n\n\n<div class=\"wp-block-otfm-box-spoiler-end otfm-sp_end\"><\/div>\n\n\n\n<div class=\"wp-block-otfm-box-spoiler-start otfm-sp__wrapper otfm-sp__box js-otfm-sp-box__closed otfm-sp__f5f5f5\" role=\"button\" tabindex=\"0\" aria-expanded=\"false\" data-otfm-spc=\"#f5f5f5\" style=\"text-align:left\"><div class=\"otfm-sp__title\"><strong><span class=\"has-inline-color has-vivid-red-color\">Filmid<\/span><\/strong><\/div><\/div>\n\n\n\n<div class=\"wp-block-media-text alignwide is-stacked-on-mobile\" style=\"grid-template-columns:26% auto\"><figure class=\"wp-block-media-text__media\"><img loading=\"lazy\" decoding=\"async\" width=\"868\" height=\"466\" src=\"https:\/\/www.hoimuloimed.ee\/wp-content\/uploads\/2025\/01\/pannkuuk-1.png\" alt=\"\" class=\"wp-image-1307\" srcset=\"https:\/\/hoimuloimed.ee\/wp-content\/uploads\/2025\/01\/pannkuuk-1.png 868w, https:\/\/hoimuloimed.ee\/wp-content\/uploads\/2025\/01\/pannkuuk-1-300x161.png 300w, https:\/\/hoimuloimed.ee\/wp-content\/uploads\/2025\/01\/pannkuuk-1-768x412.png 768w, https:\/\/hoimuloimed.ee\/wp-content\/uploads\/2025\/01\/pannkuuk-1-168x90.png 168w\" sizes=\"auto, (max-width: 868px) 100vw, 868px\" \/><\/figure><div class=\"wp-block-media-text__content\">\n<p><strong><strong><strong>Pannkuuk<\/strong><\/strong><\/strong><br>Animatsioon, Eesti, 2013<\/p>\n\n\n\n<p class=\"has-small-font-size\"><a href=\"https:\/\/youtu.be\/V-Y_uI7jgnI\" target=\"_blank\" rel=\"noreferrer noopener\">Youtube<\/a><\/p>\n<\/div><\/div>\n\n\n\n<p><\/p>\n\n\n\n<div class=\"wp-block-media-text alignwide is-stacked-on-mobile\" style=\"grid-template-columns:26% auto\"><figure class=\"wp-block-media-text__media\"><img loading=\"lazy\" decoding=\"async\" width=\"863\" height=\"466\" src=\"https:\/\/www.hoimuloimed.ee\/wp-content\/uploads\/2025\/01\/volelom.png\" alt=\"\" class=\"wp-image-1311\" srcset=\"https:\/\/hoimuloimed.ee\/wp-content\/uploads\/2025\/01\/volelom.png 863w, https:\/\/hoimuloimed.ee\/wp-content\/uploads\/2025\/01\/volelom-300x162.png 300w, https:\/\/hoimuloimed.ee\/wp-content\/uploads\/2025\/01\/volelom-768x415.png 768w, https:\/\/hoimuloimed.ee\/wp-content\/uploads\/2025\/01\/volelom-167x90.png 167w\" sizes=\"auto, (max-width: 863px) 100vw, 863px\" \/><\/figure><div class=\"wp-block-media-text__content\">\n<p><strong><strong><strong><strong>V\u00f5lel om tillikse jala<\/strong><\/strong><\/strong><\/strong><br>Animatsioon, Eesti, 2014<\/p>\n\n\n\n<p class=\"has-small-font-size\"><a href=\"https:\/\/youtu.be\/PbybflH5TiI?si=Dox2BnkRqOA46T9Y\" target=\"_blank\" rel=\"noreferrer noopener\">Youtube<\/a><\/p>\n<\/div><\/div>\n\n\n\n<p><\/p>\n\n\n\n<div class=\"wp-block-media-text alignwide is-stacked-on-mobile\" style=\"grid-template-columns:26% auto\"><figure class=\"wp-block-media-text__media\"><img loading=\"lazy\" decoding=\"async\" width=\"730\" height=\"423\" src=\"https:\/\/www.hoimuloimed.ee\/wp-content\/uploads\/2025\/01\/tulnuk-1.png\" alt=\"\" class=\"wp-image-1310\" srcset=\"https:\/\/hoimuloimed.ee\/wp-content\/uploads\/2025\/01\/tulnuk-1.png 730w, https:\/\/hoimuloimed.ee\/wp-content\/uploads\/2025\/01\/tulnuk-1-300x174.png 300w, https:\/\/hoimuloimed.ee\/wp-content\/uploads\/2025\/01\/tulnuk-1-155x90.png 155w\" sizes=\"auto, (max-width: 730px) 100vw, 730px\" \/><\/figure><div class=\"wp-block-media-text__content\">\n<p><strong><strong><strong><strong><strong>Tulnuk Mulgimaa p\u00e4\u00e4l<\/strong><\/strong><\/strong><\/strong><\/strong><br>Eesti, 2015<\/p>\n\n\n\n<p class=\"has-small-font-size\"><a href=\"https:\/\/youtu.be\/PbybflH5TiI?si=Dox2BnkRqOA46T9Y\" target=\"_blank\" rel=\"noreferrer noopener\">Youtube<\/a><\/p>\n<\/div><\/div>\n\n\n\n<p><\/p>\n\n\n\n<div class=\"wp-block-media-text alignwide is-stacked-on-mobile\" style=\"grid-template-columns:26% auto\"><figure class=\"wp-block-media-text__media\"><img loading=\"lazy\" decoding=\"async\" width=\"722\" height=\"445\" src=\"https:\/\/www.hoimuloimed.ee\/wp-content\/uploads\/2025\/01\/tondisaar.png\" alt=\"\" class=\"wp-image-1313\" srcset=\"https:\/\/hoimuloimed.ee\/wp-content\/uploads\/2025\/01\/tondisaar.png 722w, https:\/\/hoimuloimed.ee\/wp-content\/uploads\/2025\/01\/tondisaar-300x185.png 300w, https:\/\/hoimuloimed.ee\/wp-content\/uploads\/2025\/01\/tondisaar-146x90.png 146w\" sizes=\"auto, (max-width: 722px) 100vw, 722px\" \/><\/figure><div class=\"wp-block-media-text__content\">\n<p><strong><strong><strong><strong><strong><strong>Tondisaar ja vana Kiird<\/strong><\/strong><\/strong><\/strong><\/strong><\/strong><br>Eesti, 2021<\/p>\n\n\n\n<p class=\"has-small-font-size\"><a href=\"https:\/\/youtu.be\/al4Ax3pLr40?si=xBro10etKBn96TZP\" target=\"_blank\" rel=\"noreferrer noopener\">Youtube<\/a><\/p>\n<\/div><\/div>\n\n\n\n<p><\/p>\n\n\n\n<div class=\"wp-block-media-text alignwide is-stacked-on-mobile\" style=\"grid-template-columns:26% auto\"><figure class=\"wp-block-media-text__media\"><img loading=\"lazy\" decoding=\"async\" width=\"856\" height=\"454\" src=\"https:\/\/www.hoimuloimed.ee\/wp-content\/uploads\/2025\/01\/v4ikemehe.png\" alt=\"\" class=\"wp-image-1312\" srcset=\"https:\/\/hoimuloimed.ee\/wp-content\/uploads\/2025\/01\/v4ikemehe.png 856w, https:\/\/hoimuloimed.ee\/wp-content\/uploads\/2025\/01\/v4ikemehe-300x159.png 300w, https:\/\/hoimuloimed.ee\/wp-content\/uploads\/2025\/01\/v4ikemehe-768x407.png 768w, https:\/\/hoimuloimed.ee\/wp-content\/uploads\/2025\/01\/v4ikemehe-170x90.png 170w\" sizes=\"auto, (max-width: 856px) 100vw, 856px\" \/><\/figure><div class=\"wp-block-media-text__content\">\n<p><strong><strong><strong><strong><strong><strong><strong>V\u00e4ikemehe seiklused suures ilmas<\/strong><\/strong><\/strong><\/strong><\/strong><\/strong><\/strong><br>Eesti, 2022<\/p>\n\n\n\n<p class=\"has-small-font-size\"><a href=\"https:\/\/youtu.be\/0L5-DoLCXGU?si=N2MtTRw6BXb4tZR9\" target=\"_blank\" rel=\"noreferrer noopener\">Youtube<\/a><\/p>\n<\/div><\/div>\n\n\n\n<div class=\"wp-block-otfm-box-spoiler-end otfm-sp_end\"><\/div>\n","protected":false},"excerpt":{"rendered":"<p>Mulgid on L\u00f5una-Eesti rahvas, eestlaste paikkondliku ja kultuurilise identiteediga etniline r\u00fchm. Mulkide p\u00f5line asuala \u2013 Mulgimaa \u2013 koosneb ajalooliselt Halliste, Karksi, Paistu, Tarvastu ja Helme kirikukihelkonnast. T\u00e4nap\u00e4evase haldusjaotuse j\u00e4rgi jaguneb see Viljandi maakonna l\u00f5unaosa ja Valga maakonna l\u00e4\u00e4neosa vahel. Muinasaja l\u00f5pul kuulus Mulgimaa ala Sakala l\u00f5unaossa, kusjuures l\u00f5unaeestilik asustus ulatus t\u00f5en\u00e4oliselt oluliselt l\u00f5una poole n\u00fc\u00fcdsest Eesti-L\u00e4ti riigipiirist. 15. sajandi vakuraamatud osutavad muinaseestilike nimedega maarahvale Ruhja &hellip; <a href=\"https:\/\/hoimuloimed.ee\/index.php\/hoimurahvad-ja-keeled\/mulgid\/\" class=\"more-link\">Continue reading <span class=\"screen-reader-text\">Mulgid<\/span><\/a><\/p>\n","protected":false},"author":1,"featured_media":0,"parent":221,"menu_order":0,"comment_status":"closed","ping_status":"closed","template":"","meta":{"footnotes":""},"class_list":["post-1298","page","type-page","status-publish","hentry"],"_links":{"self":[{"href":"https:\/\/hoimuloimed.ee\/index.php\/wp-json\/wp\/v2\/pages\/1298","targetHints":{"allow":["GET"]}}],"collection":[{"href":"https:\/\/hoimuloimed.ee\/index.php\/wp-json\/wp\/v2\/pages"}],"about":[{"href":"https:\/\/hoimuloimed.ee\/index.php\/wp-json\/wp\/v2\/types\/page"}],"author":[{"embeddable":true,"href":"https:\/\/hoimuloimed.ee\/index.php\/wp-json\/wp\/v2\/users\/1"}],"replies":[{"embeddable":true,"href":"https:\/\/hoimuloimed.ee\/index.php\/wp-json\/wp\/v2\/comments?post=1298"}],"version-history":[{"count":3,"href":"https:\/\/hoimuloimed.ee\/index.php\/wp-json\/wp\/v2\/pages\/1298\/revisions"}],"predecessor-version":[{"id":1316,"href":"https:\/\/hoimuloimed.ee\/index.php\/wp-json\/wp\/v2\/pages\/1298\/revisions\/1316"}],"up":[{"embeddable":true,"href":"https:\/\/hoimuloimed.ee\/index.php\/wp-json\/wp\/v2\/pages\/221"}],"wp:attachment":[{"href":"https:\/\/hoimuloimed.ee\/index.php\/wp-json\/wp\/v2\/media?parent=1298"}],"curies":[{"name":"wp","href":"https:\/\/api.w.org\/{rel}","templated":true}]}}