{"id":1428,"date":"2025-11-26T00:29:01","date_gmt":"2025-11-25T21:29:01","guid":{"rendered":"https:\/\/hoimuloimed.ee\/?page_id=1428"},"modified":"2025-11-26T00:29:26","modified_gmt":"2025-11-25T21:29:26","slug":"kveenid","status":"publish","type":"page","link":"https:\/\/hoimuloimed.ee\/index.php\/hoimurahvad-ja-keeled\/kveenid\/","title":{"rendered":"Kveenid"},"content":{"rendered":"\n<p>Kveenid on P\u00f5hja-Norras Finnmarki ja Tromsi maakondades ehk Ruijas elav l\u00e4\u00e4nemeresoome v\u00e4hemusrahvas, kelle p\u00f5hjasoomlastest vaarisad r\u00e4ndasid J\u00e4\u00e4mere kallastele m\u00f5ni aastasada tagasi. <\/p>\n\n\n<div class=\"wp-block-image\">\n<figure class=\"aligncenter size-full\"><img loading=\"lazy\" decoding=\"async\" width=\"595\" height=\"462\" src=\"https:\/\/hoimuloimed.ee\/wp-content\/uploads\/2025\/11\/image.jpeg\" alt=\"\" class=\"wp-image-1429\" srcset=\"https:\/\/hoimuloimed.ee\/wp-content\/uploads\/2025\/11\/image.jpeg 595w, https:\/\/hoimuloimed.ee\/wp-content\/uploads\/2025\/11\/image-300x233.jpeg 300w, https:\/\/hoimuloimed.ee\/wp-content\/uploads\/2025\/11\/image-116x90.jpeg 116w\" sizes=\"auto, (max-width: 595px) 100vw, 595px\" \/><figcaption class=\"wp-element-caption\">Kveenide asualad (Wikimedia Commons)<\/figcaption><\/figure><\/div>\n\n\n<p><strong>Kveenide ajaloost<\/strong><\/p>\n\n\n\n<p>Kveen on vana skandinaaviap\u00e4rane nimetus, mille t\u00e4psem taust ja kasutuslugu on mitmek\u00fclgne ja keeruline. See esineb juba 9. sajandil Ottari kroonikas, kuid nagu Tacituse aestide puhul, viidab nimetus ilmselt m\u00f5nele teisele ajaloolisele rahvale kui praegused kveenid. Igal juhul p\u00e4risid nad selle etnon\u00fc\u00fcmi endale 18. ja 19. sajandi jooksul. Vanasti kasutasid kveeni keele k\u00f5nelejad oma keele kohta nimetust suomen kieli v\u00f5i vanhaasuomi. Soome keeles on kveeni keele kohta kasutatud piirkonna j\u00e4rgi nime Ruijan suomi voi ruijansuomi. Praegu on kveenide hulgas juurdumas siiski nimetus kainun kieli v\u00f5i kainhuun kieli.<\/p>\n\n\n\n<p>Kveenide ajalugu P\u00f5hja-Norras ulatub v\u00e4hemalt 16. sajandisse, kuid perioodi kohta on v\u00e4he dokumentaalseid andmeid. Siiski on t\u00f5en\u00e4oline, et juba sel perioodil asus osa kveenide esivanematest, seal tegutsenud kaupmeestest p\u00fcsivalt Norrasse elama (nt Lyngen, Nordreisa, Kvaenangen, Alta piirkond, Guovdageaidnu, Teno estuaar ja Varangeri fjordi kaldad). 1830. kuni 1880. aastateni oli kveenidel suure r\u00e4ndamise ajastu. Muuhulgas rajati tollal Altas vasekaevandus, mis n\u00f5udis palju t\u00f6\u00f6j\u00f5udu. Enamik kaevanduse t\u00f6\u00f6lisi oli emigreerunud Soomest ja alguses oli Norra v\u00f5imude suhtumine nendesse positiivne. 19. sajandi l\u00f5pus hakati kveene aga norrastama. M\u00f5nev\u00f5rra sarnaselt Rootsi me\u00e4lastele hakati ka Norra kveene pidama mittelojaalseks rahvaosaks. Potentsiaalseks vaenlaseks peeti Soome autonoomia ajastul Venemaad, Soome iseseisvudes langes potentsiaalse \u00e4hvardaja roll Soomele. Assimilatsioonipoliitika oli k\u00f5ige intensiivsem maailmas\u00f5dadevahelisel perioodil. Norrastamine toimus efektiivselt ja k\u00f5igis kveeni kogukondades loobuti ajapikku omakeelsest suhtlemisest lastega. Etniline \u00e4rkamine kveenide hulgas algas 20\u201330 aastat hiljem kui me\u00e4laste seas. 1970. aastail hakkasid hoiakud siiski muutuma ja suhtumine kveenidesse muutus aktsepteerivamaks. 1980. aastatel asutasid kveenid esimesed \u00fchingud, sealhulgas Ruija kveenide liit aastal 1987.&nbsp;<\/p>\n\n\n<div class=\"wp-block-image\">\n<figure class=\"aligncenter size-large\"><img loading=\"lazy\" decoding=\"async\" width=\"1024\" height=\"614\" src=\"https:\/\/hoimuloimed.ee\/wp-content\/uploads\/2025\/11\/image-1024x614.png\" alt=\"\" class=\"wp-image-1430\" srcset=\"https:\/\/hoimuloimed.ee\/wp-content\/uploads\/2025\/11\/image-1024x614.png 1024w, https:\/\/hoimuloimed.ee\/wp-content\/uploads\/2025\/11\/image-300x180.png 300w, https:\/\/hoimuloimed.ee\/wp-content\/uploads\/2025\/11\/image-768x461.png 768w, https:\/\/hoimuloimed.ee\/wp-content\/uploads\/2025\/11\/image-1536x922.png 1536w, https:\/\/hoimuloimed.ee\/wp-content\/uploads\/2025\/11\/image-150x90.png 150w, https:\/\/hoimuloimed.ee\/wp-content\/uploads\/2025\/11\/image.png 1600w\" sizes=\"auto, (max-width: 1024px) 100vw, 1024px\" \/><figcaption class=\"wp-element-caption\">Kveenide lipp <em>Kv\u00e4\u00e4nin flaku<\/em><\/figcaption><\/figure><\/div>\n\n\n<p><strong>Kveeni keelest ja kveenide t\u00e4nap\u00e4evast<\/strong><\/p>\n\n\n\n<p>Kveeni keelt on varem peetud soome keele p\u00f5hjapoolsete Per\u00e4pohjola murrete osaks. \u00dchiseid jooni on nende keelevormide vahel palju, kuid kveeni keele arenguk\u00e4igud l\u00e4hevad oma teed. Kveeni keeles eristati vanasti kolme, t\u00e4nap\u00e4eval kaht peamist murret, mis jagunevad l\u00e4\u00e4ne- ja idamurdeks.<\/p>\n\n\n\n<p>Kveeni keelt iseloomustavad&nbsp; laenud s\u00f5navarasse norra, rootsi ja saami keeltest. Eriti igap\u00e4evaelu valdkonnas on norra keele m\u00f5ju tugev. Porsangeri murdes esineb t\u00e4nap\u00e4eva l\u00e4\u00e4nemeresoome keeltes unikaalne h\u00e4\u00e4lik, dentaalspirant <em>\u0111<\/em>, mida kasutatakse <em>t<\/em> n\u00f5rgaastmelise vastena nt s\u00f5nades <em>yh\u0111en <\/em>\u2018\u00fche\u2019, <em>ve\u0111en <\/em>\u2018vee\u2019. Dentaalspirant on v\u00f5etud kasutusse ka kveeni kirjakeeles. Teine silmapaistev erip\u00e4ra on keeles kohati esinevad triftongid, nt <em>nuoilta <\/em>\u2018nendelt\u2019. Aastal 2014 ilmus Eira S\u00f6derholmi k\u00e4est kveeni keele grammatika, mis on seni k\u00f5ige h\u00f5lmavam \u00fclevaade keelest.&nbsp;<\/p>\n\n\n\n<p>Kveeni keel on \u00e4\u00e4rmiselt ohustatud keel. Aastatel 1994 ja 1999 arvestas Norra kveeniliit, et kveeni keele m\u00f5istjaid on umbes 12 000, k\u00f5nelejaid 5000\u20137000, kelle hulgast vaid 200 loevad keelt ja umbes 50 oskavad kirjutada. Praegu on k\u00f5nelejaid aina rohkem ka suurtes linnades, nt Oslo ja Troms\u00f8. Kveeni keel tunnistati Norras ametlikuks v\u00e4hemuskeeleks aastal 2005. Porsangeri vallas on kveeni keel ametiasutuste suhtluskeel.<\/p>\n\n\n\n<p>L\u00e4bi ajaloo on kveeni keelt kasutatud enamasti suulise v\u00e4hemuskeelena ning kirjakeeleks on kasutatud nii norra kui ka soome keelt, eriti vaimulikus kirjanduses. Viimased 20 aastat on siiski toonud kaasa arenguk\u00e4ike, mis v\u00f5imaldavad kveeni keele kasutamist \u00fchiskonnas laiemalt. Aastal 2004 ilmus Alf Nilsen-B\u00f8rsskogi sulest esimene kveenikeelne romaan \u201eKuosuvaaran takana\u201c<em>.<\/em> Teose keel m\u00e4ngis olulist rolli kveeni kirjakeele standardiseerimisel. Kokku avaldas B\u00f8rsskog kuus kveenikeelset romaani ja viis luulekogumikku. Alates 2006. aastast on Troms\u00f8 \u00fclikoolis \u00f5petatud soome keele k\u00f5rval ka kveeni keelt ja kultuuri. 2000. aastatel on kveeni keel leidnud aset ka massimeediasse, keelt p\u00fc\u00fctakse hoida elus keelepesade abil ja kveeni kirjakeelt arendatakse edasi. M\u00f5ned kveenid eelistavad kirjakeelena siiski&nbsp; soome standardkeelt.<\/p>\n\n\n\n<p>Kveeni keele ja kultuuri riiklik keskus Kveeni instituut asutati aastal 2005 ja on 2007. aastast alates tegutsenud t\u00e4ies mahus. Instituut saab Norra kultuuriministeeriumi baasfinantseeringut ja teeb koost\u00f6\u00f6d Porsangeri valla omavalitsuse, Norra Kveenide kohalike esindajate ning Troms\u00f8 ja Alta \u00fclikoolidega. Instituudi eesm\u00e4rk on arendada, dokumenteerida ja levitada teadmisi ning teavet kveeni keele ja kultuuri kohta ning edendada kveeni keele kasutamist \u00fchiskonnas.<\/p>\n\n\n\n<p>H\u00f5imul\u00f5imede liige Atte Huhtala on pidanud ERMi h\u00f5imuklubis ettekande me\u00e4lastest ja kveenidest:<\/p>\n\n\n\n<figure class=\"wp-block-embed is-type-video is-provider-youtube wp-block-embed-youtube wp-embed-aspect-16-9 wp-has-aspect-ratio\"><div class=\"wp-block-embed__wrapper\">\n<iframe loading=\"lazy\" title=\"ERMi h\u00f5imuklubi: Atte Huhtala \u201eMe\u00e4lased ja kveenid \u2013 k\u00f5ige p\u00f5hjapoolsemad l\u00e4\u00e4nemeresoomlased\u201d\" width=\"720\" height=\"405\" src=\"https:\/\/www.youtube.com\/embed\/IiFtL_9D5A8?feature=oembed\" frameborder=\"0\" allow=\"accelerometer; autoplay; clipboard-write; encrypted-media; gyroscope; picture-in-picture; web-share\" referrerpolicy=\"strict-origin-when-cross-origin\" allowfullscreen><\/iframe>\n<\/div><\/figure>\n\n\n\n<p><\/p>\n\n\n\n<div class=\"wp-block-otfm-box-spoiler-start otfm-sp__wrapper otfm-sp__box js-otfm-sp-box__closed otfm-sp__f5f5f5\" role=\"button\" tabindex=\"0\" aria-expanded=\"false\" data-otfm-spc=\"#f5f5f5\" style=\"text-align:left\"><div class=\"otfm-sp__title\"><strong><span class=\"has-inline-color has-vivid-red-color\">Muusika ja kultuur<\/span><\/strong><\/div><\/div>\n\n\n\n<p>Kveeni muusika: Karine &amp; Kine \u201eKadonu loru\u201c\u00a0<br><a href=\"https:\/\/www.youtube.com\/watch?v=M4KeIbGOnXw\">Kadonu loru &#8211; Kven music video<\/a><\/p>\n\n\n\n<p>Kveeni rahvalaul \u201eHyv\u00e4n illan\u201c<br><a href=\"https:\/\/www.youtube.com\/watch?v=hOMiH31-UvQ&amp;\">&#8220;Hyv\u00e4n Illan&#8221; &#8211; Kven Hymn<\/a><\/p>\n\n\n\n<p>Animatsioon kveeni muinasjutu ainetel (soome keeles)<br><a href=\"https:\/\/www.youtube.com\/watch?v=zHN9a5lxlsk\">Piru-Pekka &#8211; kveenien kansantarina<\/a><\/p>\n\n\n\n<p>Kveeni teater<br><a href=\"https:\/\/kvaaniteatteri.no\">https:\/\/kvaaniteatteri.no<\/a><\/p>\n\n\n\n<div class=\"wp-block-otfm-box-spoiler-end otfm-sp_end\"><\/div>\n\n\n\n<div class=\"wp-block-otfm-box-spoiler-start otfm-sp__wrapper otfm-sp__box js-otfm-sp-box__closed otfm-sp__f5f5f5\" role=\"button\" tabindex=\"0\" aria-expanded=\"false\" data-otfm-spc=\"#f5f5f5\" style=\"text-align:left\"><div class=\"otfm-sp__title\"><strong><span class=\"has-inline-color has-vivid-red-color\">Keele\u00f5ppe ressursid veebis<\/span><\/strong><\/div><\/div>\n\n\n\n<p>Kveeni uudisportaal (norra ja kveeni keeles)<br><a href=\"https:\/\/www.nrk.no\/kvensk\">https:\/\/www.nrk.no\/kvensk<\/a><\/p>\n\n\n\n<p>Ajaleht Ruijan kaiku (Ruija kaja)<br><a href=\"https:\/\/www.ruijan-kaiku.no\">https:\/\/www.ruijan-kaiku.no<\/a><\/p>\n\n\n\n<p>Kainun institutti &#8211; Kvensk institutt (Kveeni instituut)<br><a href=\"https:\/\/www.kvenskinstitutt.no\/\">https:\/\/www.kvenskinstitutt.no\/<\/a> <\/p>\n\n\n\n<p>Troms\u00f8 \u00fclikooli kveeni ja soome keele \u00f5ppekavad (inglise keeles)<br><a href=\"https:\/\/en.uit.no\/enhet\/isk\">https:\/\/en.uit.no\/enhet\/isk<\/a><\/p>\n\n\n\n<p>Troms\u00f8 \u00fclikooli kveeni ja soome keele resurssikogu:<br><a href=\"https:\/\/en.uit.no\/ub\/subjects\/sub?p_document_id=735812\">https:\/\/en.uit.no\/ub\/subjects\/sub?p_document_id=735812<\/a><\/p>\n\n\n\n<div class=\"wp-block-otfm-box-spoiler-end otfm-sp_end\"><\/div>\n\n\n\n<div class=\"wp-block-otfm-box-spoiler-start otfm-sp__wrapper otfm-sp__box js-otfm-sp-box__closed otfm-sp__f5f5f5\" role=\"button\" tabindex=\"0\" aria-expanded=\"false\" data-otfm-spc=\"#f5f5f5\" style=\"text-align:left\"><div class=\"otfm-sp__title\"><strong><mark style=\"background-color:rgba(0, 0, 0, 0)\" class=\"has-inline-color has-vivid-red-color\">\u00dchingud ja asutused<\/mark><\/strong><\/div><\/div>\n\n\n\n<p>Ruijan kv\u00e4\u00e4niliitto (Ruija kveenide liit)<br><a href=\"https:\/\/kvener.no\">https:\/\/kvener.no<\/a><\/p>\n\n\n\n<p>Kv\u00e4\u00e4ninuoret Instagramis (Kveenide noorsoo\u00fching)<br><a href=\"https:\/\/www.instagram.com\/kvenungdommen\">https:\/\/www.instagram.com\/kvenungdommen<\/a><\/p>\n\n\n\n<p>Haltiin kv\u00e4\u00e4nisentteri &#8211; Halti kvenkultursenter IKS (Halti kveenikultuuri keskus)<br><a href=\"https:\/\/www.kvenkultur.no\/\">https:\/\/www.kvenkultur.no\/<\/a><\/p>\n\n\n\n<p>Varangeri muuseum<br><a href=\"https:\/\/www.varangermuseum.no\/\">https:\/\/www.varangermuseum.no\/<\/a><\/p>\n\n\n\n<p>Norsk-finsk forbund &#8211; Norjalais-suomalainen liitto (Norra-soome liit)<br><a href=\"https:\/\/www.klubbinfo.no\/finskforb\/index.html\">https:\/\/www.klubbinfo.no\/finskforb\/index.html<\/a><\/p>\n\n\n\n<p>Kvensk Finsk Riksforbund &#8211; Kveeni Suomi Liitto (Kveeni-Soome-liit)<br><a href=\"https:\/\/kvenfinn.no\">https:\/\/kvenfinn.no<\/a><\/p>\n\n\n\n<div class=\"wp-block-otfm-box-spoiler-end otfm-sp_end\"><\/div>\n\n\n\n<p><br><\/p>\n","protected":false},"excerpt":{"rendered":"<p>Kveenid on P\u00f5hja-Norras Finnmarki ja Tromsi maakondades ehk Ruijas elav l\u00e4\u00e4nemeresoome v\u00e4hemusrahvas, kelle p\u00f5hjasoomlastest vaarisad r\u00e4ndasid J\u00e4\u00e4mere kallastele m\u00f5ni aastasada tagasi. Kveenide ajaloost Kveen on vana skandinaaviap\u00e4rane nimetus, mille t\u00e4psem taust ja kasutuslugu on mitmek\u00fclgne ja keeruline. See esineb juba 9. sajandil Ottari kroonikas, kuid nagu Tacituse aestide puhul, viidab nimetus ilmselt m\u00f5nele teisele ajaloolisele rahvale kui praegused kveenid. Igal juhul p\u00e4risid nad selle etnon\u00fc\u00fcmi &hellip; <a href=\"https:\/\/hoimuloimed.ee\/index.php\/hoimurahvad-ja-keeled\/kveenid\/\" class=\"more-link\">Continue reading <span class=\"screen-reader-text\">Kveenid<\/span><\/a><\/p>\n","protected":false},"author":1,"featured_media":0,"parent":221,"menu_order":0,"comment_status":"closed","ping_status":"closed","template":"","meta":{"footnotes":""},"class_list":["post-1428","page","type-page","status-publish","hentry"],"_links":{"self":[{"href":"https:\/\/hoimuloimed.ee\/index.php\/wp-json\/wp\/v2\/pages\/1428","targetHints":{"allow":["GET"]}}],"collection":[{"href":"https:\/\/hoimuloimed.ee\/index.php\/wp-json\/wp\/v2\/pages"}],"about":[{"href":"https:\/\/hoimuloimed.ee\/index.php\/wp-json\/wp\/v2\/types\/page"}],"author":[{"embeddable":true,"href":"https:\/\/hoimuloimed.ee\/index.php\/wp-json\/wp\/v2\/users\/1"}],"replies":[{"embeddable":true,"href":"https:\/\/hoimuloimed.ee\/index.php\/wp-json\/wp\/v2\/comments?post=1428"}],"version-history":[{"count":2,"href":"https:\/\/hoimuloimed.ee\/index.php\/wp-json\/wp\/v2\/pages\/1428\/revisions"}],"predecessor-version":[{"id":1434,"href":"https:\/\/hoimuloimed.ee\/index.php\/wp-json\/wp\/v2\/pages\/1428\/revisions\/1434"}],"up":[{"embeddable":true,"href":"https:\/\/hoimuloimed.ee\/index.php\/wp-json\/wp\/v2\/pages\/221"}],"wp:attachment":[{"href":"https:\/\/hoimuloimed.ee\/index.php\/wp-json\/wp\/v2\/media?parent=1428"}],"curies":[{"name":"wp","href":"https:\/\/api.w.org\/{rel}","templated":true}]}}