{"id":144,"date":"2020-10-22T11:55:13","date_gmt":"2020-10-22T08:55:13","guid":{"rendered":"http:\/\/www.hoimuloimed.ee\/?page_id=144"},"modified":"2023-11-19T14:12:29","modified_gmt":"2023-11-19T11:12:29","slug":"liikmed","status":"publish","type":"page","link":"https:\/\/hoimuloimed.ee\/index.php\/kes-me-oleme\/liikmed\/","title":{"rendered":"Loe, kuidas on soome-ugri liikumiseni j\u00f5udnud H\u00f5imul\u00f5imede liikmed"},"content":{"rendered":"\n<blockquote class=\"wp-block-quote is-layout-flow wp-block-quote-is-layout-flow\"><p>Kuidas saaksime l\u00f5puni m\u00f5ista omaenese minevikku, tundmata sugulaste ja naabrite omi? Just see k\u00fcsimus pani mind \u00fclikoolis arheoloogiat \u00f5ppides pilku p\u00f6\u00f6rama h\u00f5imurahvaste uskumustele ja kommetele. Mitmedki asjad said t\u00e4nu neile m\u00e4rksa selgemaks, kuid pildi avardumisega kasvas huvi \u00fchtlasi ka soome-ugri t\u00e4nap\u00e4eva vastu. Eriti on mind k\u00f6itnud, mil viisil kasutavad eri rahvad p\u00f5lvkondade jooksul kogunenud kultuurip\u00e4randit oma kaasaegses elus \u2013 n\u00e4iteks muusikas, kunstis v\u00f5i iseolemise m\u00f5testamisel. Ning pean t\u00f5dema, et see k\u00f5ik on \u00fclimalt mitmekesine, kaasahaarav ja inspireeriv.<\/p><cite>&#8212; Anti Lillak<\/cite><\/blockquote>\n\n\n\n<blockquote class=\"wp-block-quote is-layout-flow wp-block-quote-is-layout-flow\"><p>Olen alati olnud hea keelevaistuga ning huvitatud erinevatest kultuuridest. Teadsin lapsena, et eestlased ja soomlased on \u201cvennasrahvad\u201d, ent mind hakkas paeluma, kes meie suguseltsi veel kuuluvad. Hakkasin selle kohta uurima, otsisin sotsiaalmeediast ka lisainfot ning leidsin toreda grupi Eestis elavate noortega, kes soome-ugrindusest huvitatud on ning seda ka laiemale ringile jagada tahab! Nii olengi H\u00f5imul\u00f5imede ustav liige ning loodan, et minu huvi soome-ugri eluolu vastu innustab ka teisi noori oma juurte ja l\u00f5imede juurde naasma.<\/p><cite>&#8212; Britt-Kathleen Mere<\/cite><\/blockquote>\n\n\n\n<blockquote class=\"wp-block-quote is-layout-flow wp-block-quote-is-layout-flow\"><p>Olen p\u00e4rit Saksamaalt, kuid minu emapoolsed juured on Eestis. Olles \u00fcles kasvanud kakskeelses peres, milles v\u00e4iksemast (eesti) keelest loobuti suurema (saksa) keele kasuks, olen ise kogenud olukorda, mil oma emakeele \u00f5ppimine ei tundunud iseenesestm\u00f5istetavana. Ent minul oli v\u00f5imalus tulla Eestisse &#8212; enamike teiste soome-ugri keelte k\u00f5nelejad on aga ka enda kodumaades v\u00e4hemuses. Olen Tartu \u00dclikoolis \u00f5ppinud muu hulgas soome ja ungari filoloogiat, kuid s\u00fcdamel\u00e4hedased on olnud just v\u00e4iksemad soome-ugri keeled.<\/p><cite>&#8212; Merit Niinem\u00e4gi<\/cite><\/blockquote>\n\n\n\n<blockquote class=\"wp-block-quote is-layout-flow wp-block-quote-is-layout-flow\"><p>Kunagi, kui Inglismaal elasin ja hoopis muude asjadega tegelesin, saatis \u00fcks tuttav l\u00e4tlane mulle liivikeelse laulu lingi ja k\u00fcsis, kas ma saan s\u00f5nadest aru. Tekkis k\u00fcsimus, mis keel see selline on ja miks ta arvab, et ma v\u00f5iksin aru saada. Viisin ennast kurssi, millised sugulaskeeled \u00fcldse olemas on (seni olin v\u00e4iksematest rahvastest kuulnud vaid saamidest, maridest ja udmurtidest, viimastest ilmselt t\u00e4nu Eurovisioonile). Hakkasin n\u00e4gema paralleeli selle vahel, kuidas tunnen mina ennast riigis, kus minu emakeele k\u00f5nelejaid iga p\u00e4ev ei kohta, ja kuidas tunnevad ennast v\u00e4iksemate uurali rahvaste esindajad seal, kus nad on. Need m\u00f5tted j\u00e4id mitmeks aastaks ja vaikselt hakkasin unistama ka sellest, et ehk \u00f5nnestub \u00fchel p\u00e4eval Tartu \u00dclikoolis soome-ugri keeli \u00f5ppida. 2016. aastal Eestisse tagasi tulnuna tegin selle teoks ning samal aastal liitusin ka H\u00f5imul\u00f5imede eelk\u00e4ija FUNiga.<\/p><cite>&#8212; Carmen N\u00f5lvak<\/cite><\/blockquote>\n","protected":false},"excerpt":{"rendered":"<p>Kuidas saaksime l\u00f5puni m\u00f5ista omaenese minevikku, tundmata sugulaste ja naabrite omi? Just see k\u00fcsimus pani mind \u00fclikoolis arheoloogiat \u00f5ppides pilku p\u00f6\u00f6rama h\u00f5imurahvaste uskumustele ja kommetele. Mitmedki asjad said t\u00e4nu neile m\u00e4rksa selgemaks, kuid pildi avardumisega kasvas huvi \u00fchtlasi ka soome-ugri t\u00e4nap\u00e4eva vastu. Eriti on mind k\u00f6itnud, mil viisil kasutavad eri rahvad p\u00f5lvkondade jooksul kogunenud kultuurip\u00e4randit oma kaasaegses elus \u2013 n\u00e4iteks muusikas, kunstis v\u00f5i iseolemise m\u00f5testamisel. &hellip; <a href=\"https:\/\/hoimuloimed.ee\/index.php\/kes-me-oleme\/liikmed\/\" class=\"more-link\">Continue reading <span class=\"screen-reader-text\">Loe, kuidas on soome-ugri liikumiseni j\u00f5udnud H\u00f5imul\u00f5imede liikmed<\/span><\/a><\/p>\n","protected":false},"author":1,"featured_media":0,"parent":100,"menu_order":0,"comment_status":"closed","ping_status":"closed","template":"","meta":{"footnotes":""},"class_list":["post-144","page","type-page","status-publish","hentry"],"_links":{"self":[{"href":"https:\/\/hoimuloimed.ee\/index.php\/wp-json\/wp\/v2\/pages\/144","targetHints":{"allow":["GET"]}}],"collection":[{"href":"https:\/\/hoimuloimed.ee\/index.php\/wp-json\/wp\/v2\/pages"}],"about":[{"href":"https:\/\/hoimuloimed.ee\/index.php\/wp-json\/wp\/v2\/types\/page"}],"author":[{"embeddable":true,"href":"https:\/\/hoimuloimed.ee\/index.php\/wp-json\/wp\/v2\/users\/1"}],"replies":[{"embeddable":true,"href":"https:\/\/hoimuloimed.ee\/index.php\/wp-json\/wp\/v2\/comments?post=144"}],"version-history":[{"count":11,"href":"https:\/\/hoimuloimed.ee\/index.php\/wp-json\/wp\/v2\/pages\/144\/revisions"}],"predecessor-version":[{"id":1026,"href":"https:\/\/hoimuloimed.ee\/index.php\/wp-json\/wp\/v2\/pages\/144\/revisions\/1026"}],"up":[{"embeddable":true,"href":"https:\/\/hoimuloimed.ee\/index.php\/wp-json\/wp\/v2\/pages\/100"}],"wp:attachment":[{"href":"https:\/\/hoimuloimed.ee\/index.php\/wp-json\/wp\/v2\/media?parent=144"}],"curies":[{"name":"wp","href":"https:\/\/api.w.org\/{rel}","templated":true}]}}