{"id":150,"date":"2020-10-07T22:23:14","date_gmt":"2020-10-07T19:23:14","guid":{"rendered":"http:\/\/www.hoimuloimed.ee\/?page_id=150"},"modified":"2025-11-26T00:11:16","modified_gmt":"2025-11-25T21:11:16","slug":"projektid","status":"publish","type":"page","link":"https:\/\/hoimuloimed.ee\/index.php\/kes-me-oleme\/projektid\/","title":{"rendered":"Projektid"},"content":{"rendered":"\n<p><\/p>\n\n\n\n<div class=\"wp-block-media-text alignwide has-media-on-the-right is-vertically-aligned-center is-stacked-on-mobile\" style=\"grid-template-columns:auto 48%\"><div class=\"wp-block-media-text__content\">\n<h5 class=\"wp-block-heading has-text-align-left\"><a href=\"http:\/\/www.hoimuloimed.ee\/wp-admin\/post.php?post=150&amp;action=edit#\"><\/a><strong>L\u00fc\u00fcdi keele grammatika v\u00e4ljaandmine<\/strong><\/h5>\n\n\n\n<p>2024. aastal andis MT\u00dc H\u00f5imul\u00f5imed v\u00e4lja maailma esimese l\u00fc\u00fcdikeelse grammatika, l\u00fc\u00fcdi keeleteadlase Miikul Pahomovi loodud \u201eL\u00fc\u00fcdin grammatik. \u041b\u044e\u0434\u0438\u043a\u043e\u0432\u0441\u043a\u0430\u044f \u0433\u0440\u0430\u043c\u043c\u0430\u0442\u0438\u043a\u0430\u201c. Projekti juhtis Bog\u00e1ta Tim\u00e1r, raamatu kujundas Kustas Budrikas.&nbsp;<br>Raamatut esitleti 13. mail 2024 Tartu \u00dclikooli eesti ja \u00fcldkeeleteaduse instituudis. Autor Miikul Pahomov tutvustas l\u00fc\u00fcdi kirjanduse ajalugu ning esitas koos Viola Pekkaneniga vanemaid rahvalaule.&nbsp;<br>L\u00fc\u00fcdi grammatikat on v\u00f5imalik soetada meilt (<a href=\"mailto:info@hoimuloimed.ee\">info@hoimuloimed.ee<\/a>) v\u00f5i T\u00dc eesti ja \u00fcldkeeleteaduse instituudist. Teose digiversioon on tasuta allalaetav <a href=\"about:blank\">H\u00f5imul\u00f5imede kodulehelt<\/a> ja <a href=\"https:\/\/www.digar.ee\/arhiiv\/et\/raamatud\/280643\">Digitaalarhiivist Digar<\/a>.<br><em>Loe l\u00fc\u00fcdide kohta l\u00e4hemalt ka <\/em><a href=\"https:\/\/hoimuloimed.ee\/index.php\/hoimurahvad-ja-keeled\/luudid\/\"><em>siit<\/em><\/a><em>.<\/em><strong><em>&nbsp;<\/em><\/strong><\/p>\n<\/div><figure class=\"wp-block-media-text__media\"><img loading=\"lazy\" decoding=\"async\" width=\"1024\" height=\"1024\" src=\"https:\/\/hoimuloimed.ee\/wp-content\/uploads\/2025\/11\/Foto-1-1024x1024.jpg\" alt=\"\" class=\"wp-image-1423 size-full\" srcset=\"https:\/\/hoimuloimed.ee\/wp-content\/uploads\/2025\/11\/Foto-1-1024x1024.jpg 1024w, https:\/\/hoimuloimed.ee\/wp-content\/uploads\/2025\/11\/Foto-1-300x300.jpg 300w, https:\/\/hoimuloimed.ee\/wp-content\/uploads\/2025\/11\/Foto-1-150x150.jpg 150w, https:\/\/hoimuloimed.ee\/wp-content\/uploads\/2025\/11\/Foto-1-768x768.jpg 768w, https:\/\/hoimuloimed.ee\/wp-content\/uploads\/2025\/11\/Foto-1-90x90.jpg 90w, https:\/\/hoimuloimed.ee\/wp-content\/uploads\/2025\/11\/Foto-1.jpg 1500w\" sizes=\"auto, (max-width: 1024px) 100vw, 1024px\" \/><\/figure><\/div>\n\n\n\n<p><\/p>\n\n\n\n<div class=\"wp-block-media-text alignwide is-vertically-aligned-center is-stacked-on-mobile\" style=\"grid-template-columns:43% auto\"><figure class=\"wp-block-media-text__media\"><img loading=\"lazy\" decoding=\"async\" width=\"651\" height=\"924\" src=\"https:\/\/hoimuloimed.ee\/wp-content\/uploads\/2025\/11\/Soome-ugri-disko-2023.jpg\" alt=\"\" class=\"wp-image-1425 size-full\" srcset=\"https:\/\/hoimuloimed.ee\/wp-content\/uploads\/2025\/11\/Soome-ugri-disko-2023.jpg 651w, https:\/\/hoimuloimed.ee\/wp-content\/uploads\/2025\/11\/Soome-ugri-disko-2023-211x300.jpg 211w, https:\/\/hoimuloimed.ee\/wp-content\/uploads\/2025\/11\/Soome-ugri-disko-2023-63x90.jpg 63w\" sizes=\"auto, (max-width: 651px) 100vw, 651px\" \/><\/figure><div class=\"wp-block-media-text__content\">\n<h5 class=\"wp-block-heading has-text-align-left\"><strong>Soome-ugri diskod ja muusika esitusloendid<\/strong><\/h5>\n\n\n\n<p>Oleme korraldanud disko\u00f5htuid, kus m\u00e4ngime ainult uuralikeelset tantsulist muusikat. Stiililiselt katab meie diskorite valik k\u00f5ike, mis paneb puusa n\u00f5ksuma ja jala tatsuma \u2013 alates igihaljastest rahvalikest karmo\u0161kahittidest kuni raskeroki ja folktroonikani. Sedamoodi tutvustame h\u00f5imurahvaste muusikakultuuri ka laiemale publikule. Vahel oleme diskod p\u00fchendanud m\u00f5nele kindlale t\u00e4htp\u00e4evale, n\u00e4iteks mari sangari p\u00e4evale v\u00f5i handi-mansi varesep\u00e4evale.<br>Samuti oleme koostanud avalikke esitusloendeid uurali keeltes muusikaga <a href=\"https:\/\/open.spotify.com\/user\/31knwyiyzbn4h3t3nlo2zecz4sou?si=cc88676ea51b4ca3\">Spotify\u2019s<\/a> ja <a href=\"https:\/\/www.youtube.com\/@fennourg\/playlists\">Youtube\u2019is<\/a>. Nimekirjad on loodud nii stiilide kui keelte kaupa ning neid t\u00e4iendatakse pidevalt.<br>Loe \u00fche korraldaja Britt-Kathleeni <a href=\"https:\/\/hoimuloimed.ee\/index.php\/2023\/10\/19\/luhike-ulevaade-hoimuloimede-muusikalisest-tegevusest-spotify-ja-sugridisko\/\">muljeid<\/a> meie esimesest soome-ugri diskost 2023. aasta s\u00fcgisel ning Spotify\u2019 projektist.<br>Varesep\u00e4evale p\u00fchendatud disko plakatikujunduse <a href=\"https:\/\/hoimuloimed.ee\/index.php\/2025\/04\/09\/varesed-tanavail-ja-plakateil\/\">taustalugu<\/a>.<\/p>\n<\/div><\/div>\n\n\n\n<p><\/p>\n\n\n\n<div class=\"wp-block-group\"><div class=\"wp-block-group__inner-container is-layout-flow wp-block-group-is-layout-flow\">\n<div class=\"wp-block-group\"><div class=\"wp-block-group__inner-container is-layout-flow wp-block-group-is-layout-flow\">\n<div class=\"wp-block-media-text alignwide has-media-on-the-right is-vertically-aligned-center is-stacked-on-mobile\" style=\"grid-template-columns:auto 48%\"><div class=\"wp-block-media-text__content\">\n<h5 class=\"wp-block-heading has-text-align-left\">Soome-ugri rahvaste tutvustamine kooli\u00f5pilastele<\/h5>\n\n\n\n<p class=\"has-text-align-left\">H\u00f5imul\u00f5imede liikmed k\u00e4ivad meeleldi koolides \u00f5pilastele soome-ugri rahvaid tutvustamas. Meie teemad on mitmekesised \u2013 uurali keeled, vanem ja uuem muusika, rahvakultuur ja -m\u00e4ngud jne. Teema kohendame vastavalt kooli soovidele ja \u00f5pilaste eagrupile. <\/p>\n\n\n\n<p><a href=\"http:\/\/www.hoimuloimed.ee\/index.php\/soome-ugri-rahvaste-tutvustamine-koolides\/\" target=\"_blank\" rel=\"noreferrer noopener\">Loe rohkem&#8230;<\/a><\/p>\n<\/div><figure class=\"wp-block-media-text__media\"><img loading=\"lazy\" decoding=\"async\" width=\"1024\" height=\"768\" src=\"http:\/\/www.hoimuloimed.ee\/wp-content\/uploads\/2020\/10\/Anna-koolis-1024x768.jpg\" alt=\"\" class=\"wp-image-482 size-full\" srcset=\"https:\/\/hoimuloimed.ee\/wp-content\/uploads\/2020\/10\/Anna-koolis-1024x768.jpg 1024w, https:\/\/hoimuloimed.ee\/wp-content\/uploads\/2020\/10\/Anna-koolis-300x225.jpg 300w, https:\/\/hoimuloimed.ee\/wp-content\/uploads\/2020\/10\/Anna-koolis-768x576.jpg 768w, https:\/\/hoimuloimed.ee\/wp-content\/uploads\/2020\/10\/Anna-koolis-1536x1152.jpg 1536w, https:\/\/hoimuloimed.ee\/wp-content\/uploads\/2020\/10\/Anna-koolis-120x90.jpg 120w, https:\/\/hoimuloimed.ee\/wp-content\/uploads\/2020\/10\/Anna-koolis.jpg 2048w\" sizes=\"auto, (max-width: 1024px) 100vw, 1024px\" \/><\/figure><\/div>\n\n\n\n<p><\/p>\n\n\n\n<div class=\"wp-block-media-text alignwide is-vertically-aligned-center is-stacked-on-mobile\" style=\"grid-template-columns:41% auto\"><figure class=\"wp-block-media-text__media\"><img loading=\"lazy\" decoding=\"async\" width=\"722\" height=\"1024\" src=\"http:\/\/www.hoimuloimed.ee\/wp-content\/uploads\/2020\/10\/soome-ugri-koomiksid-postkaart-722x1024.jpg\" alt=\"\" class=\"wp-image-184 size-full\" srcset=\"https:\/\/hoimuloimed.ee\/wp-content\/uploads\/2020\/10\/soome-ugri-koomiksid-postkaart-722x1024.jpg 722w, https:\/\/hoimuloimed.ee\/wp-content\/uploads\/2020\/10\/soome-ugri-koomiksid-postkaart-211x300.jpg 211w, https:\/\/hoimuloimed.ee\/wp-content\/uploads\/2020\/10\/soome-ugri-koomiksid-postkaart-768x1090.jpg 768w, https:\/\/hoimuloimed.ee\/wp-content\/uploads\/2020\/10\/soome-ugri-koomiksid-postkaart-1083x1536.jpg 1083w, https:\/\/hoimuloimed.ee\/wp-content\/uploads\/2020\/10\/soome-ugri-koomiksid-postkaart-1444x2048.jpg 1444w, https:\/\/hoimuloimed.ee\/wp-content\/uploads\/2020\/10\/soome-ugri-koomiksid-postkaart-63x90.jpg 63w, https:\/\/hoimuloimed.ee\/wp-content\/uploads\/2020\/10\/soome-ugri-koomiksid-postkaart.jpg 1748w\" sizes=\"auto, (max-width: 722px) 100vw, 722px\" \/><\/figure><div class=\"wp-block-media-text__content\">\n<h5 class=\"wp-block-heading has-text-align-left\">Soome-ugri koomiksin\u00e4ituse levitamine<\/h5>\n\n\n\n<p>Soome-ugri koomiksid on s\u00fcndinud 2015. aastal rahvusvahelisest kogukonnaprojektist \u201eElav keel\u201d (\u201eThe Living Language\u201d), &nbsp;mille eestvedajateks on Sanna Hukkanen ja Katri Silvonen Soome Vabariigist ning Anna Voronkova Venemaa F\u00f6deratsiooni Komi Vabariigist. Algatuse peamisi eesm\u00e4rke on toetada v\u00e4ikseid soome-ugri kogukondi omakeelsuse hoidmisel, korraldades keeleaktivistidele koomiksite t\u00f6\u00f6tubasid. Sel viisil pakutakse kahanevate k\u00f5nelejaskondadega soome-ugri keeltele t\u00e4nap\u00e4evaseid enesev\u00e4ljendusv\u00f5imalusi, julgustades ka noori oma emakeelt rohkem kasutama. <br>H\u00f5imul\u00f5imed korraldab n\u00e4ituseid eri Eesti paikades, et t\u00f6\u00f6tubades valminuid soome-ugri koomikseid levitada ka laiema avalikkuse seas.<\/p>\n\n\n\n<p><a rel=\"noreferrer noopener\" href=\"http:\/\/www.hoimuloimed.ee\/index.php\/soome-ugri-koomiksite-naitus\/\" target=\"_blank\">Loe rohkem&#8230;<\/a><\/p>\n<\/div><\/div>\n\n\n\n<p><\/p>\n\n\n\n<div class=\"wp-block-media-text alignwide has-media-on-the-right is-vertically-aligned-center is-stacked-on-mobile\" style=\"grid-template-columns:auto 48%\"><div class=\"wp-block-media-text__content\">\n<h5 class=\"wp-block-heading has-text-align-left\"><a href=\"http:\/\/www.hoimuloimed.ee\/wp-admin\/post.php?post=150&amp;action=edit#\"><\/a>K\u00e4nnu Peal K\u00e4bi<\/h5>\n\n\n\n<p class=\"has-text-align-left\">M\u00f5ni aasta tagasi hakkasid m\u00f5ned meie liikmed poolnaljaga r\u00e4\u00e4kima soovist soome-ugri rahvaste sekka tuurile minna. Selleks oli muidugi vaja b\u00e4ndi ning ansambel K\u00e4nnu Peal K\u00e4bi saigi asutatud. Eesm\u00e4rgiks on \u00fchel heal p\u00e4eval p\u00fc\u00fcda k\u00f5ik uurali keeled oma laululugudesse.<\/p>\n\n\n\n<p><a href=\"http:\/\/www.hoimuloimed.ee\/index.php\/kannu-peal-kabi\/\" target=\"_blank\" rel=\"noreferrer noopener\">Loe rohkem&#8230;<\/a><\/p>\n<\/div><figure class=\"wp-block-media-text__media\"><img loading=\"lazy\" decoding=\"async\" width=\"750\" height=\"500\" src=\"http:\/\/www.hoimuloimed.ee\/wp-content\/uploads\/2020\/10\/kannu-peal-kabi.jpg\" alt=\"\" class=\"wp-image-163 size-full\" srcset=\"https:\/\/hoimuloimed.ee\/wp-content\/uploads\/2020\/10\/kannu-peal-kabi.jpg 750w, https:\/\/hoimuloimed.ee\/wp-content\/uploads\/2020\/10\/kannu-peal-kabi-300x200.jpg 300w, https:\/\/hoimuloimed.ee\/wp-content\/uploads\/2020\/10\/kannu-peal-kabi-135x90.jpg 135w\" sizes=\"auto, (max-width: 750px) 100vw, 750px\" \/><\/figure><\/div>\n\n\n\n<p><\/p>\n<\/div><\/div>\n\n\n\n<div class=\"wp-block-media-text alignwide is-vertically-aligned-center is-stacked-on-mobile\" style=\"grid-template-columns:43% auto\"><figure class=\"wp-block-media-text__media\"><img loading=\"lazy\" decoding=\"async\" width=\"1024\" height=\"683\" src=\"http:\/\/www.hoimuloimed.ee\/wp-content\/uploads\/2020\/10\/2018-ifusco-1024x683.jpg\" alt=\"\" class=\"wp-image-214 size-full\" srcset=\"https:\/\/hoimuloimed.ee\/wp-content\/uploads\/2020\/10\/2018-ifusco-1024x683.jpg 1024w, https:\/\/hoimuloimed.ee\/wp-content\/uploads\/2020\/10\/2018-ifusco-300x200.jpg 300w, https:\/\/hoimuloimed.ee\/wp-content\/uploads\/2020\/10\/2018-ifusco-768x512.jpg 768w, https:\/\/hoimuloimed.ee\/wp-content\/uploads\/2020\/10\/2018-ifusco-1536x1024.jpg 1536w, https:\/\/hoimuloimed.ee\/wp-content\/uploads\/2020\/10\/2018-ifusco-135x90.jpg 135w, https:\/\/hoimuloimed.ee\/wp-content\/uploads\/2020\/10\/2018-ifusco.jpg 2048w\" sizes=\"auto, (max-width: 1024px) 100vw, 1024px\" \/><\/figure><div class=\"wp-block-media-text__content\">\n<h5 class=\"wp-block-heading has-text-align-left\">34. rahvusvaheline soome-ugri tudengite konverents (IFUSCO XXIV)   <\/h5>\n\n\n\n<p class=\"has-text-align-left\">2018. aastal toimus Tartus 34. rahvusvaheline soome-ugri tudengite konverents, mille korraldamises l\u00f5id H\u00f5imul\u00f5imede liikmed kaasa nii peakorraldajate kui ka vabatahtlikena. Konverentsil osales \u00fcle 180 tudengi maailma eri paikadest.<\/p>\n<\/div><\/div>\n\n\n\n<p><\/p>\n<\/div><\/div>\n\n\n\n<p><\/p>\n","protected":false},"excerpt":{"rendered":"<p>L\u00fc\u00fcdi keele grammatika v\u00e4ljaandmine 2024. aastal andis MT\u00dc H\u00f5imul\u00f5imed v\u00e4lja maailma esimese l\u00fc\u00fcdikeelse grammatika, l\u00fc\u00fcdi keeleteadlase Miikul Pahomovi loodud \u201eL\u00fc\u00fcdin grammatik. \u041b\u044e\u0434\u0438\u043a\u043e\u0432\u0441\u043a\u0430\u044f \u0433\u0440\u0430\u043c\u043c\u0430\u0442\u0438\u043a\u0430\u201c. Projekti juhtis Bog\u00e1ta Tim\u00e1r, raamatu kujundas Kustas Budrikas.&nbsp;Raamatut esitleti 13. mail 2024 Tartu \u00dclikooli eesti ja \u00fcldkeeleteaduse instituudis. Autor Miikul Pahomov tutvustas l\u00fc\u00fcdi kirjanduse ajalugu ning esitas koos Viola Pekkaneniga vanemaid rahvalaule.&nbsp;L\u00fc\u00fcdi grammatikat on v\u00f5imalik soetada meilt (info@hoimuloimed.ee) v\u00f5i T\u00dc eesti ja &hellip; <a href=\"https:\/\/hoimuloimed.ee\/index.php\/kes-me-oleme\/projektid\/\" class=\"more-link\">Continue reading <span class=\"screen-reader-text\">Projektid<\/span><\/a><\/p>\n","protected":false},"author":1,"featured_media":0,"parent":100,"menu_order":0,"comment_status":"closed","ping_status":"closed","template":"","meta":{"footnotes":""},"class_list":["post-150","page","type-page","status-publish","hentry"],"_links":{"self":[{"href":"https:\/\/hoimuloimed.ee\/index.php\/wp-json\/wp\/v2\/pages\/150","targetHints":{"allow":["GET"]}}],"collection":[{"href":"https:\/\/hoimuloimed.ee\/index.php\/wp-json\/wp\/v2\/pages"}],"about":[{"href":"https:\/\/hoimuloimed.ee\/index.php\/wp-json\/wp\/v2\/types\/page"}],"author":[{"embeddable":true,"href":"https:\/\/hoimuloimed.ee\/index.php\/wp-json\/wp\/v2\/users\/1"}],"replies":[{"embeddable":true,"href":"https:\/\/hoimuloimed.ee\/index.php\/wp-json\/wp\/v2\/comments?post=150"}],"version-history":[{"count":42,"href":"https:\/\/hoimuloimed.ee\/index.php\/wp-json\/wp\/v2\/pages\/150\/revisions"}],"predecessor-version":[{"id":1427,"href":"https:\/\/hoimuloimed.ee\/index.php\/wp-json\/wp\/v2\/pages\/150\/revisions\/1427"}],"up":[{"embeddable":true,"href":"https:\/\/hoimuloimed.ee\/index.php\/wp-json\/wp\/v2\/pages\/100"}],"wp:attachment":[{"href":"https:\/\/hoimuloimed.ee\/index.php\/wp-json\/wp\/v2\/media?parent=150"}],"curies":[{"name":"wp","href":"https:\/\/api.w.org\/{rel}","templated":true}]}}