{"id":221,"date":"2020-10-21T12:46:36","date_gmt":"2020-10-21T09:46:36","guid":{"rendered":"http:\/\/www.hoimuloimed.ee\/?page_id=221"},"modified":"2024-12-03T16:54:25","modified_gmt":"2024-12-03T13:54:25","slug":"hoimurahvad-ja-keeled","status":"publish","type":"page","link":"https:\/\/hoimuloimed.ee\/index.php\/hoimurahvad-ja-keeled\/","title":{"rendered":"H\u00f5imurahvad ja -keeled"},"content":{"rendered":"\n<p>Siia lehele on H\u00f5imul\u00f5imed koondanud kokku l\u00fchi\u00fclevaated uurali rahvastest koos viidetega meie kirjutistele, ettekannetele ja muudele teemakohastele tegemistele. Samuti pakume h\u00f5imurahvaste huvilistele valikut internetis leiduvatest eri keelte keele\u00f5ppematerjalidest ning neis keeltes avaldatud muusikast ja filmidest. T\u00e4iendame nimekirju pidevalt.<\/p>\n\n\n\n<style>\n\t#hotspot-1003 .hotspots-image-container,\n\t#hotspot-1003 .leaflet-container {\n\t\tbackground: #efefef\t}\n\n\t#hotspot-1003 .hotspots-placeholder {\n\t\tbackground: #ffffff;\n\t\tborder: 0 #ffffff solid;\n\t\tcolor: #000000;\n\t}\n\n\t#hotspot-1003 .hotspot-title {\n\t\tcolor: #000000;\n\t}\n\n\t\t\t#hotspot-1003 .hotspot-default {\n\t\t\tstroke-width: 1;\n\t\t\tfill: #ffffff;\n\t\t\tfill-opacity: 0;\n\t\t\tstroke: #ffffff;\n\t\t\tstroke-opacity: 0;\n\t\t}\n\t\t#hotspot-1003 .hotspot-default:hover,\n\t\t#hotspot-1003 .hotspot-default:focus-visible,\n\t\t#hotspot-1003 .hotspot-default.hotspot-active {\n\t\t\tfill: #222222;\n\t\t\tfill-opacity: 0.81;\n\t\t\tstroke: #000000;\n\t\t\tstroke-opacity: 0.81;\n\t\t}\n\t\t#hotspot-1003 .leaflet-tooltip,\n\t#hotspot-1003 .leaflet-rrose-content-wrapper {\n\t\tbackground: #ffffff;\n\t\tborder-color: #ffffff;\n\t\tcolor: #000000;\n\t}\n\n\t#hotspot-1003 a.leaflet-rrose-close-button {\n\t\tcolor: #000000;\n\t}\n\n\t#hotspot-1003 .leaflet-rrose-tip {\n\t\tbackground: #ffffff;\n\t}\n\n\t#hotspot-1003 .leaflet-popup-scrolled {\n\t\tborder-bottom-color: #000000;\n\t\tborder-top-color: #000000;\n\t}\n\n\t#hotspot-1003 .leaflet-tooltip-top:before {\n\t\tborder-top-color: #ffffff;\n\t}\n\n\t#hotspot-1003 .leaflet-tooltip-bottom:before {\n\t\tborder-bottom-color: #ffffff;\n\t}\n\t#hotspot-1003 .leaflet-tooltip-left:before {\n\t\tborder-left-color: #ffffff;\n\t}\n\t#hotspot-1003 .leaflet-tooltip-right:before {\n\t\tborder-right-color: #ffffff;\n\t}\n<\/style>\n\n\t\n\t<div class=\"hotspots-container links-only layout-left event-click\" id=\"hotspot-1003\" data-layout=\"left\" data-trigger=\"click\">\n\t\t<div class=\"hotspots-interaction\">\n\t\t\t<div class=\"hotspots-image-container\">\n\t<img\n\t\twidth=\"900\"\n\t\theight=\"642\"\n\t\tsrc=\"https:\/\/hoimuloimed.ee\/wp-content\/uploads\/2023\/11\/yldkaart2-2.jpg\"\n\t\talt=\"Soome-ugri rahvaste kaart\"\n\t\tclass=\"hotspots-image skip-lazy\"\n\t\tusemap=\"#hotspots-image-1003\"\n\t\tdata-image-title=\"Soome-ugri rahvaste kaart\"\n\t\tdata-image-description=\"\"\n\t\tdata-event-trigger=\"click\"\n\t\tdata-always-visible=\"false\"\n\t\tdata-id=\"1003\"\n\t\tdata-no-lazy=\"1\"\n\t\tdata-lazy-src=\"\"\n\t\tdata-lazy=\"false\"\n\t\tloading=\"eager\"\n\t\tdata-skip-lazy=\"1\"\n\t\t>\n<\/div>\t\t<\/div>\n\t\t<map name=\"hotspots-image-1003\" class=\"hotspots-map\">\n\t\t\t\t\t\t\t\t\t\t\t<area\n\t\t\t\t\tshape=\"polygon\"\n\t\t\t\t\tcoords=\"210,147,188,156,167,160,156,163,146,189,150,209,172,218,205,209,228,196,243,197,248,180,272,174,287,165,310,158,329,177,344,168,344,192,362,201,370,213,395,232,418,229,420,211,403,192,386,166,375,154,351,140,368,136,351,121,325,108,287,108,268,112,227,136\"\n\t\t\t\t\thref=\"https:\/\/hoimuloimed.ee\/index.php\/hoimurahvad-ja-keeled\/saamid\/\"\n\t\t\t\t\trel=\"\"\n\t\t\t\t\ttitle=\"Saamid\"\n\t\t\t\t\talt=\"Saamid\"\n\t\t\t\t\tdata-action=\"url\"\n\t\t\t\t\tdata-color-scheme=\"\"\n\t\t\t\t\ttarget=\"\"\n\t\t\t\t\tclass=\"url-area\"\n\t\t\t\t\t>\n\t\t\t\t\t\t\t\t\t\t\t<area\n\t\t\t\t\tshape=\"polygon\"\n\t\t\t\t\tcoords=\"219,307,212,308,208,309,204,305,200,306,201,310,195,312,190,316,189,323,202,320,208,324,211,333,225,339,228,350,236,348,235,336,241,327,245,331,255,323,238,310,228,308\"\n\t\t\t\t\thref=\"https:\/\/hoimuloimed.ee\/index.php\/hoimurahvad-ja-keeled\/eestlased\/\"\n\t\t\t\t\trel=\"\"\n\t\t\t\t\ttitle=\"Eestlased\"\n\t\t\t\t\talt=\"Eestlased\"\n\t\t\t\t\tdata-action=\"url\"\n\t\t\t\t\tdata-color-scheme=\"\"\n\t\t\t\t\ttarget=\"\"\n\t\t\t\t\tclass=\"url-area\"\n\t\t\t\t\t>\n\t\t\t\t\t\t\t\t\t\t\t<area\n\t\t\t\t\tshape=\"polygon\"\n\t\t\t\t\tcoords=\"238,342,225,346,233,354,227,370,227,387,252,387,259,387,258,368,236,367,237,348\"\n\t\t\t\t\thref=\"https:\/\/hoimuloimed.ee\/index.php\/hoimurahvad-ja-keeled\/setod\/\"\n\t\t\t\t\trel=\"\"\n\t\t\t\t\ttitle=\"Setod\"\n\t\t\t\t\talt=\"Setod\"\n\t\t\t\t\tdata-action=\"url\"\n\t\t\t\t\tdata-color-scheme=\"\"\n\t\t\t\t\ttarget=\"\"\n\t\t\t\t\tclass=\"url-area\"\n\t\t\t\t\t>\n\t\t\t\t\t\t\t\t\t\t\t<area\n\t\t\t\t\tshape=\"polygon\"\n\t\t\t\t\tcoords=\"257,322,252,328,261,330,219,330,220,350,275,349,274,331,263,325\"\n\t\t\t\t\thref=\"https:\/\/hoimuloimed.ee\/index.php\/hoimurahvad-ja-keeled\/vadjalased\/\"\n\t\t\t\t\trel=\"\"\n\t\t\t\t\ttitle=\"Vadjalased\"\n\t\t\t\t\talt=\"Vadjalased\"\n\t\t\t\t\tdata-action=\"url\"\n\t\t\t\t\tdata-color-scheme=\"\"\n\t\t\t\t\ttarget=\"\"\n\t\t\t\t\tclass=\"url-area\"\n\t\t\t\t\t>\n\t\t\t\t\t\t\t\t\t\t\t<area\n\t\t\t\t\tshape=\"polygon\"\n\t\t\t\t\tcoords=\"183,326,176,331,182,331,175,336,141,336,142,354,186,354,187,337,182,336,186,330,191,333,194,327,189,327\"\n\t\t\t\t\thref=\"https:\/\/hoimuloimed.ee\/index.php\/hoimurahvad-ja-keeled\/liivlased\/\"\n\t\t\t\t\trel=\"\"\n\t\t\t\t\ttitle=\"Liivlased\"\n\t\t\t\t\talt=\"Liivlased\"\n\t\t\t\t\tdata-action=\"url\"\n\t\t\t\t\tdata-color-scheme=\"\"\n\t\t\t\t\ttarget=\"\"\n\t\t\t\t\tclass=\"url-area\"\n\t\t\t\t\t>\n\t\t\t\t\t\t\t\t\t\t\t<area\n\t\t\t\t\tshape=\"polygon\"\n\t\t\t\t\tcoords=\"402,430,397,431,401,444,412,446,416,456,426,454,429,446,435,447,442,437,439,434,436,430,433,426,419,430,414,432\"\n\t\t\t\t\thref=\"https:\/\/hoimuloimed.ee\/index.php\/hoimurahvad-ja-keeled\/marid\/\"\n\t\t\t\t\trel=\"\"\n\t\t\t\t\ttitle=\"Marid\"\n\t\t\t\t\talt=\"Marid\"\n\t\t\t\t\tdata-action=\"url\"\n\t\t\t\t\tdata-color-scheme=\"\"\n\t\t\t\t\ttarget=\"\"\n\t\t\t\t\tclass=\"url-area\"\n\t\t\t\t\t>\n\t\t\t\t\t\t\t\t\t\t\t<area\n\t\t\t\t\tshape=\"polygon\"\n\t\t\t\t\tcoords=\"505,258,493,260,490,274,465,292,457,295,448,288,441,292,435,308,442,324,456,319,460,340,452,351,446,362,438,366,437,382,443,395,451,384,461,379,467,373,471,387,477,392,493,394,482,401,475,400,469,402,471,408,483,411,496,411,503,398,502,379,502,368,492,362,503,357,509,346,508,331,523,355,538,345,542,329,549,308,557,293,574,283,583,269,593,254,580,255,568,256,550,255,540,251,522,262\"\n\t\t\t\t\thref=\"https:\/\/hoimuloimed.ee\/index.php\/hoimurahvad-ja-keeled\/komid\/\"\n\t\t\t\t\trel=\"\"\n\t\t\t\t\ttitle=\"Komid\"\n\t\t\t\t\talt=\"Komid\"\n\t\t\t\t\tdata-action=\"url\"\n\t\t\t\t\tdata-color-scheme=\"\"\n\t\t\t\t\ttarget=\"\"\n\t\t\t\t\tclass=\"url-area\"\n\t\t\t\t\t>\n\t\t\t\t\t\t\t\t\t\t\t<area\n\t\t\t\t\tshape=\"polygon\"\n\t\t\t\t\tcoords=\"43,464,30,468,23,488,29,512,44,531,67,547,83,535,96,536,109,544,122,546,122,526,122,513,121,501,102,492,91,473,72,469,58,463\"\n\t\t\t\t\thref=\"https:\/\/hoimuloimed.ee\/index.php\/hoimurahvad-ja-keeled\/ungarlased\/\"\n\t\t\t\t\trel=\"\"\n\t\t\t\t\ttitle=\"Ungarlased\"\n\t\t\t\t\talt=\"Ungarlased\"\n\t\t\t\t\tdata-action=\"url\"\n\t\t\t\t\tdata-color-scheme=\"\"\n\t\t\t\t\ttarget=\"\"\n\t\t\t\t\tclass=\"url-area\"\n\t\t\t\t\t>\n\t\t\t\t\t\t\t\t\t\t\t<area\n\t\t\t\t\tshape=\"polygon\"\n\t\t\t\t\tcoords=\"607,262,599,264,592,269,579,280,579,288,570,291,577,312,585,317,600,320,599,337,587,355,576,361,587,367,602,373,618,384,622,415,634,422,644,420,658,434,686,431,722,451,721,426,730,417,730,386,738,365,723,358,723,351,704,359,693,354,671,348,657,351,643,361,631,355,625,344,634,330,638,323,629,311,626,300,630,282,616,269\"\n\t\t\t\t\thref=\"https:\/\/hoimuloimed.ee\/index.php\/hoimurahvad-ja-keeled\/handid\/\"\n\t\t\t\t\trel=\"\"\n\t\t\t\t\ttitle=\"Handid\"\n\t\t\t\t\talt=\"Handid\"\n\t\t\t\t\tdata-action=\"url\"\n\t\t\t\t\tdata-color-scheme=\"\"\n\t\t\t\t\ttarget=\"\"\n\t\t\t\t\tclass=\"url-area\"\n\t\t\t\t\t>\n\t\t\t\t\t\t\t\t\t\t\t<area\n\t\t\t\t\tshape=\"polygon\"\n\t\t\t\t\tcoords=\"563,300,556,302,552,316,544,334,546,343,542,361,548,384,560,405,574,393,581,398,596,409,616,420,616,388,594,374,574,366,576,355,592,333,597,323,576,320,568,310\"\n\t\t\t\t\thref=\"https:\/\/hoimuloimed.ee\/index.php\/hoimurahvad-ja-keeled\/mansid\/\"\n\t\t\t\t\trel=\"\"\n\t\t\t\t\ttitle=\"Mansid\"\n\t\t\t\t\talt=\"Mansid\"\n\t\t\t\t\tdata-action=\"url\"\n\t\t\t\t\tdata-color-scheme=\"\"\n\t\t\t\t\ttarget=\"\"\n\t\t\t\t\tclass=\"url-area\"\n\t\t\t\t\t>\n\t\t\t\t\t\t\t\t\t\t\t<area\n\t\t\t\t\tshape=\"polygon\"\n\t\t\t\t\tcoords=\"750,260,742,260,718,278,718,290,709,300,708,308,724,330,724,354,739,363,741,372,732,389,735,416,725,428,722,444,737,455,763,442,782,430,804,412,818,399,803,386,777,371,777,358,785,345,771,322,772,293,774,274,763,267\"\n\t\t\t\t\thref=\"https:\/\/hoimuloimed.ee\/index.php\/hoimurahvad-ja-keeled\/solkupid\/\"\n\t\t\t\t\trel=\"\"\n\t\t\t\t\ttitle=\"S\u00f6lkupid\"\n\t\t\t\t\talt=\"S\u00f6lkupid\"\n\t\t\t\t\tdata-action=\"url\"\n\t\t\t\t\tdata-color-scheme=\"\"\n\t\t\t\t\ttarget=\"\"\n\t\t\t\t\tclass=\"url-area\"\n\t\t\t\t\t>\n\t\t\t\t\t\t\t\t\t\t\t<area\n\t\t\t\t\tshape=\"polygon\"\n\t\t\t\t\tcoords=\"439,203,442,213,438,228,438,241,438,254,462,268,480,266,482,277,492,258,509,254,529,257,538,248,567,254,581,246,567,235,583,226,595,231,597,244,614,256,623,271,634,287,627,307,645,326,627,345,639,359,654,345,683,347,701,359,722,349,722,329,715,315,705,301,712,291,717,278,747,255,757,241,758,225,753,216,755,182,743,169,735,168,726,182,720,179,724,169,727,163,713,168,704,159,687,155,681,159,689,164,684,166,676,168,686,179,693,185,675,180,671,162,669,148,664,165,657,172,657,181,665,198,663,217,669,225,686,222,693,234,695,247,704,250,689,245,688,228,680,224,665,233,669,249,660,270,645,278,640,268,655,255,658,237,655,224,654,205,654,187,646,175,654,153,630,148,624,172,612,190,613,208,613,219,619,215,630,228,624,242,598,218,584,207,565,207,554,194,553,203,564,213,568,223,559,229,554,231,555,219,540,228,527,225,516,230,517,222,523,214,503,221,504,227,495,223,476,229,471,234,465,233,456,244,448,237,447,228,459,227,458,214,454,207\"\n\t\t\t\t\thref=\"https:\/\/hoimuloimed.ee\/index.php\/hoimurahvad-ja-keeled\/neenetsid\/\"\n\t\t\t\t\trel=\"\"\n\t\t\t\t\ttitle=\"Neenetsid\"\n\t\t\t\t\talt=\"Neenetsid\"\n\t\t\t\t\tdata-action=\"url\"\n\t\t\t\t\tdata-color-scheme=\"\"\n\t\t\t\t\ttarget=\"\"\n\t\t\t\t\tclass=\"url-area\"\n\t\t\t\t\t>\n\t\t\t\t\t\t\t\t\t\t\t<area\n\t\t\t\t\tshape=\"polygon\"\n\t\t\t\t\tcoords=\"883,49,860,58,843,81,819,100,797,117,771,128,749,140,752,166,774,176,837,154,871,110,879,85,862,94,877,72\"\n\t\t\t\t\thref=\"https:\/\/hoimuloimed.ee\/index.php\/hoimurahvad-ja-keeled\/nganassaanid\/\"\n\t\t\t\t\trel=\"\"\n\t\t\t\t\ttitle=\"Nganassaanid\"\n\t\t\t\t\talt=\"Nganassaanid\"\n\t\t\t\t\tdata-action=\"url\"\n\t\t\t\t\tdata-color-scheme=\"\"\n\t\t\t\t\ttarget=\"\"\n\t\t\t\t\tclass=\"url-area\"\n\t\t\t\t\t>\n\t\t\t\t\t\t\t\t\t\t\t<area\n\t\t\t\t\tshape=\"polygon\"\n\t\t\t\t\tcoords=\"755,215,753,220,761,228,765,228,766,221,760,215,757,214,749,168,751,161,747,157,741,156,738,159,740,166,748,168\"\n\t\t\t\t\thref=\"https:\/\/hoimuloimed.ee\/index.php\/hoimurahvad-ja-keeled\/eenetsid\/\"\n\t\t\t\t\trel=\"\"\n\t\t\t\t\ttitle=\"Eenetsid\"\n\t\t\t\t\talt=\"Eenetsid\"\n\t\t\t\t\tdata-action=\"url\"\n\t\t\t\t\tdata-color-scheme=\"\"\n\t\t\t\t\ttarget=\"\"\n\t\t\t\t\tclass=\"url-area\"\n\t\t\t\t\t>\n\t\t\t\t\t\t\t\t\t\t\t<area\n\t\t\t\t\tshape=\"polygon\"\n\t\t\t\t\tcoords=\"466,416,462,414,458,414,458,418,459,422,459,427,453,430,450,431,453,434,453,437,450,438,450,441,453,443,452,445,448,447,447,449,448,453,448,457,444,457,438,457,436,458,437,462,440,466,446,467,452,465,458,461,462,461,463,458,461,453,464,453,469,455,473,457,473,452,474,446,477,439,481,430,481,424,475,420,469,420\"\n\t\t\t\t\thref=\"https:\/\/hoimuloimed.ee\/index.php\/hoimurahvad-ja-keeled\/udmurdid\/\"\n\t\t\t\t\trel=\"\"\n\t\t\t\t\ttitle=\"Udmurdid\"\n\t\t\t\t\talt=\"Udmurdid\"\n\t\t\t\t\tdata-action=\"url\"\n\t\t\t\t\tdata-color-scheme=\"\"\n\t\t\t\t\ttarget=\"\"\n\t\t\t\t\tclass=\"url-area\"\n\t\t\t\t\t>\n\t\t\t\t\t\t\t\t\t\t\t<area\n\t\t\t\t\tshape=\"polygon\"\n\t\t\t\t\tcoords=\"242,284,242,301,249,303,261,322,264,323,264,319,260,318,257,302,283,302,283,284\"\n\t\t\t\t\thref=\"https:\/\/hoimuloimed.ee\/index.php\/hoimurahvad-ja-keeled\/isurid\/\"\n\t\t\t\t\trel=\"\"\n\t\t\t\t\ttitle=\"Isurid\"\n\t\t\t\t\talt=\"Isurid\"\n\t\t\t\t\tdata-action=\"url\"\n\t\t\t\t\tdata-color-scheme=\"\"\n\t\t\t\t\ttarget=\"\"\n\t\t\t\t\tclass=\"url-area\"\n\t\t\t\t\t>\n\t\t\t\t\t\t\t\t\t\t\t<area\n\t\t\t\t\tshape=\"polygon\"\n\t\t\t\t\tcoords=\"326,320,326,318,322,319,320,315,323,312,324,309,326,308,327,310,330,314,331,317,331,320,327,320,327,324,332,329,334,334,333,339,331,345,326,348,319,348,314,347,313,344,314,340,314,335,311,330,308,324,313,323,317,326,321,327,327,324\"\n\t\t\t\t\thref=\"https:\/\/hoimuloimed.ee\/index.php\/hoimurahvad-ja-keeled\/vepslased\/\"\n\t\t\t\t\trel=\"\"\n\t\t\t\t\ttitle=\"Vepslased\"\n\t\t\t\t\talt=\"Vepslased\"\n\t\t\t\t\tdata-action=\"url\"\n\t\t\t\t\tdata-color-scheme=\"\"\n\t\t\t\t\ttarget=\"\"\n\t\t\t\t\tclass=\"url-area\"\n\t\t\t\t\t>\n\t\t\t\t\t\t\t\t\t\t\t<area\n\t\t\t\t\tshape=\"polygon\"\n\t\t\t\t\tcoords=\"381,457,379,457,377,460,377,463,382,461,383,458,386,461,383,465,382,469,384,474,385,477,381,483,379,488,384,489,387,489,386,492,382,493,378,493,377,495,379,497,383,501,381,503,377,502,374,503,371,508,372,513,374,519,376,522,379,520,381,516,386,519,387,515,388,511,393,513,397,510,396,507,400,505,402,506,407,504,434,512,435,505,438,498,439,493,433,492,427,495,424,493,425,491,419,489,420,485,426,486,430,489,435,485,439,482,445,485,450,489,455,494,459,499,460,503,459,507,459,513,456,515,452,512,449,507,445,507,443,510,447,521,450,523,448,527,445,529,441,528,441,523,445,521,442,510,439,513,436,516,435,513,406,502,407,499,408,496,401,495,397,493,397,487,400,483,403,483,405,478,408,473,407,470,403,472,400,471,398,465,398,460,396,455,392,456,390,458,392,460,392,463,388,462,386,463\"\n\t\t\t\t\thref=\"https:\/\/hoimuloimed.ee\/index.php\/hoimurahvad-ja-keeled\/ersad\/\"\n\t\t\t\t\trel=\"\"\n\t\t\t\t\ttitle=\"Ersad\"\n\t\t\t\t\talt=\"Ersad\"\n\t\t\t\t\tdata-action=\"url\"\n\t\t\t\t\tdata-color-scheme=\"\"\n\t\t\t\t\ttarget=\"\"\n\t\t\t\t\tclass=\"url-area\"\n\t\t\t\t\t>\n\t\t\t\t\t<\/map>\n\n\t\t\n\t\t\t\t\t\t\t\t\t\t\t\t\t\t\t\t\t\t\t\t\t\t\t\t\t\t\t\t\t\t\t\t\t\t\t\t\t\t\t\t\t\t\t\t\t\t\t\t\t\t\t\t\t\t\t\t\t<\/div>\n\n\n\n\n\n<h3 class=\"wp-block-heading\"><strong>Uurali keeled ja rahvad<\/strong><\/h3>\n\n\n\n<p>Uurali keelkond on mituk\u00fcmmet P\u00f5hja- ja Kesk-Euroopas ning Loode-Aasias k\u00f5neldavat keelt, sealhulgas eesti keelt h\u00f5lmav keelepere. Keeleteadus jaotab uurali keelkonna enamasti kahte suuremasse harusse \u2013 samojeedi ja soome-ugri keelteks. Viimane haruneb veel omakorda ugri, permi, mari, mordva, saami ja l\u00e4\u00e4nemeresoome keeler\u00fchmadeks. Eesti tavak\u00e4ibes kasutatakse terminit \u201csoome-ugri\u201d sageli k\u00f5ikide uurali keelte ja nende k\u00f5nelejate kohta.<\/p>\n\n\n\n<p>Nimi \u201cUurali keeled\u201d viitab levinud teooriale, mille kohaselt p\u00e4rinevad k\u00f5ik selle keelepere keeled minevikus Euroopa ja Aasia piiril Uurali m\u00e4eaheliku l\u00e4histel elanud rahva keelest. Uusimate seisukohtade j\u00e4rgi k\u00f5neldi seda niinimetatud alguurali keelt pigem Uurali m\u00e4gedest idas ning see jagunes samojeedi ja soome-ugri haruks umbes 4000\u20135000 aastat tagasi. L\u00e4\u00e4ne suunas hakkas soome-ugri kultuuriline m\u00f5ju laiemalt levima pronksiajal, arvatavasti n\u00f5ndanimetatud Seima-Turbino fenomeni ajal umbes 2200\u20131900 eKr. Arheoloogiliste leidude p\u00f5hjal otsustades j\u00f5udsid esimesed soomeugrilased Eesti alale v\u00f5ib-olla umbes 1000 eKr, kuid olulisemad sisser\u00e4ndelained idast leidsid aset peaasjalikult vahemikus 800\u2013500 eKr (nooremal pronksiajal).<\/p>\n\n\n\n<p>Alguurali keelest on t\u00e4nap\u00e4evastes uurali keeltes s\u00e4ilinud k\u00fcll vaid umbes 200\u2013300 s\u00f5na (peamiselt kehaosade, sugulussuhete, loodusn\u00e4htuste, arvude ja tavalisemate tegus\u00f5nade kohta), kuid lisaks esineb terve rida \u00fchiseid v\u00f5i sarnaseid tunnuseid, mis esinevad k\u00f5igil v\u00f5i enamikel uurali keeltel. N\u00e4iteks on neile iseloomulik j\u00e4relliidete ja tunnuste ning sellest l\u00e4htuvalt ka k\u00e4\u00e4nete rohkus (nende arv varieerub keeleti). Samuti puudub uurali keeltel grammatiline sugu, mis on iseloomulik n\u00e4iteks indoeuroopa keeltele.<\/p>\n\n\n\n<p>Uurali keelte omavaheline sugulus t\u00f5estati 18. sajandi l\u00f5pul. Sellest ajast alates on keelte ja rahvaste uurimisel tehtud \u00e4ra v\u00e4ga suur t\u00f6\u00f6, kuid uralistika t\u00f6\u00f6p\u00f5ld on j\u00e4tkuvalt v\u00e4ga lai. Keelt k\u00f5rvale j\u00e4ttes pole uurali rahvaste traditsioonilistest kultuuridest leitud olulisi \u00fchisjooni, mis p\u00e4rineksid kindlasti \u00fchistelt eellastelt. Samuti on uurali rahvaste geneetiline pilt v\u00f5rdlemisi mitmekesine. Siiski on alates 2010. aastatest kiiret arengut teinud vana DNA uurimine t\u00f5estanud, et paljude t\u00e4nap\u00e4eva P\u00f5hja-Euraasia meeste Y-kromosoomis sisaldav haplogrupp N3a p\u00e4rineb t\u00f5en\u00e4oliselt just uurali keelt k\u00f5nelenud esiisadelt.<\/p>\n\n\n\n<p>19. sajandi teisel poolel ja 20. sajandi alguses arenes seoses modernsete rahvuslike ideedega v\u00e4lja soome-ugri h\u00f5imuaade, mida v\u00f5ib pidada oluliseks uurali rahvaid \u00fchendavaks n\u00e4htuseks uuemal ajal. Nii moodustab soomeugrilus kaaluka tahu t\u00e4nap\u00e4eva eestlaste rahvuslikust identiteedist. Ka H\u00f5imul\u00f5imede tegemisi innustavad teadmine meie \u00fchisest p\u00e4ritolust, keelte ja kultuuride kokkupuutepunktide avastamine ning j\u00e4tkuv koostegemise r\u00f5\u00f5m.&nbsp;<\/p>\n\n\n\n<div class=\"wp-block-image\"><figure class=\"aligncenter\"><img decoding=\"async\" src=\"https:\/\/lh7-rt.googleusercontent.com\/docsz\/AD_4nXeNUIosHWtV0jN9mXkKE3_HfmIXHQas6Fcs5q_AW161HTXawfUopaZ3TK7lOTaHAe7TQ3NqQEwKtMAz8BXI0sDhc2rGwhHYpIVTUuQi20YuCJ8wVD3U8c7zln2RZJctd6jPLfR5?key=XB1aB7psLUDBxhdNlYSMJ-09\" alt=\"\"\/><figcaption>Pilt: Uurali keelepuu<br>(allikas: https:\/\/www.blog.keel.ut.ee\/horisont\/keelepuu\/)<\/figcaption><\/figure><\/div>\n\n\n\n<p><strong>Lisalugemist:<\/strong><\/p>\n\n\n\n<p><a href=\"https:\/\/drive.google.com\/file\/d\/1JI9FMtwXZIMf3OLZoszR_FNqalhFQa07\/edit\" target=\"_blank\" rel=\"noreferrer noopener\">Aivar Kriiska, Valter Lang, Heiki Valk, Kristiina Tambets, Lehti Saag, Mait Metspalu. Vana DNA \u2013 uus s\u00f5numitooja Eesti rahvastiku ajaloo kohta. \u2013 Tutulus. Eesti arheoloogia aastakiri. 2018, 5\u20138. <\/a><\/p>\n\n\n\n<p><a rel=\"noreferrer noopener\" href=\"https:\/\/drive.google.com\/file\/d\/1ON8zU9L79Lekvgwca6yO3sxMafKBGGf2\/view\" target=\"_blank\">Valter Lang. L\u00e4\u00e4nemeresoome juurte sasipundar. \u2013 Tutulus. Eesti arheoloogia aastakiri. 2017, 5\u20138.<\/a><\/p>\n\n\n\n<p><a rel=\"noreferrer noopener\" href=\"https:\/\/blog.erm.ee\/?p=14460\" target=\"_blank\">Anti Lillak. Algkodust L\u00e4\u00e4nemere \u00e4\u00e4rde. Tagasivaatekatse tuldud teele. <em>(kokkuv\u00f5te Valter Langi raamatus \u201cL\u00e4\u00e4nemeresoome tulemised\u201d (2018) esitatud seisukohtadest l\u00e4\u00e4nemeresoomlaste etnogeneesi kohta)<\/em> \u2013 ERMi blogi (ilmunud 4. m\u00e4rtsil 2021).<\/a><\/p>\n\n\n\n<p><a href=\"https:\/\/www.blog.keel.ut.ee\/horisont\/keelepuu\/\" target=\"_blank\" rel=\"noreferrer noopener\">Miina Norvik, K\u00fclli Prillop. Traditsiooniline keelepuu uues kuues. \u2013 Tartu \u00dclikooli eesti ja \u00fcldkeeleteaduse instituudi ajaveeb (ilmunud 6. veebruar 2021).<\/a><\/p>\n\n\n\n<p>T\u00e4nap\u00e4evase h\u00f5imuliikumise kohta Eestis pakub p\u00f5hjalikku informatsiooni <a rel=\"noreferrer noopener\" href=\"https:\/\/fennougria.ee\/\" target=\"_blank\">Fenno-Ugria Asutuse koduleht<\/a>.<\/p>\n","protected":false},"excerpt":{"rendered":"<p>Siia lehele on H\u00f5imul\u00f5imed koondanud kokku l\u00fchi\u00fclevaated uurali rahvastest koos viidetega meie kirjutistele, ettekannetele ja muudele teemakohastele tegemistele. Samuti pakume h\u00f5imurahvaste huvilistele valikut internetis leiduvatest eri keelte keele\u00f5ppematerjalidest ning neis keeltes avaldatud muusikast ja filmidest. T\u00e4iendame nimekirju pidevalt. Uurali keeled ja rahvad Uurali keelkond on mituk\u00fcmmet P\u00f5hja- ja Kesk-Euroopas ning Loode-Aasias k\u00f5neldavat keelt, sealhulgas eesti keelt h\u00f5lmav keelepere. Keeleteadus jaotab uurali keelkonna enamasti kahte suuremasse &hellip; <a href=\"https:\/\/hoimuloimed.ee\/index.php\/hoimurahvad-ja-keeled\/\" class=\"more-link\">Continue reading <span class=\"screen-reader-text\">H\u00f5imurahvad ja -keeled<\/span><\/a><\/p>\n","protected":false},"author":1,"featured_media":0,"parent":0,"menu_order":0,"comment_status":"closed","ping_status":"closed","template":"","meta":{"footnotes":""},"class_list":["post-221","page","type-page","status-publish","hentry"],"_links":{"self":[{"href":"https:\/\/hoimuloimed.ee\/index.php\/wp-json\/wp\/v2\/pages\/221","targetHints":{"allow":["GET"]}}],"collection":[{"href":"https:\/\/hoimuloimed.ee\/index.php\/wp-json\/wp\/v2\/pages"}],"about":[{"href":"https:\/\/hoimuloimed.ee\/index.php\/wp-json\/wp\/v2\/types\/page"}],"author":[{"embeddable":true,"href":"https:\/\/hoimuloimed.ee\/index.php\/wp-json\/wp\/v2\/users\/1"}],"replies":[{"embeddable":true,"href":"https:\/\/hoimuloimed.ee\/index.php\/wp-json\/wp\/v2\/comments?post=221"}],"version-history":[{"count":5,"href":"https:\/\/hoimuloimed.ee\/index.php\/wp-json\/wp\/v2\/pages\/221\/revisions"}],"predecessor-version":[{"id":1294,"href":"https:\/\/hoimuloimed.ee\/index.php\/wp-json\/wp\/v2\/pages\/221\/revisions\/1294"}],"wp:attachment":[{"href":"https:\/\/hoimuloimed.ee\/index.php\/wp-json\/wp\/v2\/media?parent=221"}],"curies":[{"name":"wp","href":"https:\/\/api.w.org\/{rel}","templated":true}]}}