{"id":619,"date":"2021-03-06T22:19:45","date_gmt":"2021-03-06T19:19:45","guid":{"rendered":"http:\/\/www.hoimuloimed.ee\/?page_id=619"},"modified":"2022-01-13T16:55:47","modified_gmt":"2022-01-13T13:55:47","slug":"setod","status":"publish","type":"page","link":"https:\/\/hoimuloimed.ee\/index.php\/hoimurahvad-ja-keeled\/setod\/","title":{"rendered":"Setod"},"content":{"rendered":"\n<p>Setod on l\u00e4\u00e4nemeresoome rahvas, kelle ajalugu on olnud tihedalt seotud eestlastega, eriti alates 20. sajandist. Setode p\u00f5line asuala Setomaa asub t\u00e4nap\u00e4eval Eesti kagunurgas (valdavalt V\u00f5ru maakonnas Setomaa vallas) ja Venemaa F\u00f6deratsiooni Pihkva oblasti Petseri rajoonis. Paljud setod on eriti alates n\u00f5ukogude ajast elama asunud \u00fcle Eesti (Tartusse, Tallinnasse, V\u00f5rru, P\u00f5lvasse, P\u00f5ltsamaale jm). Enne I maailmas\u00f5da r\u00e4ndas m\u00f5ni tuhat setot maasaamise lootuses Siberisse Krasnojarski kraisse, kus nende j\u00e4reltulijad elavad t\u00e4nap\u00e4evalgi.<\/p>\n\n\n\n<figure class=\"wp-block-image size-large is-style-default\"><img loading=\"lazy\" decoding=\"async\" width=\"866\" height=\"1024\" src=\"http:\/\/www.hoimuloimed.ee\/wp-content\/uploads\/2021\/03\/Setomaa-etniline-kaart-Anti-866x1024.jpg\" alt=\"\" class=\"wp-image-632\" srcset=\"https:\/\/hoimuloimed.ee\/wp-content\/uploads\/2021\/03\/Setomaa-etniline-kaart-Anti-866x1024.jpg 866w, https:\/\/hoimuloimed.ee\/wp-content\/uploads\/2021\/03\/Setomaa-etniline-kaart-Anti-254x300.jpg 254w, https:\/\/hoimuloimed.ee\/wp-content\/uploads\/2021\/03\/Setomaa-etniline-kaart-Anti-768x908.jpg 768w, https:\/\/hoimuloimed.ee\/wp-content\/uploads\/2021\/03\/Setomaa-etniline-kaart-Anti-1299x1536.jpg 1299w, https:\/\/hoimuloimed.ee\/wp-content\/uploads\/2021\/03\/Setomaa-etniline-kaart-Anti-1731x2048.jpg 1731w, https:\/\/hoimuloimed.ee\/wp-content\/uploads\/2021\/03\/Setomaa-etniline-kaart-Anti-76x90.jpg 76w\" sizes=\"auto, (max-width: 866px) 100vw, 866px\" \/><figcaption>Setode asuala 20. sajandi algul (kaardil punane). <br>Kaart: &#8220;Rahvusatlas: Setomaa&#8221; (Regio) 2019 j\u00e4rgi Anti Lillak.<\/figcaption><\/figure>\n\n\n\n<p>Setosid on \u00fcldiselt peetud eestlaste etniliseks r\u00fchmaks ning t\u00e4nap\u00e4eval peab ka suur osa setosid end \u00fchtlasi eestlasteks. 2002. aastal kuulutas esinduskogu Seto Kongress setod omaette rahvaks. Ka Venemaa F\u00f6deratsioonis on nad ametlikus v\u00e4ikesearvuliste rahvaste nimekirjas. Setod on alates keskajast olnud valdavalt \u00f5igeusku, teistest eestlastest on neid eristanud omalaadne mitmeh\u00e4\u00e4lne rahvalaul <em>leelo<\/em>, naiste rahvar\u00f5ivad ja ehted ning mitmed teised rahvakultuuri jooned, millest m\u00f5ningad on \u00fchised teistelegi idapoolsetele l\u00e4\u00e4nemeresoome rahvastele ning m\u00f5ned laenatud hilisemal ajal naabruses elavatelt venelastelt. Seto leelo on kantud UNESCO inimkonna vaimse kultuurip\u00e4randi esindusnimistusse.<\/p>\n\n\n\n<p>Seto keel, mida 2011. aasta rahvaloenduse andmetel k\u00f5neleb Eestis umbes 12&nbsp;500 inimest, kuulub l\u00f5unaeesti keele murrete hulka. Venemaal elab praegusel ajal m\u00f5nisada setot. Seto keel on l\u00e4hedane teiste l\u00f5unaeesti keelekujudega \u2013 v\u00f5ro, tartu ja mulgi keelega \u2013 ning selle sees eristatakse p\u00f5hja-, l\u00e4\u00e4ne- ja idamurrakut. Keele k\u00f5nelejaskond on vananev, Eestis elavad noored eelistavad omavahelises suhtluses pigem eesti, Venemaal vene keelt.<\/p>\n\n\n\n<p>Setode kohta leiab p\u00f5hjalikumat infot <a rel=\"noreferrer noopener\" href=\"https:\/\/fennougria.ee\/rahvad\/laanemeresoome-rahvad\/eestlased\/setod\/\" target=\"_blank\">Fenno-Ugria Asutuse kodulehelt<\/a> ja <a rel=\"noreferrer noopener\" href=\"https:\/\/setomaa.ee\" target=\"_blank\">Setomaa kodulehelt<\/a>. <\/p>\n\n\n\n<p>H\u00f5imul\u00f5imede matkaseltskond (kandsime siis veel r\u00f6\u00f6pnime Fenno-Ugria Noored) k\u00e4is Setomaad avastamas 2019. aasta detsembris, millest kirjutasime <a rel=\"noreferrer noopener\" href=\"http:\/\/www.hoimuloimed.ee\/index.php\/2019\/12\/20\/fun-kais-setomaal\" target=\"_blank\">blogiloo<\/a>. <\/p>\n\n\n\n<p>H\u00f5imul\u00f5imede liige Anti Lillak on Eesti Rahva Muuseumi h\u00f5imuklubis k\u00f5nelenud seto kultuuri kujunemise kohta k\u00e4inud arutelust l\u00e4bi aegade:<\/p>\n\n\n\n<figure class=\"wp-block-embed-youtube wp-block-embed is-type-video is-provider-youtube wp-embed-aspect-16-9 wp-has-aspect-ratio\"><div class=\"wp-block-embed__wrapper\">\n<iframe loading=\"lazy\" title=\"ERMi e-h\u00f5imuklubi 28.04: seto kultuur ja p\u00e4ritolu\" width=\"720\" height=\"405\" src=\"https:\/\/www.youtube.com\/embed\/V3TBfX9C5NQ?feature=oembed\" frameborder=\"0\" allow=\"accelerometer; autoplay; clipboard-write; encrypted-media; gyroscope; picture-in-picture; web-share\" referrerpolicy=\"strict-origin-when-cross-origin\" allowfullscreen><\/iframe>\n<\/div><\/figure>\n\n\n\n<p>Seto rahvalaul \u201eSed\u00e4 seto laulu\u201c on olnud ansambli K\u00e4nnu Peal K\u00e4bi repertuaaris:<\/p>\n\n\n\n<figure class=\"wp-block-embed-youtube wp-block-embed is-type-video is-provider-youtube wp-embed-aspect-16-9 wp-has-aspect-ratio\"><div class=\"wp-block-embed__wrapper\">\n<iframe loading=\"lazy\" title=\"K\u00e4nnu Peal K\u00e4bi - Sed\u00e4 seto laulu\" width=\"720\" height=\"405\" src=\"https:\/\/www.youtube.com\/embed\/WxVcTDntsf4?feature=oembed\" frameborder=\"0\" allow=\"accelerometer; autoplay; clipboard-write; encrypted-media; gyroscope; picture-in-picture; web-share\" referrerpolicy=\"strict-origin-when-cross-origin\" allowfullscreen><\/iframe>\n<\/div><\/figure>\n\n\n\n<div class=\"wp-block-otfm-box-spoiler-start otfm-sp__wrapper otfm-sp__box js-otfm-sp-box__closed otfm-sp__f5f5f5\" role=\"button\" tabindex=\"0\" aria-expanded=\"false\" data-otfm-spc=\"#f5f5f5\" style=\"text-align:left\"><div class=\"otfm-sp__title\"><strong><span class=\"has-inline-color has-vivid-red-color\">Keele\u00f5ppe ressursid veebis<\/span><\/strong><\/div><\/div>\n\n\n\n<p><a rel=\"noreferrer noopener\" href=\"http:\/\/www.eki.ee\/dict\/setosonastik\/\" target=\"_blank\">Eesti-seto s\u00f5nastik<\/a><\/p>\n\n\n\n<p><a rel=\"noreferrer noopener\" href=\"https:\/\/setomaa.kovtp.ee\/ajaleht-setomaa\" target=\"_blank\">Ajaleht \u201eSetomaa\u201c<\/a><br>\u201eSetomaa\u201c on kord kuus ilmuv setokeelne ajaleht.<\/p>\n\n\n\n<p><a rel=\"noreferrer noopener\" href=\"https:\/\/vikerraadio.err.ee\/1608102631\/setukeelsed-uudised\" target=\"_blank\">Setokeelsed uudised<\/a><br>Vikerraadios on kord n\u00e4dalas eetris setokeelsed uudised.<\/p>\n\n\n\n<div class=\"wp-block-otfm-box-spoiler-end otfm-sp_end\"><\/div>\n\n\n\n<div class=\"wp-block-otfm-box-spoiler-start otfm-sp__wrapper otfm-sp__box js-otfm-sp-box__closed otfm-sp__f5f5f5\" role=\"button\" tabindex=\"0\" aria-expanded=\"false\" data-otfm-spc=\"#f5f5f5\" style=\"text-align:left\"><div class=\"otfm-sp__title\"><strong><span class=\"has-inline-color has-vivid-red-color\">Kirjandus<\/span><\/strong><\/div><\/div>\n\n\n\n<p><a rel=\"noreferrer noopener\" href=\"https:\/\/www.setoinstituut.ee\/28-2\/\" target=\"_blank\">\u201eSeto kir\u00e4vara\u201c<\/a><br>Seto Instituut annab v\u00e4lja sarja \u201eSeto kir\u00e4vara\u201c.<\/p>\n\n\n\n<p><a rel=\"noreferrer noopener\" href=\"https:\/\/www.facebook.com\/kirjastus.setokiri\/\" target=\"_blank\">Kirjastus Seto Kiri<\/a><\/p>\n\n\n\n<div class=\"wp-block-otfm-box-spoiler-end otfm-sp_end\"><\/div>\n\n\n\n<div class=\"wp-block-otfm-box-spoiler-start otfm-sp__wrapper otfm-sp__box js-otfm-sp-box__closed otfm-sp__f5f5f5\" role=\"button\" tabindex=\"0\" aria-expanded=\"false\" data-otfm-spc=\"#f5f5f5\" style=\"text-align:left\"><div class=\"otfm-sp__title\"><strong><span class=\"has-inline-color has-vivid-red-color\">Muusika<\/span><\/strong><\/div><\/div>\n\n\n\n<div class=\"wp-block-media-text alignwide is-stacked-on-mobile\" style=\"grid-template-columns:24% auto\"><figure class=\"wp-block-media-text__media\"><img loading=\"lazy\" decoding=\"async\" width=\"1024\" height=\"682\" src=\"http:\/\/www.hoimuloimed.ee\/wp-content\/uploads\/2022\/01\/h6im.jpeg\" alt=\"\" class=\"wp-image-744\" srcset=\"https:\/\/hoimuloimed.ee\/wp-content\/uploads\/2022\/01\/h6im.jpeg 1024w, https:\/\/hoimuloimed.ee\/wp-content\/uploads\/2022\/01\/h6im-300x200.jpeg 300w, https:\/\/hoimuloimed.ee\/wp-content\/uploads\/2022\/01\/h6im-768x512.jpeg 768w, https:\/\/hoimuloimed.ee\/wp-content\/uploads\/2022\/01\/h6im-135x90.jpeg 135w\" sizes=\"auto, (max-width: 1024px) 100vw, 1024px\" \/><\/figure><div class=\"wp-block-media-text__content\">\n<p><strong>H6im<\/strong><br><em>Pop-rokk<\/em><\/p>\n\n\n\n<p class=\"has-small-font-size\"><a href=\"https:\/\/h6im.ee\/\" target=\"_blank\" rel=\"noreferrer noopener\">koduleht<\/a> \/ <a rel=\"noreferrer noopener\" href=\"https:\/\/www.facebook.com\/ansambelh6im\/\" target=\"_blank\">Facebook<\/a> \/ <a href=\"https:\/\/open.spotify.com\/artist\/2RSM51N8FIDyIrB0mvjH1B\" target=\"_blank\" rel=\"noreferrer noopener\">Spotify<\/a> \/ <a href=\"https:\/\/www.instagram.com\/ansambelh6im\/\" target=\"_blank\" rel=\"noreferrer noopener\">Instagram<\/a><\/p>\n<\/div><\/div>\n\n\n\n<p><\/p>\n\n\n\n<div class=\"wp-block-media-text alignwide is-stacked-on-mobile\" style=\"grid-template-columns:24% auto\"><figure class=\"wp-block-media-text__media\"><img loading=\"lazy\" decoding=\"async\" width=\"900\" height=\"787\" src=\"http:\/\/www.hoimuloimed.ee\/wp-content\/uploads\/2021\/03\/Kiiora-loigatud.jpg\" alt=\"\" class=\"wp-image-631\" srcset=\"https:\/\/hoimuloimed.ee\/wp-content\/uploads\/2021\/03\/Kiiora-loigatud.jpg 900w, https:\/\/hoimuloimed.ee\/wp-content\/uploads\/2021\/03\/Kiiora-loigatud-300x262.jpg 300w, https:\/\/hoimuloimed.ee\/wp-content\/uploads\/2021\/03\/Kiiora-loigatud-768x672.jpg 768w, https:\/\/hoimuloimed.ee\/wp-content\/uploads\/2021\/03\/Kiiora-loigatud-103x90.jpg 103w\" sizes=\"auto, (max-width: 900px) 100vw, 900px\" \/><\/figure><div class=\"wp-block-media-text__content\">\n<p><strong>Kiiora<\/strong><br><em>Folk (tantsumuusika)<\/em><\/p>\n\n\n\n<p class=\"has-small-font-size\"><a rel=\"noreferrer noopener\" href=\"https:\/\/www.facebook.com\/ansambelkiiora\/\" target=\"_blank\">Facebook<\/a> \/ <a href=\"https:\/\/www.youtube.com\/watch?v=fYyVrsSGJkM\" target=\"_blank\" rel=\"noreferrer noopener\">Youtube<\/a> \/ <a href=\"https:\/\/open.spotify.com\/artist\/1SStpLSKpvM9fZXpHeuZFw\" target=\"_blank\" rel=\"noreferrer noopener\">Spotify<\/a> <\/p>\n<\/div><\/div>\n\n\n\n<p><\/p>\n\n\n\n<div class=\"wp-block-media-text alignwide is-stacked-on-mobile\" style=\"grid-template-columns:24% auto\"><figure class=\"wp-block-media-text__media\"><img loading=\"lazy\" decoding=\"async\" width=\"1024\" height=\"1024\" src=\"http:\/\/www.hoimuloimed.ee\/wp-content\/uploads\/2021\/03\/nedsaja-1024x1024.jpeg\" alt=\"\" class=\"wp-image-622\" srcset=\"https:\/\/hoimuloimed.ee\/wp-content\/uploads\/2021\/03\/nedsaja-1024x1024.jpeg 1024w, https:\/\/hoimuloimed.ee\/wp-content\/uploads\/2021\/03\/nedsaja-300x300.jpeg 300w, https:\/\/hoimuloimed.ee\/wp-content\/uploads\/2021\/03\/nedsaja-150x150.jpeg 150w, https:\/\/hoimuloimed.ee\/wp-content\/uploads\/2021\/03\/nedsaja-768x768.jpeg 768w, https:\/\/hoimuloimed.ee\/wp-content\/uploads\/2021\/03\/nedsaja-1536x1536.jpeg 1536w, https:\/\/hoimuloimed.ee\/wp-content\/uploads\/2021\/03\/nedsaja-90x90.jpeg 90w, https:\/\/hoimuloimed.ee\/wp-content\/uploads\/2021\/03\/nedsaja.jpeg 1861w\" sizes=\"auto, (max-width: 1024px) 100vw, 1024px\" \/><\/figure><div class=\"wp-block-media-text__content\">\n<p><strong>Nedsaja K\u00fcla B\u00e4nd<\/strong><br><em>Folk<\/em><\/p>\n\n\n\n<p class=\"has-small-font-size\"><a href=\"https:\/\/nedsaja.ee\/ettevotlus\/muusika\/nedsaja-kula-band\/\" target=\"_blank\" rel=\"noreferrer noopener\">koduleht<\/a> \/ <a rel=\"noreferrer noopener\" href=\"https:\/\/www.facebook.com\/nedsajakylaband\/\" target=\"_blank\">Facebook<\/a> \/ <a rel=\"noreferrer noopener\" href=\"https:\/\/www.youtube.com\/watch?v=yuV_7R19sLc\" target=\"_blank\">Youtube<\/a> \/ <a rel=\"noreferrer noopener\" href=\"https:\/\/open.spotify.com\/artist\/6nAnjsipcAZEWti4DRuCV7\" target=\"_blank\">Spotify<\/a> <\/p>\n<\/div><\/div>\n\n\n\n<p><\/p>\n\n\n\n<div class=\"wp-block-media-text alignwide is-stacked-on-mobile\" style=\"grid-template-columns:24% auto\"><figure class=\"wp-block-media-text__media\"><img loading=\"lazy\" decoding=\"async\" width=\"930\" height=\"930\" src=\"http:\/\/www.hoimuloimed.ee\/wp-content\/uploads\/2021\/03\/tuhkwizza.jpeg\" alt=\"\" class=\"wp-image-623\" srcset=\"https:\/\/hoimuloimed.ee\/wp-content\/uploads\/2021\/03\/tuhkwizza.jpeg 930w, https:\/\/hoimuloimed.ee\/wp-content\/uploads\/2021\/03\/tuhkwizza-300x300.jpeg 300w, https:\/\/hoimuloimed.ee\/wp-content\/uploads\/2021\/03\/tuhkwizza-150x150.jpeg 150w, https:\/\/hoimuloimed.ee\/wp-content\/uploads\/2021\/03\/tuhkwizza-768x768.jpeg 768w, https:\/\/hoimuloimed.ee\/wp-content\/uploads\/2021\/03\/tuhkwizza-90x90.jpeg 90w\" sizes=\"auto, (max-width: 930px) 100vw, 930px\" \/><\/figure><div class=\"wp-block-media-text__content\">\n<p><strong>Tuhkwizza<\/strong><br><em>Punk-rokk<\/em><\/p>\n\n\n\n<p class=\"has-small-font-size\"><a rel=\"noreferrer noopener\" href=\"https:\/\/www.facebook.com\/tuhkwizza\/\" target=\"_blank\">Facebook<\/a> \/ <a rel=\"noreferrer noopener\" href=\"https:\/\/www.youtube.com\/watch?v=oPmMP3SixBg\" target=\"_blank\">Youtube<\/a><\/p>\n<\/div><\/div>\n\n\n\n<p><\/p>\n\n\n\n<div class=\"wp-block-media-text alignwide is-stacked-on-mobile\" style=\"grid-template-columns:24% auto\"><figure class=\"wp-block-media-text__media\"><img loading=\"lazy\" decoding=\"async\" width=\"800\" height=\"800\" src=\"http:\/\/www.hoimuloimed.ee\/wp-content\/uploads\/2021\/03\/zetod.jpeg\" alt=\"\" class=\"wp-image-624\" srcset=\"https:\/\/hoimuloimed.ee\/wp-content\/uploads\/2021\/03\/zetod.jpeg 800w, https:\/\/hoimuloimed.ee\/wp-content\/uploads\/2021\/03\/zetod-300x300.jpeg 300w, https:\/\/hoimuloimed.ee\/wp-content\/uploads\/2021\/03\/zetod-150x150.jpeg 150w, https:\/\/hoimuloimed.ee\/wp-content\/uploads\/2021\/03\/zetod-768x768.jpeg 768w, https:\/\/hoimuloimed.ee\/wp-content\/uploads\/2021\/03\/zetod-90x90.jpeg 90w\" sizes=\"auto, (max-width: 800px) 100vw, 800px\" \/><\/figure><div class=\"wp-block-media-text__content\">\n<p><strong>Zetod<\/strong><br><em>Folk<\/em>&#8211;<em>rokk<\/em><\/p>\n\n\n\n<p class=\"has-small-font-size\"><a href=\"https:\/\/zetod.ee\/\" target=\"_blank\" rel=\"noreferrer noopener\">koduleht<\/a> \/ <a href=\"https:\/\/www.facebook.com\/zetodofficial\/\" target=\"_blank\" rel=\"noreferrer noopener\">Facebook<\/a> \/ <a href=\"https:\/\/www.youtube.com\/user\/ZetodOfficial\" target=\"_blank\" rel=\"noreferrer noopener\">Youtube<\/a> \/ <a href=\"https:\/\/open.spotify.com\/artist\/2NitYjQIt9BHYH7K4Rj5YQ\" target=\"_blank\" rel=\"noreferrer noopener\">Spotify<\/a> <\/p>\n<\/div><\/div>\n\n\n\n<div class=\"wp-block-otfm-box-spoiler-end otfm-sp_end\"><\/div>\n\n\n\n<div class=\"wp-block-otfm-box-spoiler-start otfm-sp__wrapper otfm-sp__box js-otfm-sp-box__closed otfm-sp__f5f5f5\" role=\"button\" tabindex=\"0\" aria-expanded=\"false\" data-otfm-spc=\"#f5f5f5\" style=\"text-align:left\"><div class=\"otfm-sp__title\"><strong><span class=\"has-inline-color has-vivid-red-color\">Filmid<\/span><\/strong><\/div><\/div>\n\n\n\n<div class=\"wp-block-media-text alignwide is-stacked-on-mobile\" style=\"grid-template-columns:26% auto\"><figure class=\"wp-block-media-text__media\"><img loading=\"lazy\" decoding=\"async\" width=\"657\" height=\"983\" src=\"http:\/\/www.hoimuloimed.ee\/wp-content\/uploads\/2021\/03\/johannes-paasukese.png\" alt=\"\" class=\"wp-image-629\" srcset=\"https:\/\/hoimuloimed.ee\/wp-content\/uploads\/2021\/03\/johannes-paasukese.png 657w, https:\/\/hoimuloimed.ee\/wp-content\/uploads\/2021\/03\/johannes-paasukese-201x300.png 201w, https:\/\/hoimuloimed.ee\/wp-content\/uploads\/2021\/03\/johannes-paasukese-60x90.png 60w\" sizes=\"auto, (max-width: 657px) 100vw, 657px\" \/><\/figure><div class=\"wp-block-media-text__content\">\n<p><strong><strong>Johannes P\u00e4\u00e4sukese t\u00f5eline elu<\/strong><\/strong><br>Eesti, 2019<br><em>eesti ja seto keeles<\/em><\/p>\n\n\n\n<p class=\"has-small-font-size\"><a href=\"https:\/\/www.imdb.com\/title\/tt9546082\/\" target=\"_blank\" rel=\"noreferrer noopener\">imdb<\/a><\/p>\n<\/div><\/div>\n\n\n\n<p><\/p>\n\n\n\n<div class=\"wp-block-media-text alignwide is-stacked-on-mobile\" style=\"grid-template-columns:26% auto\"><figure class=\"wp-block-media-text__media\"><img loading=\"lazy\" decoding=\"async\" width=\"160\" height=\"239\" src=\"http:\/\/www.hoimuloimed.ee\/wp-content\/uploads\/2021\/03\/seto-paiv.jpeg\" alt=\"\" class=\"wp-image-628\" srcset=\"https:\/\/hoimuloimed.ee\/wp-content\/uploads\/2021\/03\/seto-paiv.jpeg 160w, https:\/\/hoimuloimed.ee\/wp-content\/uploads\/2021\/03\/seto-paiv-60x90.jpeg 60w\" sizes=\"auto, (max-width: 160px) 100vw, 160px\" \/><\/figure><div class=\"wp-block-media-text__content\">\n<p><strong>Peko p\u00e4iv<\/strong><br>Eesti (Luhamaa, Setomaa), 2010<br><em>seto keeles<\/em><\/p>\n\n\n\n<p class=\"has-small-font-size\"><a href=\"https:\/\/www.youtube.com\/watch?v=q-OtBjLP4wE\" target=\"_blank\" rel=\"noreferrer noopener\">youtube<\/a><\/p>\n<\/div><\/div>\n\n\n\n<p><\/p>\n\n\n\n<div class=\"wp-block-media-text alignwide is-stacked-on-mobile\" style=\"grid-template-columns:26% auto\"><figure class=\"wp-block-media-text__media\"><img loading=\"lazy\" decoding=\"async\" width=\"557\" height=\"803\" src=\"http:\/\/www.hoimuloimed.ee\/wp-content\/uploads\/2021\/03\/taarka.jpg\" alt=\"\" class=\"wp-image-627\" srcset=\"https:\/\/hoimuloimed.ee\/wp-content\/uploads\/2021\/03\/taarka.jpg 557w, https:\/\/hoimuloimed.ee\/wp-content\/uploads\/2021\/03\/taarka-208x300.jpg 208w, https:\/\/hoimuloimed.ee\/wp-content\/uploads\/2021\/03\/taarka-62x90.jpg 62w\" sizes=\"auto, (max-width: 557px) 100vw, 557px\" \/><\/figure><div class=\"wp-block-media-text__content\">\n<p><strong>Taarka<\/strong><br>Eesti, 2008<br><em>seto keeles<\/em><\/p>\n\n\n\n<p class=\"has-small-font-size\"><a href=\"https:\/\/www.imdb.com\/title\/tt0834171\/\" target=\"_blank\" rel=\"noreferrer noopener\">imdb<\/a><\/p>\n<\/div><\/div>\n\n\n\n<div class=\"wp-block-otfm-box-spoiler-end otfm-sp_end\"><\/div>\n","protected":false},"excerpt":{"rendered":"<p>Setod on l\u00e4\u00e4nemeresoome rahvas, kelle ajalugu on olnud tihedalt seotud eestlastega, eriti alates 20. sajandist. Setode p\u00f5line asuala Setomaa asub t\u00e4nap\u00e4eval Eesti kagunurgas (valdavalt V\u00f5ru maakonnas Setomaa vallas) ja Venemaa F\u00f6deratsiooni Pihkva oblasti Petseri rajoonis. Paljud setod on eriti alates n\u00f5ukogude ajast elama asunud \u00fcle Eesti (Tartusse, Tallinnasse, V\u00f5rru, P\u00f5lvasse, P\u00f5ltsamaale jm). Enne I maailmas\u00f5da r\u00e4ndas m\u00f5ni tuhat setot maasaamise lootuses Siberisse Krasnojarski kraisse, kus &hellip; <a href=\"https:\/\/hoimuloimed.ee\/index.php\/hoimurahvad-ja-keeled\/setod\/\" class=\"more-link\">Continue reading <span class=\"screen-reader-text\">Setod<\/span><\/a><\/p>\n","protected":false},"author":1,"featured_media":0,"parent":221,"menu_order":0,"comment_status":"closed","ping_status":"closed","template":"","meta":{"footnotes":""},"class_list":["post-619","page","type-page","status-publish","hentry"],"_links":{"self":[{"href":"https:\/\/hoimuloimed.ee\/index.php\/wp-json\/wp\/v2\/pages\/619","targetHints":{"allow":["GET"]}}],"collection":[{"href":"https:\/\/hoimuloimed.ee\/index.php\/wp-json\/wp\/v2\/pages"}],"about":[{"href":"https:\/\/hoimuloimed.ee\/index.php\/wp-json\/wp\/v2\/types\/page"}],"author":[{"embeddable":true,"href":"https:\/\/hoimuloimed.ee\/index.php\/wp-json\/wp\/v2\/users\/1"}],"replies":[{"embeddable":true,"href":"https:\/\/hoimuloimed.ee\/index.php\/wp-json\/wp\/v2\/comments?post=619"}],"version-history":[{"count":9,"href":"https:\/\/hoimuloimed.ee\/index.php\/wp-json\/wp\/v2\/pages\/619\/revisions"}],"predecessor-version":[{"id":1309,"href":"https:\/\/hoimuloimed.ee\/index.php\/wp-json\/wp\/v2\/pages\/619\/revisions\/1309"}],"up":[{"embeddable":true,"href":"https:\/\/hoimuloimed.ee\/index.php\/wp-json\/wp\/v2\/pages\/221"}],"wp:attachment":[{"href":"https:\/\/hoimuloimed.ee\/index.php\/wp-json\/wp\/v2\/media?parent=619"}],"curies":[{"name":"wp","href":"https:\/\/api.w.org\/{rel}","templated":true}]}}