{"id":658,"date":"2021-03-14T14:05:40","date_gmt":"2021-03-14T11:05:40","guid":{"rendered":"http:\/\/www.hoimuloimed.ee\/?page_id=658"},"modified":"2023-05-24T13:30:56","modified_gmt":"2023-05-24T10:30:56","slug":"eestlased","status":"publish","type":"page","link":"https:\/\/hoimuloimed.ee\/index.php\/hoimurahvad-ja-keeled\/eestlased\/","title":{"rendered":"Eestlased"},"content":{"rendered":"\n<p>Eestlasi on maailmas kokku 1\u20131,1 miljonit ning sellega on nad ungarlaste ja soomlaste j\u00e4rel suuruselt kolmas soome-ugri rahvas. Valdav osa eestlasi elab Eestis, kuid neid on eri aegadel v\u00e4lja r\u00e4nnanud mitmele poole mujalegi \u2013 Soome, Venemaale, Rootsi, Kanadasse, Ameerika \u00dchendriikidesse ja mujale. Vanad keelesaared L\u00e4tis (leivu, lutsi) ja Venemaal (kraasna) on t\u00e4nap\u00e4evaks h\u00e4\u00e4bunud.<\/p>\n\n\n\n<p>Eestlased, soomlased ja ungarlased on ainsad soome-ugri rahvad, kellel on oma riik. Eesti Vabariik kuulutati v\u00e4lja 24. veebruaril 1918. Aastatel 1940\/1944\u20131991 oli Eesti okupeeritud N\u00f5ukogude Liidu poolt (II maailmas\u00f5ja ajal ka Saksamaa poolt), iseseisvus taastati aga 20. augustil 1991.<\/p>\n\n\n\n<h2 class=\"wp-block-heading\"><strong>Eesti keel ja selle murded<\/strong><\/h2>\n\n\n\n<p>Eesti keel kuulub l\u00e4\u00e4nemeresoome keelte hulka, koos liivi ja vadja keelega t\u00e4psemalt selle l\u00f5unar\u00fchma, ning sellel on veidi \u00fcle \u00fche miljoni k\u00f5neleja. Eesti kirjakeel p\u00f5hineb peamiselt p\u00f5hjaeesti murder\u00fchma kuuluval keskmurdel. P\u00f5hjaeesti murded on veel L\u00e4\u00e4ne-Eestis k\u00f5neldavad l\u00e4\u00e4ne ja saarte murre ning idamurre Eesti idaosas. Eraldi murder\u00fchmaks loetakse kirderannikumurdeid, millel on mitmeid \u00fchisjooni soome ja vadja keelega. Lingvistilises m\u00f5ttes moodustavad eraldi keele l\u00f5unaeesti murded \u2013 mulgi, tartu, v\u00f5ro ja seto. 17.\u201319. sajandil oli Kagu-Eestis kasutusel eraldi kirjakeel, nn tartu keel, mis taandus ajapikku p\u00f5hjaeestiliku nn tallinna keele ees.<\/p>\n\n\n\n<figure class=\"wp-block-image size-large is-style-default\"><img loading=\"lazy\" decoding=\"async\" width=\"783\" height=\"570\" src=\"http:\/\/www.hoimuloimed.ee\/wp-content\/uploads\/2021\/03\/eesti-murded-kaart.jpeg\" alt=\"\" class=\"wp-image-671\" srcset=\"https:\/\/hoimuloimed.ee\/wp-content\/uploads\/2021\/03\/eesti-murded-kaart.jpeg 783w, https:\/\/hoimuloimed.ee\/wp-content\/uploads\/2021\/03\/eesti-murded-kaart-300x218.jpeg 300w, https:\/\/hoimuloimed.ee\/wp-content\/uploads\/2021\/03\/eesti-murded-kaart-768x559.jpeg 768w, https:\/\/hoimuloimed.ee\/wp-content\/uploads\/2021\/03\/eesti-murded-kaart-124x90.jpeg 124w\" sizes=\"auto, (max-width: 783px) 100vw, 783px\" \/><figcaption>Eesti keele murded <br><sub>(allikas: https:\/\/annaabi.ee\/mpic.php?inside=145917\/Backup-5_1.jpg)<\/sub><\/figcaption><\/figure>\n\n\n\n<p>\u00dcldiselt on eri murrete k\u00f5nelejaid peetud osaks eestlastest, kuigi viimastel aastak\u00fcmnetel on n\u00e4iteks <a rel=\"noreferrer noopener\" href=\"http:\/\/www.hoimuloimed.ee\/index.php\/hoimurahvad-ja-keeled\/setod\/\" target=\"_blank\">setodel<\/a> kujunenud eraldi rahvusidentiteet. Tugevad paikkondlikud identiteedid on ka v\u00f5rokatel, mulkidel, kihnlastel jt. Aktivistid edendavad j\u00f5udum\u00f6\u00f6da kohalike keelekujude kasutamist kultuuris, hariduses ja argikasutuses, teatud m\u00e4\u00e4ral toetab neid ka riik.<\/p>\n\n\n\n<p>\u00dchisuurali s\u00f5nat\u00fcvesid on t\u00e4nap\u00e4eva eesti keeles s\u00e4ilinud umbes 150. K\u00f5ige sarnasemad on eesti keelele teised l\u00e4\u00e4nemeresoome keeled \u2013 vadja, liivi, soome, isuri, karjala ja vepsa. Keeleteaduslikus m\u00f5ttes on v\u00f5rdlemisi sarnased ka saami keeled ja volga r\u00fchma keeled, kuid ilma \u00f5ppimata pole eestlasel neist v\u00f5imalik aru saada. Aegade jooksul on keel omandanud palju m\u00f5jutusi balti, slaavi ja germaani keeltest.<\/p>\n\n\n\n<p>14. m\u00e4rtsil, luuletaja Kristjan Jaak Petersoni (1801\u20131822) s\u00fcnniaastap\u00e4eval, t\u00e4histatakse Eestis emakeelep\u00e4eva. K. J. Peterson v\u00e4\u00e4rtustas eesti keelt t\u00e4isv\u00e4\u00e4rtusliku kultuurkeelena juba enne rahvuslikku \u00e4rkamisaega. Tema luuletusest \u201eKuu\u201c on kuulsaks saanud read:<\/p>\n\n\n\n<blockquote class=\"wp-block-quote is-layout-flow wp-block-quote-is-layout-flow\"><p>Kas siis selle maa keel<br>laulu tuules ei v\u00f5i<br>taevani t\u00f5ustes \u00fcles<br>igavikku omale otsida?<\/p><\/blockquote>\n\n\n\n<h2 class=\"wp-block-heading\"><strong>Eestlased soome-ugri h\u00f5imuliikumises<\/strong><\/h2>\n\n\n\n<p>Eestlased on olnud aktiivsed \u00fcle-soomeugrilises h\u00f5imuliikumises. Selle juured ulatuvad rahvuslikku \u00e4rkamisaega 19. sajandil, mil eesti soost haritlased leidsid ideid ja toetust m\u00f5ttekaaslastelt Soomest. Eesti rahvuseepose \u201eKalevipoeg\u201c (esmatr\u00fckk 1857) koostamisel sai Friedrich Reinhold Kreutzwald innustust Elias L\u00f6nnroti loodud Soome eeposest \u201eKalevala\u201c (esialgne variant 1835, uuendatud kujul 1849). \u00dchine on ka Soome ja Eesti (ning liivi) h\u00fcmnide viis.<\/p>\n\n\n\n<p>20. sajandi jooksul kasvas eestlaste huvi teiste soome-ugri rahvaste vastu. Riiklikul tasemel on tehtud koost\u00f6\u00f6d Soome ja Ungariga ning toetatud omariikluseta soome-ugri rahvaid. Oktoobrikuu kolmandal laup\u00e4eval peetav h\u00f5imup\u00e4ev on Eestis riiklik t\u00e4htp\u00e4ev. V\u00e4ga tulemuslik on olnud ka eraisikute ja organisatsioonide panus h\u00f5imuliikumisse. H\u00f5imuliikumisele on p\u00fchendunud 1991. aastal loodud <a rel=\"noreferrer noopener\" href=\"http:\/\/fennougria.ee\" target=\"_blank\">Fenno-Ugria Asutus<\/a>, samuti n\u00e4iteks <a rel=\"noreferrer noopener\" href=\"http:\/\/fuff.ee\" target=\"_blank\">Soome-Ugri Filmifond<\/a> ja <a rel=\"noreferrer noopener\" href=\"http:\/\/uralic.org\/est\" target=\"_blank\">Uralic Keskus<\/a>. K\u00f5igi nende organisatsioonidega on koost\u00f6\u00f6d teinud ka MT\u00dc H\u00f5imul\u00f5imed. Soome-ugri rahvaste, kultuuride ja keelte alaste teadust\u00f6\u00f6dega tegelevad muu hulgas Tartu \u00dclikool, Eesti Rahva Muuseum ja Eesti Keele Instituut.<\/p>\n\n\n\n<p>Eestlastest ja Eestist v\u00f5ib p\u00f5hjalikumalt lugeda v\u00f5rguents\u00fcklopeediast <a rel=\"noreferrer noopener\" href=\"http:\/\/www.estonica.org\/et\/\" target=\"_blank\">Estonica<\/a> ning eesti keelest on \u00fclevaatlik artikkel <a rel=\"noreferrer noopener\" href=\"https:\/\/et.wikipedia.org\/wiki\/Eesti_keel\" target=\"_blank\">Vikipeedias<\/a>. Soovitame tutvuda ka <a rel=\"noreferrer noopener\" href=\"http:\/\/folklore.ee\/ebaas\/\" target=\"_blank\">eesti rahvap\u00e4rimuse andmebaasidega<\/a>.<\/p>\n\n\n\n<p>Britt-Kathleen on kirjutanud <a rel=\"noreferrer noopener\" href=\"https:\/\/ypsilon.postimees.ee\/7726266\/hoimurahvuslus-kas-murded-ja-murrakud-on-unustatud-voi-elujoulised\" target=\"_blank\">Postimees Ypsiloni portaali<\/a> Eesti paikkondlike keelekujude olukorrast t\u00e4nap\u00e4eval.<\/p>\n\n\n\n<p>H\u00f5imul\u00f5imede blogis\u00a0v\u00f5ib lugeda ka meie <a rel=\"noreferrer noopener\" href=\"http:\/\/www.hoimuloimed.ee\/index.php\/2019\/11\/07\/tartus-lounaeesti-keelt-jahtides\/\" target=\"_blank\">l\u00f5unaeesti keele otsingutest Tartu linnapildis<\/a> ning <a rel=\"noreferrer noopener\" href=\"http:\/\/www.hoimuloimed.ee\/index.php\/2022\/10\/26\/pohiranna-avastamine\/\" target=\"_blank\">avastusretkest Pohiranna keele- ja kultuuriruumi<\/a>.<\/p>\n\n\n\n<div class=\"wp-block-otfm-box-spoiler-start otfm-sp__wrapper otfm-sp__box js-otfm-sp-box__closed otfm-sp__f5f5f5\" role=\"button\" tabindex=\"0\" aria-expanded=\"false\" data-otfm-spc=\"#f5f5f5\" style=\"text-align:left\"><div class=\"otfm-sp__title\"><strong><span class=\"has-inline-color has-vivid-red-color\">Eesti keel ja selle murded veebis<\/span><\/strong><\/div><\/div>\n\n\n\n<p><a rel=\"noreferrer noopener\" href=\"https:\/\/www.uttv.ee\/naita?id=31164\" target=\"_blank\">Eesti keeled<\/a><br>2021. aasta emakeelep\u00e4evale p\u00fchendatud ettekandes r\u00e4\u00e4gib Kristiina Praakli eesti keelest, selle murretest ning muudest Eestis k\u00f5neldavatest keeltest.<\/p>\n\n\n\n<p><a rel=\"noreferrer noopener\" href=\"https:\/\/www.youtube.com\/watch?v=h4W4WFEEXg4\" target=\"_blank\">Eesti keele vanimad s\u00f5nad<\/a><br>Videol\u00fchiloengus r\u00e4\u00e4gib Sven-Erik Soosaaar eesti keele vanimatest s\u00f5nadest.<\/p>\n\n\n\n<p><a rel=\"noreferrer noopener\" href=\"https:\/\/e-ope.khk.ee\/ek\/2013\/eesti_sonavara\/sonavara_rikastamise_viisid\/eesti_murded.html\" target=\"_blank\">Eesti murded<\/a><br>\u00d5ppematerjal &#8220;Eesti murded&#8221; annab \u00fclevaate eesti keele murretest ning sisaldab muu hulgas murdetekstide n\u00e4iteid.<\/p>\n\n\n\n<p style=\"font-size:22px\">Vikerraadios k\u00f5lavad murdekeelsed uudised:<\/p>\n\n\n\n<p class=\"has-medium-font-size\"><a rel=\"noreferrer noopener\" href=\"https:\/\/vikerraadio.err.ee\/1608115987\/hiiukeelsed-uudised\" target=\"_blank\">Hiiukeelsed uudised<\/a><br><a rel=\"noreferrer noopener\" href=\"https:\/\/vikerraadio.err.ee\/879508\/sorvekeelsed-uudised\" target=\"_blank\">S\u00f5rvekeelsed uudised<\/a><br><a rel=\"noreferrer noopener\" href=\"https:\/\/vikerraadio.err.ee\/1608121555\/muhukeelsed-uudised\" target=\"_blank\">Muhukeelsed uudised<\/a><br><a rel=\"noreferrer noopener\" href=\"https:\/\/vikerraadio.err.ee\/1608124897\/kihnukeelsed-uudised\" target=\"_blank\">Kihnukeelsed uudised<\/a><br><a rel=\"noreferrer noopener\" href=\"https:\/\/vikerraadio.err.ee\/1608120925\/mulgikeelsed-uudised\" target=\"_blank\">Mulgikeelsed uudised<\/a><br><a rel=\"noreferrer noopener\" href=\"https:\/\/vikerraadio.err.ee\/1608123127\/vorukeelsed-uudised\" target=\"_blank\">V\u00f5rukeelsed uudised<\/a><br><a rel=\"noreferrer noopener\" href=\"https:\/\/vikerraadio.err.ee\/1608119818\/setukeelsed-uudised\" target=\"_blank\">Setukeelsed uudised<\/a><br><\/p>\n\n\n\n<div class=\"wp-block-otfm-box-spoiler-end otfm-sp_end\"><\/div>\n","protected":false},"excerpt":{"rendered":"<p>Eestlasi on maailmas kokku 1\u20131,1 miljonit ning sellega on nad ungarlaste ja soomlaste j\u00e4rel suuruselt kolmas soome-ugri rahvas. Valdav osa eestlasi elab Eestis, kuid neid on eri aegadel v\u00e4lja r\u00e4nnanud mitmele poole mujalegi \u2013 Soome, Venemaale, Rootsi, Kanadasse, Ameerika \u00dchendriikidesse ja mujale. Vanad keelesaared L\u00e4tis (leivu, lutsi) ja Venemaal (kraasna) on t\u00e4nap\u00e4evaks h\u00e4\u00e4bunud. Eestlased, soomlased ja ungarlased on ainsad soome-ugri rahvad, kellel on oma riik. &hellip; <a href=\"https:\/\/hoimuloimed.ee\/index.php\/hoimurahvad-ja-keeled\/eestlased\/\" class=\"more-link\">Continue reading <span class=\"screen-reader-text\">Eestlased<\/span><\/a><\/p>\n","protected":false},"author":1,"featured_media":0,"parent":221,"menu_order":0,"comment_status":"closed","ping_status":"closed","template":"","meta":{"footnotes":""},"class_list":["post-658","page","type-page","status-publish","hentry"],"_links":{"self":[{"href":"https:\/\/hoimuloimed.ee\/index.php\/wp-json\/wp\/v2\/pages\/658","targetHints":{"allow":["GET"]}}],"collection":[{"href":"https:\/\/hoimuloimed.ee\/index.php\/wp-json\/wp\/v2\/pages"}],"about":[{"href":"https:\/\/hoimuloimed.ee\/index.php\/wp-json\/wp\/v2\/types\/page"}],"author":[{"embeddable":true,"href":"https:\/\/hoimuloimed.ee\/index.php\/wp-json\/wp\/v2\/users\/1"}],"replies":[{"embeddable":true,"href":"https:\/\/hoimuloimed.ee\/index.php\/wp-json\/wp\/v2\/comments?post=658"}],"version-history":[{"count":20,"href":"https:\/\/hoimuloimed.ee\/index.php\/wp-json\/wp\/v2\/pages\/658\/revisions"}],"predecessor-version":[{"id":860,"href":"https:\/\/hoimuloimed.ee\/index.php\/wp-json\/wp\/v2\/pages\/658\/revisions\/860"}],"up":[{"embeddable":true,"href":"https:\/\/hoimuloimed.ee\/index.php\/wp-json\/wp\/v2\/pages\/221"}],"wp:attachment":[{"href":"https:\/\/hoimuloimed.ee\/index.php\/wp-json\/wp\/v2\/media?parent=658"}],"curies":[{"name":"wp","href":"https:\/\/api.w.org\/{rel}","templated":true}]}}