{"id":680,"date":"2021-03-15T17:05:05","date_gmt":"2021-03-15T14:05:05","guid":{"rendered":"http:\/\/www.hoimuloimed.ee\/?page_id=680"},"modified":"2021-03-15T18:47:27","modified_gmt":"2021-03-15T15:47:27","slug":"ungarlased","status":"publish","type":"page","link":"https:\/\/hoimuloimed.ee\/index.php\/hoimurahvad-ja-keeled\/ungarlased\/","title":{"rendered":"Ungarlased"},"content":{"rendered":"\n<p>Ungarlased ehk madjarid on k\u00f5ige suurema arvuga soome-ugri keelt k\u00f5nelev rahvas. Uurali keeli k\u00f5neleb t\u00e4nap\u00e4eval kuni 25 miljonit inimest, kellest umbes 14 miljonit on ungari emakeelega. Ungari keel kuulub ugri keeleharusse ning selle l\u00e4himad keelesugulased on mansi ja handi keeled.<\/p>\n\n\n\n<p>Madjari h\u00f5imud j\u00f5udsid t\u00e4nap\u00e4eva Ungari piirkondadesse 9. sajandil ning 11. sajandi hakul asutas esimene kuningas P\u00fcha Istv\u00e1n Ungari kuningriigi. Keskaegsed kokkupuuteid slaavi, germaani ja turgi h\u00f5imudega on j\u00e4tnud eelk\u00f5ige j\u00e4lgi ungari keele s\u00f5navarasse. Stepimineviku ja tiheda l\u00e4bik\u00e4imise t\u00f5ttu turgi rahvastega tunnevad t\u00e4nap\u00e4eva ungarlased end kultuuriliselt l\u00e4hemal turgi rahvastele kui soomeugrilastele. Sellest tulenevalt seatakse Ungaris ungari keele soome-ugri p\u00e4ritolu sageli kahtluse alla.&nbsp;<\/p>\n\n\n\n<p>T\u00e4nap\u00e4eval elab suurem osa ungarlastest Ungari Vabariigis. Ungari rahvusv\u00e4hemusi leiame Ungari naaberriikides, eelk\u00f5ige nendes regioonides, mis kuulusid Ungarile enne Trianoni rahulepingut (1920). Ungarlaste kogukondi elab aga kaugemateski naaberriikidest, sealhulgas Eestis.<\/p>\n\n\n\n<figure class=\"wp-block-image size-large is-style-default\"><img loading=\"lazy\" decoding=\"async\" width=\"1024\" height=\"652\" src=\"http:\/\/www.hoimuloimed.ee\/wp-content\/uploads\/2021\/03\/ungari-kaart-1024x652.png\" alt=\"\" class=\"wp-image-695\" srcset=\"https:\/\/hoimuloimed.ee\/wp-content\/uploads\/2021\/03\/ungari-kaart-1024x652.png 1024w, https:\/\/hoimuloimed.ee\/wp-content\/uploads\/2021\/03\/ungari-kaart-300x191.png 300w, https:\/\/hoimuloimed.ee\/wp-content\/uploads\/2021\/03\/ungari-kaart-768x489.png 768w, https:\/\/hoimuloimed.ee\/wp-content\/uploads\/2021\/03\/ungari-kaart-1536x978.png 1536w, https:\/\/hoimuloimed.ee\/wp-content\/uploads\/2021\/03\/ungari-kaart-2048x1304.png 2048w, https:\/\/hoimuloimed.ee\/wp-content\/uploads\/2021\/03\/ungari-kaart-141x90.png 141w\" sizes=\"auto, (max-width: 1024px) 100vw, 1024px\" \/><figcaption>Ungarlaste asualad Kesk- ja Ida-Euroopas<br><sub>(allikas: https:\/\/et.wikipedia.org\/wiki\/Ungari_keel#\/media\/Fail:Dist_of_hu_lang_europe-et.svg)<\/sub><\/figcaption><\/figure>\n\n\n\n<p>Eesti ungari kogukond p\u00f5hineb nii 20. sajandi teisel poolel siia elama asunud Taga-Karpaatia juurtega ungarlastest kui ka uuemal ajal Eestisse tulnutest.<\/p>\n\n\n\n<p>Siin on video, kus Eesti ungarlased \u00f5nnitlevad Eestit 100. juubeli puhul ning r\u00e4\u00e4givad oma kogukonna ajaloost ja toimetustest.&nbsp;Eesti ungarlaste tervitus Eesti sajandaks s\u00fcnnip\u00e4evaks:<\/p>\n\n\n\n<figure class=\"wp-block-embed-youtube wp-block-embed is-type-video is-provider-youtube wp-embed-aspect-16-9 wp-has-aspect-ratio\"><div class=\"wp-block-embed__wrapper\">\n<iframe loading=\"lazy\" title=\"Juubelivideo Eesti sajandaks s\u00fcnnip\u00e4evaks\" width=\"720\" height=\"405\" src=\"https:\/\/www.youtube.com\/embed\/C1uL4uNPeOE?feature=oembed\" frameborder=\"0\" allow=\"accelerometer; autoplay; clipboard-write; encrypted-media; gyroscope; picture-in-picture\" allowfullscreen><\/iframe>\n<\/div><\/figure>\n\n\n\n<p>Eestis ungari keele ja Ungaris eesti keele \u00f5petamisel on pikk ajalugu. Budapesti E\u00f6tv\u00f6s Lor\u00e1ndi \u00dclikool t\u00e4histas 2018. aastal eesti keele \u00f5petamise 80. juubelit. Eesti keelt saab \u00f5ppida kokku kolmes Ungari k\u00f5rgkoolis: Debreceni \u00dclikoolis, Budapesti K\u00e1roli G\u00e1sp\u00e1ri Protestantlikus \u00dclikoolis ja Budapesti E\u00f6tv\u00f6s Lor\u00e1ndi \u00dclikoolis. Neist viimasena mainitus saab eesti keelt \u00f5ppida nii bakalaureuse-, magistri kui doktori\u00f5ppe tasemel.<\/p>\n\n\n\n<p>Ungari keele \u00f5petamine Tartu \u00dclikoolis algas aastal 1874, mil keeleteaduse lektoriks saanud Mihkel Veske hakkas muu hulgas pidama loenguid ungari keelest. T\u00e4nap\u00e4eval on Tartu \u00dclikool ainus \u00fclikool Eestis, kus ungari keelt ja kultuuri saab \u00f5ppida eraldi erialana.<\/p>\n\n\n\n<p>H\u00f5imul\u00f5imlased on olnud aktiivsed Tartu ungari keele vestlus\u00f5htute korraldamisel. Nende kohta saate rohkem teada <a rel=\"noreferrer noopener\" href=\"https:\/\/www.facebook.com\/groups\/499105670099691\" target=\"_blank\">siit<\/a>.<\/p>\n\n\n\n<p>H\u00f5imul\u00f5imede liige Bog\u00e1ta Tim\u00e1r r\u00e4\u00e4gib oma kogemustest Ungari koolides soome-ugri teemade tutvustamisel (video on inglise keeles):<\/p>\n\n\n\n<figure class=\"wp-block-embed-youtube wp-block-embed is-type-video is-provider-youtube wp-embed-aspect-16-9 wp-has-aspect-ratio\"><div class=\"wp-block-embed__wrapper\">\n<iframe loading=\"lazy\" title=\"Bog\u00e1ta Tim\u00e1r - About the Finno-Ugric identity of the Hungarian youth\" width=\"720\" height=\"405\" src=\"https:\/\/www.youtube.com\/embed\/zslr6QZt5o8?feature=oembed\" frameborder=\"0\" allow=\"accelerometer; autoplay; clipboard-write; encrypted-media; gyroscope; picture-in-picture\" allowfullscreen><\/iframe>\n<\/div><\/figure>\n\n\n\n<p>Meie ansambel K\u00e4nnu Peal K\u00e4bi on teinud ka oma t\u00f5lgenduse Ungari ansambli Skorpi\u00f3 loost \u201c\u00cdgy sz\u00f3lt hozz\u00e1m a d\u00e9dap\u00e1m\u201d: <\/p>\n\n\n\n<figure class=\"wp-block-embed-youtube wp-block-embed is-type-video is-provider-youtube wp-embed-aspect-16-9 wp-has-aspect-ratio\"><div class=\"wp-block-embed__wrapper\">\n<iframe loading=\"lazy\" title=\"K\u00e4nnu Peal K\u00e4bi - \u00cdgy sz\u00f3lt hozz\u00e1m a d\u00e9dap\u00e1m (Skorpi\u00f3 cover)\" width=\"720\" height=\"405\" src=\"https:\/\/www.youtube.com\/embed\/UIUNh7EdRb4?feature=oembed\" frameborder=\"0\" allow=\"accelerometer; autoplay; clipboard-write; encrypted-media; gyroscope; picture-in-picture\" allowfullscreen><\/iframe>\n<\/div><\/figure>\n\n\n\n<p>Tartu \u00dclikooli ungari keele lektor pidas ERMi h\u00f5imuklubis loengu Ungari jutuvestmistraditsioonist 21. sajandil:<\/p>\n\n\n\n<figure class=\"wp-block-embed-youtube wp-block-embed is-type-video is-provider-youtube wp-embed-aspect-16-9 wp-has-aspect-ratio\"><div class=\"wp-block-embed__wrapper\">\n<iframe loading=\"lazy\" title=\"ERMi h\u00f5imuklubi: Ungari jutuvestmistraditsioon 21. sajandil\" width=\"720\" height=\"405\" src=\"https:\/\/www.youtube.com\/embed\/3bWUEJSjixY?feature=oembed\" frameborder=\"0\" allow=\"accelerometer; autoplay; clipboard-write; encrypted-media; gyroscope; picture-in-picture\" allowfullscreen><\/iframe>\n<\/div><\/figure>\n\n\n\n<div class=\"wp-block-otfm-box-spoiler-start otfm-sp__wrapper otfm-sp__box js-otfm-sp-box__closed otfm-sp__f5f5f5\" role=\"button\" tabindex=\"0\" aria-expanded=\"false\" data-otfm-spc=\"#f5f5f5\" style=\"text-align:left\"><div class=\"otfm-sp__title\"><span class=\"has-inline-color has-vivid-red-color\"><strong>Ungari keel ja kultuur veebis<\/strong><\/span><\/div><\/div>\n\n\n\n<p><a rel=\"noreferrer noopener\" href=\"https:\/\/www.youtube.com\/channel\/UCOUGZOpD67Cr9UacKpxIYsg\" target=\"_blank\">Tallinna Ungari Kultuuri Instituudi youtube\u2019i kanal<\/a><br>Ungari Kultuuri Instituudi youtube&#8217;i kanalil leidub n\u00e4iteks ungari toidu retsepte ning valik ungari kirjandust.<\/p>\n\n\n\n<p><a rel=\"noreferrer noopener\" href=\"https:\/\/www.magyarora.com\/magyar\/index.html\" target=\"_blank\">magyarora.hu<\/a><br>Veebilehel magyarora.hu leidub erinevaid ungari keele \u00f5pikuid.<\/p>\n\n\n\n<p><a rel=\"noreferrer noopener\" href=\"http:\/\/magyar-ok.hu\/hu\/home.html\" target=\"_blank\">MagyarOK<\/a><br>MagyarOK on ungari keele \u00f5pikute sari, millel on ka <a href=\"https:\/\/www.youtube.com\/channel\/UCv4OI7fdvsdcXhe8DPyyQrg\" target=\"_blank\" rel=\"noreferrer noopener\">oma youtube&#8217;i kanal<\/a>.<\/p>\n\n\n\n<p><a rel=\"noreferrer noopener\" href=\"https:\/\/www.youtube.com\/channel\/UC77Ek71sQtv6Jov31R8s4Ww\" target=\"_blank\">HungarianPod101<\/a><br>Sellel youtube&#8217;i kanalil on suur valik ungari keele \u00f5ppimiseks m\u00f5eldud videoid.<\/p>\n\n\n\n<div class=\"wp-block-otfm-box-spoiler-end otfm-sp_end\"><\/div>\n\n\n\n<div class=\"wp-block-otfm-box-spoiler-start otfm-sp__wrapper otfm-sp__box js-otfm-sp-box__closed otfm-sp__f5f5f5\" role=\"button\" tabindex=\"0\" aria-expanded=\"false\" data-otfm-spc=\"#f5f5f5\" style=\"text-align:left\"><div class=\"otfm-sp__title\"><strong><span class=\"has-inline-color has-vivid-red-color\">Muusika<\/span><\/strong><\/div><\/div>\n\n\n\n<div class=\"wp-block-media-text alignwide is-stacked-on-mobile\" style=\"grid-template-columns:24% auto\"><figure class=\"wp-block-media-text__media\"><img loading=\"lazy\" decoding=\"async\" width=\"600\" height=\"432\" src=\"http:\/\/www.hoimuloimed.ee\/wp-content\/uploads\/2021\/03\/omega.jpeg\" alt=\"\" class=\"wp-image-687\" srcset=\"https:\/\/hoimuloimed.ee\/wp-content\/uploads\/2021\/03\/omega.jpeg 600w, https:\/\/hoimuloimed.ee\/wp-content\/uploads\/2021\/03\/omega-300x216.jpeg 300w, https:\/\/hoimuloimed.ee\/wp-content\/uploads\/2021\/03\/omega-125x90.jpeg 125w\" sizes=\"auto, (max-width: 600px) 100vw, 600px\" \/><\/figure><div class=\"wp-block-media-text__content\">\n<p><strong>Omega<\/strong><br><em>Klassikaline \/ progressiivne rokk<\/em><\/p>\n\n\n\n<p class=\"has-small-font-size\"><a rel=\"noreferrer noopener\" href=\"https:\/\/open.spotify.com\/artist\/73cduCzfn4dqMvZof3BDEe?autoplay=true\" target=\"_blank\">koduleht<\/a> \/ <a rel=\"noreferrer noopener\" href=\"https:\/\/www.facebook.com\/omegaoratorium.music\" target=\"_blank\">Facebook<\/a><\/p>\n<\/div><\/div>\n\n\n\n<p><\/p>\n\n\n\n<div class=\"wp-block-media-text alignwide is-stacked-on-mobile\" style=\"grid-template-columns:24% auto\"><figure class=\"wp-block-media-text__media\"><img loading=\"lazy\" decoding=\"async\" width=\"1024\" height=\"683\" src=\"http:\/\/www.hoimuloimed.ee\/wp-content\/uploads\/2021\/03\/pasztorhora-1024x683.jpeg\" alt=\"\" class=\"wp-image-686\" srcset=\"https:\/\/hoimuloimed.ee\/wp-content\/uploads\/2021\/03\/pasztorhora-1024x683.jpeg 1024w, https:\/\/hoimuloimed.ee\/wp-content\/uploads\/2021\/03\/pasztorhora-300x200.jpeg 300w, https:\/\/hoimuloimed.ee\/wp-content\/uploads\/2021\/03\/pasztorhora-768x512.jpeg 768w, https:\/\/hoimuloimed.ee\/wp-content\/uploads\/2021\/03\/pasztorhora-1536x1025.jpeg 1536w, https:\/\/hoimuloimed.ee\/wp-content\/uploads\/2021\/03\/pasztorhora-135x90.jpeg 135w, https:\/\/hoimuloimed.ee\/wp-content\/uploads\/2021\/03\/pasztorhora.jpeg 2048w\" sizes=\"auto, (max-width: 1024px) 100vw, 1024px\" \/><\/figure><div class=\"wp-block-media-text__content\">\n<p><strong>P\u00e1sztorH\u00f3ra<\/strong><br><em>Moldova rahva- ja tantsumuusika<\/em><\/p>\n\n\n\n<p class=\"has-small-font-size\"><a href=\"https:\/\/open.spotify.com\/artist\/73cduCzfn4dqMvZof3BDEe?autoplay=true\" target=\"_blank\" rel=\"noreferrer noopener\">Spotify<\/a><\/p>\n<\/div><\/div>\n\n\n\n<p><\/p>\n\n\n\n<div class=\"wp-block-media-text alignwide is-stacked-on-mobile\" style=\"grid-template-columns:24% auto\"><figure class=\"wp-block-media-text__media\"><img loading=\"lazy\" decoding=\"async\" width=\"1024\" height=\"1024\" src=\"http:\/\/www.hoimuloimed.ee\/wp-content\/uploads\/2021\/03\/tankcsapda-1024x1024.jpeg\" alt=\"\" class=\"wp-image-693\" srcset=\"https:\/\/hoimuloimed.ee\/wp-content\/uploads\/2021\/03\/tankcsapda-1024x1024.jpeg 1024w, https:\/\/hoimuloimed.ee\/wp-content\/uploads\/2021\/03\/tankcsapda-300x300.jpeg 300w, https:\/\/hoimuloimed.ee\/wp-content\/uploads\/2021\/03\/tankcsapda-150x150.jpeg 150w, https:\/\/hoimuloimed.ee\/wp-content\/uploads\/2021\/03\/tankcsapda-768x768.jpeg 768w, https:\/\/hoimuloimed.ee\/wp-content\/uploads\/2021\/03\/tankcsapda-90x90.jpeg 90w, https:\/\/hoimuloimed.ee\/wp-content\/uploads\/2021\/03\/tankcsapda.jpeg 1097w\" sizes=\"auto, (max-width: 1024px) 100vw, 1024px\" \/><\/figure><div class=\"wp-block-media-text__content\">\n<p><strong>Tankcsapda<\/strong><br><em>Hard rock \/ heavy metal<\/em><\/p>\n\n\n\n<p class=\"has-small-font-size\"><a href=\"https:\/\/www.tankcsapda.com\/\" target=\"_blank\" rel=\"noreferrer noopener\">koduleht<\/a> \/ <a rel=\"noreferrer noopener\" href=\"https:\/\/open.spotify.com\/artist\/3QbmGjx9VYiu3fpG8NjIZI\" target=\"_blank\">Spotify<\/a> \/ <a href=\"https:\/\/www.facebook.com\/Tankcsapda\" target=\"_blank\" rel=\"noreferrer noopener\">Facebook<\/a><\/p>\n<\/div><\/div>\n\n\n\n<p><\/p>\n\n\n\n<div class=\"wp-block-media-text alignwide is-stacked-on-mobile\" style=\"grid-template-columns:24% auto\"><figure class=\"wp-block-media-text__media\"><img loading=\"lazy\" decoding=\"async\" width=\"700\" height=\"700\" src=\"http:\/\/www.hoimuloimed.ee\/wp-content\/uploads\/2021\/03\/thycatafalque.jpeg\" alt=\"\" class=\"wp-image-683\" srcset=\"https:\/\/hoimuloimed.ee\/wp-content\/uploads\/2021\/03\/thycatafalque.jpeg 700w, https:\/\/hoimuloimed.ee\/wp-content\/uploads\/2021\/03\/thycatafalque-300x300.jpeg 300w, https:\/\/hoimuloimed.ee\/wp-content\/uploads\/2021\/03\/thycatafalque-150x150.jpeg 150w, https:\/\/hoimuloimed.ee\/wp-content\/uploads\/2021\/03\/thycatafalque-90x90.jpeg 90w\" sizes=\"auto, (max-width: 700px) 100vw, 700px\" \/><\/figure><div class=\"wp-block-media-text__content\">\n<p><strong>Thy Catafalque<\/strong><br><em>Avantgarde \/ eksperimentaalne metal<\/em><\/p>\n\n\n\n<p class=\"has-small-font-size\"><a rel=\"noreferrer noopener\" href=\"https:\/\/thycatafalque.bandcamp.com\/\" target=\"_blank\">Bandcamp<\/a><\/p>\n<\/div><\/div>\n\n\n\n<div class=\"wp-block-otfm-box-spoiler-end otfm-sp_end\"><\/div>\n\n\n\n<div class=\"wp-block-otfm-box-spoiler-start otfm-sp__wrapper otfm-sp__box js-otfm-sp-box__closed otfm-sp__f5f5f5\" role=\"button\" tabindex=\"0\" aria-expanded=\"false\" data-otfm-spc=\"#f5f5f5\" style=\"text-align:left\"><div class=\"otfm-sp__title\"><strong><span class=\"has-inline-color has-vivid-red-color\">Filmid<\/span><\/strong><\/div><\/div>\n\n\n\n<p><\/p>\n\n\n\n<div class=\"wp-block-otfm-box-spoiler-end otfm-sp_end\"><\/div>\n","protected":false},"excerpt":{"rendered":"<p>Ungarlased ehk madjarid on k\u00f5ige suurema arvuga soome-ugri keelt k\u00f5nelev rahvas. Uurali keeli k\u00f5neleb t\u00e4nap\u00e4eval kuni 25 miljonit inimest, kellest umbes 14 miljonit on ungari emakeelega. Ungari keel kuulub ugri keeleharusse ning selle l\u00e4himad keelesugulased on mansi ja handi keeled. Madjari h\u00f5imud j\u00f5udsid t\u00e4nap\u00e4eva Ungari piirkondadesse 9. sajandil ning 11. sajandi hakul asutas esimene kuningas P\u00fcha Istv\u00e1n Ungari kuningriigi. Keskaegsed kokkupuuteid slaavi, germaani ja turgi &hellip; <a href=\"https:\/\/hoimuloimed.ee\/index.php\/hoimurahvad-ja-keeled\/ungarlased\/\" class=\"more-link\">Continue reading <span class=\"screen-reader-text\">Ungarlased<\/span><\/a><\/p>\n","protected":false},"author":1,"featured_media":0,"parent":221,"menu_order":0,"comment_status":"closed","ping_status":"closed","template":"","meta":{"footnotes":""},"class_list":["post-680","page","type-page","status-publish","hentry"],"_links":{"self":[{"href":"https:\/\/hoimuloimed.ee\/index.php\/wp-json\/wp\/v2\/pages\/680","targetHints":{"allow":["GET"]}}],"collection":[{"href":"https:\/\/hoimuloimed.ee\/index.php\/wp-json\/wp\/v2\/pages"}],"about":[{"href":"https:\/\/hoimuloimed.ee\/index.php\/wp-json\/wp\/v2\/types\/page"}],"author":[{"embeddable":true,"href":"https:\/\/hoimuloimed.ee\/index.php\/wp-json\/wp\/v2\/users\/1"}],"replies":[{"embeddable":true,"href":"https:\/\/hoimuloimed.ee\/index.php\/wp-json\/wp\/v2\/comments?post=680"}],"version-history":[{"count":7,"href":"https:\/\/hoimuloimed.ee\/index.php\/wp-json\/wp\/v2\/pages\/680\/revisions"}],"predecessor-version":[{"id":697,"href":"https:\/\/hoimuloimed.ee\/index.php\/wp-json\/wp\/v2\/pages\/680\/revisions\/697"}],"up":[{"embeddable":true,"href":"https:\/\/hoimuloimed.ee\/index.php\/wp-json\/wp\/v2\/pages\/221"}],"wp:attachment":[{"href":"https:\/\/hoimuloimed.ee\/index.php\/wp-json\/wp\/v2\/media?parent=680"}],"curies":[{"name":"wp","href":"https:\/\/api.w.org\/{rel}","templated":true}]}}