{"id":722,"date":"2021-10-14T16:42:25","date_gmt":"2021-10-14T13:42:25","guid":{"rendered":"http:\/\/www.hoimuloimed.ee\/?page_id=722"},"modified":"2021-10-14T16:45:41","modified_gmt":"2021-10-14T13:45:41","slug":"marid","status":"publish","type":"page","link":"https:\/\/hoimuloimed.ee\/index.php\/hoimurahvad-ja-keeled\/marid\/","title":{"rendered":"Marid"},"content":{"rendered":"\n<p>Marid, endise nimega t\u0161eremissid, kuuluvad soome-ugri rahva Volga harusse. Maride l\u00e4himad keelesugulased on mordva rahvad, kuid nende keeled pole vastastikku arusaadavad. Mari keelel endal on kaks ametlikku kirjakeelt: niidumari ja m\u00e4emari keel.<\/p>\n\n\n\n<p>2010. aasta rahvaloenduse andmetel elas Venemaa F\u00f6deratsioonis 547 605 mari, kellest umbes kaks kolmandikku k\u00f5nelevad emakeelena mari keelt. Neil on Venemaal omavalitsuslik haldus\u00fcksus nimega Marimaa ehk Mari Eli Vabariik. Selles elab suurem osa maridest, kuid m\u00e4rkimisv\u00e4\u00e4rne elanikkond on ka Ba\u0161kortostanis (~100 000 inimest) ja Uurali l\u00e4histel (~40 000 inimest). Eestis elab 2011. aasta rahvaloenduse andmetel 241 marit.<\/p>\n\n\n\n<p>Marisid on l\u00e4bi aegade palju m\u00f5jutanud naabruses elavad turgi rahvad t\u0161uva\u0161id, tatarlased ja ba\u0161kiirid. Turgi m\u00f5ju on tugev nii mari keeles kui ka rahvar\u00f5ivastes ja lauludes. K\u00f5igist uurali keeltest sisaldab just mari keel k\u00f5ige rohkem turgi laens\u00f5nu.Maride esivanemad r\u00e4ndasid oma praegusesse asukohta t\u00f5en\u00e4oliselt 1. aastatuhandel eKr. M\u00e4e- ja niidumarid on ilmselt v\u00e4lja kujunenud eraldi kultuuridest. Maride esimene mainimine p\u00e4rineb 10. sajandi (v\u00f5i ilmselt hiljem) Kasaari kroonikast kujul <em>c-r-mis<\/em>. Kuni aastani 1236 olid marilased Volga-Bulgaaria impeeriumi, Kuldhordi vallutuse j\u00e4rel aga Kaasani khaaniriigi alamad.<\/p>\n\n\n\n<figure class=\"wp-block-image size-large is-style-default\"><img loading=\"lazy\" decoding=\"async\" width=\"1024\" height=\"686\" src=\"http:\/\/www.hoimuloimed.ee\/wp-content\/uploads\/2021\/10\/mari-kaart-1024x686.jpeg\" alt=\"\" class=\"wp-image-736\" srcset=\"https:\/\/hoimuloimed.ee\/wp-content\/uploads\/2021\/10\/mari-kaart-1024x686.jpeg 1024w, https:\/\/hoimuloimed.ee\/wp-content\/uploads\/2021\/10\/mari-kaart-300x201.jpeg 300w, https:\/\/hoimuloimed.ee\/wp-content\/uploads\/2021\/10\/mari-kaart-768x514.jpeg 768w, https:\/\/hoimuloimed.ee\/wp-content\/uploads\/2021\/10\/mari-kaart-1536x1028.jpeg 1536w, https:\/\/hoimuloimed.ee\/wp-content\/uploads\/2021\/10\/mari-kaart-134x90.jpeg 134w, https:\/\/hoimuloimed.ee\/wp-content\/uploads\/2021\/10\/mari-kaart.jpeg 2048w\" sizes=\"auto, (max-width: 1024px) 100vw, 1024px\" \/><figcaption>Marilaste asualad. Kollane &#8211; m\u00e4emarid, punane &#8211; loodemarid, tumeroheline &#8211; niidumarid, heleroheline &#8211; idamarid. (Kaart: Timo Rantanen. https:\/\/bedlan.net\/data\/)<\/figcaption><\/figure>\n\n\n\n<p>Vene kroonikates mainitakse sageli &#8220;kurje t\u0161eremisse&#8221; kui salakavalaid partisanis\u00f5dalasi. Venemaa vallutuskampaaniate ajal Kaasani khaaniriigile 1500.\u20131550. aastatel korraldasid marid sissetungijatele palju \u00fcllatusr\u00fcnnakuid, uputades n\u00e4iteks \u00f6\u00f6sel venelaste laevu v\u00f5i r\u00fcnnates neid p\u00e4rast seda, kui viimased olid laada r\u00fc\u00fcstamise k\u00e4igus end purju joonud. P\u00e4rast Kaasani langemist 1552. aastal sunniti marisid vastu v\u00f5tma \u00f5igeusku, keeldujatele m\u00e4\u00e4rati aga peaaegu talumatud koormised. Survest p\u00e4\u00e4semiseks r\u00e4ndasid paljud marid 17. sajandil ida poole, mille tulemusena on kujunenud praegune idamari elanikkond (peamiselt) Ba\u0161kortostanis.<\/p>\n\n\n\n<p>Marid tunnevad uhkust oma traditsioonilise usundi s\u00e4ilitamise \u00fcle. Mari omausk on henoteistlik &#8211; see t\u00e4hendab, et \u00fche t\u00e4htsama maailma loonud jumala k\u00f5rval austatakse paljusid v\u00e4iksemaid jumalaid ja haldjaid. 30% maridest peab end aktiivseks omausu praktiseerijaks (nad nimetavad end <em>t\u0161imarij<\/em>). Enamik marisid on \u00f5igeusklikud kristlased, kuid m\u00f5ned kogukonnad kuuluvad ka luteri kirikusse. S\u00f5ltumata usulisest kuuluvusest on maride maailmavaade \u00fcldiselt v\u00e4ga animistlik ning nende igap\u00e4evaellu kuuluvad ended, k\u00e4itumisnormid ja p\u00fchad ajad ja paigad.&nbsp;<\/p>\n\n\n\n<p>Pere ja kogukond on maride jaoks v\u00e4ga olulised. Ka kodumaalt kaugel elades asutavad ja hoiavad nad oma rahvuslikke klubisid ja \u00fchendusi, nagu n\u00e4eme n\u00e4iteks Moskva, Siberi Surguti ja Eesti mari \u00fchingute n\u00e4ol.<\/p>\n\n\n\n<p>N\u00f5ukogude ajal otsustasid paljud mari noored otsida k\u00f5rgharidust Tartu \u00dclikoolist, mille keeleteaduse ja folkloori osakonnast kujunes paljude soome-ugri v\u00e4hemuste jaoks oluline kohtumispaik. Inimesed, kellest hiljem said mari teadusringkondade olulised tegelased, kaitsesid doktorit\u00f6id Eesti keeleteaduse professor Paul Ariste juhendamisel. Eesti roll on s\u00e4ilinud ka p\u00e4rast N\u00f5ukogude Liidu lagunemist ning noorte mari haritlaste seas &#8211; eriti folkloristika ja keeleteaduse valdkonnas &#8211; on endiselt populaarne j\u00e4tkata haridusteed Eestis.<\/p>\n\n\n\n<div class=\"wp-block-otfm-box-spoiler-start otfm-sp__wrapper otfm-sp__box js-otfm-sp-box__closed otfm-sp__f5f5f5\" role=\"button\" tabindex=\"0\" aria-expanded=\"false\" data-otfm-spc=\"#f5f5f5\" style=\"text-align:left\"><div class=\"otfm-sp__title\"><strong><span class=\"has-inline-color has-vivid-red-color\">Mari keel ja kultuur veebis<\/span><\/strong><\/div><\/div>\n\n\n\n<p><a href=\"https:\/\/mariuvere.wordpress.com\/\">MariUver<\/a> <br>Uudised maridest eesti, vene ja mari keeles<\/p>\n\n\n\n<p><a href=\"https:\/\/www.univie.ac.at\/maridict\/site-2014\/\">mari-language.com<\/a> <br>mari-inglise s\u00f5naraamat, transkriptsioonivahend, morfoloogiline anal\u00fcsaator ja \u00f5pik<\/p>\n\n\n\n<p><a href=\"https:\/\/www.youtube.com\/watch?v=ubcTphRZ0Bw\">Marij El Radio<\/a> <br>mari keelt k\u00f5neleva Mari El Radio otse\u00fclekanne<\/p>\n\n\n\n<p><a href=\"https:\/\/twitter.com\/jylme\">Marij Jylme<\/a> <br>mari keelele p\u00fchendatud Twitteri konto <\/p>\n\n\n\n<p><a href=\"https:\/\/etv2.err.ee\/1608155047\/meie-hoimlased\">Telesaade \u201cMeie H\u00f5imlased\u201d<\/a>&nbsp;<\/p>\n\n\n\n<div class=\"wp-block-otfm-box-spoiler-end otfm-sp_end\"><\/div>\n\n\n\n<div class=\"wp-block-otfm-box-spoiler-start otfm-sp__wrapper otfm-sp__box js-otfm-sp-box__closed otfm-sp__f5f5f5\" role=\"button\" tabindex=\"0\" aria-expanded=\"false\" data-otfm-spc=\"#f5f5f5\" style=\"text-align:left\"><div class=\"otfm-sp__title\"><strong><span class=\"has-inline-color has-vivid-red-color\">Muusika<\/span><\/strong><\/div><\/div>\n\n\n\n<div class=\"wp-block-media-text alignwide is-stacked-on-mobile\" style=\"grid-template-columns:24% auto\"><figure class=\"wp-block-media-text__media\"><img loading=\"lazy\" decoding=\"async\" width=\"400\" height=\"600\" src=\"http:\/\/www.hoimuloimed.ee\/wp-content\/uploads\/2021\/10\/denis.jpeg\" alt=\"\" class=\"wp-image-725\" srcset=\"https:\/\/hoimuloimed.ee\/wp-content\/uploads\/2021\/10\/denis.jpeg 400w, https:\/\/hoimuloimed.ee\/wp-content\/uploads\/2021\/10\/denis-200x300.jpeg 200w, https:\/\/hoimuloimed.ee\/wp-content\/uploads\/2021\/10\/denis-60x90.jpeg 60w\" sizes=\"auto, (max-width: 400px) 100vw, 400px\" \/><\/figure><div class=\"wp-block-media-text__content\">\n<p><strong>Denis \u0160abli<\/strong><br><em>R\u00e4pp<\/em><\/p>\n\n\n\n<p class=\"has-small-font-size\"><a href=\"https:\/\/www.youtube.com\/watch?v=_QmXwOmffYI\" target=\"_blank\" rel=\"noreferrer noopener\"><a href=\"https:\/\/www.youtube.com\/watch?v=_QmXwOmffYI\">Youtube<\/a><\/a><\/p>\n<\/div><\/div>\n\n\n\n<p><\/p>\n\n\n\n<div class=\"wp-block-media-text alignwide is-stacked-on-mobile\" style=\"grid-template-columns:24% auto\"><figure class=\"wp-block-media-text__media\"><img loading=\"lazy\" decoding=\"async\" width=\"1024\" height=\"576\" src=\"http:\/\/www.hoimuloimed.ee\/wp-content\/uploads\/2021\/10\/marina-1024x576.jpeg\" alt=\"\" class=\"wp-image-727\" srcset=\"https:\/\/hoimuloimed.ee\/wp-content\/uploads\/2021\/10\/marina-1024x576.jpeg 1024w, https:\/\/hoimuloimed.ee\/wp-content\/uploads\/2021\/10\/marina-300x169.jpeg 300w, https:\/\/hoimuloimed.ee\/wp-content\/uploads\/2021\/10\/marina-768x432.jpeg 768w, https:\/\/hoimuloimed.ee\/wp-content\/uploads\/2021\/10\/marina-160x90.jpeg 160w, https:\/\/hoimuloimed.ee\/wp-content\/uploads\/2021\/10\/marina.jpeg 1280w\" sizes=\"auto, (max-width: 1024px) 100vw, 1024px\" \/><\/figure><div class=\"wp-block-media-text__content\">\n<p><strong>Marina Sadova<\/strong><br><em>Popmuusika<\/em><\/p>\n\n\n\n<p class=\"has-small-font-size\"><a rel=\"noreferrer noopener\" href=\"https:\/\/www.youtube.com\/watch?v=N6NwaeHzNlA&amp;t=820s\" target=\"_blank\">Youtube<\/a><\/p>\n<\/div><\/div>\n\n\n\n<p><\/p>\n\n\n\n<div class=\"wp-block-media-text alignwide is-stacked-on-mobile\" style=\"grid-template-columns:24% auto\"><figure class=\"wp-block-media-text__media\"><img loading=\"lazy\" decoding=\"async\" width=\"900\" height=\"900\" src=\"http:\/\/www.hoimuloimed.ee\/wp-content\/uploads\/2021\/10\/stanislav.jpeg\" alt=\"\" class=\"wp-image-724\" srcset=\"https:\/\/hoimuloimed.ee\/wp-content\/uploads\/2021\/10\/stanislav.jpeg 900w, https:\/\/hoimuloimed.ee\/wp-content\/uploads\/2021\/10\/stanislav-300x300.jpeg 300w, https:\/\/hoimuloimed.ee\/wp-content\/uploads\/2021\/10\/stanislav-150x150.jpeg 150w, https:\/\/hoimuloimed.ee\/wp-content\/uploads\/2021\/10\/stanislav-768x768.jpeg 768w, https:\/\/hoimuloimed.ee\/wp-content\/uploads\/2021\/10\/stanislav-90x90.jpeg 90w\" sizes=\"auto, (max-width: 900px) 100vw, 900px\" \/><\/figure><div class=\"wp-block-media-text__content\">\n<p><strong>Stanislav \u0160akirov<\/strong><br><em>Estraad, popmuusika<\/em><\/p>\n\n\n\n<p class=\"has-small-font-size\"><a rel=\"noreferrer noopener\" href=\"https:\/\/www.youtube.com\/user\/sshakirov\" target=\"_blank\">Youtube<\/a><\/p>\n<\/div><\/div>\n\n\n\n<p><\/p>\n\n\n\n<div class=\"wp-block-media-text alignwide is-stacked-on-mobile\" style=\"grid-template-columns:24% auto\"><figure class=\"wp-block-media-text__media\"><img loading=\"lazy\" decoding=\"async\" width=\"400\" height=\"400\" src=\"http:\/\/www.hoimuloimed.ee\/wp-content\/uploads\/2021\/10\/tatjana.jpeg\" alt=\"\" class=\"wp-image-729\" srcset=\"https:\/\/hoimuloimed.ee\/wp-content\/uploads\/2021\/10\/tatjana.jpeg 400w, https:\/\/hoimuloimed.ee\/wp-content\/uploads\/2021\/10\/tatjana-300x300.jpeg 300w, https:\/\/hoimuloimed.ee\/wp-content\/uploads\/2021\/10\/tatjana-150x150.jpeg 150w, https:\/\/hoimuloimed.ee\/wp-content\/uploads\/2021\/10\/tatjana-90x90.jpeg 90w\" sizes=\"auto, (max-width: 400px) 100vw, 400px\" \/><\/figure><div class=\"wp-block-media-text__content\">\n<p><strong>Tatiana Kibaeva<\/strong><br><em>Popmuusika<\/em><\/p>\n\n\n\n<p class=\"has-small-font-size\"><a rel=\"noreferrer noopener\" href=\"https:\/\/www.youtube.com\/channel\/UCugTW2iUTSlW8ORzE7YN7yg\" target=\"_blank\">Youtube<\/a><\/p>\n<\/div><\/div>\n\n\n\n<p><\/p>\n\n\n\n<div class=\"wp-block-media-text alignwide is-stacked-on-mobile\" style=\"grid-template-columns:24% auto\"><figure class=\"wp-block-media-text__media\"><img loading=\"lazy\" decoding=\"async\" width=\"700\" height=\"700\" src=\"http:\/\/www.hoimuloimed.ee\/wp-content\/uploads\/2021\/10\/u-en.jpeg\" alt=\"\" class=\"wp-image-723\" srcset=\"https:\/\/hoimuloimed.ee\/wp-content\/uploads\/2021\/10\/u-en.jpeg 700w, https:\/\/hoimuloimed.ee\/wp-content\/uploads\/2021\/10\/u-en-300x300.jpeg 300w, https:\/\/hoimuloimed.ee\/wp-content\/uploads\/2021\/10\/u-en-150x150.jpeg 150w, https:\/\/hoimuloimed.ee\/wp-content\/uploads\/2021\/10\/u-en-90x90.jpeg 90w\" sizes=\"auto, (max-width: 700px) 100vw, 700px\" \/><\/figure><div class=\"wp-block-media-text__content\">\n<p><strong>U En<\/strong><br><em>Etno-punk<\/em><\/p>\n\n\n\n<p class=\"has-small-font-size\"><a href=\"https:\/\/yenshamych.bandcamp.com\/releases\" target=\"_blank\" rel=\"noreferrer noopener\">Bandcamp<\/a><\/p>\n<\/div><\/div>\n\n\n\n<p><\/p>\n\n\n\n<div class=\"wp-block-media-text alignwide is-stacked-on-mobile\" style=\"grid-template-columns:24% auto\"><figure class=\"wp-block-media-text__media\"><img loading=\"lazy\" decoding=\"async\" width=\"430\" height=\"604\" src=\"http:\/\/www.hoimuloimed.ee\/wp-content\/uploads\/2021\/10\/band.png\" alt=\"\" class=\"wp-image-734\" srcset=\"https:\/\/hoimuloimed.ee\/wp-content\/uploads\/2021\/10\/band.png 430w, https:\/\/hoimuloimed.ee\/wp-content\/uploads\/2021\/10\/band-214x300.png 214w, https:\/\/hoimuloimed.ee\/wp-content\/uploads\/2021\/10\/band-64x90.png 64w\" sizes=\"auto, (max-width: 430px) 100vw, 430px\" \/><\/figure><div class=\"wp-block-media-text__content\">\n<p><strong>Volodia Matveev, Elvira Trifonova, Anatoli Zaretskih<\/strong><br><em>Estraad<\/em><\/p>\n\n\n\n<p class=\"has-small-font-size\"><a href=\"https:\/\/www.youtube.com\/watch?v=jhmS-x0ccBY\" target=\"_blank\" rel=\"noreferrer noopener\">Youtube<\/a><\/p>\n<\/div><\/div>\n\n\n\n<div class=\"wp-block-otfm-box-spoiler-end otfm-sp_end\"><\/div>\n\n\n\n<div class=\"wp-block-otfm-box-spoiler-start otfm-sp__wrapper otfm-sp__box js-otfm-sp-box__closed otfm-sp__f5f5f5\" role=\"button\" tabindex=\"0\" aria-expanded=\"false\" data-otfm-spc=\"#f5f5f5\" style=\"text-align:left\"><div class=\"otfm-sp__title\"><strong><span class=\"has-inline-color has-vivid-red-color\">Filmid<\/span><\/strong><\/div><\/div>\n\n\n\n<div class=\"wp-block-media-text alignwide is-stacked-on-mobile\" style=\"grid-template-columns:26% auto\"><figure class=\"wp-block-media-text__media\"><img loading=\"lazy\" decoding=\"async\" width=\"718\" height=\"1024\" src=\"http:\/\/www.hoimuloimed.ee\/wp-content\/uploads\/2021\/10\/niidumarifilm-718x1024.jpeg\" alt=\"\" class=\"wp-image-732\" srcset=\"https:\/\/hoimuloimed.ee\/wp-content\/uploads\/2021\/10\/niidumarifilm-718x1024.jpeg 718w, https:\/\/hoimuloimed.ee\/wp-content\/uploads\/2021\/10\/niidumarifilm-210x300.jpeg 210w, https:\/\/hoimuloimed.ee\/wp-content\/uploads\/2021\/10\/niidumarifilm-768x1095.jpeg 768w, https:\/\/hoimuloimed.ee\/wp-content\/uploads\/2021\/10\/niidumarifilm-1077x1536.jpeg 1077w, https:\/\/hoimuloimed.ee\/wp-content\/uploads\/2021\/10\/niidumarifilm-63x90.jpeg 63w, https:\/\/hoimuloimed.ee\/wp-content\/uploads\/2021\/10\/niidumarifilm.jpeg 1122w\" sizes=\"auto, (max-width: 718px) 100vw, 718px\" \/><\/figure><div class=\"wp-block-media-text__content\">\n<p><strong>Niidumari taevalikud naised<\/strong><br>Venemaa, 2012<br><em>mari ja vene keeles<\/em><\/p>\n\n\n\n<p class=\"has-small-font-size\"><a href=\"https:\/\/www.imdb.com\/title\/tt2536306\/\" target=\"_blank\" rel=\"noreferrer noopener\">imdb<\/a><\/p>\n<\/div><\/div>\n\n\n\n<div class=\"wp-block-otfm-box-spoiler-end otfm-sp_end\"><\/div>\n","protected":false},"excerpt":{"rendered":"<p>Marid, endise nimega t\u0161eremissid, kuuluvad soome-ugri rahva Volga harusse. Maride l\u00e4himad keelesugulased on mordva rahvad, kuid nende keeled pole vastastikku arusaadavad. Mari keelel endal on kaks ametlikku kirjakeelt: niidumari ja m\u00e4emari keel. 2010. aasta rahvaloenduse andmetel elas Venemaa F\u00f6deratsioonis 547 605 mari, kellest umbes kaks kolmandikku k\u00f5nelevad emakeelena mari keelt. Neil on Venemaal omavalitsuslik haldus\u00fcksus nimega Marimaa ehk Mari Eli Vabariik. Selles elab suurem osa &hellip; <a href=\"https:\/\/hoimuloimed.ee\/index.php\/hoimurahvad-ja-keeled\/marid\/\" class=\"more-link\">Continue reading <span class=\"screen-reader-text\">Marid<\/span><\/a><\/p>\n","protected":false},"author":1,"featured_media":0,"parent":221,"menu_order":0,"comment_status":"closed","ping_status":"closed","template":"","meta":{"footnotes":""},"class_list":["post-722","page","type-page","status-publish","hentry"],"_links":{"self":[{"href":"https:\/\/hoimuloimed.ee\/index.php\/wp-json\/wp\/v2\/pages\/722","targetHints":{"allow":["GET"]}}],"collection":[{"href":"https:\/\/hoimuloimed.ee\/index.php\/wp-json\/wp\/v2\/pages"}],"about":[{"href":"https:\/\/hoimuloimed.ee\/index.php\/wp-json\/wp\/v2\/types\/page"}],"author":[{"embeddable":true,"href":"https:\/\/hoimuloimed.ee\/index.php\/wp-json\/wp\/v2\/users\/1"}],"replies":[{"embeddable":true,"href":"https:\/\/hoimuloimed.ee\/index.php\/wp-json\/wp\/v2\/comments?post=722"}],"version-history":[{"count":7,"href":"https:\/\/hoimuloimed.ee\/index.php\/wp-json\/wp\/v2\/pages\/722\/revisions"}],"predecessor-version":[{"id":737,"href":"https:\/\/hoimuloimed.ee\/index.php\/wp-json\/wp\/v2\/pages\/722\/revisions\/737"}],"up":[{"embeddable":true,"href":"https:\/\/hoimuloimed.ee\/index.php\/wp-json\/wp\/v2\/pages\/221"}],"wp:attachment":[{"href":"https:\/\/hoimuloimed.ee\/index.php\/wp-json\/wp\/v2\/media?parent=722"}],"curies":[{"name":"wp","href":"https:\/\/api.w.org\/{rel}","templated":true}]}}