{"id":818,"date":"2022-11-18T13:08:18","date_gmt":"2022-11-18T10:08:18","guid":{"rendered":"http:\/\/www.hoimuloimed.ee\/?page_id=818"},"modified":"2024-11-12T17:18:47","modified_gmt":"2024-11-12T14:18:47","slug":"vadjalased","status":"publish","type":"page","link":"https:\/\/hoimuloimed.ee\/index.php\/hoimurahvad-ja-keeled\/vadjalased\/","title":{"rendered":"Vadjalased"},"content":{"rendered":"\n<p>Vadjalased on eestlastele geograafiliselt ja kultuuriliselt l\u00e4hedane l\u00e4\u00e4nemeresoome rahvas. Arheoloogiliste ja kirjalike allikatel p\u00f5hjal asustasid vadjalased rauaaja l\u00f5pus ja keskajal laialdast territooriumit Novgorodist loodes, samuti Kirde-Eestis (eesk\u00e4tt Alutagusemaal). Hiljem on nende arv peamiselt venestumise t\u00f5ttu pidevalt v\u00e4henenud ning 19.\u201320. sajandil oli vadja asustus s\u00e4ilinud Soome lahe l\u00f5unarannikul Lauga j\u00f5e alamjooksust idas. Seni v\u00e4rskeimad andmed vadjalaste arvust Venemaal p\u00e4rinevad 2010. aasta rahvaloendusest, mil vadjalaseks m\u00e4rkis ennast 64 inimest. Eestis elab 2021. aasta rahvaloenduse andmetel k\u00fcmme ennast vadjalaseks pidavat inimest (Statistikaamet 2022).<\/p>\n\n\n\n<figure class=\"wp-block-image size-large is-style-default\"><img loading=\"lazy\" decoding=\"async\" width=\"1024\" height=\"794\" src=\"http:\/\/www.hoimuloimed.ee\/wp-content\/uploads\/2022\/11\/Vadja-kaart-1024x794.jpg\" alt=\"\" class=\"wp-image-819\" srcset=\"https:\/\/hoimuloimed.ee\/wp-content\/uploads\/2022\/11\/Vadja-kaart-1024x794.jpg 1024w, https:\/\/hoimuloimed.ee\/wp-content\/uploads\/2022\/11\/Vadja-kaart-300x233.jpg 300w, https:\/\/hoimuloimed.ee\/wp-content\/uploads\/2022\/11\/Vadja-kaart-768x596.jpg 768w, https:\/\/hoimuloimed.ee\/wp-content\/uploads\/2022\/11\/Vadja-kaart-1536x1192.jpg 1536w, https:\/\/hoimuloimed.ee\/wp-content\/uploads\/2022\/11\/Vadja-kaart-2048x1589.jpg 2048w, https:\/\/hoimuloimed.ee\/wp-content\/uploads\/2022\/11\/Vadja-kaart-116x90.jpg 116w\" sizes=\"auto, (max-width: 1024px) 100vw, 1024px\" \/><figcaption>Vadja k\u00fclad 19. sajandi l\u00f5pus. Erinevate majakestega on m\u00e4rgitud kolm peamist murder\u00fchma: Vaipooli, Orko ja M\u00e4t\u0161i. Kukkuzi k\u00fclas k\u00f5neldavat isurim\u00f5julist vadja keelt on peetud ka iseseisvaks murdeks.<br>(allikas: &#8220;VA\u0110\u0110AMAA &#8211; \u0412\u041e\u0414\u0421\u041a\u0410\u042f \u0417\u0415\u041c\u041b\u042f&#8221;, http:\/\/vadjamaa.narod.ru\/index.html)<\/figcaption><\/figure>\n\n\n\n<p>Vadjalased on olnud tihedas kokkupuutes naabruses elavate isuritega, samuti on l\u00e4bi aegade k\u00e4idud l\u00e4bi eestlaste, ingerisoomlaste ja venelastega. Eesti kirderanniku- ja idamurdes v\u00f5ib t\u00e4heldada mitmeid vadjap\u00e4rasusi. R\u00fchm vadjalasi toodi ilmselt 15. sajandil s\u00f5javangidena elama L\u00f5una-L\u00e4tisse Bauska linna \u00fcmbrusesse, kus nad s\u00e4ilitasid oma keele kuni 19. sajandi keskpaigani. Naabruses elavad l\u00e4tlased andsid neile nimeks kreevinid (l\u00e4ti keeles t\u00e4hendab <em>krievi\u0146\u0161<\/em> \u2018venelaseke\u2019), mida viimased isegi aja jooksul endanimetusena kasutama hakkasid.<\/p>\n\n\n\n<p>Vadja keel on lingvistide hinnangul k\u00f5ige l\u00e4hem p\u00f5hjaeesti keelele; koos l\u00f5unaeesti ja liivi keelega kuuluvad need neli l\u00e4\u00e4nemeresoome keelte l\u00f5unar\u00fchma. Keele k\u00f5nelejaid on praeguseks j\u00e4\u00e4nud v\u00e4ga v\u00e4he \u2013 juba 2010. aastate alguses nimetas Tartu \u00dclikooli l\u00e4\u00e4nemeresoome keelte dotsent Heinike Heinsoo k\u00f5igest seitset vadja keele oskajat, neist enamik eakad inimesed (Heinsoo 2012, 76\u201377). Siiski pole vadjalus t\u00e4nap\u00e4evalgi kadunud \u2013 vadja juurtega inimestele on korraldatud keelekursuseid ja \u00f5ppematerjale ning Narvas tegutseb Vadja Kultuuri Selts. Ka kreevini p\u00e4ritoluga inimeste seas on oma juurte teadvustamine muutunud taas oluliseks (vaata <a href=\"https:\/\/www.facebook.com\/zemgaleskrievini\">https:\/\/www.facebook.com\/zemgaleskrievini<\/a>).<\/p>\n\n\n\n<p>Vadjalaste kohta v\u00f5ib p\u00f5hjalikumalt lugeda <a rel=\"noreferrer noopener\" href=\"https:\/\/fennougria.ee\/rahvad\/laanemeresoome-rahvad\/vadjalased\/\" target=\"_blank\">Fenno-Ugria Asutuse kodulehel<\/a>, <a rel=\"noreferrer noopener\" href=\"https:\/\/www.erm.ee\/vadjalased\" target=\"_blank\">Eesti Rahva Muuseumi kodulehel<\/a>, folkloristide serveris <a rel=\"noreferrer noopener\" href=\"https:\/\/www.folklore.ee\/rl\/folkte\/sugri\/vadja\/\" target=\"_blank\">Haldjas<\/a> ning <a rel=\"noreferrer noopener\" href=\"http:\/\/vadjamaa.narod.ru\/index_est.html\" target=\"_blank\">Vadja Kultuuri Seltsi loodud kodulehel<\/a>.<\/p>\n\n\n\n<p>H\u00f5imul\u00f5imede tegevused on vadja keele ja kultuuriga ikka ja j\u00e4lle kokku puutunud. Vadja keele uurija ja \u00f5petaja Heinike Heinsoo eestvedamisel oli meie ansambli K\u00e4nnu Peal K\u00e4bi esimeseks ettev\u00f5tmiseks m\u00f5nede eesti keelest vadjandatud laulude salvestamine keele\u00f5ppeks (n\u00e4iteks <a rel=\"noreferrer noopener\" href=\"https:\/\/www.youtube.com\/watch?v=WQgBl0OwxK0\" target=\"_blank\">\u201cM\u00fc meemme r\u00fcisse l\u00f5ikkama\u201d<\/a> ning j\u00f5ululaul <a rel=\"noreferrer noopener\" href=\"https:\/\/www.youtube.com\/watch?v=WLIS86jrOPY\" target=\"_blank\">\u201cP\u00fch\u00e4 \u00fc\u00fc\u201d<\/a>). Hiljem oleme oma kava ka ise t\u00e4iendanud algup\u00e4raste vadja rahvalauludega:<\/p>\n\n\n\n<figure class=\"wp-block-embed-youtube wp-block-embed is-type-video is-provider-youtube wp-embed-aspect-16-9 wp-has-aspect-ratio\"><div class=\"wp-block-embed__wrapper\">\n<iframe loading=\"lazy\" title=\"K\u00e4nnu Peal K\u00e4bi \u2013 Tulkaa, t\u00fctt\u00e4red, tul\u00f5ll\u00f5 (vadja rahvalaul)\" width=\"720\" height=\"405\" src=\"https:\/\/www.youtube.com\/embed\/cQeahzPhwUw?feature=oembed\" frameborder=\"0\" allow=\"accelerometer; autoplay; clipboard-write; encrypted-media; gyroscope; picture-in-picture\" allowfullscreen><\/iframe>\n<\/div><\/figure>\n\n\n\n<p>Heinike Heinsoo k\u00f5neles 2019. aasta kevadel ERMi h\u00f5imuklubis vadja keele olukorrast ja taaselustamisest, vadja laule esitas ansambel K\u00e4nnu Peal K\u00e4bi:<\/p>\n\n\n\n<figure class=\"wp-block-embed-youtube wp-block-embed is-type-video is-provider-youtube wp-embed-aspect-16-9 wp-has-aspect-ratio\"><div class=\"wp-block-embed__wrapper\">\n<iframe loading=\"lazy\" title=\"Maailm ja rahvad: ERMi h\u00f5imuklubi. Heinike Heinsoo 26.03.2019\" width=\"720\" height=\"405\" src=\"https:\/\/www.youtube.com\/embed\/TbK5cIab7iQ?feature=oembed\" frameborder=\"0\" allow=\"accelerometer; autoplay; clipboard-write; encrypted-media; gyroscope; picture-in-picture\" allowfullscreen><\/iframe>\n<\/div><\/figure>\n\n\n\n<p>J\u00f5ululaulu \u201cP\u00fch\u00e4 \u00fc\u00fc\u201d vadja keelde panemisest ja lintiv\u00f5tmisest v\u00f5ite lugeda <a rel=\"noreferrer noopener\" href=\"http:\/\/www.hoimuloimed.ee\/index.php\/2019\/12\/02\/puha-uu-taiendus-vadjakeelsele-joulumuusikale\/\" target=\"_blank\">meie blogist<\/a>. <\/p>\n\n\n\n<div class=\"wp-block-otfm-box-spoiler-start otfm-sp__wrapper otfm-sp__box js-otfm-sp-box__closed otfm-sp__f5f5f5\" role=\"button\" tabindex=\"0\" aria-expanded=\"false\" data-otfm-spc=\"#f5f5f5\" style=\"text-align:left\"><div class=\"otfm-sp__title\"><strong><span class=\"has-inline-color has-vivid-red-color\">Keele\u00f5ppe materjalid v\u00f5rgus<\/span><\/strong><\/div><\/div>\n\n\n\n<p><a rel=\"noreferrer noopener\" href=\"https:\/\/www.eki.ee\/murded\/fonoteek\/index.php?leht=3&amp;haldus=Vadja\" target=\"_blank\">Eesti Keele Instituudi fonoteek<\/a><br>Vadjalastega tehtud helisalvestiste andmebaas.<\/p>\n\n\n\n<p><a rel=\"noreferrer noopener\" href=\"https:\/\/www.eki.ee\/dict\/vadja\/\" target=\"_blank\">Vadja keele s\u00f5naraamat<\/a><br>Eesti Keele Instituudi koostatud s\u00f5naraamat v\u00f5imaldab otsida nii eesti-vadja kui ka vadja-eesti suunal.<\/p>\n\n\n\n<p><a rel=\"noreferrer noopener\" href=\"https:\/\/www.youtube.com\/channel\/UCvVV11s2ZIHIpFLARe6bK1A\" target=\"_blank\">Vadjamaa-\u0412\u043e\u0434\u0441\u043a\u0430\u044f \u0437\u0435\u043c\u043b\u044f-Votic land<\/a><br>Youtube\u2019i kanal, mis koondab vadja keelt ja kultuuri tutvustavaid videosid.<\/p>\n\n\n\n<p><a rel=\"noreferrer noopener\" href=\"https:\/\/www.youtube.com\/channel\/UCoU6rkUbqM60TdXjVzQADfQ\" target=\"_blank\">\u00c4mmesse vunukkassaa<\/a><br>Heinike Heinsoo loodud vadja keele \u00f5ppematerjalid Youtube\u2019is.<\/p>\n\n\n\n<div class=\"wp-block-otfm-box-spoiler-end otfm-sp_end\"><\/div>\n\n\n\n<div class=\"wp-block-otfm-box-spoiler-start otfm-sp__wrapper otfm-sp__box js-otfm-sp-box__closed otfm-sp__f5f5f5\" role=\"button\" tabindex=\"0\" aria-expanded=\"false\" data-otfm-spc=\"#f5f5f5\" style=\"text-align:left\"><div class=\"otfm-sp__title\"><strong><span class=\"has-inline-color has-vivid-red-color\">Muusika<\/span><\/strong><\/div><\/div>\n\n\n\n<div class=\"wp-block-media-text alignwide is-stacked-on-mobile\" style=\"grid-template-columns:24% auto\"><figure class=\"wp-block-media-text__media\"><img loading=\"lazy\" decoding=\"async\" width=\"236\" height=\"297\" src=\"http:\/\/www.hoimuloimed.ee\/wp-content\/uploads\/2022\/11\/maavaci.jpeg\" alt=\"\" class=\"wp-image-825\" srcset=\"https:\/\/hoimuloimed.ee\/wp-content\/uploads\/2022\/11\/maavaci.jpeg 236w, https:\/\/hoimuloimed.ee\/wp-content\/uploads\/2022\/11\/maavaci-72x90.jpeg 72w\" sizes=\"auto, (max-width: 236px) 100vw, 236px\" \/><\/figure><div class=\"wp-block-media-text__content\">\n<p><strong><strong>Maav\u00e4\u010di (Bestiarium)<\/strong><\/strong><br><em>Vadja rahvamuusika<\/em><\/p>\n\n\n\n<p class=\"has-small-font-size\"><a rel=\"noreferrer noopener\" href=\"https:\/\/www.facebook.com\/BestiariumMaav%C3%A4ci-114886318611199\/\" target=\"_blank\">Facebook<\/a><\/p>\n<\/div><\/div>\n\n\n\n<p><\/p>\n\n\n\n<p><a rel=\"noreferrer noopener\" href=\"https:\/\/www.folklore.ee\/pubte\/eraamat\/vadjaisuri\/ee\/\" target=\"_blank\">Vadja ja isuri rahvalaulud<\/a><br><em>Rahvalaulude andmebaas<\/em><\/p>\n\n\n\n<div class=\"wp-block-otfm-box-spoiler-end otfm-sp_end\"><\/div>\n\n\n\n<div class=\"wp-block-otfm-box-spoiler-start otfm-sp__wrapper otfm-sp__box js-otfm-sp-box__closed otfm-sp__f5f5f5\" role=\"button\" tabindex=\"0\" aria-expanded=\"false\" data-otfm-spc=\"#f5f5f5\" style=\"text-align:left\"><div class=\"otfm-sp__title\"><strong><span class=\"has-inline-color has-vivid-red-color\">Filmid<\/span><\/strong><\/div><\/div>\n\n\n\n<p><strong>Jyrci da Mato <\/strong>(Venemaa, 2014)<br><em>Rahvajutul p\u00f5hinev l\u00fchianimatsioon<\/em><\/p>\n\n\n\n<figure class=\"wp-block-embed-youtube wp-block-embed is-type-video is-provider-youtube wp-embed-aspect-4-3 wp-has-aspect-ratio\"><div class=\"wp-block-embed__wrapper\">\n<iframe loading=\"lazy\" title=\"&quot;Jyrci da Mato&quot; (\u042e\u0420\u0427\u0418 \u0418 \u0417\u041c\u0415\u042e\u041a) \u043d\u0430 \u0432\u043e\u0434\u0441\u043a\u043e\u043c \u044f\u0437\u044b\u043a\u0435  \u0441 \u0430\u043d\u0433\u043b\u0438\u0439\u0441\u043a\u0438\u043c\u0438 \u0441\u0443\u0431\u0442\u0438\u0442\u0440\u0430\u043c\u0438\" width=\"720\" height=\"540\" src=\"https:\/\/www.youtube.com\/embed\/IOZKg_yhaew?feature=oembed\" frameborder=\"0\" allow=\"accelerometer; autoplay; clipboard-write; encrypted-media; gyroscope; picture-in-picture\" allowfullscreen><\/iframe>\n<\/div><\/figure>\n\n\n\n<p><\/p>\n\n\n\n<p><strong>Ilmatar<\/strong> (Eesti, 2024)<\/p>\n\n\n\n<figure class=\"wp-block-embed-youtube wp-block-embed is-type-video is-provider-youtube wp-embed-aspect-16-9 wp-has-aspect-ratio\"><div class=\"wp-block-embed__wrapper\">\n<iframe loading=\"lazy\" title=\"ILMATAR\" width=\"720\" height=\"405\" src=\"https:\/\/www.youtube.com\/embed\/QbC4szE5Hhw?feature=oembed\" frameborder=\"0\" allow=\"accelerometer; autoplay; clipboard-write; encrypted-media; gyroscope; picture-in-picture; web-share\" referrerpolicy=\"strict-origin-when-cross-origin\" allowfullscreen><\/iframe> \n<\/div><\/figure>\n\n\n\n<div class=\"wp-block-otfm-box-spoiler-end otfm-sp_end\"><\/div>\n\n\n\n<p><\/p>\n\n\n\n<p><strong>Kirjandus<\/strong><br>Heinsoo, Heinike 2012. <em>\u00d5pp\u00f5miz\u00f5 alku on rankk\u2026<\/em> Vadja keele \u00f5petamisest Vadjamaal. \u2013 Soome ugri s\u00f5lmed, 2010\u20132011. Fenno-Ugria.<br>Statistikaamet 2022 = Statistikaamet: Rahvaloendus \u2013 Rahvastiku demograafilised ja etnokultuurilised n\u00e4itajad. https:\/\/rahvaloendus.ee\/et\/tulemused\/rahvastiku-demograafilised-ja-etno-kultuurilised-naitajad<\/p>\n\n\n\n<p><\/p>\n","protected":false},"excerpt":{"rendered":"<p>Vadjalased on eestlastele geograafiliselt ja kultuuriliselt l\u00e4hedane l\u00e4\u00e4nemeresoome rahvas. Arheoloogiliste ja kirjalike allikatel p\u00f5hjal asustasid vadjalased rauaaja l\u00f5pus ja keskajal laialdast territooriumit Novgorodist loodes, samuti Kirde-Eestis (eesk\u00e4tt Alutagusemaal). Hiljem on nende arv peamiselt venestumise t\u00f5ttu pidevalt v\u00e4henenud ning 19.\u201320. sajandil oli vadja asustus s\u00e4ilinud Soome lahe l\u00f5unarannikul Lauga j\u00f5e alamjooksust idas. Seni v\u00e4rskeimad andmed vadjalaste arvust Venemaal p\u00e4rinevad 2010. aasta rahvaloendusest, mil vadjalaseks m\u00e4rkis ennast &hellip; <a href=\"https:\/\/hoimuloimed.ee\/index.php\/hoimurahvad-ja-keeled\/vadjalased\/\" class=\"more-link\">Continue reading <span class=\"screen-reader-text\">Vadjalased<\/span><\/a><\/p>\n","protected":false},"author":1,"featured_media":0,"parent":221,"menu_order":0,"comment_status":"closed","ping_status":"closed","template":"","meta":{"footnotes":""},"class_list":["post-818","page","type-page","status-publish","hentry"],"_links":{"self":[{"href":"https:\/\/hoimuloimed.ee\/index.php\/wp-json\/wp\/v2\/pages\/818","targetHints":{"allow":["GET"]}}],"collection":[{"href":"https:\/\/hoimuloimed.ee\/index.php\/wp-json\/wp\/v2\/pages"}],"about":[{"href":"https:\/\/hoimuloimed.ee\/index.php\/wp-json\/wp\/v2\/types\/page"}],"author":[{"embeddable":true,"href":"https:\/\/hoimuloimed.ee\/index.php\/wp-json\/wp\/v2\/users\/1"}],"replies":[{"embeddable":true,"href":"https:\/\/hoimuloimed.ee\/index.php\/wp-json\/wp\/v2\/comments?post=818"}],"version-history":[{"count":8,"href":"https:\/\/hoimuloimed.ee\/index.php\/wp-json\/wp\/v2\/pages\/818\/revisions"}],"predecessor-version":[{"id":1281,"href":"https:\/\/hoimuloimed.ee\/index.php\/wp-json\/wp\/v2\/pages\/818\/revisions\/1281"}],"up":[{"embeddable":true,"href":"https:\/\/hoimuloimed.ee\/index.php\/wp-json\/wp\/v2\/pages\/221"}],"wp:attachment":[{"href":"https:\/\/hoimuloimed.ee\/index.php\/wp-json\/wp\/v2\/media?parent=818"}],"curies":[{"name":"wp","href":"https:\/\/api.w.org\/{rel}","templated":true}]}}