{"id":846,"date":"2023-02-13T18:05:14","date_gmt":"2023-02-13T15:05:14","guid":{"rendered":"http:\/\/www.hoimuloimed.ee\/?page_id=846"},"modified":"2023-02-13T18:05:15","modified_gmt":"2023-02-13T15:05:15","slug":"soome-ugri-teemaohtud","status":"publish","type":"page","link":"https:\/\/hoimuloimed.ee\/index.php\/kannu-peal-kabi\/soome-ugri-teemaohtud\/","title":{"rendered":"Soome-ugri teema\u00f5htud"},"content":{"rendered":"\n<p><strong>Ansambel K\u00c4NNU PEAL K\u00c4BI pakub soome-ugri teema\u00f5htuid!<\/strong><\/p>\n\n\n\n<figure class=\"wp-block-image size-large is-style-default\"><img loading=\"lazy\" decoding=\"async\" width=\"1024\" height=\"683\" src=\"http:\/\/www.hoimuloimed.ee\/wp-content\/uploads\/2023\/02\/kannupealkabi-ermis-1024x683.jpeg\" alt=\"\" class=\"wp-image-849\" srcset=\"https:\/\/hoimuloimed.ee\/wp-content\/uploads\/2023\/02\/kannupealkabi-ermis-1024x683.jpeg 1024w, https:\/\/hoimuloimed.ee\/wp-content\/uploads\/2023\/02\/kannupealkabi-ermis-300x200.jpeg 300w, https:\/\/hoimuloimed.ee\/wp-content\/uploads\/2023\/02\/kannupealkabi-ermis-768x512.jpeg 768w, https:\/\/hoimuloimed.ee\/wp-content\/uploads\/2023\/02\/kannupealkabi-ermis-1536x1024.jpeg 1536w, https:\/\/hoimuloimed.ee\/wp-content\/uploads\/2023\/02\/kannupealkabi-ermis-135x90.jpeg 135w, https:\/\/hoimuloimed.ee\/wp-content\/uploads\/2023\/02\/kannupealkabi-ermis.jpeg 1600w\" sizes=\"auto, (max-width: 1024px) 100vw, 1024px\" \/><\/figure>\n\n\n\n<p>Meie missioon on tuua soome-ugri rahvad eestlastele l\u00e4hemale. Oleme Tartu b\u00e4nd, kelle kireks on h\u00f5imurahvaste kultuurid ja keeled. Meie liikmed on eri soome-ugri rahvusest keeleteadlased, aktivistid ja muuseumi\u00f5petajad, enam kui viie tegutsemisaasta jooksul oleme kogunud laia repertuaari nii sugulaskeeltes kui ka eesti murretes.<\/p>\n\n\n\n<p>Soome-ugri \u00f5htul<\/p>\n\n\n\n<ul class=\"wp-block-list\"><li>laulame eri soome-ugri keeltes vanu rahvalaule ja uuemat autoriloomingut,<\/li><li>tutvustame soome-ugri rahvaid ja nende eluolu,<\/li><li>soovi korral \u00f5petame laulu- ja tantsum\u00e4nge.<\/li><\/ul>\n\n\n\n<p>Hea meelega k\u00fclastame kultuurimaju, muuseume, seltse, raamatukogusid v\u00f5i era\u00fcritusi.<\/p>\n\n\n\n<p>1,5 tunni pikkuse teema\u00f5htu hind on 300 eurot, millele lisanduvad transpordikulud.&nbsp;<\/p>\n\n\n\n<p>V\u00f5tke meiega \u00fchendust: <a href=\"mailto:kannupealkabi@hoimuloimed.ee\">kannupealkabi@hoimuloimed.ee<\/a><\/p>\n\n\n\n<p>Meist veel:<\/p>\n\n\n\n<p><a rel=\"noreferrer noopener\" href=\"https:\/\/www.facebook.com\/kannupealkabi\" target=\"_blank\">K\u00e4nnu Peal K\u00e4bi Facebooki leht<\/a><br><a href=\"https:\/\/www.youtube.com\/@fennourg1197\/videos\" target=\"_blank\" rel=\"noreferrer noopener\">H\u00f5imul\u00f5imede YouTube&#8217;i kanal<\/a><\/p>\n","protected":false},"excerpt":{"rendered":"<p>Ansambel K\u00c4NNU PEAL K\u00c4BI pakub soome-ugri teema\u00f5htuid! Meie missioon on tuua soome-ugri rahvad eestlastele l\u00e4hemale. Oleme Tartu b\u00e4nd, kelle kireks on h\u00f5imurahvaste kultuurid ja keeled. Meie liikmed on eri soome-ugri rahvusest keeleteadlased, aktivistid ja muuseumi\u00f5petajad, enam kui viie tegutsemisaasta jooksul oleme kogunud laia repertuaari nii sugulaskeeltes kui ka eesti murretes. Soome-ugri \u00f5htul laulame eri soome-ugri keeltes vanu rahvalaule ja uuemat autoriloomingut, tutvustame soome-ugri rahvaid ja &hellip; <a href=\"https:\/\/hoimuloimed.ee\/index.php\/kannu-peal-kabi\/soome-ugri-teemaohtud\/\" class=\"more-link\">Continue reading <span class=\"screen-reader-text\">Soome-ugri teema\u00f5htud<\/span><\/a><\/p>\n","protected":false},"author":1,"featured_media":0,"parent":205,"menu_order":0,"comment_status":"closed","ping_status":"closed","template":"","meta":{"footnotes":""},"class_list":["post-846","page","type-page","status-publish","hentry"],"_links":{"self":[{"href":"https:\/\/hoimuloimed.ee\/index.php\/wp-json\/wp\/v2\/pages\/846","targetHints":{"allow":["GET"]}}],"collection":[{"href":"https:\/\/hoimuloimed.ee\/index.php\/wp-json\/wp\/v2\/pages"}],"about":[{"href":"https:\/\/hoimuloimed.ee\/index.php\/wp-json\/wp\/v2\/types\/page"}],"author":[{"embeddable":true,"href":"https:\/\/hoimuloimed.ee\/index.php\/wp-json\/wp\/v2\/users\/1"}],"replies":[{"embeddable":true,"href":"https:\/\/hoimuloimed.ee\/index.php\/wp-json\/wp\/v2\/comments?post=846"}],"version-history":[{"count":3,"href":"https:\/\/hoimuloimed.ee\/index.php\/wp-json\/wp\/v2\/pages\/846\/revisions"}],"predecessor-version":[{"id":850,"href":"https:\/\/hoimuloimed.ee\/index.php\/wp-json\/wp\/v2\/pages\/846\/revisions\/850"}],"up":[{"embeddable":true,"href":"https:\/\/hoimuloimed.ee\/index.php\/wp-json\/wp\/v2\/pages\/205"}],"wp:attachment":[{"href":"https:\/\/hoimuloimed.ee\/index.php\/wp-json\/wp\/v2\/media?parent=846"}],"curies":[{"name":"wp","href":"https:\/\/api.w.org\/{rel}","templated":true}]}}