{"id":862,"date":"2023-07-07T13:06:27","date_gmt":"2023-07-07T10:06:27","guid":{"rendered":"http:\/\/www.hoimuloimed.ee\/?page_id=862"},"modified":"2023-10-03T15:38:40","modified_gmt":"2023-10-03T12:38:40","slug":"handid","status":"publish","type":"page","link":"https:\/\/hoimuloimed.ee\/index.php\/hoimurahvad-ja-keeled\/handid\/","title":{"rendered":"Handid"},"content":{"rendered":"\n<p>Handid on L\u00e4\u00e4ne-Siberis peamiselt Obi ning selle lisaj\u00f5gede Irt\u00f5\u0161i, Kaz\u00f5mi jt \u00e4\u00e4res elav soome-ugri rahvas, keda koos mansidega loetakse obiugri rahvasteks. Nende kaugemad keelesugulased on Kesk-Euroopas elavad ungarlased ehk madjarid. Handi, mansi ja ungari keeled on liigitatud uurali keelkonna ugri r\u00fchma. Siiski pole ungarlasel ja handil ilma eelneva ettevalmistuseta v\u00f5imalik teineteise jutust aru saada. Ka handi keele kolm peamist murret \u2013 p\u00f5hja-, ida- ja l\u00f5unamurre (neist viimane praeguseks h\u00e4\u00e4bunud) \u2013 erinevad \u00fcksteisest sedav\u00f5rd, et v\u00f5ivad valmistada raskusi omavahelises m\u00f5istmises. P\u00f5himurded jagunevad omakorda arvukateks (13\u201318) alamurdeks. Keelekujude paljusust soodustab hantide elukohtade paiknemine v\u00e4ga suurel, ent h\u00f5redalt asustatud maa-alal.<\/p>\n\n\n\n<div class=\"wp-block-columns is-layout-flex wp-container-core-columns-is-layout-9d6595d7 wp-block-columns-is-layout-flex\">\n<div class=\"wp-block-column is-layout-flow wp-block-column-is-layout-flow\">\n<figure class=\"wp-block-image size-large is-style-default\"><img loading=\"lazy\" decoding=\"async\" width=\"877\" height=\"1024\" src=\"http:\/\/www.hoimuloimed.ee\/wp-content\/uploads\/2023\/07\/Handid-kaart-1-1-877x1024.png\" alt=\"\" class=\"wp-image-865\" srcset=\"https:\/\/hoimuloimed.ee\/wp-content\/uploads\/2023\/07\/Handid-kaart-1-1-877x1024.png 877w, https:\/\/hoimuloimed.ee\/wp-content\/uploads\/2023\/07\/Handid-kaart-1-1-257x300.png 257w, https:\/\/hoimuloimed.ee\/wp-content\/uploads\/2023\/07\/Handid-kaart-1-1-768x897.png 768w, https:\/\/hoimuloimed.ee\/wp-content\/uploads\/2023\/07\/Handid-kaart-1-1-1316x1536.png 1316w, https:\/\/hoimuloimed.ee\/wp-content\/uploads\/2023\/07\/Handid-kaart-1-1-1754x2048.png 1754w, https:\/\/hoimuloimed.ee\/wp-content\/uploads\/2023\/07\/Handid-kaart-1-1-77x90.png 77w, https:\/\/hoimuloimed.ee\/wp-content\/uploads\/2023\/07\/Handid-kaart-1-1.png 1797w\" sizes=\"auto, (max-width: 877px) 100vw, 877px\" \/><\/figure>\n<\/div>\n\n\n\n<div class=\"wp-block-column is-layout-flow wp-block-column-is-layout-flow\">\n<figure class=\"wp-block-image size-large is-style-default\"><img loading=\"lazy\" decoding=\"async\" width=\"1024\" height=\"995\" src=\"http:\/\/www.hoimuloimed.ee\/wp-content\/uploads\/2023\/07\/Handid-kaart-2-1-1024x995.png\" alt=\"\" class=\"wp-image-866\" srcset=\"https:\/\/hoimuloimed.ee\/wp-content\/uploads\/2023\/07\/Handid-kaart-2-1-1024x995.png 1024w, https:\/\/hoimuloimed.ee\/wp-content\/uploads\/2023\/07\/Handid-kaart-2-1-300x292.png 300w, https:\/\/hoimuloimed.ee\/wp-content\/uploads\/2023\/07\/Handid-kaart-2-1-768x747.png 768w, https:\/\/hoimuloimed.ee\/wp-content\/uploads\/2023\/07\/Handid-kaart-2-1-1536x1493.png 1536w, https:\/\/hoimuloimed.ee\/wp-content\/uploads\/2023\/07\/Handid-kaart-2-1-2048x1991.png 2048w, https:\/\/hoimuloimed.ee\/wp-content\/uploads\/2023\/07\/Handid-kaart-2-1-93x90.png 93w\" sizes=\"auto, (max-width: 1024px) 100vw, 1024px\" \/><\/figure>\n<\/div>\n<\/div>\n\n\n\n<p class=\"has-text-align-center has-small-font-size\">Hantide praegused asualad.<br>Helekollane \u2013 Obdorski piirkonna p\u00f5hjahandid.<br>Tumekollane \u2013 Obi piirkonna p\u00f5hjahandid.<br>Roheline \u2013 idahandid.<br>(Kaardid: https:\/\/bedlan.net\/data\/)<\/p>\n\n\n\n<p>Seni viimaste, 2021. aasta rahvaloenduste andmeil elab Venemaa F\u00f6deratsioonis 31&nbsp;467 ennast handiks pidavat inimest. V\u00f5rreldes 2010. aasta andmetega on toimunud isegi v\u00e4ike kasv (siis luges end handiks 30&nbsp;943 inimest), mille p\u00f5hjuseks v\u00f5ib pidada Venemaal p\u00f5lisrahvastele makstavaid toetusi. Samas on hantide omakultuur tugeva surve all \u2013 emakeele oskajaid on j\u00e4\u00e4nud vaid 9230 (29,8% k\u00f5igist hantidest), samuti tungib naftat\u00f6\u00f6stus j\u00e4rjest enam handi traditsioonilistesse elukeskkondadesse, rikkudes loodust ja p\u00fchapaiku.<\/p>\n\n\n\n<p>Eestikeelselt lisainfot hantide kohta pakuvad <a rel=\"noreferrer noopener\" href=\"https:\/\/fennougria.ee\/rahvad\/handid\/\" target=\"_blank\">Fenno-Ugria Asutuse koduleht<\/a>, <a rel=\"noreferrer noopener\" href=\"https:\/\/www.erm.ee\/et\/handid\" target=\"_blank\">Eesti Rahva Muuseumi koduleht<\/a>, <a rel=\"noreferrer noopener\" href=\"https:\/\/www.folklore.ee\/rl\/folkte\/sugri\/hant\/\" target=\"_blank\">Eesti Rahvaluulearhiivi koduleht<\/a> ning <a rel=\"noreferrer noopener\" href=\"https:\/\/et.wikipedia.org\/wiki\/Handid\" target=\"_blank\">Vikipeedia<\/a>.<\/p>\n\n\n\n<p>H\u00f5imul\u00f5imede liige Anti Lillak on teinud soome-ugri filmifestivali FUFF korraldajate Edina Cs\u00fcll\u00f6gi ja Anti Naulaisega <a href=\"https:\/\/www.sirp.ee\/s1-artiklid\/film\/kohtumine-tundmatuga-kesk-kurnatud-loodust\/\" target=\"_blank\" rel=\"noreferrer noopener\">intervjuu Handimaast<\/a>. <\/p>\n\n\n\n<div class=\"wp-block-otfm-box-spoiler-start otfm-sp__wrapper otfm-sp__box js-otfm-sp-box__closed otfm-sp__f5f5f5\" role=\"button\" tabindex=\"0\" aria-expanded=\"false\" data-otfm-spc=\"#f5f5f5\" style=\"text-align:left\"><div class=\"otfm-sp__title\"><span class=\"has-inline-color has-vivid-red-color\"><strong>Keele\u00f5ppe ressursid veebis<\/strong><\/span><\/div><\/div>\n\n\n\n<p><a rel=\"noreferrer noopener\" href=\"https:\/\/www.youtube.com\/watch?v=LBXRmy20xbk&amp;list=PLXGhuwBQ50bNcdYgEYDcj9kcd2e7hDZwN\" target=\"_blank\">Handi keele alg\u00f5pe<\/a><br>Handi keele alg\u00f5pe youtube&#8217;i video venekeelsete subtiitritega.<\/p>\n\n\n\n<p><a rel=\"noreferrer noopener\" href=\"https:\/\/www.youtube.com\/@user-dx1ft7gv8t\" target=\"_blank\">Irina Moldanova handi keelt tutvustavad l\u00fchivideod<\/a> <br>Youtube&#8217;i kanal handi keelt tutvustavate videotega (vene keeles).<\/p>\n\n\n\n<p><a href=\"https:\/\/khanty-yasang.ru\/khanty-yasang\">Ajaleht \u201e\u0425\u04d0\u041d\u0422\u042b \u042f\u0421\u04d0\u04a2\u201c<\/a><\/p>\n\n\n\n<p><a href=\"https:\/\/www.babel.gwi.uni-muenchen.de\/index.php?abfrage=corpus_pub_intro&amp;subnavi=corpus_pub\">Obiugri (handi ja mansi) tekstide korpus<\/a><br>Teaduslikuks kasutuseks koondatud mansi- ja handikeelsed tekstid<br><\/p>\n\n\n\n<div class=\"wp-block-otfm-box-spoiler-end otfm-sp_end\"><\/div>\n\n\n\n<div class=\"wp-block-otfm-box-spoiler-start otfm-sp__wrapper otfm-sp__box js-otfm-sp-box__closed otfm-sp__f5f5f5\" role=\"button\" tabindex=\"0\" aria-expanded=\"false\" data-otfm-spc=\"#f5f5f5\" style=\"text-align:left\"><div class=\"otfm-sp__title\"><strong><span class=\"has-inline-color has-vivid-red-color\">Muusika<\/span><\/strong><\/div><\/div>\n\n\n\n<div class=\"wp-block-media-text alignwide is-stacked-on-mobile\" style=\"grid-template-columns:24% auto\"><figure class=\"wp-block-media-text__media\"><img loading=\"lazy\" decoding=\"async\" width=\"1024\" height=\"576\" src=\"http:\/\/www.hoimuloimed.ee\/wp-content\/uploads\/2023\/07\/vera2-1024x576.jpeg\" alt=\"\" class=\"wp-image-873\" srcset=\"https:\/\/hoimuloimed.ee\/wp-content\/uploads\/2023\/07\/vera2-1024x576.jpeg 1024w, https:\/\/hoimuloimed.ee\/wp-content\/uploads\/2023\/07\/vera2-300x169.jpeg 300w, https:\/\/hoimuloimed.ee\/wp-content\/uploads\/2023\/07\/vera2-768x432.jpeg 768w, https:\/\/hoimuloimed.ee\/wp-content\/uploads\/2023\/07\/vera2-160x90.jpeg 160w, https:\/\/hoimuloimed.ee\/wp-content\/uploads\/2023\/07\/vera2.jpeg 1280w\" sizes=\"auto, (max-width: 1024px) 100vw, 1024px\" \/><\/figure><div class=\"wp-block-media-text__content\">\n<p><strong>Vera Kondrateva<\/strong><br><em>Etnopop<\/em><\/p>\n\n\n\n<p class=\"has-small-font-size\"><a href=\"https:\/\/www.youtube.com\/@verakondrateva4976\" target=\"_blank\" rel=\"noreferrer noopener\">Youtube<\/a> \/ <a href=\"https:\/\/open.spotify.com\/artist\/0iVxCZz97VOlOMxCHcVaN4\" target=\"_blank\" rel=\"noreferrer noopener\">Spotify<\/a><\/p>\n<\/div><\/div>\n\n\n\n<p><\/p>\n\n\n\n<div class=\"wp-block-media-text alignwide is-stacked-on-mobile\" style=\"grid-template-columns:24% auto\"><figure class=\"wp-block-media-text__media\"><img loading=\"lazy\" decoding=\"async\" width=\"480\" height=\"360\" src=\"http:\/\/www.hoimuloimed.ee\/wp-content\/uploads\/2023\/07\/victoria.jpeg\" alt=\"\" class=\"wp-image-874\" srcset=\"https:\/\/hoimuloimed.ee\/wp-content\/uploads\/2023\/07\/victoria.jpeg 480w, https:\/\/hoimuloimed.ee\/wp-content\/uploads\/2023\/07\/victoria-300x225.jpeg 300w, https:\/\/hoimuloimed.ee\/wp-content\/uploads\/2023\/07\/victoria-120x90.jpeg 120w\" sizes=\"auto, (max-width: 480px) 100vw, 480px\" \/><\/figure><div class=\"wp-block-media-text__content\">\n<p><strong>Viktoria Kost\u00f5leva<\/strong><br><em>Etnopop<\/em><\/p>\n\n\n\n<p class=\"has-small-font-size\"><a rel=\"noreferrer noopener\" href=\"https:\/\/www.youtube.com\/watch?v=i1dKtp5hFb4\" target=\"_blank\">Youtube<\/a> <\/p>\n<\/div><\/div>\n\n\n\n<div class=\"wp-block-otfm-box-spoiler-end otfm-sp_end\"><\/div>\n\n\n\n<div class=\"wp-block-otfm-box-spoiler-start otfm-sp__wrapper otfm-sp__box js-otfm-sp-box__closed otfm-sp__f5f5f5\" role=\"button\" tabindex=\"0\" aria-expanded=\"false\" data-otfm-spc=\"#f5f5f5\" style=\"text-align:left\"><div class=\"otfm-sp__title\"><span class=\"has-inline-color has-vivid-red-color\"><strong>Filmid<\/strong><\/span><\/div><\/div>\n\n\n\n<div class=\"wp-block-media-text alignwide is-stacked-on-mobile\" style=\"grid-template-columns:26% auto\"><figure class=\"wp-block-media-text__media\"><img loading=\"lazy\" decoding=\"async\" width=\"465\" height=\"608\" src=\"http:\/\/www.hoimuloimed.ee\/wp-content\/uploads\/2023\/07\/vanaema-ja-lapselaps.png\" alt=\"\" class=\"wp-image-877\" srcset=\"https:\/\/hoimuloimed.ee\/wp-content\/uploads\/2023\/07\/vanaema-ja-lapselaps.png 465w, https:\/\/hoimuloimed.ee\/wp-content\/uploads\/2023\/07\/vanaema-ja-lapselaps-229x300.png 229w, https:\/\/hoimuloimed.ee\/wp-content\/uploads\/2023\/07\/vanaema-ja-lapselaps-69x90.png 69w\" sizes=\"auto, (max-width: 465px) 100vw, 465px\" \/><\/figure><div class=\"wp-block-media-text__content\">\n<p><strong>Vanaema ja lapselaps (\u0429\u0430\u0449\u0438 \u043f\u0430 \u0445\u0438\u043b\u044b)<\/strong><br>Animatsioon, Venemaa, 2009<\/p>\n\n\n\n<p class=\"has-small-font-size\"><a href=\"https:\/\/youtu.be\/SjHNTJmGkts\" target=\"_blank\" rel=\"noreferrer noopener\">Youtube<\/a><\/p>\n<\/div><\/div>\n\n\n\n<p><\/p>\n\n\n\n<div class=\"wp-block-media-text alignwide is-stacked-on-mobile\" style=\"grid-template-columns:26% auto\"><figure class=\"wp-block-media-text__media\"><img loading=\"lazy\" decoding=\"async\" width=\"628\" height=\"868\" src=\"http:\/\/www.hoimuloimed.ee\/wp-content\/uploads\/2023\/07\/silmadeta-jahimees.png\" alt=\"\" class=\"wp-image-875\" srcset=\"https:\/\/hoimuloimed.ee\/wp-content\/uploads\/2023\/07\/silmadeta-jahimees.png 628w, https:\/\/hoimuloimed.ee\/wp-content\/uploads\/2023\/07\/silmadeta-jahimees-217x300.png 217w, https:\/\/hoimuloimed.ee\/wp-content\/uploads\/2023\/07\/silmadeta-jahimees-65x90.png 65w\" sizes=\"auto, (max-width: 628px) 100vw, 628px\" \/><\/figure><div class=\"wp-block-media-text__content\">\n<p><strong>Silmadeta jahimees. Handi lugu<\/strong><br>Animatsioon, Eesti, 2016<\/p>\n\n\n\n<p class=\"has-small-font-size\"><a href=\"https:\/\/www.imdb.com\/title\/tt6330126\/\" target=\"_blank\" rel=\"noreferrer noopener\">imdb<\/a><\/p>\n<\/div><\/div>\n\n\n\n<p><\/p>\n\n\n\n<div class=\"wp-block-media-text alignwide is-stacked-on-mobile\" style=\"grid-template-columns:26% auto\"><figure class=\"wp-block-media-text__media\"><img loading=\"lazy\" decoding=\"async\" width=\"570\" height=\"646\" src=\"http:\/\/www.hoimuloimed.ee\/wp-content\/uploads\/2023\/07\/nukuteater2.png\" alt=\"\" class=\"wp-image-878\" srcset=\"https:\/\/hoimuloimed.ee\/wp-content\/uploads\/2023\/07\/nukuteater2.png 570w, https:\/\/hoimuloimed.ee\/wp-content\/uploads\/2023\/07\/nukuteater2-265x300.png 265w, https:\/\/hoimuloimed.ee\/wp-content\/uploads\/2023\/07\/nukuteater2-79x90.png 79w\" sizes=\"auto, (max-width: 570px) 100vw, 570px\" \/><\/figure><div class=\"wp-block-media-text__content\">\n<p><strong>Nukuteatri \u042e\u043d\u0442\u0442\u044b \u0410\u043a\u0430\u043d\u044f\u0442 videolavastus<\/strong>: <strong>\u0421\u0435\u0440\u044b\u0441 \u043d\u0430\u0439<\/strong><br>Venemaa, 2022<\/p>\n\n\n\n<p class=\"has-small-font-size\"><a rel=\"noreferrer noopener\" href=\"https:\/\/youtu.be\/1nC34L2efXU\" target=\"_blank\">Youtube<\/a> \/ <a href=\"http:\/\/muzeumugorsk.ru\/grantovye-proekty\/teatr-kukol-yuntty-akanyat\/item\/2186-polnaya-videokollektsiya-postanovok-teatra-kukol-yuntty-akanyat-po-motivam-skazok-obsko-ugorskikh-narodov\" target=\"_blank\" rel=\"noreferrer noopener\">koduleht<\/a><\/p>\n<\/div><\/div>\n\n\n\n<p><\/p>\n\n\n\n<div class=\"wp-block-media-text alignwide is-stacked-on-mobile\" style=\"grid-template-columns:26% auto\"><figure class=\"wp-block-media-text__media\"><img loading=\"lazy\" decoding=\"async\" width=\"984\" height=\"617\" src=\"http:\/\/www.hoimuloimed.ee\/wp-content\/uploads\/2023\/07\/hilojaaki.png\" alt=\"\" class=\"wp-image-876\" srcset=\"https:\/\/hoimuloimed.ee\/wp-content\/uploads\/2023\/07\/hilojaaki.png 984w, https:\/\/hoimuloimed.ee\/wp-content\/uploads\/2023\/07\/hilojaaki-300x188.png 300w, https:\/\/hoimuloimed.ee\/wp-content\/uploads\/2023\/07\/hilojaaki-768x482.png 768w, https:\/\/hoimuloimed.ee\/wp-content\/uploads\/2023\/07\/hilojaaki-144x90.png 144w\" sizes=\"auto, (max-width: 984px) 100vw, 984px\" \/><\/figure><div class=\"wp-block-media-text__content\">\n<p><strong>Nukuteatri \u042e\u043d\u0442\u0442\u044b \u0410\u043a\u0430\u043d\u044f\u0442 videolavastus: Hil\u00f5 ja Aki must s\u00fcda (\u0425\u0438\u043b\u044b \u0438 \u0410\u043a\u0438 \u0447\u0435\u0440\u043d\u043e\u0435 \u0441\u0435\u0440\u0434\u0446\u0435)<\/strong><br>Venemaa, 2022<\/p>\n\n\n\n<p class=\"has-small-font-size\"><a rel=\"noreferrer noopener\" href=\"https:\/\/youtu.be\/8Q4Mla31M5Y\" target=\"_blank\">Youtube<\/a> \/ <a rel=\"noreferrer noopener\" href=\"http:\/\/muzeumugorsk.ru\/grantovye-proekty\/teatr-kukol-yuntty-akanyat\/item\/2186-polnaya-videokollektsiya-postanovok-teatra-kukol-yuntty-akanyat-po-motivam-skazok-obsko-ugorskikh-narodov\" target=\"_blank\">koduleht<\/a><\/p>\n<\/div><\/div>\n\n\n\n<div class=\"wp-block-otfm-box-spoiler-end otfm-sp_end\"><\/div>\n","protected":false},"excerpt":{"rendered":"<p>Handid on L\u00e4\u00e4ne-Siberis peamiselt Obi ning selle lisaj\u00f5gede Irt\u00f5\u0161i, Kaz\u00f5mi jt \u00e4\u00e4res elav soome-ugri rahvas, keda koos mansidega loetakse obiugri rahvasteks. Nende kaugemad keelesugulased on Kesk-Euroopas elavad ungarlased ehk madjarid. Handi, mansi ja ungari keeled on liigitatud uurali keelkonna ugri r\u00fchma. Siiski pole ungarlasel ja handil ilma eelneva ettevalmistuseta v\u00f5imalik teineteise jutust aru saada. Ka handi keele kolm peamist murret \u2013 p\u00f5hja-, ida- ja l\u00f5unamurre &hellip; <a href=\"https:\/\/hoimuloimed.ee\/index.php\/hoimurahvad-ja-keeled\/handid\/\" class=\"more-link\">Continue reading <span class=\"screen-reader-text\">Handid<\/span><\/a><\/p>\n","protected":false},"author":1,"featured_media":0,"parent":221,"menu_order":0,"comment_status":"closed","ping_status":"closed","template":"","meta":{"footnotes":""},"class_list":["post-862","page","type-page","status-publish","hentry"],"_links":{"self":[{"href":"https:\/\/hoimuloimed.ee\/index.php\/wp-json\/wp\/v2\/pages\/862","targetHints":{"allow":["GET"]}}],"collection":[{"href":"https:\/\/hoimuloimed.ee\/index.php\/wp-json\/wp\/v2\/pages"}],"about":[{"href":"https:\/\/hoimuloimed.ee\/index.php\/wp-json\/wp\/v2\/types\/page"}],"author":[{"embeddable":true,"href":"https:\/\/hoimuloimed.ee\/index.php\/wp-json\/wp\/v2\/users\/1"}],"replies":[{"embeddable":true,"href":"https:\/\/hoimuloimed.ee\/index.php\/wp-json\/wp\/v2\/comments?post=862"}],"version-history":[{"count":8,"href":"https:\/\/hoimuloimed.ee\/index.php\/wp-json\/wp\/v2\/pages\/862\/revisions"}],"predecessor-version":[{"id":970,"href":"https:\/\/hoimuloimed.ee\/index.php\/wp-json\/wp\/v2\/pages\/862\/revisions\/970"}],"up":[{"embeddable":true,"href":"https:\/\/hoimuloimed.ee\/index.php\/wp-json\/wp\/v2\/pages\/221"}],"wp:attachment":[{"href":"https:\/\/hoimuloimed.ee\/index.php\/wp-json\/wp\/v2\/media?parent=862"}],"curies":[{"name":"wp","href":"https:\/\/api.w.org\/{rel}","templated":true}]}}