{"id":902,"date":"2023-08-07T17:10:13","date_gmt":"2023-08-07T14:10:13","guid":{"rendered":"http:\/\/www.hoimuloimed.ee\/?page_id=902"},"modified":"2023-11-07T20:26:11","modified_gmt":"2023-11-07T17:26:11","slug":"neenetsid","status":"publish","type":"page","link":"https:\/\/hoimuloimed.ee\/index.php\/hoimurahvad-ja-keeled\/neenetsid\/","title":{"rendered":"Neenetsid"},"content":{"rendered":"\n<p>Neenetsid on samojeedi rahvas, kes asustab Kirde-Euroopa ja Loode-Aasia laialdasi p\u00f5hjaalasid. Nende p\u00f5hilised elupaigad ulatuvad Valge mere \u00e4\u00e4rsest Kanini poolsaarest l\u00e4\u00e4nes kuni Jenissei j\u00f5e suudmealani idas. Administratiivselt j\u00e4\u00e4vad need maad t\u00e4nap\u00e4eval p\u00f5hiosas Venemaa F\u00f6deratsiooni Neenetsi autonoomsesse ringkonda ja Jamali-Neenetsi autonoomsesse ringkonda. Neenetse elab ka Krasnojarski krais, Handi-Mansi Jugra autonoomses ringkonnas ja Komi Vabariigi p\u00f5hjaosas. Venemaa 2021. aasta rahvaloenduse andmeil luges end neenetsiks 49&nbsp;646 inimest \u2013 seega on tegemist k\u00f5ige arvukama samojeedi rahvaga. Eestis elab viimase, 2021. aasta rahvaloenduse andmeil \u00fcks neenets.<\/p>\n\n\n\n<figure class=\"wp-block-image size-large is-style-default\"><img loading=\"lazy\" decoding=\"async\" width=\"1024\" height=\"773\" src=\"http:\/\/www.hoimuloimed.ee\/wp-content\/uploads\/2023\/08\/9.1b-Nenets_current-1024x773.png\" alt=\"\" class=\"wp-image-903\" srcset=\"https:\/\/hoimuloimed.ee\/wp-content\/uploads\/2023\/08\/9.1b-Nenets_current-1024x773.png 1024w, https:\/\/hoimuloimed.ee\/wp-content\/uploads\/2023\/08\/9.1b-Nenets_current-300x227.png 300w, https:\/\/hoimuloimed.ee\/wp-content\/uploads\/2023\/08\/9.1b-Nenets_current-768x580.png 768w, https:\/\/hoimuloimed.ee\/wp-content\/uploads\/2023\/08\/9.1b-Nenets_current-1536x1160.png 1536w, https:\/\/hoimuloimed.ee\/wp-content\/uploads\/2023\/08\/9.1b-Nenets_current-2048x1547.png 2048w, https:\/\/hoimuloimed.ee\/wp-content\/uploads\/2023\/08\/9.1b-Nenets_current-119x90.png 119w\" sizes=\"auto, (max-width: 1024px) 100vw, 1024px\" \/><figcaption>Neenetsite asualad t\u00e4nap\u00e4eval. <br>Tumeroheline \u2013 metsaneenetsid. Heleroheline \u2013 tundraneenetsid.<br>(Kaart: Timo Rantanen. https:\/\/bedlan.net\/data\/)<\/figcaption><\/figure>\n\n\n\n<p>Neenetsi keel kuulub koos eenetsi ja nganassaani keeltega samojeedi keelepere p\u00f5hjar\u00fchma. 2021. aasta andmeil valdab neenetsi keelt 24&nbsp;487 inimest (umbes 49% k\u00f5igist neenetsitest). Keel jaguneb kaheks peamiseks murdeks \u2013 tundraneenetsi ja metsaneenetsi \u2013 , mida nende omavaheliste erinevuste t\u00f5ttu loetakse vahel ka eri keelteks. Laiema k\u00f5nelejaskonnaga tundraneenetsi keel jaguneb l\u00e4\u00e4ne-, kesk- ja idamurdeks, metsaneenetsi keel (millel on h\u00e4id k\u00f5nelejaid hinnanguliselt vaid m\u00f5nik\u00fcmmend) omakorda purovi, ljamini ja njalini murdeks. Omakeelset kirjas\u00f5na on avaldatud alates 19. sajandi l\u00f5pust.<\/p>\n\n\n\n<p>Paljud tundraneenetsid on spetsialiseerunud p\u00f5hjap\u00f5drakasvatusele, l\u00f5unapoolses metsatundras on selle osakaal v\u00e4iksem. Traditsiooniliselt on olulisteks elatusaladeks ka jahindus ja kalap\u00fc\u00fck. Viimastel aastak\u00fcmnetel on Venemaa naftat\u00f6\u00f6stus pannud neenetsite elupaigad ja looduskeskkonna t\u00f5sise surve alla. Keelt ohustab vene keele suurenev pealetung erinevatesse eluvaldkondadesse.<\/p>\n\n\n\n<p>Eesti keeles v\u00f5ib neenetsitest p\u00f5hjalikumalt lugeda Fenno-Ugria Asutuse <a rel=\"noreferrer noopener\" href=\"https:\/\/fennougria.ee\/rahvad\/samojeedi-rahvad\/neenetsid\/\" target=\"_blank\">kodulehel<\/a> ja <a rel=\"noreferrer noopener\" href=\"https:\/\/et.wikipedia.org\/wiki\/Neenetsid\" target=\"_blank\">Vikipeedias<\/a>. Eestlastest on neenetsi eluviise ja kultuuri enim uurinud etnoloogid Liivo Niglas ja Art Leete.<\/p>\n\n\n\n<p>H\u00f5imul\u00f5imede liikmed on toona veel Fenno-Ugria Noorte nime all tegutsedes kirjutanud <a rel=\"noreferrer noopener\" href=\"https:\/\/www.worldfilm.ee\/paevik\/fenno-ugria-noorte-filmisoovitus-siberisse-mu-armas\/\" target=\"_blank\">tutvustuse<\/a> 2018. aastal Maailmafilmi festivalil linastunud neenetsi-ainelisele filmile \u201cSiberisse, mu armas\u201d (Soome, 2017).<\/p>\n\n\n\n<div class=\"wp-block-otfm-box-spoiler-start otfm-sp__wrapper otfm-sp__box js-otfm-sp-box__closed otfm-sp__f5f5f5\" role=\"button\" tabindex=\"0\" aria-expanded=\"false\" data-otfm-spc=\"#f5f5f5\" style=\"text-align:left\"><div class=\"otfm-sp__title\"><span class=\"has-inline-color has-vivid-red-color\"><strong>Keele\u00f5ppe ressursid veebis<\/strong><\/span><\/div><\/div>\n\n\n\n<p><a rel=\"noreferrer noopener\" href=\"https:\/\/tundranenetsdata.nytud.hu\/\" target=\"_blank\">Tundraneenetsi-keelsete tekstide korpus<\/a> <br>(inglise keeles) <\/p>\n\n\n\n<p><a rel=\"noreferrer noopener\" href=\"https:\/\/edisciplinas.usp.br\/pluginfile.php\/4415432\/mod_folder\/content\/0\/Mouton%20Grammar%20Library\/MGL%2065.%20A%20Grammar%20of%20Tundra%20Nenets.pdf?forcedownload=1\" target=\"_blank\">Irina Nikolaeva. A Grammar of Tundra Nenets<\/a> <br>(inglisekeelne tundraneenetsi keele grammatika) <\/p>\n\n\n\n<p><a rel=\"noreferrer noopener\" href=\"https:\/\/youtu.be\/zT3_hcTVEBg\" target=\"_blank\">Neenetsi keele alg\u00f5pe<\/a><br>\u00d5ppevideo neenetsi keelega esmatutvumiseks Youtube\u2019is venekeelsete subtiitritega.<\/p>\n\n\n\n<div class=\"wp-block-otfm-box-spoiler-end otfm-sp_end\"><\/div>\n\n\n\n<div class=\"wp-block-otfm-box-spoiler-start otfm-sp__wrapper otfm-sp__box js-otfm-sp-box__closed otfm-sp__f5f5f5\" role=\"button\" tabindex=\"0\" aria-expanded=\"false\" data-otfm-spc=\"#f5f5f5\" style=\"text-align:left\"><div class=\"otfm-sp__title\"><strong><span class=\"has-inline-color has-vivid-red-color\">Muusika<\/span><\/strong><\/div><\/div>\n\n\n\n<div class=\"wp-block-media-text alignwide is-stacked-on-mobile\" style=\"grid-template-columns:24% auto\"><figure class=\"wp-block-media-text__media\"><img loading=\"lazy\" decoding=\"async\" width=\"640\" height=\"640\" src=\"http:\/\/www.hoimuloimed.ee\/wp-content\/uploads\/2023\/08\/nadezhda.jpeg\" alt=\"\" class=\"wp-image-904\" srcset=\"https:\/\/hoimuloimed.ee\/wp-content\/uploads\/2023\/08\/nadezhda.jpeg 640w, https:\/\/hoimuloimed.ee\/wp-content\/uploads\/2023\/08\/nadezhda-300x300.jpeg 300w, https:\/\/hoimuloimed.ee\/wp-content\/uploads\/2023\/08\/nadezhda-150x150.jpeg 150w, https:\/\/hoimuloimed.ee\/wp-content\/uploads\/2023\/08\/nadezhda-90x90.jpeg 90w\" sizes=\"auto, (max-width: 640px) 100vw, 640px\" \/><\/figure><div class=\"wp-block-media-text__content\">\n<p><strong>Nade\u017eda Serotetto<\/strong><br><em>Etnopop<\/em><\/p>\n\n\n\n<p class=\"has-small-font-size\"><a rel=\"noreferrer noopener\" href=\"https:\/\/www.youtube.com\/@nadyakocha\" target=\"_blank\">Youtube<\/a> \/ <a rel=\"noreferrer noopener\" href=\"https:\/\/open.spotify.com\/artist\/6s78x494qHvFy9NrjPT8cw\" target=\"_blank\">Spotify<\/a> \/ <a href=\"https:\/\/www.instagram.com\/nadyakocha\/\" target=\"_blank\" rel=\"noreferrer noopener\">Instagram<\/a> \/ <a href=\"https:\/\/vk.com\/nadyakocha\" target=\"_blank\" rel=\"noreferrer noopener\">VKontakte<\/a> <\/p>\n<\/div><\/div>\n\n\n\n<p><\/p>\n\n\n\n<div class=\"wp-block-media-text alignwide is-stacked-on-mobile\" style=\"grid-template-columns:24% auto\"><figure class=\"wp-block-media-text__media\"><img loading=\"lazy\" decoding=\"async\" width=\"275\" height=\"183\" src=\"http:\/\/www.hoimuloimed.ee\/wp-content\/uploads\/2023\/08\/njadma.jpeg\" alt=\"\" class=\"wp-image-905\" srcset=\"https:\/\/hoimuloimed.ee\/wp-content\/uploads\/2023\/08\/njadma.jpeg 275w, https:\/\/hoimuloimed.ee\/wp-content\/uploads\/2023\/08\/njadma-135x90.jpeg 135w\" sizes=\"auto, (max-width: 275px) 100vw, 275px\" \/><\/figure><div class=\"wp-block-media-text__content\">\n<p><strong>Njadma Njarui<\/strong><br><em>Elektrooniline etnopop<\/em><\/p>\n\n\n\n<p class=\"has-small-font-size\"><a rel=\"noreferrer noopener\" href=\"https:\/\/www.youtube.com\/watch?v=h0vdsOP-Y7w\" target=\"_blank\">Youtube<\/a> <\/p>\n<\/div><\/div>\n\n\n\n<div class=\"wp-block-otfm-box-spoiler-end otfm-sp_end\"><\/div>\n\n\n\n<div class=\"wp-block-otfm-box-spoiler-start otfm-sp__wrapper otfm-sp__box js-otfm-sp-box__closed otfm-sp__f5f5f5\" role=\"button\" tabindex=\"0\" aria-expanded=\"false\" data-otfm-spc=\"#f5f5f5\" style=\"text-align:left\"><div class=\"otfm-sp__title\"><span class=\"has-inline-color has-vivid-red-color\"><strong>Filmid<\/strong><\/span><\/div><\/div>\n\n\n\n<div class=\"wp-block-media-text alignwide is-stacked-on-mobile\" style=\"grid-template-columns:26% auto\"><figure class=\"wp-block-media-text__media\"><img loading=\"lazy\" decoding=\"async\" width=\"1024\" height=\"594\" src=\"http:\/\/www.hoimuloimed.ee\/wp-content\/uploads\/2023\/08\/neenetsi-multikas1-1-1024x594.png\" alt=\"\" class=\"wp-image-907\" srcset=\"https:\/\/hoimuloimed.ee\/wp-content\/uploads\/2023\/08\/neenetsi-multikas1-1-1024x594.png 1024w, https:\/\/hoimuloimed.ee\/wp-content\/uploads\/2023\/08\/neenetsi-multikas1-1-300x174.png 300w, https:\/\/hoimuloimed.ee\/wp-content\/uploads\/2023\/08\/neenetsi-multikas1-1-768x446.png 768w, https:\/\/hoimuloimed.ee\/wp-content\/uploads\/2023\/08\/neenetsi-multikas1-1-155x90.png 155w, https:\/\/hoimuloimed.ee\/wp-content\/uploads\/2023\/08\/neenetsi-multikas1-1.png 1065w\" sizes=\"auto, (max-width: 1024px) 100vw, 1024px\" \/><\/figure><div class=\"wp-block-media-text__content\">\n<p><strong>Merelahe \u00e4\u00e4res\u2026 (\u0423 \u043b\u0443\u043a\u043e\u043c\u043e\u0440\u044c\u044f\u2026)<\/strong><br>Animatsioon, Venemaa, 2011<\/p>\n\n\n\n<p class=\"has-small-font-size\"><a href=\"https:\/\/youtu.be\/Zr0leFPfoF4\" target=\"_blank\" rel=\"noreferrer noopener\">Youtube<\/a><\/p>\n<\/div><\/div>\n\n\n\n<p><\/p>\n\n\n\n<div class=\"wp-block-media-text alignwide is-stacked-on-mobile\" style=\"grid-template-columns:26% auto\"><figure class=\"wp-block-media-text__media\"><img loading=\"lazy\" decoding=\"async\" width=\"375\" height=\"501\" src=\"http:\/\/www.hoimuloimed.ee\/wp-content\/uploads\/2023\/08\/whitemoss.png\" alt=\"\" class=\"wp-image-908\" srcset=\"https:\/\/hoimuloimed.ee\/wp-content\/uploads\/2023\/08\/whitemoss.png 375w, https:\/\/hoimuloimed.ee\/wp-content\/uploads\/2023\/08\/whitemoss-225x300.png 225w, https:\/\/hoimuloimed.ee\/wp-content\/uploads\/2023\/08\/whitemoss-67x90.png 67w\" sizes=\"auto, (max-width: 375px) 100vw, 375px\" \/><\/figure><div class=\"wp-block-media-text__content\">\n<p><strong>Valge p\u00f5drasamblik (\u0421\u044d\u0440&#8217; \u043d\u044f\u0434\u0430 \/ \u0411\u0435\u043b\u044b\u0439 \u044f\u0433\u0435\u043b\u044c)<\/strong><br>Venemaa, 2014<\/p>\n\n\n\n<p class=\"has-small-font-size\"><a href=\"https:\/\/www.imdb.com\/title\/tt4183544\/\" target=\"_blank\" rel=\"noreferrer noopener\">Imdb<\/a> \/ <a rel=\"noreferrer noopener\" href=\"https:\/\/www.youtube.com\/watch?v=ialAkf0pJBo\" target=\"_blank\">Youtube<\/a><\/p>\n<\/div><\/div>\n\n\n\n<p><\/p>\n\n\n\n<div class=\"wp-block-media-text alignwide is-stacked-on-mobile\" style=\"grid-template-columns:26% auto\"><figure class=\"wp-block-media-text__media\"><img loading=\"lazy\" decoding=\"async\" width=\"709\" height=\"494\" src=\"http:\/\/www.hoimuloimed.ee\/wp-content\/uploads\/2023\/08\/neenetsi-karud.png\" alt=\"\" class=\"wp-image-909\" srcset=\"https:\/\/hoimuloimed.ee\/wp-content\/uploads\/2023\/08\/neenetsi-karud.png 709w, https:\/\/hoimuloimed.ee\/wp-content\/uploads\/2023\/08\/neenetsi-karud-300x209.png 300w, https:\/\/hoimuloimed.ee\/wp-content\/uploads\/2023\/08\/neenetsi-karud-129x90.png 129w\" sizes=\"auto, (max-width: 709px) 100vw, 709px\" \/><\/figure><div class=\"wp-block-media-text__content\">\n<p><strong>Pruunkaru ja j\u00e4\u00e4karu (\u041f\u044d\u0434\u0430\u0440\u044d\u043a\u043e\u0445\u043e&#8217; \u044f\u0432\u044d\u043a\u043e\u0445\u043e&#8217; \/ \u0411\u0443\u0440\u044b\u0439 \u0438 \u0431\u0435\u043b\u044b\u0439 \u043c\u0435\u0434\u0432\u0435\u0434\u0438)<\/strong><br>Animatsioon, Venemaa, 2020<\/p>\n\n\n\n<p class=\"has-small-font-size\"><a rel=\"noreferrer noopener\" href=\"https:\/\/youtu.be\/IQ2dTVrzeo0\" target=\"_blank\">Youtube<\/a><\/p>\n<\/div><\/div>\n\n\n\n<div class=\"wp-block-otfm-box-spoiler-end otfm-sp_end\"><\/div>\n","protected":false},"excerpt":{"rendered":"<p>Neenetsid on samojeedi rahvas, kes asustab Kirde-Euroopa ja Loode-Aasia laialdasi p\u00f5hjaalasid. Nende p\u00f5hilised elupaigad ulatuvad Valge mere \u00e4\u00e4rsest Kanini poolsaarest l\u00e4\u00e4nes kuni Jenissei j\u00f5e suudmealani idas. Administratiivselt j\u00e4\u00e4vad need maad t\u00e4nap\u00e4eval p\u00f5hiosas Venemaa F\u00f6deratsiooni Neenetsi autonoomsesse ringkonda ja Jamali-Neenetsi autonoomsesse ringkonda. Neenetse elab ka Krasnojarski krais, Handi-Mansi Jugra autonoomses ringkonnas ja Komi Vabariigi p\u00f5hjaosas. Venemaa 2021. aasta rahvaloenduse andmeil luges end neenetsiks 49&nbsp;646 inimest \u2013 &hellip; <a href=\"https:\/\/hoimuloimed.ee\/index.php\/hoimurahvad-ja-keeled\/neenetsid\/\" class=\"more-link\">Continue reading <span class=\"screen-reader-text\">Neenetsid<\/span><\/a><\/p>\n","protected":false},"author":1,"featured_media":0,"parent":221,"menu_order":0,"comment_status":"closed","ping_status":"closed","template":"","meta":{"footnotes":""},"class_list":["post-902","page","type-page","status-publish","hentry"],"_links":{"self":[{"href":"https:\/\/hoimuloimed.ee\/index.php\/wp-json\/wp\/v2\/pages\/902","targetHints":{"allow":["GET"]}}],"collection":[{"href":"https:\/\/hoimuloimed.ee\/index.php\/wp-json\/wp\/v2\/pages"}],"about":[{"href":"https:\/\/hoimuloimed.ee\/index.php\/wp-json\/wp\/v2\/types\/page"}],"author":[{"embeddable":true,"href":"https:\/\/hoimuloimed.ee\/index.php\/wp-json\/wp\/v2\/users\/1"}],"replies":[{"embeddable":true,"href":"https:\/\/hoimuloimed.ee\/index.php\/wp-json\/wp\/v2\/comments?post=902"}],"version-history":[{"count":2,"href":"https:\/\/hoimuloimed.ee\/index.php\/wp-json\/wp\/v2\/pages\/902\/revisions"}],"predecessor-version":[{"id":998,"href":"https:\/\/hoimuloimed.ee\/index.php\/wp-json\/wp\/v2\/pages\/902\/revisions\/998"}],"up":[{"embeddable":true,"href":"https:\/\/hoimuloimed.ee\/index.php\/wp-json\/wp\/v2\/pages\/221"}],"wp:attachment":[{"href":"https:\/\/hoimuloimed.ee\/index.php\/wp-json\/wp\/v2\/media?parent=902"}],"curies":[{"name":"wp","href":"https:\/\/api.w.org\/{rel}","templated":true}]}}