{"id":912,"date":"2023-08-07T17:15:47","date_gmt":"2023-08-07T14:15:47","guid":{"rendered":"http:\/\/www.hoimuloimed.ee\/?page_id=912"},"modified":"2023-10-03T15:35:38","modified_gmt":"2023-10-03T12:35:38","slug":"mansid","status":"publish","type":"page","link":"https:\/\/hoimuloimed.ee\/index.php\/hoimurahvad-ja-keeled\/mansid\/","title":{"rendered":"Mansid"},"content":{"rendered":"\n<p>Mansid (endon\u00fc\u00fcm \u041c\u0101\u043d\u044c\u0441\u0438 \/ \u041c\u0101\u043d\u044c\u0441\u0438 \u043c\u0101\u0445\u0443\u043c) on \u00fcks kahest obiugri rahvast, kes elavad Venemaa F\u00f6deratsioonis Tjumeni oblastis Handi-Mansi autonoomses ringkonnas, v\u00e4hesel m\u00e4\u00e4ral ka Sverdlovski oblastis. Esimest korda mainiti mansisid 1396. a. Vene kroonikas vogulite nime all, praeguseks on see nimetus aga iganenud.<\/p>\n\n\n\n<p>Koos handi ja vene keelega on mansi keel Handi-Mansi autonoomse ringkonna ametlik keel. 2020. aasta rahvaloenduste andmeil on mansisid 49 646, kellest 13 691 peab mansi keelt oma emakeeleks. Tegelikke mansi keele valdajaid on aga 1346, sealhulgas ka muude rahvaste esindajad. Nii v\u00e4ike k\u00f5nelejate arv ongi p\u00f5hjus, miks peetakse mansi keelt t\u00f5siselt ohustatud keeleks.<\/p>\n\n\n\n<figure class=\"wp-block-gallery columns-2 is-cropped wp-block-gallery-1 is-layout-flex wp-block-gallery-is-layout-flex\"><ul class=\"blocks-gallery-grid\"><li class=\"blocks-gallery-item\"><figure><img loading=\"lazy\" decoding=\"async\" width=\"1024\" height=\"963\" src=\"http:\/\/www.hoimuloimed.ee\/wp-content\/uploads\/2023\/10\/Kaart-2-idamansid-1024x963.png\" alt=\"\" data-id=\"960\" data-full-url=\"http:\/\/www.hoimuloimed.ee\/wp-content\/uploads\/2023\/10\/Kaart-2-idamansid.png\" data-link=\"http:\/\/www.hoimuloimed.ee\/index.php\/hoimurahvad-ja-keeled\/mansid\/kaart-2-idamansid\/\" class=\"wp-image-960\" srcset=\"https:\/\/hoimuloimed.ee\/wp-content\/uploads\/2023\/10\/Kaart-2-idamansid-1024x963.png 1024w, https:\/\/hoimuloimed.ee\/wp-content\/uploads\/2023\/10\/Kaart-2-idamansid-300x282.png 300w, https:\/\/hoimuloimed.ee\/wp-content\/uploads\/2023\/10\/Kaart-2-idamansid-768x722.png 768w, https:\/\/hoimuloimed.ee\/wp-content\/uploads\/2023\/10\/Kaart-2-idamansid-1536x1444.png 1536w, https:\/\/hoimuloimed.ee\/wp-content\/uploads\/2023\/10\/Kaart-2-idamansid-2048x1926.png 2048w, https:\/\/hoimuloimed.ee\/wp-content\/uploads\/2023\/10\/Kaart-2-idamansid-96x90.png 96w\" sizes=\"auto, (max-width: 1024px) 100vw, 1024px\" \/><\/figure><\/li><li class=\"blocks-gallery-item\"><figure><img loading=\"lazy\" decoding=\"async\" width=\"946\" height=\"1024\" src=\"http:\/\/www.hoimuloimed.ee\/wp-content\/uploads\/2023\/10\/Kaart-1-pohjamansid-1-946x1024.png\" alt=\"\" data-id=\"961\" data-full-url=\"http:\/\/www.hoimuloimed.ee\/wp-content\/uploads\/2023\/10\/Kaart-1-pohjamansid-1.png\" data-link=\"http:\/\/www.hoimuloimed.ee\/index.php\/hoimurahvad-ja-keeled\/mansid\/kaart-1-pohjamansid-1\/\" class=\"wp-image-961\" srcset=\"https:\/\/hoimuloimed.ee\/wp-content\/uploads\/2023\/10\/Kaart-1-pohjamansid-1-946x1024.png 946w, https:\/\/hoimuloimed.ee\/wp-content\/uploads\/2023\/10\/Kaart-1-pohjamansid-1-277x300.png 277w, https:\/\/hoimuloimed.ee\/wp-content\/uploads\/2023\/10\/Kaart-1-pohjamansid-1-768x831.png 768w, https:\/\/hoimuloimed.ee\/wp-content\/uploads\/2023\/10\/Kaart-1-pohjamansid-1-1419x1536.png 1419w, https:\/\/hoimuloimed.ee\/wp-content\/uploads\/2023\/10\/Kaart-1-pohjamansid-1-1893x2048.png 1893w, https:\/\/hoimuloimed.ee\/wp-content\/uploads\/2023\/10\/Kaart-1-pohjamansid-1-83x90.png 83w\" sizes=\"auto, (max-width: 946px) 100vw, 946px\" \/><\/figure><\/li><\/ul><\/figure>\n\n\n\n<p class=\"has-text-align-center has-text-color has-small-font-size\" style=\"color:#414141\">Manside traditsioonilised (v\u00e4rvitud v\u00e4ljad) ja praegused (punktidega t\u00e4histatud) asualad.<br>Roheline \u2013 p\u00f5hjamansid. Lilla \u2013 idamansid. Kollane \u2013 l\u00e4\u00e4ne- ja l\u00f5unamansid. Valged punktid \u2013 teised asulad. (Kaardid: https:\/\/bedlan.net\/data\/)<\/p>\n\n\n\n<p>Mansi keel jaguneb neljaks peamiseks murdeks: p\u00f5hja-, ida-, l\u00f5una- ja l\u00e4\u00e4ne-mansi. 20. sajandi algul elasid p\u00f5hjamansid Obi, P\u00f5hja-Sosva, Ljapini ja Lozva \u00fclemjooksu \u00e4\u00e4res, idamansid Konda, l\u00f5unamansid Tavda \u00e4\u00e4res, l\u00e4\u00e4nemansid Pel\u00f5mi ning Lozva kesk- ja alamjooksu \u00e4\u00e4res. T\u00e4naseks on l\u00f5una- ja l\u00e4\u00e4ne-mansi murded v\u00e4lja surnud, rahvana on s\u00e4ilinud p\u00f5hja-, ida- ja v\u00e4hesel m\u00e4\u00e4ral ka l\u00e4\u00e4ne-mansid. Mansi kirjakeeleks on saanud p\u00f5hjamurde Sosva murrak. Mansi murretes v\u00f5ime leida analoogi Eestiga: l\u00f5una-mansi murdes on isep\u00e4raseid tunnuseid, mida muudes murretes ei esine, mist\u00f5ttu teda neist ka tugevamalt eristatakse.<\/p>\n\n\n\n<p>Manside peamisteks tegevusaladeks on jahindus ja kalap\u00fc\u00fck, mis on p\u00f5hjapoolsetes piirkondades \u00fchendatud p\u00f5hjap\u00f5drakasvatusega, l\u00f5unapoolsetes piirkondades p\u00f5llumajanduse ja karjakasvatusega.<\/p>\n\n\n\n<p>Ajaloos on mansid pidanud vastu venelaste ja tatarlaste s\u00f5jak\u00e4ikudele ning l\u00f5puks allunud Vene \u00fclemv\u00f5imule. N\u00f5ukogude ajal sai nende traditsiooniline eluviis ja kultuur tohutult kannatada: paljud mansid asustati v\u00e4ikestest asulatest suurtesse k\u00fcladesse, nafta- ja gaasimaardlate rajamisega kasvas manside elualadele sisser\u00e4nne, h\u00e4vitati miljoneid hektareid p\u00f5hjap\u00f5trade karjamaid ja reostati kalarikkaid veekogusid.<\/p>\n\n\n\n<p>Lisainfot manside kohta leiab Eesti Rahva Muuseumi <a rel=\"noreferrer noopener\" href=\"https:\/\/www.erm.ee\/et\/mansid\" target=\"_blank\">kodulehel<\/a>,  Fenno-Ugria Asutuse <a rel=\"noreferrer noopener\" href=\"https:\/\/fennougria.ee\/rahvad\/mansid\/\" target=\"_blank\">kodulehel<\/a> ning <a href=\"https:\/\/www.folklore.ee\/~aado\/rahvad\/mansitit.htm\">Eesti Rahvaluule Arhiivi kodulehel<\/a>.<\/p>\n\n\n\n<p>H\u00f5imul\u00f5imedel seni mansi kultuuriga otsekontaktid puuduvad.<\/p>\n\n\n\n<div class=\"wp-block-otfm-box-spoiler-start otfm-sp__wrapper otfm-sp__box js-otfm-sp-box__closed otfm-sp__f5f5f5\" role=\"button\" tabindex=\"0\" aria-expanded=\"false\" data-otfm-spc=\"#f5f5f5\" style=\"text-align:left\"><div class=\"otfm-sp__title\"><strong><span class=\"has-inline-color has-vivid-red-color\">Keelematerjalid veebis<\/span><\/strong><\/div><\/div>\n\n\n\n<p><a rel=\"noreferrer noopener\" href=\"https:\/\/dict.fu-lab.ru\/dict?id=238837\" target=\"_blank\">Mansi-vene s\u00f5naraamat<\/a><\/p>\n\n\n\n<p><a href=\"https:\/\/iro86.ru\/index.php\/zhurnaly\/spravochnaya-literatura\/44-shkolnyj-mansijsko-russkij-orfograficheskij-slovar\/file\">Mansi-vene koolis\u00f5nastik<\/a><\/p>\n\n\n\n<p><a href=\"https:\/\/youtu.be\/bOLGfRVNPfw?si=CA9-kYo21R0Nl-Qs\">Mansi keele alg\u00f5pe<\/a><br>Inglisekeelne \u00f5ppevideote sari mansi keelega tutvumiseks<\/p>\n\n\n\n<p><a href=\"https:\/\/www.babel.gwi.uni-muenchen.de\/index.php?abfrage=corpus_pub_intro&amp;subnavi=corpus_pub\">Obiugri (mansi ja handi) tekstide korpus<\/a><br>Teaduslikuks kasutuseks koondatud mansi- ja handikeelsed tekstid<\/p>\n\n\n\n<div class=\"wp-block-otfm-box-spoiler-end otfm-sp_end\"><\/div>\n\n\n\n<div class=\"wp-block-otfm-box-spoiler-start otfm-sp__wrapper otfm-sp__box js-otfm-sp-box__closed otfm-sp__f5f5f5\" role=\"button\" tabindex=\"0\" aria-expanded=\"false\" data-otfm-spc=\"#f5f5f5\" style=\"text-align:left\"><div class=\"otfm-sp__title\"><span class=\"has-inline-color has-vivid-red-color\"><strong>Muusika<\/strong><\/span><\/div><\/div>\n\n\n\n<div class=\"wp-block-media-text alignwide is-stacked-on-mobile\" style=\"grid-template-columns:24% auto\"><figure class=\"wp-block-media-text__media\"><img loading=\"lazy\" decoding=\"async\" width=\"1024\" height=\"619\" src=\"http:\/\/www.hoimuloimed.ee\/wp-content\/uploads\/2023\/10\/mansirapp-1024x619.png\" alt=\"\" class=\"wp-image-963\" srcset=\"https:\/\/hoimuloimed.ee\/wp-content\/uploads\/2023\/10\/mansirapp-1024x619.png 1024w, https:\/\/hoimuloimed.ee\/wp-content\/uploads\/2023\/10\/mansirapp-300x181.png 300w, https:\/\/hoimuloimed.ee\/wp-content\/uploads\/2023\/10\/mansirapp-768x465.png 768w, https:\/\/hoimuloimed.ee\/wp-content\/uploads\/2023\/10\/mansirapp-149x90.png 149w, https:\/\/hoimuloimed.ee\/wp-content\/uploads\/2023\/10\/mansirapp.png 1073w\" sizes=\"auto, (max-width: 1024px) 100vw, 1024px\" \/><\/figure><div class=\"wp-block-media-text__content\">\n<p><strong>Bizzo<\/strong><br><em>R\u00e4pp<\/em><\/p>\n\n\n\n<p class=\"has-small-font-size\"><a href=\"https:\/\/vk.com\/id550436640\">VKontakte<\/a> \/ <a href=\"https:\/\/www.youtube.com\/@user-cb9xu8ec2y\">Youtube<\/a><\/p>\n<\/div><\/div>\n\n\n\n<div class=\"wp-block-otfm-box-spoiler-end otfm-sp_end\"><\/div>\n\n\n\n<div class=\"wp-block-otfm-box-spoiler-start otfm-sp__wrapper otfm-sp__box js-otfm-sp-box__closed otfm-sp__f5f5f5\" role=\"button\" tabindex=\"0\" aria-expanded=\"false\" data-otfm-spc=\"#f5f5f5\" style=\"text-align:left\"><div class=\"otfm-sp__title\"><strong><span class=\"has-inline-color has-vivid-red-color\">Filmid<\/span><\/strong><\/div><\/div>\n\n\n\n<div class=\"wp-block-media-text alignwide is-stacked-on-mobile\" style=\"grid-template-columns:26% auto\"><figure class=\"wp-block-media-text__media\"><img loading=\"lazy\" decoding=\"async\" width=\"1024\" height=\"768\" src=\"http:\/\/www.hoimuloimed.ee\/wp-content\/uploads\/2023\/10\/karuhinda-1024x768.jpeg\" alt=\"\" class=\"wp-image-964\" srcset=\"https:\/\/hoimuloimed.ee\/wp-content\/uploads\/2023\/10\/karuhinda-1024x768.jpeg 1024w, https:\/\/hoimuloimed.ee\/wp-content\/uploads\/2023\/10\/karuhinda-300x225.jpeg 300w, https:\/\/hoimuloimed.ee\/wp-content\/uploads\/2023\/10\/karuhinda-768x576.jpeg 768w, https:\/\/hoimuloimed.ee\/wp-content\/uploads\/2023\/10\/karuhinda-120x90.jpeg 120w, https:\/\/hoimuloimed.ee\/wp-content\/uploads\/2023\/10\/karuhinda.jpeg 1440w\" sizes=\"auto, (max-width: 1024px) 100vw, 1024px\" \/><\/figure><div class=\"wp-block-media-text__content\">\n<p><strong>Karu hindab pruute <\/strong><br><strong>(A Bear Judges the Brides. A Mansi Story)<\/strong><br>Animatsioon, Eesti, 2016<\/p>\n\n\n\n<p class=\"has-small-font-size\"><a href=\"https:\/\/www.efis.ee\/et\/filmiliigid\/film\/id\/18634\/\">Eesti Filmi Andmebaas<\/a> \/ <a href=\"https:\/\/www.joonisfilm.ee\/filmid\/karu-hindab-pruute-mansi-lugu\">Eesti Joonisfilmi koduleht<\/a><\/p>\n<\/div><\/div>\n\n\n\n<p><\/p>\n\n\n\n<div class=\"wp-block-media-text alignwide is-stacked-on-mobile\" style=\"grid-template-columns:26% auto\"><figure class=\"wp-block-media-text__media\"><img loading=\"lazy\" decoding=\"async\" width=\"961\" height=\"645\" src=\"http:\/\/www.hoimuloimed.ee\/wp-content\/uploads\/2023\/10\/tatja.png\" alt=\"\" class=\"wp-image-965\" srcset=\"https:\/\/hoimuloimed.ee\/wp-content\/uploads\/2023\/10\/tatja.png 961w, https:\/\/hoimuloimed.ee\/wp-content\/uploads\/2023\/10\/tatja-300x201.png 300w, https:\/\/hoimuloimed.ee\/wp-content\/uploads\/2023\/10\/tatja-768x515.png 768w, https:\/\/hoimuloimed.ee\/wp-content\/uploads\/2023\/10\/tatja-134x90.png 134w\" sizes=\"auto, (max-width: 961px) 100vw, 961px\" \/><\/figure><div class=\"wp-block-media-text__content\">\n<p><strong>Nukuteatri \u042e\u043d\u0442\u0442\u044b \u0410\u043a\u0430\u043d\u044f\u0442 videolavastus: Julge Tatja (\u0425\u0440\u0430\u0431\u0440\u0430\u044f \u0422\u0430\u0442\u044c\u044f)<\/strong><br>Venemaa, 2022<\/p>\n\n\n\n<p class=\"has-small-font-size\"><a href=\"https:\/\/youtu.be\/txEDVYwSBEw?si=FNFRMxHWpipmU2Mi\">Youtube<\/a> \/ <a href=\"http:\/\/muzeumugorsk.ru\/grantovye-proekty\/teatr-kukol-yuntty-akanyat\/item\/2186-polnaya-videokollektsiya-postanovok-teatra-kukol-yuntty-akanyat-po-motivam-skazok-obsko-ugorskikh-narodov\">koduleht<\/a><\/p>\n<\/div><\/div>\n\n\n\n<p><\/p>\n\n\n\n<div class=\"wp-block-media-text alignwide is-stacked-on-mobile\" style=\"grid-template-columns:26% auto\"><figure class=\"wp-block-media-text__media\"><img loading=\"lazy\" decoding=\"async\" width=\"915\" height=\"643\" src=\"http:\/\/www.hoimuloimed.ee\/wp-content\/uploads\/2023\/10\/ahm.png\" alt=\"\" class=\"wp-image-966\" srcset=\"https:\/\/hoimuloimed.ee\/wp-content\/uploads\/2023\/10\/ahm.png 915w, https:\/\/hoimuloimed.ee\/wp-content\/uploads\/2023\/10\/ahm-300x211.png 300w, https:\/\/hoimuloimed.ee\/wp-content\/uploads\/2023\/10\/ahm-768x540.png 768w, https:\/\/hoimuloimed.ee\/wp-content\/uploads\/2023\/10\/ahm-128x90.png 128w\" sizes=\"auto, (max-width: 915px) 100vw, 915px\" \/><\/figure><div class=\"wp-block-media-text__content\">\n<p><strong>Nukuteatri \u042e\u043d\u0442\u0442\u044b \u0410\u043a\u0430\u043d\u044f\u0442 videolavastus: Ahm (\u0420\u043e\u0441\u043e\u043c\u0430\u0445\u0430)<\/strong><br>Venemaa, 2022<\/p>\n\n\n\n<p class=\"has-small-font-size\"><a href=\"https:\/\/youtu.be\/bBZXFKii6hs?si=G3UAkq-3Lwrzd7K9\">Youtube<\/a> \/ <a href=\"http:\/\/muzeumugorsk.ru\/grantovye-proekty\/teatr-kukol-yuntty-akanyat\/item\/2186-polnaya-videokollektsiya-postanovok-teatra-kukol-yuntty-akanyat-po-motivam-skazok-obsko-ugorskikh-narodov\">koduleht<\/a><\/p>\n<\/div><\/div>\n\n\n\n<p><\/p>\n\n\n\n<div class=\"wp-block-media-text alignwide is-stacked-on-mobile\" style=\"grid-template-columns:26% auto\"><figure class=\"wp-block-media-text__media\"><img loading=\"lazy\" decoding=\"async\" width=\"994\" height=\"592\" src=\"http:\/\/www.hoimuloimed.ee\/wp-content\/uploads\/2023\/10\/veter.png\" alt=\"\" class=\"wp-image-967\" srcset=\"https:\/\/hoimuloimed.ee\/wp-content\/uploads\/2023\/10\/veter.png 994w, https:\/\/hoimuloimed.ee\/wp-content\/uploads\/2023\/10\/veter-300x179.png 300w, https:\/\/hoimuloimed.ee\/wp-content\/uploads\/2023\/10\/veter-768x457.png 768w, https:\/\/hoimuloimed.ee\/wp-content\/uploads\/2023\/10\/veter-151x90.png 151w\" sizes=\"auto, (max-width: 994px) 100vw, 994px\" \/><\/figure><div class=\"wp-block-media-text__content\">\n<p><strong>Nukuteatri \u042e\u043d\u0442\u0442\u044b \u0410\u043a\u0430\u043d\u044f\u0442 videolavastus: \u0412\u0435\u0442\u0435\u0440-\u0412\u043e\u0442<\/strong><br>Venemaa, 2022<\/p>\n\n\n\n<p class=\"has-small-font-size\"><a href=\"https:\/\/youtu.be\/jRnKMFDnMMw?si=li8NlUn4c1xeUoWD\">Youtube<\/a> \/ <a href=\"http:\/\/muzeumugorsk.ru\/grantovye-proekty\/teatr-kukol-yuntty-akanyat\/item\/2186-polnaya-videokollektsiya-postanovok-teatra-kukol-yuntty-akanyat-po-motivam-skazok-obsko-ugorskikh-narodov\">koduleht<\/a><\/p>\n<\/div><\/div>\n\n\n\n<p><\/p>\n\n\n\n<div class=\"wp-block-media-text alignwide is-stacked-on-mobile\" style=\"grid-template-columns:26% auto\"><figure class=\"wp-block-media-text__media\"><img loading=\"lazy\" decoding=\"async\" width=\"966\" height=\"633\" src=\"http:\/\/www.hoimuloimed.ee\/wp-content\/uploads\/2023\/10\/sali.png\" alt=\"\" class=\"wp-image-968\" srcset=\"https:\/\/hoimuloimed.ee\/wp-content\/uploads\/2023\/10\/sali.png 966w, https:\/\/hoimuloimed.ee\/wp-content\/uploads\/2023\/10\/sali-300x197.png 300w, https:\/\/hoimuloimed.ee\/wp-content\/uploads\/2023\/10\/sali-768x503.png 768w, https:\/\/hoimuloimed.ee\/wp-content\/uploads\/2023\/10\/sali-137x90.png 137w\" sizes=\"auto, (max-width: 966px) 100vw, 966px\" \/><\/figure><div class=\"wp-block-media-text__content\">\n<p><strong>Nukuteatri \u042e\u043d\u0442\u0442\u044b \u0410\u043a\u0430\u043d\u044f\u0442 videolavastus: Ait\u00e4h sulle, Sali! (\u0421\u043f\u0430\u0441\u0438\u0431\u043e \u0442\u0435\u0431\u0435, \u0421\u0430\u043b\u0438!)<\/strong><br>Venemaa, 2022<\/p>\n\n\n\n<p class=\"has-small-font-size\"><a href=\"https:\/\/youtu.be\/Vl3FFlxqKcs?si=zeDF0tdUOigKPbVo\">Youtube<\/a> \/ <a href=\"http:\/\/muzeumugorsk.ru\/grantovye-proekty\/teatr-kukol-yuntty-akanyat\/item\/2186-polnaya-videokollektsiya-postanovok-teatra-kukol-yuntty-akanyat-po-motivam-skazok-obsko-ugorskikh-narodov\">koduleht<\/a><\/p>\n<\/div><\/div>\n\n\n\n<div class=\"wp-block-otfm-box-spoiler-end otfm-sp_end\"><\/div>\n","protected":false},"excerpt":{"rendered":"<p>Mansid (endon\u00fc\u00fcm \u041c\u0101\u043d\u044c\u0441\u0438 \/ \u041c\u0101\u043d\u044c\u0441\u0438 \u043c\u0101\u0445\u0443\u043c) on \u00fcks kahest obiugri rahvast, kes elavad Venemaa F\u00f6deratsioonis Tjumeni oblastis Handi-Mansi autonoomses ringkonnas, v\u00e4hesel m\u00e4\u00e4ral ka Sverdlovski oblastis. Esimest korda mainiti mansisid 1396. a. Vene kroonikas vogulite nime all, praeguseks on see nimetus aga iganenud. Koos handi ja vene keelega on mansi keel Handi-Mansi autonoomse ringkonna ametlik keel. 2020. aasta rahvaloenduste andmeil on mansisid 49 646, kellest 13 &hellip; <a href=\"https:\/\/hoimuloimed.ee\/index.php\/hoimurahvad-ja-keeled\/mansid\/\" class=\"more-link\">Continue reading <span class=\"screen-reader-text\">Mansid<\/span><\/a><\/p>\n","protected":false},"author":1,"featured_media":0,"parent":221,"menu_order":0,"comment_status":"closed","ping_status":"closed","template":"","meta":{"footnotes":""},"class_list":["post-912","page","type-page","status-publish","hentry"],"_links":{"self":[{"href":"https:\/\/hoimuloimed.ee\/index.php\/wp-json\/wp\/v2\/pages\/912","targetHints":{"allow":["GET"]}}],"collection":[{"href":"https:\/\/hoimuloimed.ee\/index.php\/wp-json\/wp\/v2\/pages"}],"about":[{"href":"https:\/\/hoimuloimed.ee\/index.php\/wp-json\/wp\/v2\/types\/page"}],"author":[{"embeddable":true,"href":"https:\/\/hoimuloimed.ee\/index.php\/wp-json\/wp\/v2\/users\/1"}],"replies":[{"embeddable":true,"href":"https:\/\/hoimuloimed.ee\/index.php\/wp-json\/wp\/v2\/comments?post=912"}],"version-history":[{"count":3,"href":"https:\/\/hoimuloimed.ee\/index.php\/wp-json\/wp\/v2\/pages\/912\/revisions"}],"predecessor-version":[{"id":969,"href":"https:\/\/hoimuloimed.ee\/index.php\/wp-json\/wp\/v2\/pages\/912\/revisions\/969"}],"up":[{"embeddable":true,"href":"https:\/\/hoimuloimed.ee\/index.php\/wp-json\/wp\/v2\/pages\/221"}],"wp:attachment":[{"href":"https:\/\/hoimuloimed.ee\/index.php\/wp-json\/wp\/v2\/media?parent=912"}],"curies":[{"name":"wp","href":"https:\/\/api.w.org\/{rel}","templated":true}]}}